{"id":42085,"date":"2025-07-30T23:49:14","date_gmt":"2025-07-30T23:49:14","guid":{"rendered":"https:\/\/bazaar.express\/product\/collagen-cream-4\/"},"modified":"2025-07-30T23:49:14","modified_gmt":"2025-07-30T23:49:14","slug":"collagen-cream-4","status":"publish","type":"product","link":"https:\/\/bazaar.express\/pl\/produkt\/collagen-cream-4\/","title":{"rendered":"Krem z kolagenem"},"content":{"rendered":"<h2 data-section-id=\"a8azvp\" data-start=\"1441\" data-end=\"1477\">Krem z kolagenem \u2013 Sekret ponadczasowej, m\u0142odej sk\u00f3ry<\/h2>\n<p data-start=\"351\" data-end=\"565\">Szukasz skutecznego sposobu na przywr\u00f3cenie blasku i j\u0119drno\u015bci sk\u00f3rze? Odkryj transformuj\u0105ce korzy\u015bci <strong data-start=\"460\" data-end=\"478\">kremu z kolagenem<\/strong> \u2013 ostateczne rozwi\u0105zanie przeciwstarzeniowe w piel\u0119gnacji sk\u00f3ry, zaufane przez mi\u0142o\u015bnik\u00f3w pi\u0119kna na ca\u0142ym \u015bwiecie.<\/p>\n<p data-start=\"567\" data-end=\"908\">Wraz z wiekiem naturalna produkcja <strong data-start=\"618\" data-end=\"630\">kolagenu<\/strong> i wilgoci w sk\u00f3rze spada. Prowadzi to do sucho\u015bci, drobnych zmarszczek i widocznej utraty j\u0119drno\u015bci. Nie musisz jednak traktowa\u0107 tych zmian jako nieodwracalne. Dzi\u0119ki regularnej piel\u0119gnacji i odpowiednim sk\u0142adnikom sk\u00f3ra mo\u017ce odzyska\u0107 blask \u2013 bardziej promienn\u0105, nawil\u017con\u0105 i m\u0142od\u0105 ni\u017c kiedykolwiek.<\/p>\n<h3 data-section-id=\"5gyqu9\" data-start=\"910\" data-end=\"962\">Czym jest kolagen i dlaczego Twoja sk\u00f3ra go potrzebuje?<\/h3>\n<p data-start=\"964\" data-end=\"1217\"><strong data-start=\"964\" data-end=\"976\">Kolagen<\/strong> to naturalne bia\u0142ko nadaj\u0105ce sk\u00f3rze struktur\u0119, elastyczno\u015b\u0107 i wytrzyma\u0142o\u015b\u0107. To dzi\u0119ki niemu twarz pozostaje j\u0119drna i g\u0142adka. Niestety starzenie, ekspozycja na s\u0142o\u0144ce i czynniki zewn\u0119trzne stopniowo pozbawiaj\u0105 sk\u00f3r\u0119 tego cennego sk\u0142adnika.<\/p>\n<p data-start=\"1219\" data-end=\"1439\">Nasz krem bogaty w kolagen zosta\u0142 zaprojektowany z my\u015bl\u0105 o odbudowie utraconego kolagenu, redukcji widocznych zmarszczek i g\u0142\u0119bokim od\u017cywieniu sk\u00f3ry. Przeznaczony do <strong data-start=\"1375\" data-end=\"1393\">wszystkich typ\u00f3w sk\u00f3ry<\/strong>, idealny do <strong data-start=\"1411\" data-end=\"1438\">codziennego i nocnego stosowania<\/strong>.<\/p>\n<h3 data-section-id=\"a8azvp\" data-start=\"1441\" data-end=\"1477\">Zaawansowane korzy\u015bci kremu z kolagenem<\/h3>\n<p data-start=\"1479\" data-end=\"1618\">Ten luksusowy krem \u0142\u0105czy nauk\u0119 z natur\u0105, przynosz\u0105c widoczne poprawy tekstury i kolorytu sk\u00f3ry. Sprawd\u017a, co zyskasz:<\/p>\n<ul data-start=\"1620\" data-end=\"1986\">\n<li data-start=\"1620\" data-end=\"1686\">\n<p data-start=\"1622\" data-end=\"1686\">\u2705 <strong data-start=\"1624\" data-end=\"1649\">Widocznie g\u0142adsza sk\u00f3ra<\/strong> z mniejsz\u0105 liczb\u0105 drobnych linii i zmarszczek<\/p>\n<\/li>\n<li data-start=\"1687\" data-end=\"1732\">\n<p data-start=\"1689\" data-end=\"1732\">\u2705 <strong data-start=\"1691\" data-end=\"1709\">G\u0142\u0119bokie nawil\u017cenie<\/strong> utrzymuj\u0105ce si\u0119 godzinami<\/p>\n<\/li>\n<li data-start=\"1733\" data-end=\"1779\">\n<p data-start=\"1735\" data-end=\"1779\">\u2705 <strong data-start=\"1737\" data-end=\"1777\">Wzmocniona elastyczno\u015b\u0107 i j\u0119drno\u015b\u0107 sk\u00f3ry<\/strong><\/p>\n<\/li>\n<li data-start=\"1780\" data-end=\"1847\">\n<p data-start=\"1782\" data-end=\"1847\">\u2705 <strong data-start=\"1784\" data-end=\"1808\">Delikatny naturalny zapach<\/strong> dla przyjemnego do\u015bwiadczenia piel\u0119gnacyjnego<\/p>\n<\/li>\n<li data-start=\"1848\" data-end=\"1892\">\n<p data-start=\"1850\" data-end=\"1892\">\u2705 <strong data-start=\"1852\" data-end=\"1890\">Nielepka, szybko wch\u0142aniaj\u0105ca si\u0119 formu\u0142a<\/strong><\/p>\n<\/li>\n<li data-start=\"1893\" data-end=\"1938\">\n<p data-start=\"1895\" data-end=\"1938\">\u2705 Idealny dla <strong data-start=\"1907\" data-end=\"1936\">suchej, zm\u0119czonej lub dojrza\u0142ej sk\u00f3ry<\/strong><\/p>\n<\/li>\n<li data-start=\"1939\" data-end=\"1986\">\n<p data-start=\"1941\" data-end=\"1986\">\u2705 Szklany s\u0142oik 250 g na d\u0142ugotrwa\u0142e stosowanie<\/p>\n<\/li>\n<\/ul>\n<h3 data-section-id=\"1635pxr\" data-start=\"1988\" data-end=\"2019\">Jak stosowa\u0107 dla najlepszych efekt\u00f3w<\/h3>\n<p data-start=\"2021\" data-end=\"2245\">Na\u0142\u00f3\u017c obfit\u0105 ilo\u015b\u0107 na czyst\u0105, such\u0105 sk\u00f3r\u0119 \u2013 szczeg\u00f3lnie przed snem \u2013 aby umo\u017cliwi\u0107 g\u0142\u0119bokie wnikni\u0119cie w nocy. U\u017cywaj codziennie dla optymalnego nawil\u017cenia i stymulacji regeneracji kolagenu. Stosuj na twarz i szyj\u0119. Unikaj kontaktu z oczami.<\/p>\n<blockquote data-start=\"2247\" data-end=\"2326\">\n<p data-start=\"2249\" data-end=\"2326\">Wskaz\u00f3wka: \u0141\u0105cz z delikatnym oczyszczaniem i tonikiem, aby zwi\u0119kszy\u0107 wch\u0142anianie i efekty.<\/p>\n<\/blockquote>\n<h3 data-section-id=\"1hfcx8z\" data-start=\"2328\" data-end=\"2362\">Dlaczego wybra\u0107 nasz krem z kolagenem?<\/h3>\n<p data-start=\"2364\" data-end=\"2684\">Powsta\u0142 z pasj\u0105 w <strong data-start=\"2385\" data-end=\"2403\">Royal &#038; Beauty<\/strong>. Wykonany z bezpiecznych sk\u0142adnik\u00f3w, przetestowany pod k\u0105tem trwa\u0142ego nawil\u017cenia i widocznych efekt\u00f3w przeciwstarzeniowych. Bez wzgl\u0119du na to, czy dopiero zaczynasz piel\u0119gnacj\u0119, czy ulepszasz rutyn\u0119 \u2013 ten krem da sk\u00f3rze to, czego potrzebuje do naturalnego blasku.<\/p>\n<p data-start=\"2686\" data-end=\"2800\">Formu\u0142a wolna od szkodliwych chemikali\u00f3w, paraben\u00f3w i sztucznych barwnik\u00f3w \u2013 bezpieczna nawet dla sk\u00f3ry wra\u017cliwej.<\/p>\n<p data-start=\"2807\" data-end=\"2925\"><strong data-start=\"2807\" data-end=\"2881\">Produkcja Royal &#038; Beauty \u2013 Eksperci w naturalnej piel\u0119gnacji sk\u00f3ry<\/strong><br data-start=\"2881\" data-end=\"2884\" \/><strong data-start=\"2884\" data-end=\"2925\">Wyprodukowany w Egipcie \u2013 Tylko do u\u017cytku zewn\u0119trznego<\/strong><\/p>\n<p data-start=\"2927\" data-end=\"3057\">Odkryj pi\u0119kno m\u0142odej, promiennej sk\u00f3ry \u2013 naturalnie.<br data-start=\"2987\" data-end=\"2990\" \/><strong data-start=\"2990\" data-end=\"3008\">Krem z kolagenem<\/strong> to wi\u0119cej ni\u017c piel\u0119gnacja. To doskona\u0142a dba\u0142o\u015b\u0107 o siebie.<\/p>\n<p style=\"text-align: center;\">Dzi\u0119kujemy za zakupy w <a href=\"https:\/\/bazaar.express\/pl\/\">Bazaar Express<\/a> \u2013 bardzo si\u0119 cieszymy, \u017ce wybra\u0142e\u015b nas!<\/p>\n<p style=\"text-align: center;\">Twoja droga do lepszej piel\u0119gnacji zaczyna si\u0119 tutaj \u2013 z <a href=\"https:\/\/bazaar.express\/product-category\/beauty-care\/\">Beauty &#038; Care<\/a>, \u043a\u043e\u0442\u043e\u0440\u043e\u043c\u0443 ufasz.<\/p>\n","protected":false},"excerpt":{"rendered":"<h3 data-start=\"470\" data-end=\"619\">G\u0142\u0119boko nawil\u017caj\u0105cy krem z kolagenem redukuj\u0105cy zmarszczki, uj\u0119drniaj\u0105cy sk\u00f3r\u0119 i przywracaj\u0105cy naturalny blask. Szklany s\u0142oik 250 g Royal &#038; Beauty. Wyprodukowany w Egipcie.<\/h3>\n","protected":false},"featured_media":42088,"comment_status":"open","ping_status":"closed","template":"","meta":[],"product_brand":[],"product_cat":[1192],"product_tag":[1466,1467],"class_list":{"0":"post-42085","1":"product","2":"type-product","3":"status-publish","4":"has-post-thumbnail","6":"product_cat-pielegnacja-urody","7":"product_tag-pielegnacja-skory","8":"product_tag-pielegnacja-urody","10":"first","11":"instock","12":"sale","13":"shipping-taxable","14":"purchasable","15":"product-type-simple"},"_links":{"self":[{"href":"https:\/\/bazaar.express\/pl\/wp-json\/wp\/v2\/product\/42085","targetHints":{"allow":["GET"]}}],"collection":[{"href":"https:\/\/bazaar.express\/pl\/wp-json\/wp\/v2\/product"}],"about":[{"href":"https:\/\/bazaar.express\/pl\/wp-json\/wp\/v2\/types\/product"}],"replies":[{"embeddable":true,"href":"https:\/\/bazaar.express\/pl\/wp-json\/wp\/v2\/comments?post=42085"}],"wp:featuredmedia":[{"embeddable":true,"href":"https:\/\/bazaar.express\/pl\/wp-json\/wp\/v2\/media\/42088"}],"wp:attachment":[{"href":"https:\/\/bazaar.express\/pl\/wp-json\/wp\/v2\/media?parent=42085"}],"wp:term":[{"taxonomy":"product_brand","embeddable":true,"href":"https:\/\/bazaar.express\/pl\/wp-json\/wp\/v2\/product_brand?post=42085"},{"taxonomy":"product_cat","embeddable":true,"href":"https:\/\/bazaar.express\/pl\/wp-json\/wp\/v2\/product_cat?post=42085"},{"taxonomy":"product_tag","embeddable":true,"href":"https:\/\/bazaar.express\/pl\/wp-json\/wp\/v2\/product_tag?post=42085"}],"curies":[{"name":"wp","href":"https:\/\/api.w.org\/{rel}","templated":true}]}}