{"id":42089,"date":"2025-07-15T23:26:17","date_gmt":"2025-07-15T23:26:17","guid":{"rendered":"https:\/\/bazaar.express\/product\/collagen-cream-3\/"},"modified":"2025-07-15T23:26:17","modified_gmt":"2025-07-15T23:26:17","slug":"collagen-cream-3","status":"publish","type":"product","link":"https:\/\/bazaar.express\/pl\/produkt\/collagen-cream-3\/","title":{"rendered":"Krem z kolagenem"},"content":{"rendered":"<h2 data-start=\"319\" data-end=\"400\">Krem z kolagenem Orgakera \u2013 Zaawansowana piel\u0119gnacja dla m\u0142odej, promiennej cery<\/h2>\n<h3 data-start=\"402\" data-end=\"457\">Tw\u00f3j codzienny rytua\u0142 piel\u0119gnacji przeciwstarzeniowej zaczyna si\u0119 tutaj<\/h3>\n<p data-start=\"459\" data-end=\"837\">Odkryj luksusowe do\u015bwiadczenie <strong data-start=\"496\" data-end=\"523\">Kremu z kolagenem Orgakera<\/strong>, bogatej i g\u0142\u0119boko od\u017cywczej kuracji przeciwstarzeniowej zaprojektowanej do poprawy kondycji sk\u00f3ry. Wzbogacony o skuteczn\u0105 mieszank\u0119 <strong data-start=\"639\" data-end=\"651\">kolagenu<\/strong>, <strong data-start=\"653\" data-end=\"668\">niacynamidu<\/strong> i <strong data-start=\"674\" data-end=\"696\">naturalnych ekstrakt\u00f3w ro\u015blinnych<\/strong>, ten intensywny krem zapewnia d\u0142ugotrwa\u0142e nawil\u017cenie, poprawia elastyczno\u015b\u0107 sk\u00f3ry i pomaga uzyska\u0107 widocznie g\u0142adszy, ja\u015bniejszy koloryt.<\/p>\n<p data-start=\"839\" data-end=\"989\">Stworzony dla wszystkich typ\u00f3w sk\u00f3ry \u2013 szczeg\u00f3lnie dla os\u00f3b zmagaj\u0105cych si\u0119 z oznakami starzenia \u2013 ten podstawowy produkt do piel\u0119gnacji nadaje codziennej rutynie blask jako\u015bci salonu kosmetycznego.<\/p>\n<h3 data-start=\"996\" data-end=\"1045\">Dlaczego pokochasz ten krem z kolagenem<\/h3>\n<h4 data-start=\"1047\" data-end=\"1089\"> Wyg\u0142adza zmarszczki i uj\u0119drnia sk\u00f3r\u0119<\/h4>\n<p data-start=\"1090\" data-end=\"1277\">Hydrolizowany kolagen wnika g\u0142\u0119boko, poprawiaj\u0105c tekstur\u0119 i elastyczno\u015b\u0107 sk\u00f3ry. Przy regularnym stosowaniu drobne linie i zmarszczki staj\u0105 si\u0119 mniej widoczne, ods\u0142aniaj\u0105c j\u0119drniejszy, pe\u0142niejszy wygl\u0105d.<\/p>\n<h4 data-start=\"1279\" data-end=\"1321\"> Rozja\u015bnia i wyr\u00f3wnuje koloryt<\/h4>\n<p data-start=\"1322\" data-end=\"1482\">Niacynamid pomaga redukowa\u0107 przebarwienia i plamy, jednocze\u015bnie uj\u0119drniaj\u0105c pory, daj\u0105c sk\u00f3rze promienny, r\u00f3wnomierny koloryt. Po\u017cegnaj matowo\u015b\u0107 i nier\u00f3wno\u015bci!<\/p>\n<h4 data-start=\"1484\" data-end=\"1530\"> Intensywne nawil\u017cenie bez t\u0142usto\u015bci<\/h4>\n<p data-start=\"1531\" data-end=\"1728\">Wzmacniany <strong data-start=\"1547\" data-end=\"1561\">olejem jojoba<\/strong>, <strong data-start=\"1563\" data-end=\"1576\">olejem arganowym<\/strong>, <strong data-start=\"1578\" data-end=\"1593\">mas\u0142em shea<\/strong> i <strong data-start=\"1599\" data-end=\"1612\">aloesem<\/strong>, ten krem odbudowuje barier\u0119 wilgociow\u0105 sk\u00f3ry bez zapychania por\u00f3w \u2013 idealny dla sk\u00f3ry suchej, mieszanej lub t\u0142ustej.<\/p>\n<h4 data-start=\"1730\" data-end=\"1777\"> Ochrona antyoksydacyjna dla zdrowej sk\u00f3ry<\/h4>\n<p data-start=\"1778\" data-end=\"1967\"><strong data-start=\"1778\" data-end=\"1791\">Witamina E<\/strong>, <strong data-start=\"1793\" data-end=\"1806\">witamina A<\/strong> oraz <strong data-start=\"1812\" data-end=\"1824\">kofeina<\/strong> dzia\u0142aj\u0105 jako \u015brodki ochronne, chroni\u0105c sk\u00f3r\u0119 przed zanieczyszczeniami, stresem i pierwszymi oznakami starzenia, wspieraj\u0105c odnow\u0119 kom\u00f3rkow\u0105 i regeneracj\u0119 sk\u00f3ry.<\/p>\n<h4 data-start=\"1969\" data-end=\"2010\"> Matowe wyko\u0144czenie dla sk\u00f3ry t\u0142ustej<\/h4>\n<p data-start=\"2011\" data-end=\"2167\">Lekki, a jednocze\u015bnie g\u0142\u0119boko od\u017cywczy, ten krem absorbuje nadmiar sebum, zachowuj\u0105c optymalne nawil\u017cenie i zapewniaj\u0105c g\u0142adkie, matowe wyko\u0144czenie przez ca\u0142y dzie\u0144.<\/p>\n<h3 data-start=\"2174\" data-end=\"2196\">G\u0142\u00f3wne sk\u0142adniki<\/h3>\n<ul data-start=\"2198\" data-end=\"2686\">\n<li data-start=\"2198\" data-end=\"2266\">\n<p data-start=\"2200\" data-end=\"2266\"><strong data-start=\"2200\" data-end=\"2223\">Hydrolizowany kolagen<\/strong> \u2013 Wspiera elastyczno\u015b\u0107, poprawia j\u0119drno\u015b\u0107<\/p>\n<\/li>\n<li data-start=\"2267\" data-end=\"2333\">\n<p data-start=\"2269\" data-end=\"2333\"><strong data-start=\"2269\" data-end=\"2297\">Niacynamid (witamina B3)<\/strong> \u2013 Rozja\u015bnia sk\u00f3r\u0119, poprawia tekstur\u0119<\/p>\n<\/li>\n<li data-start=\"2334\" data-end=\"2398\">\n<p data-start=\"2336\" data-end=\"2398\"><strong data-start=\"2336\" data-end=\"2359\">Oleje jojoba i arganowy<\/strong> \u2013 G\u0142\u0119boko nawil\u017caj\u0105 i przywracaj\u0105 r\u00f3wnowag\u0119<\/p>\n<\/li>\n<li data-start=\"2399\" data-end=\"2460\">\n<p data-start=\"2401\" data-end=\"2460\"><strong data-start=\"2401\" data-end=\"2428\">Mas\u0142o shea i aloes<\/strong> \u2013 \u0141agodz\u0105, zmi\u0119kczaj\u0105 i od\u017cywiaj\u0105<\/p>\n<\/li>\n<li data-start=\"2461\" data-end=\"2528\">\n<p data-start=\"2463\" data-end=\"2528\"><strong data-start=\"2463\" data-end=\"2481\">Witaminy A i E<\/strong> \u2013 Silne antyoksydanty chroni\u0105ce i regeneruj\u0105ce<\/p>\n<\/li>\n<li data-start=\"2529\" data-end=\"2601\">\n<p data-start=\"2531\" data-end=\"2601\"><strong data-start=\"2531\" data-end=\"2553\">Kofeina i wosk pszczeli<\/strong> \u2013 Uj\u0119drniaj\u0105 i chroni\u0105, uszczelniaj\u0105c nawil\u017cenie<\/p>\n<\/li>\n<li data-start=\"2602\" data-end=\"2686\">\n<p data-start=\"2604\" data-end=\"2686\"><strong data-start=\"2604\" data-end=\"2656\">Gliceryna, glikol propylenowy, poliwinylowopiroolidon<\/strong> \u2013 Zapewniaj\u0105 trwa\u0142e nawil\u017cenie<\/p>\n<\/li>\n<\/ul>\n<h3 data-start=\"2693\" data-end=\"2711\">Jak stosowa\u0107<\/h3>\n<ol data-start=\"2713\" data-end=\"3007\">\n<li data-start=\"2713\" data-end=\"2747\">\n<p data-start=\"2716\" data-end=\"2747\">Zacznij od czystej, suchej twarzy.<\/p>\n<\/li>\n<li data-start=\"2748\" data-end=\"2810\">\n<p data-start=\"2751\" data-end=\"2810\">Na\u0142\u00f3\u017c umiarkowan\u0105 ilo\u015b\u0107 r\u00f3wnomiernie na twarz i szyj\u0119.<\/p>\n<\/li>\n<li data-start=\"2811\" data-end=\"2876\">\n<p data-start=\"2814\" data-end=\"2876\">Pozostaw na <strong data-start=\"2830\" data-end=\"2847\">15\u201320 minut<\/strong>, aby umo\u017cliwi\u0107 g\u0142\u0119bokie wnikni\u0119cie.<\/p>\n<\/li>\n<li data-start=\"2877\" data-end=\"2943\">\n<p data-start=\"2880\" data-end=\"2943\">Delikatnie usu\u0144 lub wmasuj pozosta\u0142y produkt w sk\u00f3r\u0119.<\/p>\n<\/li>\n<li data-start=\"2944\" data-end=\"3007\">\n<p data-start=\"2947\" data-end=\"3007\">Dla najlepszych rezultat\u00f3w stosuj <strong data-start=\"2969\" data-end=\"2984\">dwa razy dziennie<\/strong> \u2013 rano i wieczorem.<\/p>\n<\/li>\n<\/ol>\n<h3 data-start=\"3014\" data-end=\"3040\">Wa\u017cne wskaz\u00f3wki u\u017cytkowania<\/h3>\n<ul data-start=\"3042\" data-end=\"3305\">\n<li data-start=\"3042\" data-end=\"3071\">\n<p data-start=\"3044\" data-end=\"3071\">Tylko do u\u017cytku zewn\u0119trznego <strong data-start=\"3048\" data-end=\"3069\"><\/strong><\/p>\n<\/li>\n<li data-start=\"3072\" data-end=\"3099\">\n<p data-start=\"3074\" data-end=\"3099\">Unikaj kontaktu z oczami<\/p>\n<\/li>\n<li data-start=\"3100\" data-end=\"3140\">\n<p data-start=\"3102\" data-end=\"3140\">Zaprzesta\u0144 stosowania w przypadku podra\u017cnienia<\/p>\n<\/li>\n<li data-start=\"3141\" data-end=\"3201\">\n<p data-start=\"3143\" data-end=\"3201\">Przechowuj w <strong data-start=\"3154\" data-end=\"3173\">ch\u0142odnym, suchym miejscu<\/strong>, z dala od bezpo\u015bredniego \u015bwiat\u0142a s\u0142onecznego<\/p>\n<\/li>\n<li data-start=\"3202\" data-end=\"3235\">\n<p data-start=\"3204\" data-end=\"3235\">Przechowuj poza zasi\u0119giem dzieci<\/p>\n<\/li>\n<li data-start=\"3236\" data-end=\"3305\">\n<p data-start=\"3238\" data-end=\"3305\">Przed u\u017cyciem wykonaj test p\u0142atkowy, je\u015bli masz wra\u017cliw\u0105 sk\u00f3r\u0119 lub sk\u0142onno\u015b\u0107 do alergii<\/p>\n<\/li>\n<\/ul>\n<p data-start=\"3657\" data-end=\"3887\">Niech <strong data-start=\"3661\" data-end=\"3688\">Krem z kolagenem Orgakera<\/strong> b\u0119dzie Twoim podstawowym krokiem do uzyskania m\u0142odej, nawil\u017conej i promiennej sk\u00f3ry. Ta zaawansowana formu\u0142a to wi\u0119cej ni\u017c kuracja \u2013 to kompletny rytua\u0142 piel\u0119gnacyjny, kt\u00f3ry \u0142atwo wpasujesz w codzienn\u0105 rutyn\u0119.<\/p>\n<p data-start=\"3889\" data-end=\"3964\">Po\u017cegnaj zm\u0119czon\u0105, matow\u0105 sk\u00f3r\u0119 i powitaj \u015bwie\u017csz\u0105, bardziej pewn\u0105 siebie wersj\u0119 siebie.<\/p>\n<p style=\"text-align: center;\">Dzi\u0119kujemy za zakupy w <em data-start=\"415\" data-end=\"431\"><a href=\"https:\/\/bazaar.express\/pl\/\">Bazaar Express<\/a><\/em> \u2013 cieszymy si\u0119, \u017ce jeste\u015b z nami!<\/p>\n<p style=\"text-align: center;\">Twoja podr\u00f3\u017c do lepszej piel\u0119gnacji zaczyna si\u0119 tutaj \u2013 z <a href=\"https:\/\/bazaar.express\/product-category\/beauty-care\/\">Piel\u0119gnacj\u0105 &#038; Urod\u0105<\/a>, kt\u00f3rej mo\u017cesz zaufa\u0107.<\/p>\n","protected":false},"excerpt":{"rendered":"<h3 data-start=\"4282\" data-end=\"4465\">Krem z kolagenem Orgakera to luksusowa kuracja przeciwstarzeniowa \u0142\u0105cz\u0105ca kolagen, niacynamid i od\u017cywcze oleje nawil\u017caj\u0105ce, uj\u0119drniaj\u0105ce i rozja\u015bniaj\u0105ce sk\u00f3r\u0119 dla widocznie m\u0142odego blasku.<\/h3>\n","protected":false},"featured_media":42090,"comment_status":"open","ping_status":"closed","template":"","meta":[],"product_brand":[],"product_cat":[1192,1199],"product_tag":[1465,1466,1467],"class_list":{"0":"post-42089","1":"product","2":"type-product","3":"status-publish","4":"has-post-thumbnail","6":"product_cat-pielegnacja-urody","7":"product_cat-najlepsze-z-egiptu","8":"product_tag-naturalny-olej","9":"product_tag-pielegnacja-skory","10":"product_tag-pielegnacja-urody","12":"first","13":"instock","14":"sale","15":"shipping-taxable","16":"purchasable","17":"product-type-simple"},"_links":{"self":[{"href":"https:\/\/bazaar.express\/pl\/wp-json\/wp\/v2\/product\/42089","targetHints":{"allow":["GET"]}}],"collection":[{"href":"https:\/\/bazaar.express\/pl\/wp-json\/wp\/v2\/product"}],"about":[{"href":"https:\/\/bazaar.express\/pl\/wp-json\/wp\/v2\/types\/product"}],"replies":[{"embeddable":true,"href":"https:\/\/bazaar.express\/pl\/wp-json\/wp\/v2\/comments?post=42089"}],"wp:featuredmedia":[{"embeddable":true,"href":"https:\/\/bazaar.express\/pl\/wp-json\/wp\/v2\/media\/42090"}],"wp:attachment":[{"href":"https:\/\/bazaar.express\/pl\/wp-json\/wp\/v2\/media?parent=42089"}],"wp:term":[{"taxonomy":"product_brand","embeddable":true,"href":"https:\/\/bazaar.express\/pl\/wp-json\/wp\/v2\/product_brand?post=42089"},{"taxonomy":"product_cat","embeddable":true,"href":"https:\/\/bazaar.express\/pl\/wp-json\/wp\/v2\/product_cat?post=42089"},{"taxonomy":"product_tag","embeddable":true,"href":"https:\/\/bazaar.express\/pl\/wp-json\/wp\/v2\/product_tag?post=42089"}],"curies":[{"name":"wp","href":"https:\/\/api.w.org\/{rel}","templated":true}]}}