{"id":42097,"date":"2025-05-12T15:56:52","date_gmt":"2025-05-12T15:56:52","guid":{"rendered":"https:\/\/bazaar.express\/product\/slimming-herbs\/"},"modified":"2025-05-12T15:56:52","modified_gmt":"2025-05-12T15:56:52","slug":"slimming-herbs","status":"publish","type":"product","link":"https:\/\/bazaar.express\/pl\/produkt\/slimming-herbs\/","title":{"rendered":"Zio\u0142a odchudzaj\u0105ce"},"content":{"rendered":"<h2 class=\"\" data-start=\"98\" data-end=\"182\"><strong data-start=\"101\" data-end=\"182\">Zio\u0142a odchudzaj\u0105ce \u2013 100% naturalna egipska mieszanka zio\u0142owa wspomagaj\u0105ca odchudzanie<\/strong><\/h2>\n<p class=\"\" data-start=\"184\" data-end=\"541\">Odkryj moc <strong data-start=\"206\" data-end=\"224\">Zi\u00f3\u0142 odchudzaj\u0105cych<\/strong>, 100% naturalnej mieszanki zio\u0142owej starannie wyselekcjonowanej z egipskich sk\u0142adnik\u00f3w i dost\u0119pnej wy\u0142\u0105cznie w <strong data-start=\"328\" data-end=\"346\">Bazaar Express<\/strong>. Ta herbata zio\u0142owa to twoje bezpieczne, wolne od chemii rozwi\u0105zanie do zdrowego odchudzania. Przy regularnym stosowaniu <strong data-start=\"449\" data-end=\"494\">gwarantujemy widoczne efekty w ci\u0105gu tygodnia<\/strong>, zw\u0142aszcza w po\u0142\u0105czeniu ze zdrowymi nawykami.<\/p>\n<p class=\"\" data-start=\"543\" data-end=\"664\">Ka\u017cda torebka wa\u017cy <strong data-start=\"559\" data-end=\"572\">250 gram\u00f3w<\/strong>, co wystarcza na przygotowanie oko\u0142o <strong data-start=\"606\" data-end=\"620\">40\u201350 fili\u017canek<\/strong>, w zale\u017cno\u015bci od ilo\u015bci u\u017cywanej na porcj\u0119.<\/p>\n<h3 class=\"\" data-start=\"671\" data-end=\"724\"><strong data-start=\"678\" data-end=\"724\">Ekskluzywna formu\u0142a \u2013 Tylko w Bazaar Express<\/strong><\/h3>\n<p class=\"\" data-start=\"726\" data-end=\"991\">Ta mieszanka to <strong data-start=\"740\" data-end=\"761\">nasza sekretna receptura<\/strong>, opracowana z dba\u0142o\u015bci\u0105, \u0142\u0105cz\u0105ca zio\u0142a znane z przyspieszania metabolizmu i spalania t\u0142uszczu. Chocia\u017c nie podajemy dok\u0142adnych proporcji, z dum\u0105 przedstawiamy nasze <strong data-start=\"929\" data-end=\"960\">premium naturalne sk\u0142adniki<\/strong> i ich poszczeg\u00f3lne korzy\u015bci:<\/p>\n<h3 class=\"\" data-start=\"998\" data-end=\"1041\"><strong data-start=\"1005\" data-end=\"1041\">Kluczowe sk\u0142adniki i ich korzy\u015bci<\/strong><\/h3>\n<ul data-start=\"1043\" data-end=\"1612\">\n<li class=\"\" data-start=\"1043\" data-end=\"1174\">\n<p class=\"\" data-start=\"1045\" data-end=\"1174\"><strong data-start=\"1045\" data-end=\"1054\">Kminek<\/strong><br data-start=\"1054\" data-end=\"1057\" \/>Przyspiesza metabolizm, poprawia trawienie i zmniejsza wzd\u0119cia. Pomaga rozk\u0142ada\u0107 t\u0142uszcz i regulowa\u0107 poziom cukru we krwi.<\/p>\n<\/li>\n<li class=\"\" data-start=\"1176\" data-end=\"1295\">\n<p class=\"\" data-start=\"1178\" data-end=\"1295\"><strong data-start=\"1178\" data-end=\"1188\">Koper w\u0142oski<\/strong><br data-start=\"1188\" data-end=\"1191\" \/>Naturalny \u015brodek t\u0142umi\u0105cy apetyt i detoksykuj\u0105cy. Pomaga redukowa\u0107 zatrzymywanie wody i wspiera spalanie t\u0142uszczu.<\/p>\n<\/li>\n<li class=\"\" data-start=\"1297\" data-end=\"1400\">\n<p class=\"\" data-start=\"1299\" data-end=\"1400\"><strong data-start=\"1299\" data-end=\"1307\">Mi\u0119ta<\/strong><br data-start=\"1307\" data-end=\"1310\" \/>Od\u015bwie\u017ca, \u0142agodzi trawienie i pomaga kontrolowa\u0107 g\u0142\u00f3d. Naturalnie wspiera zdrowy jelitowy uk\u0142ad pokarmowy.<\/p>\n<\/li>\n<li class=\"\" data-start=\"1402\" data-end=\"1516\">\n<p class=\"\" data-start=\"1404\" data-end=\"1516\"><strong data-start=\"1404\" data-end=\"1414\">Imbir<\/strong><br data-start=\"1414\" data-end=\"1417\" \/>Przyspiesza spalanie t\u0142uszczu, zmniejsza apetyt i wspiera lepsz\u0105 odpowied\u017a insulinow\u0105 w metabolizmie t\u0142uszczu.<\/p>\n<\/li>\n<li class=\"\" data-start=\"1518\" data-end=\"1612\">\n<p class=\"\" data-start=\"1520\" data-end=\"1612\"><strong data-start=\"1520\" data-end=\"1532\">Cynamon<\/strong><br data-start=\"1532\" data-end=\"1535\" \/>Reguluje poziom cukru we krwi, zmniejsza zachcianki i zapewnia d\u0142u\u017csze uczucie syto\u015bci.<\/p>\n<\/li>\n<\/ul>\n<h3 class=\"\" data-start=\"1619\" data-end=\"1664\">\u2705 <strong data-start=\"1625\" data-end=\"1664\">Dlaczego wybra\u0107 nasz\u0105 zio\u0142ow\u0105 herbat\u0119 odchudzaj\u0105c\u0105?<\/strong><\/h3>\n<p class=\"\" data-start=\"1666\" data-end=\"1917\">\u2714 100% naturalne, bezpieczne i bez kofeiny<br data-start=\"1707\" data-end=\"1710\" \/>\u2714 Bez chemikali\u00f3w, dodatk\u00f3w ani konserwant\u00f3w<br data-start=\"1753\" data-end=\"1756\" \/>\u2714 Bezpieczne dla diabetyk\u00f3w<br data-start=\"1776\" data-end=\"1779\" \/>\u2714 Bez skutk\u00f3w ubocznych<br data-start=\"1796\" data-end=\"1799\" \/>\u2714 Wspiera trawienie i detoksykacj\u0119<br data-start=\"1832\" data-end=\"1835\" \/>\u2714 Zwi\u0119ksza energi\u0119 i metabolizm<br data-start=\"1863\" data-end=\"1866\" \/>\u2714 Ekskluzywnie w <strong data-start=\"1881\" data-end=\"1899\">Bazaar Express<\/strong><br data-start=\"1899\" data-end=\"1902\" \/>\u2714 Wyprodukowane w Egipcie<\/p>\n<h3 class=\"\" data-start=\"1924\" data-end=\"1944\"><strong data-start=\"1930\" data-end=\"1944\">Jak stosowa\u0107<\/strong><\/h3>\n<p class=\"\" data-start=\"1946\" data-end=\"1952\">Pij:<\/p>\n<ul data-start=\"1953\" data-end=\"2065\">\n<li class=\"\" data-start=\"1953\" data-end=\"1985\">\n<p class=\"\" data-start=\"1955\" data-end=\"1985\">Jedna fili\u017canka <strong data-start=\"1963\" data-end=\"1983\">przed \u015bniadaniem<\/strong><\/p>\n<\/li>\n<li class=\"\" data-start=\"1986\" data-end=\"2015\">\n<p class=\"\" data-start=\"1988\" data-end=\"2015\">Jedna fili\u017canka <strong data-start=\"1996\" data-end=\"2013\">przed kolacj\u0105<\/strong><\/p>\n<\/li>\n<li class=\"\" data-start=\"2016\" data-end=\"2065\">\n<p class=\"\" data-start=\"2018\" data-end=\"2065\">(Opcjonalnie) Jedna fili\u017canka <strong data-start=\"2037\" data-end=\"2047\">w po\u0142udnie<\/strong> dla dodatkowego wsparcia<\/p>\n<\/li>\n<\/ul>\n<p class=\"\" data-start=\"2067\" data-end=\"2122\">Stosuj konsekwentnie przez <strong data-start=\"2088\" data-end=\"2098\">7 dni<\/strong>, aby zobaczy\u0107 widoczne efekty.<\/p>\n<blockquote data-start=\"2124\" data-end=\"2182\">\n<p class=\"\" data-start=\"2126\" data-end=\"2182\"><em data-start=\"2126\" data-end=\"2182\">Uwaga: Nie p\u0142ucz zi\u00f3\u0142. Przygotowuj \u015bwie\u017co za ka\u017cdym razem.<\/em><\/p>\n<\/blockquote>\n<h3 class=\"\" data-start=\"2189\" data-end=\"2215\"><strong data-start=\"2196\" data-end=\"2215\">Szczeg\u00f3\u0142y produktu<\/strong><\/h3>\n<ul data-start=\"2217\" data-end=\"2340\">\n<li class=\"\" data-start=\"2217\" data-end=\"2237\">\n<p class=\"\" data-start=\"2219\" data-end=\"2237\"><strong data-start=\"2219\" data-end=\"2229\">Waga<\/strong>: 250g<\/p>\n<\/li>\n<li class=\"\" data-start=\"2238\" data-end=\"2268\">\n<p class=\"\" data-start=\"2240\" data-end=\"2268\"><strong data-start=\"2240\" data-end=\"2248\">Forma<\/strong>: Suszona mieszanka zio\u0142owa<\/p>\n<\/li>\n<li class=\"\" data-start=\"2269\" data-end=\"2298\">\n<p class=\"\" data-start=\"2271\" data-end=\"2298\"><strong data-start=\"2271\" data-end=\"2281\">Pochodzenie<\/strong>: Wyprodukowane w Egipcie<\/p>\n<\/li>\n<li class=\"\" data-start=\"2299\" data-end=\"2340\">\n<p class=\"\" data-start=\"2301\" data-end=\"2340\"><strong data-start=\"2301\" data-end=\"2324\">Sprzedawane ekskluzywnie przez<\/strong>: Bazaar Express<\/p>\n<\/li>\n<\/ul>\n<h3 class=\"\" data-start=\"2514\" data-end=\"2548\"><strong data-start=\"2521\" data-end=\"2548\">Wskaz\u00f3wki dla lepszych efekt\u00f3w<\/strong><\/h3>\n<ul data-start=\"2550\" data-end=\"2652\">\n<li class=\"\" data-start=\"2550\" data-end=\"2582\">\n<p class=\"\" data-start=\"2552\" data-end=\"2582\">Ogranicz jedzenie sma\u017cone i s\u0142odkie<\/p>\n<\/li>\n<li class=\"\" data-start=\"2583\" data-end=\"2600\">\n<p class=\"\" data-start=\"2585\" data-end=\"2600\">Dbaj o nawodnienie<\/p>\n<\/li>\n<li class=\"\" data-start=\"2601\" data-end=\"2652\">\n<p class=\"\" data-start=\"2603\" data-end=\"2652\">\u0141\u0105cz z lekk\u0105 aktywno\u015bci\u0105 fizyczn\u0105 dla wzmocnionych korzy\u015bci<\/p>\n<\/li>\n<\/ul>\n<h3 class=\"\" data-start=\"2659\" data-end=\"2680\"> Bezpieczne i zaufane<\/h3>\n<p class=\"\" data-start=\"2682\" data-end=\"2795\">Ta mieszanka zio\u0142owa jest <strong data-start=\"2700\" data-end=\"2725\">bezpieczna do codziennego u\u017cytku<\/strong>, <strong data-start=\"2727\" data-end=\"2744\">nieuzale\u017cniaj\u0105ca<\/strong> i <strong data-start=\"2750\" data-end=\"2771\">przyjazna dla diabetyk\u00f3w<\/strong>. Brak znanych skutk\u00f3w ubocznych.<\/p>\n<p class=\"\" data-start=\"2802\" data-end=\"2909\">Rozpocznij swoj\u0105 podr\u00f3\u017c z <strong data-start=\"2826\" data-end=\"2844\">Zio\u0142ami odchudzaj\u0105cymi<\/strong> z <strong data-start=\"2850\" data-end=\"2868\">Bazaar Express<\/strong> \u2013 naturalnymi, skutecznymi i w 100% egipskimi.<\/p>\n<p class=\"\" data-start=\"2911\" data-end=\"2953\">\ud83d\udc49 Zam\u00f3w teraz i ciesz si\u0119 przemian\u0105!<\/p>\n<p style=\"text-align: center;\">Dzi\u0119kujemy za zakupy w <em data-start=\"415\" data-end=\"431\"><a href=\"https:\/\/bazaar.express\/pl\/\">Bazaar Express<\/a><\/em> \u2013 cieszymy si\u0119, \u017ce jeste\u015b z nami!<\/p>\n<p style=\"text-align: center;\">Spr\u00f3buj tradycji z nasz\u0105 r\u0119cznie wyselekcjonowan\u0105 kolekcj\u0105 <a href=\"https:\/\/bazaar.express\/product-category\/egyptian-flavors\/\">Egipskich Smak\u00f3w<\/a> i przypraw.<\/p>\n","protected":false},"excerpt":{"rendered":"<h3 data-start=\"861\" data-end=\"1149\">Zio\u0142a odchudzaj\u0105ce to 100% naturalna egipska mieszanka herbaty oferowana wy\u0142\u0105cznie przez Bazaar Express. Zawiera kminek, koper w\u0142oski, mi\u0119t\u0119, cynamon i imbir, wspiera zdrowe trawienie, przyspiesza metabolizm i promuje spalanie t\u0142uszczu. Bezpieczne do codziennego u\u017cytku i przyjazne dla diabetyk\u00f3w.<\/h3>\n<h3 data-start=\"1151\" data-end=\"1421\"><\/h3>\n","protected":false},"featured_media":42101,"comment_status":"open","ping_status":"closed","template":"","meta":[],"product_brand":[],"product_cat":[1195,1201,1199],"product_tag":[1470,1472],"class_list":{"0":"post-42097","1":"product","2":"type-product","3":"status-publish","4":"has-post-thumbnail","6":"product_cat-egipskie-smaki","7":"product_cat-gorace-okazje","8":"product_cat-najlepsze-z-egiptu","9":"product_tag-olejek","10":"product_tag-zdrowotna","11":"pa_l-xl-250gm","13":"first","14":"instock","15":"sale","16":"shipping-taxable","17":"purchasable","18":"product-type-simple"},"_links":{"self":[{"href":"https:\/\/bazaar.express\/pl\/wp-json\/wp\/v2\/product\/42097","targetHints":{"allow":["GET"]}}],"collection":[{"href":"https:\/\/bazaar.express\/pl\/wp-json\/wp\/v2\/product"}],"about":[{"href":"https:\/\/bazaar.express\/pl\/wp-json\/wp\/v2\/types\/product"}],"replies":[{"embeddable":true,"href":"https:\/\/bazaar.express\/pl\/wp-json\/wp\/v2\/comments?post=42097"}],"wp:featuredmedia":[{"embeddable":true,"href":"https:\/\/bazaar.express\/pl\/wp-json\/wp\/v2\/media\/42101"}],"wp:attachment":[{"href":"https:\/\/bazaar.express\/pl\/wp-json\/wp\/v2\/media?parent=42097"}],"wp:term":[{"taxonomy":"product_brand","embeddable":true,"href":"https:\/\/bazaar.express\/pl\/wp-json\/wp\/v2\/product_brand?post=42097"},{"taxonomy":"product_cat","embeddable":true,"href":"https:\/\/bazaar.express\/pl\/wp-json\/wp\/v2\/product_cat?post=42097"},{"taxonomy":"product_tag","embeddable":true,"href":"https:\/\/bazaar.express\/pl\/wp-json\/wp\/v2\/product_tag?post=42097"}],"curies":[{"name":"wp","href":"https:\/\/api.w.org\/{rel}","templated":true}]}}