{"id":42102,"date":"2025-04-29T00:40:52","date_gmt":"2025-04-29T00:40:52","guid":{"rendered":"https:\/\/bazaar.express\/product\/natural-pain-relief-cream\/"},"modified":"2025-04-29T00:40:52","modified_gmt":"2025-04-29T00:40:52","slug":"natural-pain-relief-cream","status":"publish","type":"product","link":"https:\/\/bazaar.express\/pl\/produkt\/natural-pain-relief-cream\/","title":{"rendered":"Naturalny krem przeciwb\u00f3lowy"},"content":{"rendered":"<h2 class=\"\" data-start=\"419\" data-end=\"480\">Naturalny krem przeciwb\u00f3lowy z olejem z czarnego kminku i kamfor\u0105<\/h2>\n<p class=\"\" data-start=\"482\" data-end=\"702\">Do\u015bwiadcz szybkiej i skutecznej ulgi z tym <strong data-start=\"529\" data-end=\"558\">naturalnym kremem przeciwb\u00f3lowym<\/strong>, wzbogaconym o <strong data-start=\"574\" data-end=\"604\">olej z czarnego kminku i kamfor\u0119<\/strong> \u2013 zaufane rozwi\u0105zanie do <strong data-start=\"629\" data-end=\"663\">\u0142agodzenia b\u00f3lu, zmniejszania zapalenia<\/strong> i <strong data-start=\"669\" data-end=\"688\">przywr\u00f3cenia komfortu<\/strong> cia\u0142u.<\/p>\n<h3 class=\"\" data-start=\"704\" data-end=\"734\">\u2705 100% naturalne sk\u0142adniki<\/h3>\n<p class=\"\" data-start=\"736\" data-end=\"789\">Opracowany z mocy mieszanki <strong data-start=\"772\" data-end=\"788\">naturalnych olej\u00f3w<\/strong>:<\/p>\n<ul data-start=\"791\" data-end=\"1255\">\n<li class=\"\" data-start=\"791\" data-end=\"928\">\n<p class=\"\" data-start=\"793\" data-end=\"928\"><strong data-start=\"793\" data-end=\"829\">Olej z czarnego kminku (Nigella Sativa):<\/strong> Znany z <strong data-start=\"844\" data-end=\"884\">przeciwzapalnych i przeciwb\u00f3lowych<\/strong> w\u0142a\u015bciwo\u015bci, idealny na <strong data-start=\"909\" data-end=\"927\">b\u00f3le reumatyczne<\/strong>.<\/p>\n<\/li>\n<li class=\"\" data-start=\"929\" data-end=\"1022\">\n<p class=\"\" data-start=\"931\" data-end=\"1022\"><strong data-start=\"931\" data-end=\"947\">Olej kamforowy:<\/strong> Zwi\u0119ksza <strong data-start=\"955\" data-end=\"970\">kr\u0105\u017cenie<\/strong>, ogrzewa sk\u00f3r\u0119 i \u0142agodzi <strong data-start=\"1001\" data-end=\"1021\">sztywno\u015b\u0107 mi\u0119\u015bni<\/strong>.<\/p>\n<\/li>\n<li class=\"\" data-start=\"1023\" data-end=\"1120\">\n<p class=\"\" data-start=\"1025\" data-end=\"1120\"><strong data-start=\"1025\" data-end=\"1039\">Olej oliwkowy:<\/strong> G\u0142\u0119boko nawil\u017ca sk\u00f3r\u0119 i pomaga <strong data-start=\"1078\" data-end=\"1107\">wch\u0142ania\u0107 sk\u0142adniki aktywne<\/strong> skutecznie.<\/p>\n<\/li>\n<li class=\"\" data-start=\"1121\" data-end=\"1255\">\n<p class=\"\" data-start=\"1123\" data-end=\"1255\"><strong data-start=\"1123\" data-end=\"1184\">Naturalne ekstrakty aromatyczne (Carvone, Limonene, Filaggrin):<\/strong> Wspieraj\u0105 <strong data-start=\"1193\" data-end=\"1214\">relaksacj\u0119 mi\u0119\u015bni<\/strong>, zmniejszaj\u0105 napi\u0119cie i pomagaj\u0105 walczy\u0107 ze zm\u0119czeniem.<\/p>\n<\/li>\n<\/ul>\n<h2 class=\"\" data-start=\"1262\" data-end=\"1280\">G\u0142\u00f3wne korzy\u015bci<\/h2>\n<h3 class=\"\" data-start=\"1282\" data-end=\"1314\">Naturalna ulga w b\u00f3lach g\u0142owy<\/h3>\n<p class=\"\" data-start=\"1315\" data-end=\"1430\">Nanie\u015b na <strong data-start=\"1328\" data-end=\"1352\">czo\u0142o i skronie<\/strong>, aby z\u0142agodzi\u0107 b\u00f3le g\u0142owy, zw\u0142aszcza spowodowane <strong data-start=\"1402\" data-end=\"1429\">przezi\u0119bieniem lub ci\u015bnieniem zatok<\/strong>.<\/p>\n<h3 class=\"\" data-start=\"1432\" data-end=\"1475\">Poprawia elastyczno\u015b\u0107 kr\u0119gos\u0142upa i staw\u00f3w<\/h3>\n<p class=\"\" data-start=\"1476\" data-end=\"1594\">Zmniejsza <strong data-start=\"1484\" data-end=\"1503\">sztywno\u015b\u0107 staw\u00f3w<\/strong>, wspiera <strong data-start=\"1514\" data-end=\"1534\">zdrowie chrz\u0105stek<\/strong> i poprawia ruchomo\u015b\u0107 poprzez zwi\u0119kszenie <strong data-start=\"1572\" data-end=\"1593\">kr\u0105\u017cenia krwi<\/strong>.<\/p>\n<h3 class=\"\" data-start=\"1596\" data-end=\"1633\">\u0141agodzi b\u00f3le mi\u0119\u015bni i nerw\u00f3w<\/h3>\n<p class=\"\" data-start=\"1634\" data-end=\"1726\">Celuje w <strong data-start=\"1642\" data-end=\"1658\">obola\u0142e mi\u0119\u015bnie<\/strong>, <strong data-start=\"1660\" data-end=\"1672\">rw\u0119 kulszow\u0105<\/strong> i <strong data-start=\"1678\" data-end=\"1698\">dyskomfort nerwowy<\/strong> g\u0142\u0119bokim, koj\u0105cym dzia\u0142aniem.<\/p>\n<h3 class=\"\" data-start=\"1728\" data-end=\"1767\">Wspiera ulg\u0119 w b\u00f3lach reumatycznych<\/h3>\n<p class=\"\" data-start=\"1768\" data-end=\"1856\">Walczy z <strong data-start=\"1776\" data-end=\"1792\">zapaleniem<\/strong> i zapewnia d\u0142ugotrwa\u0142\u0105 ulg\u0119 od <strong data-start=\"1831\" data-end=\"1855\">chor\u00f3b reumatycznych<\/strong>.<\/p>\n<h3 class=\"\" data-start=\"1858\" data-end=\"1888\">Bezpieczny i wolny od chemii<\/h3>\n<p class=\"\" data-start=\"1889\" data-end=\"2008\">Wolny od <strong data-start=\"1899\" data-end=\"1932\">paraben\u00f3w, syntetycznych dodatk\u00f3w<\/strong> i <strong data-start=\"1938\" data-end=\"1957\">szkodliwych chemikali\u00f3w<\/strong>. <strong data-start=\"1959\" data-end=\"2007\">Certyfikowany przez Egipskie Ministerstwo Zdrowia<\/strong>.<\/p>\n<h2 class=\"\" data-start=\"2015\" data-end=\"2033\">Jak dzia\u0142a<\/h2>\n<p class=\"\" data-start=\"2035\" data-end=\"2087\">Ten naturalny krem wnika g\u0142\u0119boko w sk\u00f3r\u0119, aby:<\/p>\n<ul data-start=\"2089\" data-end=\"2263\">\n<li class=\"\" data-start=\"2089\" data-end=\"2134\">\n<p class=\"\" data-start=\"2091\" data-end=\"2134\"><strong data-start=\"2091\" data-end=\"2115\">Stymulowa\u0107 przep\u0142yw krwi<\/strong> w problematycznych obszarach<\/p>\n<\/li>\n<li class=\"\" data-start=\"2135\" data-end=\"2174\">\n<p class=\"\" data-start=\"2137\" data-end=\"2174\">Zmniejszy\u0107 <strong data-start=\"2144\" data-end=\"2172\">uczucie zimna i wilgoci<\/strong><\/p>\n<\/li>\n<li class=\"\" data-start=\"2175\" data-end=\"2216\">\n<p class=\"\" data-start=\"2177\" data-end=\"2216\">Rozlu\u017ani\u0107 <strong data-start=\"2184\" data-end=\"2214\">sztywne stawy i kr\u0119gi<\/strong><\/p>\n<\/li>\n<li class=\"\" data-start=\"2217\" data-end=\"2263\">\n<p class=\"\" data-start=\"2219\" data-end=\"2263\">Ukoi\u0107 <strong data-start=\"2226\" data-end=\"2244\">napi\u0119cie mi\u0119\u015bni<\/strong> i <strong data-start=\"2249\" data-end=\"2263\">b\u00f3l nerwowy<\/strong><\/p>\n<\/li>\n<\/ul>\n<p class=\"\" data-start=\"2265\" data-end=\"2377\">Ciesz si\u0119 <strong data-start=\"2271\" data-end=\"2307\">szybk\u0105 i d\u0142ugoterminow\u0105 ulg\u0105<\/strong>, zasilan\u0105 natur\u0105 \u2014 bez skutk\u00f3w ubocznych sztucznych produkt\u00f3w.<\/p>\n<h2 class=\"\" data-start=\"2384\" data-end=\"2400\">Jak stosowa\u0107<\/h2>\n<ol data-start=\"2402\" data-end=\"2648\">\n<li class=\"\" data-start=\"2402\" data-end=\"2447\">\n<p class=\"\" data-start=\"2405\" data-end=\"2447\">Nanie\u015b niewielk\u0105 ilo\u015b\u0107 na dotkni\u0119ty obszar.<\/p>\n<\/li>\n<li class=\"\" data-start=\"2448\" data-end=\"2487\">\n<p class=\"\" data-start=\"2451\" data-end=\"2487\">Masuj delikatnie, a\u017c ca\u0142kowicie si\u0119 wch\u0142onie.<\/p>\n<\/li>\n<li class=\"\" data-start=\"2488\" data-end=\"2532\">\n<p class=\"\" data-start=\"2491\" data-end=\"2532\">Stosuj <strong data-start=\"2495\" data-end=\"2514\">2\u20133 razy dziennie<\/strong> dla najlepszych efekt\u00f3w.<\/p>\n<\/li>\n<li class=\"\" data-start=\"2533\" data-end=\"2579\">\n<p class=\"\" data-start=\"2536\" data-end=\"2579\">Nadaje si\u0119 do: <strong data-start=\"2550\" data-end=\"2578\">g\u0142owy, plec\u00f3w, n\u00f3g, staw\u00f3w<\/strong>.<\/p>\n<\/li>\n<li class=\"\" data-start=\"2580\" data-end=\"2648\">\n<p class=\"\" data-start=\"2583\" data-end=\"2648\">Na b\u00f3le g\u0142owy: nanie\u015b na <strong data-start=\"2607\" data-end=\"2631\">czo\u0142o i skronie<\/strong>, masuj delikatnie.<\/p>\n<\/li>\n<\/ol>\n<h2 class=\"\" data-start=\"2834\" data-end=\"2865\">Dlaczego pokochasz ten krem<\/h2>\n<ul data-start=\"2867\" data-end=\"3116\">\n<li class=\"\" data-start=\"2867\" data-end=\"2907\">\n<p class=\"\" data-start=\"2869\" data-end=\"2907\"><strong data-start=\"2869\" data-end=\"2907\">Stworzony z 100% naturalnych sk\u0142adnik\u00f3w<\/strong><\/p>\n<\/li>\n<li class=\"\" data-start=\"2908\" data-end=\"2985\">\n<p class=\"\" data-start=\"2910\" data-end=\"2985\">Skuteczny na <strong data-start=\"2924\" data-end=\"2985\">b\u00f3le g\u0142owy, b\u00f3le mi\u0119\u015bni, problemy nerwowe i sztywno\u015b\u0107 staw\u00f3w<\/strong><\/p>\n<\/li>\n<li class=\"\" data-start=\"2986\" data-end=\"3028\">\n<p class=\"\" data-start=\"2988\" data-end=\"3028\"><strong data-start=\"2988\" data-end=\"3010\">Konsystencja bez t\u0142usto\u015bci<\/strong> i szybko si\u0119 wch\u0142ania<\/p>\n<\/li>\n<li class=\"\" data-start=\"3029\" data-end=\"3054\">\n<p class=\"\" data-start=\"3031\" data-end=\"3054\"><strong data-start=\"3031\" data-end=\"3054\">Zio\u0142owy, \u015bwie\u017cy aromat<\/strong><\/p>\n<\/li>\n<li class=\"\" data-start=\"3055\" data-end=\"3116\">\n<p class=\"\" data-start=\"3057\" data-end=\"3116\"><strong data-start=\"3057\" data-end=\"3079\">Wyprodukowany w Egipcie \ud83c\uddea\ud83c\uddec<\/strong>, certyfikowany przez Ministerstwo Zdrowia<\/p>\n<\/li>\n<\/ul>\n<p class=\"\" data-start=\"3123\" data-end=\"3293\">Przejmij kontrol\u0119 nad b\u00f3lem \u2014 w <strong data-start=\"3155\" data-end=\"3170\">naturalny spos\u00f3b<\/strong>, z tym skutecznym zio\u0142owym kremem przeciwb\u00f3lowym.<\/p>\n<p style=\"text-align: center;\">Dzi\u0119kujemy za zakupy w <em data-start=\"415\" data-end=\"431\"><a href=\"https:\/\/bazaar.express\/pl\/\">Bazaar Express<\/a><\/em> \u2013 mamy rado\u015b\u0107, \u017ce jeste\u015b z nami!<\/p>\n<p style=\"text-align: center;\">Twoja droga do lepszej samo-piel\u0119gnacji zaczyna si\u0119 tutaj \u2014 z <a href=\"https:\/\/bazaar.express\/product-category\/beauty-care\/\">Beauty &#038; Care<\/a>, na kt\u00f3rym mo\u017cesz polega\u0107.<\/p>\n","protected":false},"excerpt":{"rendered":"<h3 data-start=\"481\" data-end=\"678\">100% naturalny krem wzbogacony o <strong data-start=\"516\" data-end=\"534\">olej z czarnego kminku<\/strong>, <strong data-start=\"536\" data-end=\"547\">kamfor\u0119<\/strong> i <strong data-start=\"553\" data-end=\"566\">olej oliwkowy<\/strong> \u2013 do \u0142agodzenia b\u00f3l\u00f3w g\u0142owy, b\u00f3l\u00f3w staw\u00f3w i napi\u0119cia mi\u0119\u015bni. Bezpieczny, szybko wch\u0142aniaj\u0105cy si\u0119 i wolny od chemikali\u00f3w.<\/h3>\n","protected":false},"featured_media":42105,"comment_status":"open","ping_status":"closed","template":"","meta":[],"product_brand":[],"product_cat":[1192],"product_tag":[1473,1470,1466,1467],"class_list":{"0":"post-42102","1":"product","2":"type-product","3":"status-publish","4":"has-post-thumbnail","6":"product_cat-pielegnacja-urody","7":"product_tag-masaz","8":"product_tag-olejek","9":"product_tag-pielegnacja-skory","10":"product_tag-pielegnacja-urody","12":"first","13":"instock","14":"shipping-taxable","15":"purchasable","16":"product-type-simple"},"_links":{"self":[{"href":"https:\/\/bazaar.express\/pl\/wp-json\/wp\/v2\/product\/42102","targetHints":{"allow":["GET"]}}],"collection":[{"href":"https:\/\/bazaar.express\/pl\/wp-json\/wp\/v2\/product"}],"about":[{"href":"https:\/\/bazaar.express\/pl\/wp-json\/wp\/v2\/types\/product"}],"replies":[{"embeddable":true,"href":"https:\/\/bazaar.express\/pl\/wp-json\/wp\/v2\/comments?post=42102"}],"wp:featuredmedia":[{"embeddable":true,"href":"https:\/\/bazaar.express\/pl\/wp-json\/wp\/v2\/media\/42105"}],"wp:attachment":[{"href":"https:\/\/bazaar.express\/pl\/wp-json\/wp\/v2\/media?parent=42102"}],"wp:term":[{"taxonomy":"product_brand","embeddable":true,"href":"https:\/\/bazaar.express\/pl\/wp-json\/wp\/v2\/product_brand?post=42102"},{"taxonomy":"product_cat","embeddable":true,"href":"https:\/\/bazaar.express\/pl\/wp-json\/wp\/v2\/product_cat?post=42102"},{"taxonomy":"product_tag","embeddable":true,"href":"https:\/\/bazaar.express\/pl\/wp-json\/wp\/v2\/product_tag?post=42102"}],"curies":[{"name":"wp","href":"https:\/\/api.w.org\/{rel}","templated":true}]}}