{"id":42211,"date":"2025-03-10T01:38:20","date_gmt":"2025-03-10T01:38:20","guid":{"rendered":"https:\/\/bazaar.express\/product\/thyme-oil\/"},"modified":"2025-03-10T01:38:20","modified_gmt":"2025-03-10T01:38:20","slug":"thyme-oil","status":"publish","type":"product","link":"https:\/\/bazaar.express\/pl\/produkt\/thyme-oil\/","title":{"rendered":"Olej z tymianku"},"content":{"rendered":"<h2 data-start=\"225\" data-end=\"305\">Olej z tymianku \u2013 100% czysty i zimnot\u0142oczony | Naturalna moc lecznicza (butelka 1 litr)<\/h2>\n<p data-start=\"307\" data-end=\"650\">Odkryj naturaln\u0105 si\u0142\u0119 <strong data-start=\"340\" data-end=\"358\">czystego oleju z tymianku<\/strong>, wyekstrahowanego bezpo\u015brednio z <em data-start=\"384\" data-end=\"401\">Thymus vulgaris<\/em> przy u\u017cyciu tradycyjnych metod t\u0142oczenia na zimno, kt\u00f3re zachowuj\u0105 jego lecznicze zwi\u0105zki. Ten olejek eteryczny obfituje w <strong data-start=\"510\" data-end=\"547\">tymol, karwakrol i flawonoidy<\/strong>, oferuj\u0105c pot\u0119\u017cne korzy\u015bci <strong data-start=\"567\" data-end=\"615\">anty bakteryjne, przeciwgrzybicze, przeciwzapalne<\/strong> oraz <strong data-start=\"621\" data-end=\"640\">wzmacniaj\u0105ce odporno\u015b\u0107<\/strong>.<\/p>\n<p data-start=\"652\" data-end=\"927\">Nasza du\u017ca <strong data-start=\"662\" data-end=\"680\">butelka 1-litrowa<\/strong> oleju z tymianku klasy terapeutycznej jest idealna do u\u017cytku osobistego, w salonach, o\u015brodkach wellness i w\u015br\u00f3d entuzjast\u00f3w naturalnych terapii. Bez wzgl\u0119du na to, czy potrzebujesz wsparcia dla sk\u00f3ry, w\u0142os\u00f3w, uk\u0142adu odporno\u015bciowego czy \u015brodowiska domowego, ten wszechstronny olejek zapewnia doskona\u0142e rezultaty.<\/p>\n<h3 data-start=\"934\" data-end=\"973\">G\u0142\u00f3wne korzy\u015bci zdrowotne oleju z tymianku<\/h3>\n<h4 data-start=\"975\" data-end=\"1011\">\u2714 Naturalna moc przeciwbakteryjna<\/h4>\n<p data-start=\"1012\" data-end=\"1186\">Olej z tymianku dzia\u0142a jako naturalny dezynfekuj\u0105cy, eliminuj\u0105cy <strong data-start=\"1069\" data-end=\"1101\">bakterie, grzyby i wirusy<\/strong>. To doskona\u0142y wyb\u00f3r do czyszczenia ran, leczenia tr\u0105dziku i oczyszczania powietrza.<\/p>\n<h4 data-start=\"1188\" data-end=\"1218\">\u2714 Wsparcie uk\u0142adu odporno\u015bciowego<\/h4>\n<p data-start=\"1219\" data-end=\"1392\">Tymol i inne zwi\u0105zki pomagaj\u0105 <strong data-start=\"1251\" data-end=\"1288\">wzmocni\u0107 naturalne mechanizmy obronne organizmu<\/strong>, zmniejszaj\u0105c ryzyko zachorowania na przezi\u0119bienia, gryp\u0119 i infekcje. Regularne stosowanie wzmacnia odporno\u015b\u0107 z czasem.<\/p>\n<h4 data-start=\"1394\" data-end=\"1425\">\u2714 Wsparcie uk\u0142adu kr\u0105\u017cenia<\/h4>\n<p data-start=\"1426\" data-end=\"1602\">Olej z tymianku wspiera zdrowie serca poprzez <strong data-start=\"1467\" data-end=\"1495\">obni\u017canie cholesterolu LDL<\/strong>, utrzymywanie zdrowego ci\u015bnienia krwi i popraw\u0119 kr\u0105\u017cenia, zmniejszaj\u0105c ryzyko problem\u00f3w sercowo-naczyniowych.<\/p>\n<h4 data-start=\"1604\" data-end=\"1644\">\u2714 Przeciwzapalny i \u0142agodzenie b\u00f3lu<\/h4>\n<p data-start=\"1645\" data-end=\"1783\">\u0141agodzi zapalenia w <strong data-start=\"1670\" data-end=\"1692\">stawach i mi\u0119\u015bniach<\/strong>, co czyni go idealnym na artretyzm, b\u00f3le mi\u0119\u015bni, skurcze menstruacyjne i regeneracj\u0119 po wysi\u0142ku.<\/p>\n<h4 data-start=\"1785\" data-end=\"1820\">\u2714 Wspiera zdrowe trawienie<\/h4>\n<p data-start=\"1821\" data-end=\"1939\">Zmniejsza <strong data-start=\"1829\" data-end=\"1863\">wzd\u0119cia, gazy i niestrawno\u015b\u0107<\/strong>, wspieraj\u0105c r\u00f3wnowag\u0119 flory bakteryjnej jelit i \u0142agodz\u0105c dolegliwo\u015bci \u017co\u0142\u0105dkowe.<\/p>\n<h4 data-start=\"1941\" data-end=\"1968\">\u2714 Ulga oddechowa<\/h4>\n<p data-start=\"1969\" data-end=\"2104\">Dzia\u0142a jako <strong data-start=\"1979\" data-end=\"2003\">naturalny \u015brodek udra\u017cniaj\u0105cy<\/strong>, oczyszczaj\u0105c zatkane drogi oddechowe i pomagaj\u0105c leczy\u0107 astm\u0119, infekcje zatok, kaszel i zapalenie oskrzeli.<\/p>\n<h4 data-start=\"2106\" data-end=\"2136\">\u2714 \u015awie\u017ce, czystsze w\u0142osy<\/h4>\n<p data-start=\"2137\" data-end=\"2263\">Walczy z <strong data-start=\"2145\" data-end=\"2192\">tr\u0105dzikiem, egzem\u0105, wysypkami i infekcjami grzybiczymi<\/strong>, nawil\u017caj\u0105c i rewitalizuj\u0105c sk\u00f3r\u0119 dla promiennego wygl\u0105du.<\/p>\n<h4 data-start=\"2265\" data-end=\"2296\">\u2714 Stymuluje wzrost w\u0142os\u00f3w<\/h4>\n<p data-start=\"2297\" data-end=\"2410\">Wzmacnia korzenie, zapobiega przerzedzaniu w\u0142os\u00f3w, redukuje \u0142upie\u017c i dodaje <strong data-start=\"2369\" data-end=\"2386\">zdrowy po\u0142ysk<\/strong> w\u0142osom i sk\u00f3rze g\u0142owy.<\/p>\n<h4 data-start=\"2412\" data-end=\"2444\">\u2714 Wzmacnia jasno\u015b\u0107 umys\u0142u<\/h4>\n<p data-start=\"2445\" data-end=\"2572\">Stosowany w aromaterapii, olejek z tymianku wspomaga <strong data-start=\"2491\" data-end=\"2530\">skupienie, energi\u0119 i redukcj\u0119 stresu<\/strong> \u2014 idealny do dyfuzor\u00f3w lub terapii masa\u017cu.<\/p>\n<h4 data-start=\"2574\" data-end=\"2607\">\u2714 Naturalny repelent na owady<\/h4>\n<p data-start=\"2608\" data-end=\"2728\">Odpycha komary, wszy i inne owady bezpiecznie bez ostrych chemikali\u00f3w, nadaj\u0105c si\u0119 doskonale do u\u017cytku wewn\u0119trznego i zewn\u0119trznego.<\/p>\n<h4 data-start=\"2730\" data-end=\"2764\">\u2714 Szybsze gojenie ci\u0119\u0107 i oparze\u0144<\/h4>\n<p data-start=\"2765\" data-end=\"2895\">Rozcie\u0144czony olejek z tymianku przyspiesza gojenie <strong data-start=\"2812\" data-end=\"2848\">drobnych ran, zadrapa\u0144 i oparze\u0144<\/strong> dzi\u0119ki swoim silnym w\u0142a\u015bciwo\u015bciom antybakteryjnym.<\/p>\n<h3 data-start=\"2902\" data-end=\"2934\">Dlaczego wybra\u0107 nasz olejek z tymianku?<\/h3>\n<h4 data-start=\"2936\" data-end=\"2969\">\u2714 100% czysty i zimnot\u0142oczony<\/h4>\n<p data-start=\"2970\" data-end=\"3089\">Stosujemy <strong data-start=\"2977\" data-end=\"3014\">tradycyjn\u0105 ekstrakcj\u0119 t\u0142oczeniem na zimno<\/strong>, aby zachowa\u0107 wszystkie esencjonalne sk\u0142adniki od\u017cywcze i terapeutyczne korzy\u015bci tymianku.<\/p>\n<h4 data-start=\"3091\" data-end=\"3129\">\u2714 Bez chemikali\u00f3w ani konserwant\u00f3w<\/h4>\n<p data-start=\"3130\" data-end=\"3240\">Ca\u0142kowicie <strong data-start=\"3141\" data-end=\"3172\">wolny od syntetycznych dodatk\u00f3w<\/strong>, konserwant\u00f3w czy wype\u0142niaczy \u2014 tylko czysty, silny olejek z tymianku z natury.<\/p>\n<h4 data-start=\"3242\" data-end=\"3271\">\u2714 Wielofunkcyjna formu\u0142a<\/h4>\n<p data-start=\"3272\" data-end=\"3394\">Nadaje si\u0119 do <strong data-start=\"3285\" data-end=\"3345\">piel\u0119gnacji sk\u00f3ry, w\u0142os\u00f3w, aromaterapii, masa\u017cu, \u0142agodzenia b\u00f3lu<\/strong> a nawet jako naturalny \u015brodek czyszcz\u0105cy w domu.<\/p>\n<h4 data-start=\"3396\" data-end=\"3432\">\u2714 \u0179r\u00f3d\u0142o i produkcja w Egipcie<\/h4>\n<p data-start=\"3433\" data-end=\"3564\">Wyprodukowany przez <strong data-start=\"3441\" data-end=\"3462\">Al-Masria Company<\/strong>, z wykorzystaniem wy\u0142\u0105cznie <strong data-start=\"3479\" data-end=\"3511\">najwy\u017cszej jako\u015bci ro\u015blin tymianku<\/strong> uprawianych w \u017cyznej glebie Egiptu i pod obfitym nas\u0142onecznieniem.<\/p>\n<h3 data-start=\"3913\" data-end=\"3942\">Specyfikacja produktu<\/h3>\n<ul data-start=\"3944\" data-end=\"4220\">\n<li data-start=\"3944\" data-end=\"3977\">\n<p data-start=\"3946\" data-end=\"3977\"><strong data-start=\"3946\" data-end=\"3957\">Pojemno\u015b\u0107:<\/strong> 1 litr (1000 ml)<\/p>\n<\/li>\n<li data-start=\"3978\" data-end=\"4046\">\n<p data-start=\"3980\" data-end=\"4046\"><strong data-start=\"3980\" data-end=\"3996\">Sk\u0142adniki:<\/strong> 100% Zimnot\u0142oczony Olej z Tymianku (<em data-start=\"4026\" data-end=\"4043\">Thymus vulgaris<\/em>)<\/p>\n<\/li>\n<li data-start=\"4047\" data-end=\"4068\">\n<p data-start=\"4049\" data-end=\"4068\"><strong data-start=\"4049\" data-end=\"4060\">Pochodzenie:<\/strong> Egipt<\/p>\n<\/li>\n<li data-start=\"4069\" data-end=\"4108\">\n<p data-start=\"4071\" data-end=\"4108\"><strong data-start=\"4071\" data-end=\"4093\">Metoda ekstrakcji:<\/strong> Zimnot\u0142oczenie<\/p>\n<\/li>\n<li data-start=\"4109\" data-end=\"4138\">\n<p data-start=\"4111\" data-end=\"4138\"><strong data-start=\"4111\" data-end=\"4126\">Termin przydatno\u015bci:<\/strong> 24 miesi\u0105ce<\/p>\n<\/li>\n<li data-start=\"4139\" data-end=\"4220\">\n<p data-start=\"4141\" data-end=\"4220\"><strong data-start=\"4141\" data-end=\"4166\">Instrukcje przechowywania:<\/strong> Przechowywa\u0107 w ch\u0142odnym, ciemnym miejscu z dala od bezpo\u015bredniego \u015bwiat\u0142a s\u0142onecznego<\/p>\n<\/li>\n<\/ul>\n<p data-start=\"4227\" data-end=\"4453\">Poczuj <strong data-start=\"4236\" data-end=\"4263\">lecznicz\u0105 moc natury<\/strong> w ka\u017cdej kropli. Niezale\u017cnie od tego, czy jeste\u015b ekspertem wellness, czy dopiero zaczynasz podr\u00f3\u017c ku naturalnemu zdrowiu, nasz <strong data-start=\"4364\" data-end=\"4387\">100% czysty olejek z tymianku<\/strong> oferuje skuteczne, wolne od chemii rozwi\u0105zanie codziennych potrzeb.<\/p>\n<p style=\"text-align: center;\">Dzi\u0119kujemy za zakupy w <em><a href=\"https:\/\/bazaar.express\/pl\/\">Bazaar Express<\/a><\/em> \u2013 cieszymy si\u0119, \u017ce jeste\u015b z nami!<\/p>\n<p style=\"text-align: center;\">Poczuj moc natury \u2014 czyste <a href=\"https:\/\/bazaar.express\/pl\/therapeutic-oils\/\">oleje terapeutyczne<\/a> na codzienne wellness.<\/p>\n","protected":false},"excerpt":{"rendered":"<h3 data-start=\"433\" data-end=\"648\">100% czysty i zimnot\u0142oczony olejek z tymianku w du\u017cej butelce 1-litrowej. Bogaty w antyoksydanty i naturalne zwi\u0105zki, wspiera sk\u00f3r\u0119, w\u0142osy, zdrowie odporno\u015bciowe i funkcje oddechowe. Idealny do aromaterapii i codziennego wellness.<\/h3>\n","protected":false},"featured_media":42215,"comment_status":"open","ping_status":"closed","template":"","meta":[],"product_brand":[],"product_cat":[1193,1192],"product_tag":[1465,1470,1466,1472],"class_list":{"0":"post-42211","1":"product","2":"type-product","3":"status-publish","4":"has-post-thumbnail","6":"product_cat-lecznicze-oleje","7":"product_cat-pielegnacja-urody","8":"product_tag-naturalny-olej","9":"product_tag-olejek","10":"product_tag-pielegnacja-skory","11":"product_tag-zdrowotna","13":"first","14":"instock","15":"shipping-taxable","16":"purchasable","17":"product-type-simple"},"_links":{"self":[{"href":"https:\/\/bazaar.express\/pl\/wp-json\/wp\/v2\/product\/42211","targetHints":{"allow":["GET"]}}],"collection":[{"href":"https:\/\/bazaar.express\/pl\/wp-json\/wp\/v2\/product"}],"about":[{"href":"https:\/\/bazaar.express\/pl\/wp-json\/wp\/v2\/types\/product"}],"replies":[{"embeddable":true,"href":"https:\/\/bazaar.express\/pl\/wp-json\/wp\/v2\/comments?post=42211"}],"wp:featuredmedia":[{"embeddable":true,"href":"https:\/\/bazaar.express\/pl\/wp-json\/wp\/v2\/media\/42215"}],"wp:attachment":[{"href":"https:\/\/bazaar.express\/pl\/wp-json\/wp\/v2\/media?parent=42211"}],"wp:term":[{"taxonomy":"product_brand","embeddable":true,"href":"https:\/\/bazaar.express\/pl\/wp-json\/wp\/v2\/product_brand?post=42211"},{"taxonomy":"product_cat","embeddable":true,"href":"https:\/\/bazaar.express\/pl\/wp-json\/wp\/v2\/product_cat?post=42211"},{"taxonomy":"product_tag","embeddable":true,"href":"https:\/\/bazaar.express\/pl\/wp-json\/wp\/v2\/product_tag?post=42211"}],"curies":[{"name":"wp","href":"https:\/\/api.w.org\/{rel}","templated":true}]}}