{"id":42226,"date":"2025-02-28T16:15:19","date_gmt":"2025-02-28T16:15:19","guid":{"rendered":"https:\/\/bazaar.express\/product\/collagen-marine-cream\/"},"modified":"2025-02-28T16:15:19","modified_gmt":"2025-02-28T16:15:19","slug":"collagen-marine-cream","status":"publish","type":"product","link":"https:\/\/bazaar.express\/pl\/produkt\/collagen-marine-cream\/","title":{"rendered":"Krem z kolagenem morskim"},"content":{"rendered":"<h2 class=\"\" data-start=\"374\" data-end=\"458\">Krem z kolagenem morskim \u2013 ostateczne rozwi\u0105zanie do piel\u0119gnacji promiennej, m\u0142odej sk\u00f3ry<\/h2>\n<h3 class=\"\" data-start=\"460\" data-end=\"501\">Odkryj moc kolagenu morskiego<\/h3>\n<p class=\"\" data-start=\"503\" data-end=\"865\"><strong data-start=\"503\" data-end=\"528\">Krem z kolagenem morskim<\/strong> to wysokiej jako\u015bci preparat do piel\u0119gnacji sk\u00f3ry, kt\u00f3ry g\u0142\u0119boko od\u017cywia, nawil\u017ca i odm\u0142adza sk\u00f3r\u0119 dzi\u0119ki potentnemu <strong data-start=\"636\" data-end=\"663\">kolagenowi pochodzenia morskiego<\/strong>. Dzi\u0119ki lekkiej, szybko wch\u0142aniaj\u0105cej si\u0119 konsystencji i zaawansowanym naukowo sk\u0142adnikom wspiera <strong data-start=\"763\" data-end=\"782\">elastyczno\u015b\u0107 sk\u00f3ry<\/strong>, poprawia <strong data-start=\"793\" data-end=\"815\">utrzymanie wilgoci<\/strong> i promuje <strong data-start=\"832\" data-end=\"864\">naturalnie promienny koloryt sk\u00f3ry<\/strong>.<\/p>\n<p class=\"\" data-start=\"867\" data-end=\"1013\">Ten krem jest idealny dla os\u00f3b chc\u0105cych walczy\u0107 ze znakami starzenia, przywr\u00f3ci\u0107 j\u0119drno\u015b\u0107 sk\u00f3ry i osi\u0105gn\u0105\u0107 m\u0142odszy blask \u2013 w naturalny i skuteczny spos\u00f3b.<\/p>\n<h3 class=\"\" data-start=\"1020\" data-end=\"1057\">Dlaczego wybra\u0107 krem z kolagenem morskim?<\/h3>\n<p class=\"\" data-start=\"1059\" data-end=\"1362\">W przeciwie\u0144stwie do zwyk\u0142ych krem\u00f3w nawil\u017caj\u0105cych <strong data-start=\"1089\" data-end=\"1114\">krem z kolagenem morskim<\/strong> jest zaprojektowany do harmonijnej pracy z naturalnymi procesami sk\u00f3ry. Zwi\u0119ksza <strong data-start=\"1192\" data-end=\"1214\">syntez\u0119 kolagenu<\/strong>, wspomaga <strong data-start=\"1227\" data-end=\"1248\">regeneracj\u0119 kom\u00f3rek<\/strong> i wzmacnia <strong data-start=\"1277\" data-end=\"1299\">barier\u0119 ochronn\u0105 sk\u00f3ry<\/strong>, stanowi\u0105c kompleksowe rozwi\u0105zanie dla d\u0142ugoterminowego zdrowia sk\u00f3ry.<\/p>\n<ul data-start=\"1364\" data-end=\"1627\">\n<li class=\"\" data-start=\"1364\" data-end=\"1415\">\n<p class=\"\" data-start=\"1366\" data-end=\"1415\">G\u0142\u0119boko <strong data-start=\"1369\" data-end=\"1390\">penetruje<\/strong> dla maksymalnego od\u017cywienia.<\/p>\n<\/li>\n<li class=\"\" data-start=\"1416\" data-end=\"1480\">\n<p class=\"\" data-start=\"1418\" data-end=\"1480\">Zwi\u0119ksza <strong data-start=\"1427\" data-end=\"1458\">naturaln\u0105 produkcj\u0119 kolagenu<\/strong> dla widocznej j\u0119drno\u015bci.<\/p>\n<\/li>\n<li class=\"\" data-start=\"1481\" data-end=\"1549\">\n<p class=\"\" data-start=\"1483\" data-end=\"1549\">Idealny dla <strong data-start=\"1495\" data-end=\"1513\">wszystkich typ\u00f3w sk\u00f3ry<\/strong>, w tym t\u0142ustej i wra\u017cliwej.<\/p>\n<\/li>\n<li class=\"\" data-start=\"1550\" data-end=\"1627\">\n<p class=\"\" data-start=\"1552\" data-end=\"1627\">Zapewnia <strong data-start=\"1561\" data-end=\"1582\">trwa\u0142e nawil\u017cenie<\/strong> i ochron\u0119 przed uszkodzeniami \u015brodowiskowymi.<\/p>\n<\/li>\n<\/ul>\n<h3 class=\"\" data-start=\"1634\" data-end=\"1675\">G\u0142\u00f3wne korzy\u015bci kremu z kolagenem morskim<\/h3>\n<h4 class=\"\" data-start=\"1677\" data-end=\"1717\">\u2714 Redukuje zmarszczki i drobne linie<\/h4>\n<p class=\"\" data-start=\"1718\" data-end=\"1884\">Kolagen morski stymuluje naturalny proces regeneracji sk\u00f3ry, zmniejszaj\u0105c widoczno\u015b\u0107 zmarszczek i drobnych linii, przywracaj\u0105c g\u0142adko\u015b\u0107 i j\u0119drno\u015b\u0107 sk\u00f3ry.<\/p>\n<h4 class=\"\" data-start=\"1886\" data-end=\"1935\">\u2714 Intensywne nawil\u017cenie i utrzymanie wilgoci<\/h4>\n<p class=\"\" data-start=\"1936\" data-end=\"2091\">Wzbogacony humektantami krem blokuje wilgo\u0107 i tworzy barier\u0119 przed odwodnieniem \u2013 utrzymuj\u0105c sk\u00f3r\u0119 mi\u0119kk\u0105, elastyczn\u0105 i woln\u0105 od \u0142uszczenia przez ca\u0142y dzie\u0144.<\/p>\n<h4 class=\"\" data-start=\"2093\" data-end=\"2139\">\u2714 Poprawia elastyczno\u015b\u0107 i j\u0119drno\u015b\u0107 sk\u00f3ry<\/h4>\n<p class=\"\" data-start=\"2140\" data-end=\"2298\">Poprzez popraw\u0119 g\u0119sto\u015bci kolagenu w sk\u00f3rze w\u0142a\u015bciwej ten krem wzmacnia struktur\u0119 sk\u00f3ry i pomaga zmniejszy\u0107 obwisanie, nadaj\u0105c twarzy bardziej uniesiony, uj\u0119drniony wygl\u0105d.<\/p>\n<h4 class=\"\" data-start=\"2300\" data-end=\"2338\">\u2714 Rozja\u015bnia i wyr\u00f3wnuje koloryt sk\u00f3ry<\/h4>\n<p class=\"\" data-start=\"2339\" data-end=\"2478\">Naturalne rozja\u015bniaj\u0105ce sk\u0142adniki redukuj\u0105 <strong data-start=\"2371\" data-end=\"2385\">plamy pigmentacyjne<\/strong>, <strong data-start=\"2387\" data-end=\"2408\">hiperpigmentacj\u0119<\/strong> i <strong data-start=\"2414\" data-end=\"2431\">nieprawid\u0142owe zabarwienie<\/strong>, daj\u0105c bardziej r\u00f3wnomierny, \u015bwiec\u0105cy koloryt.<\/p>\n<h4 class=\"\" data-start=\"2480\" data-end=\"2521\">\u2714 Naprawia i \u0142agodzi uszkodzon\u0105 sk\u00f3r\u0119<\/h4>\n<p class=\"\" data-start=\"2522\" data-end=\"2667\">Dzi\u0119ki sk\u0142adnikom przeciwzapalnym \u0142agodzi podra\u017cnienia i zaczerwienienia, idealny dla sk\u00f3ry <strong data-start=\"2611\" data-end=\"2624\">wra\u017cliwej<\/strong>, <strong data-start=\"2626\" data-end=\"2638\">reaguj\u0105cej<\/strong> lub <strong data-start=\"2643\" data-end=\"2661\">po zabiegach<\/strong>.<\/p>\n<h4 class=\"\" data-start=\"2669\" data-end=\"2710\">\u2714 Lekka i nieoblepiaj\u0105ca formu\u0142a<\/h4>\n<p class=\"\" data-start=\"2711\" data-end=\"2826\">Szybko si\u0119 wch\u0142ania bez zapychania por\u00f3w ani pozostawiania osadu \u2013 idealny dla sk\u00f3ry t\u0142ustej, tr\u0105dzikowej i mieszanej.<\/p>\n<h4 class=\"\" data-start=\"2828\" data-end=\"2876\">\u2714 Chroni przed czynnikami \u015brodowiskowymi<\/h4>\n<p class=\"\" data-start=\"2877\" data-end=\"3021\">Wzbogacony antyoksydantami tworzy barier\u0119 ochronn\u0105 przed <strong data-start=\"2942\" data-end=\"2953\">promieniami UV<\/strong>, <strong data-start=\"2955\" data-end=\"2968\">zanieczyszczeniami<\/strong> i innymi wolnymi rodnikami powoduj\u0105cymi przedwczesne starzenie.<\/p>\n<h4 class=\"\" data-start=\"3023\" data-end=\"3055\">\u2714 Zwi\u0119ksza naturalny blask<\/h4>\n<p class=\"\" data-start=\"3056\" data-end=\"3183\">Dostarcza niezb\u0119dne sk\u0142adniki od\u017cywcze poprawiaj\u0105ce <strong data-start=\"3098\" data-end=\"3115\">odnow\u0119 kom\u00f3rkow\u0105<\/strong>, ujawniaj\u0105c zdrowszy, \u015bwie\u017cszy i bardziej promienny wygl\u0105d sk\u00f3ry.<\/p>\n<h4 class=\"\" data-start=\"3185\" data-end=\"3227\">\u2714 Wzmacnia funkcj\u0119 bariery sk\u00f3rnej<\/h4>\n<p class=\"\" data-start=\"3228\" data-end=\"3351\">Wzmocnienie <strong data-start=\"3249\" data-end=\"3274\">naturalnej bariery lipidowej sk\u00f3ry<\/strong> zwi\u0119ksza odporno\u015b\u0107 na podra\u017cnienia, alergeny i zanieczyszczenia \u015brodowiskowe.<\/p>\n<h4 class=\"\" data-start=\"3353\" data-end=\"3393\">\u2714 Rewitalizuje zm\u0119czon\u0105 i matow\u0105 sk\u00f3r\u0119<\/h4>\n<p class=\"\" data-start=\"3394\" data-end=\"3509\">Przywraca witalno\u015b\u0107 zestresowanej i zm\u0119czonej sk\u00f3rze, promuj\u0105c <strong data-start=\"3455\" data-end=\"3468\">od\u015bwie\u017cony<\/strong>, <strong data-start=\"3470\" data-end=\"3485\">wypocz\u0119ty<\/strong> i <strong data-start=\"3491\" data-end=\"3503\">m\u0142odzie\u0144czy<\/strong> wygl\u0105d.<\/p>\n<h3 class=\"\" data-start=\"3516\" data-end=\"3569\">Jak u\u017cywa\u0107 kremu z kolagenem morskim dla najlepszych rezultat\u00f3w<\/h3>\n<ol data-start=\"3571\" data-end=\"3819\">\n<li class=\"\" data-start=\"3571\" data-end=\"3619\">\n<p class=\"\" data-start=\"3574\" data-end=\"3619\"><strong data-start=\"3574\" data-end=\"3585\">Oczy\u015b\u0107<\/strong> dok\u0142adnie twarz i osusz r\u0119cznikiem.<\/p>\n<\/li>\n<li class=\"\" data-start=\"3620\" data-end=\"3683\">\n<p class=\"\" data-start=\"3623\" data-end=\"3683\"><strong data-start=\"3623\" data-end=\"3647\">Na\u0142\u00f3\u017c niewielk\u0105 ilo\u015b\u0107<\/strong> kremu na twarz i szyj\u0119.<\/p>\n<\/li>\n<li class=\"\" data-start=\"3684\" data-end=\"3747\">\n<p class=\"\" data-start=\"3687\" data-end=\"3747\"><strong data-start=\"3687\" data-end=\"3725\">Delikatnie masuj okr\u0119\u017cnymi ruchami<\/strong>, a\u017c ca\u0142kowicie si\u0119 wch\u0142onie.<\/p>\n<\/li>\n<li class=\"\" data-start=\"3748\" data-end=\"3819\">\n<p class=\"\" data-start=\"3751\" data-end=\"3819\">Stosuj <strong data-start=\"3755\" data-end=\"3770\">dwa razy dziennie<\/strong> \u2013 rano i wieczorem \u2013 dla maksymalnych korzy\u015bci.<\/p>\n<\/li>\n<\/ol>\n<p class=\"\" data-start=\"3821\" data-end=\"3917\">Dla lepszych rezultat\u00f3w po\u0142\u0105cz z serum lub esencj\u0105 z kolagenu morskiego przed na\u0142o\u017ceniem kremu.<\/p>\n<h3 class=\"\" data-start=\"3924\" data-end=\"3965\">Kto powinien u\u017cywa\u0107 kremu z kolagenem morskim?<\/h3>\n<p class=\"\" data-start=\"3967\" data-end=\"4039\">Ta wszechstronna formu\u0142a jest przeznaczona dla szerokiego grona u\u017cytkownik\u00f3w, w tym:<\/p>\n<ul data-start=\"4041\" data-end=\"4369\">\n<li class=\"\" data-start=\"4041\" data-end=\"4092\">\n<p class=\"\" data-start=\"4043\" data-end=\"4092\">Osoby z <strong data-start=\"4068\" data-end=\"4092\">wczesnymi oznakami starzenia<\/strong><\/p>\n<\/li>\n<li class=\"\" data-start=\"4093\" data-end=\"4144\">\n<p class=\"\" data-start=\"4095\" data-end=\"4144\">Osoby z <strong data-start=\"4107\" data-end=\"4144\">odwodnion\u0105, matow\u0105 lub obwis\u0142\u0105 sk\u00f3r\u0105<\/strong><\/p>\n<\/li>\n<li class=\"\" data-start=\"4145\" data-end=\"4207\">\n<p class=\"\" data-start=\"4147\" data-end=\"4207\">Osoby regularnie nara\u017cone na <strong data-start=\"4174\" data-end=\"4207\">miejskie zanieczyszczenia lub uszkodzenia s\u0142oneczne<\/strong><\/p>\n<\/li>\n<li class=\"\" data-start=\"4208\" data-end=\"4284\">\n<p class=\"\" data-start=\"4210\" data-end=\"4284\">Ka\u017cdy szukaj\u0105cy <strong data-start=\"4231\" data-end=\"4256\">naturalnego i skutecznego<\/strong> produktu przeciwstarzeniowego do piel\u0119gnacji sk\u00f3ry<\/p>\n<\/li>\n<li class=\"\" data-start=\"4285\" data-end=\"4369\">\n<p class=\"\" data-start=\"4287\" data-end=\"4369\">Osoby poszukuj\u0105ce <strong data-start=\"4304\" data-end=\"4320\">bezparabenowego<\/strong>, <strong data-start=\"4322\" data-end=\"4335\"> nietoksycznego<\/strong> i <strong data-start=\"4341\" data-end=\"4357\">ekologicznego<\/strong> kremu nawil\u017caj\u0105cego<\/p>\n<\/li>\n<\/ul>\n<h3 class=\"\" data-start=\"4376\" data-end=\"4398\">Najwa\u017cniejsze cechy produktu<\/h3>\n<ul data-start=\"4400\" data-end=\"4642\">\n<li class=\"\" data-start=\"4400\" data-end=\"4422\">\n<p class=\"\" data-start=\"4402\" data-end=\"4422\"><strong data-start=\"4402\" data-end=\"4414\">Produkowany w:<\/strong> Egipt<\/p>\n<\/li>\n<li class=\"\" data-start=\"4423\" data-end=\"4494\">\n<p class=\"\" data-start=\"4425\" data-end=\"4494\"><strong data-start=\"4425\" data-end=\"4441\">Formu\u0142a:<\/strong> 100% naturalna | na bazie morskiej | testowana dermatologicznie<\/p>\n<\/li>\n<li class=\"\" data-start=\"4495\" data-end=\"4541\">\n<p class=\"\" data-start=\"4497\" data-end=\"4541\"><strong data-start=\"4497\" data-end=\"4511\">Typ sk\u00f3ry:<\/strong> odpowiedni dla wszystkich typ\u00f3w sk\u00f3ry<\/p>\n<\/li>\n<li class=\"\" data-start=\"4542\" data-end=\"4590\">\n<p class=\"\" data-start=\"4544\" data-end=\"4590\"><strong data-start=\"4544\" data-end=\"4556\">Konsystencja:<\/strong> lekka, kremowa, nieoblepiaj\u0105ca<\/p>\n<\/li>\n<li class=\"\" data-start=\"4591\" data-end=\"4642\">\n<p class=\"\" data-start=\"4593\" data-end=\"4642\"><strong data-start=\"4593\" data-end=\"4608\">Termin wa\u017cno\u015bci:<\/strong> 24 miesi\u0105ce od daty produkcji<\/p>\n<\/li>\n<\/ul>\n<h3 class=\"\" data-start=\"4899\" data-end=\"4936\">Odkryj naturalne pi\u0119kno swojej sk\u00f3ry<\/h3>\n<p class=\"\" data-start=\"4938\" data-end=\"5143\">Nie zadowalaj si\u0119 przeci\u0119tn\u0105 piel\u0119gnacj\u0105 \u2013 wybierz formu\u0142\u0119 opart\u0105 na naturze i udoskonalon\u0105 naukowo. <strong data-start=\"5030\" data-end=\"5055\">Krem z kolagenem morskim<\/strong> pomaga ujawni\u0107 ja\u015bniejsz\u0105, g\u0142adszej i bardziej youthful wygl\u0105d sk\u00f3ry z ka\u017cdym zastosowaniem.<\/p>\n<p class=\"\" data-start=\"5145\" data-end=\"5273\">\u2705 Formu\u0142a polecana przez dermatolog\u00f3w<br data-start=\"5180\" data-end=\"5183\" \/>\u2705 Nietoksyczna, bez okrucie\u0144stwa, bez paraben\u00f3w<br data-start=\"5226\" data-end=\"5229\" \/>\u2705 Widoczne poprawy w kilka tygodni<\/p>\n<h3 class=\"\" data-start=\"5280\" data-end=\"5325\">Zam\u00f3w teraz i odm\u0142od\u017a sk\u00f3r\u0119 naturalnie<\/h3>\n<p class=\"\" data-start=\"5327\" data-end=\"5509\"> Po\u017cegnaj matw\u0105, zm\u0119czon\u0105 sk\u00f3r\u0119. Odzyskaj naturalny blask z <strong data-start=\"5394\" data-end=\"5419\">kremem z kolagenem morskim<\/strong> ju\u017c dzi\u015b!<br data-start=\"5426\" data-end=\"5429\" \/> Ciesz si\u0119 <strong data-start=\"5438\" data-end=\"5467\">darmow\u0105 dostaw\u0105 w Hurghadzie<\/strong> i <strong data-start=\"5472\" data-end=\"5494\">dostaw\u0105 na ca\u0142y \u015bwiat<\/strong> przy wszystkich zam\u00f3wieniach.<\/p>\n<p>&nbsp;<\/p>\n<p style=\"text-align: center;\">Dzi\u0119kujemy za zakupy w <em data-start=\"415\" data-end=\"431\"><a href=\"https:\/\/bazaar.express\/pl\/\">Bazaar Express<\/a><\/em> \u2013 cieszymy si\u0119, \u017ce jeste\u015b z nami!<\/p>\n<p style=\"text-align: center;\">Twoja podr\u00f3\u017c do lepszej piel\u0119gnacji zaczyna si\u0119 tutaj \u2014 z <a href=\"https:\/\/bazaar.express\/product-category\/beauty-care\/\">Beauty &#038; Care<\/a>, \u043a\u043e\u0442\u043e\u0440\u043e\u043c\u0443 mo\u017cesz zaufa\u0107.<\/p>\n","protected":false},"excerpt":{"rendered":"<h3 data-start=\"498\" data-end=\"717\">Krem z kolagenem morskim to szybko wch\u0142aniaj\u0105cy si\u0119, nieoblepiaj\u0105cy krem nawil\u017caj\u0105cy z kolagenem morskim uj\u0119drniaj\u0105cy, nawil\u017caj\u0105cy i rozja\u015bniaj\u0105cy sk\u00f3r\u0119. Idealny dla wszystkich typ\u00f3w sk\u00f3ry, redukuje zmarszczki i o\u017cywia matw\u0105, zm\u0119czon\u0105 sk\u00f3r\u0119 naturalnie.<\/h3>\n","protected":false},"featured_media":42230,"comment_status":"open","ping_status":"closed","template":"","meta":[],"product_brand":[],"product_cat":[1192,1193],"product_tag":[],"class_list":{"0":"post-42226","1":"product","2":"type-product","3":"status-publish","4":"has-post-thumbnail","6":"product_cat-pielegnacja-urody","7":"product_cat-lecznicze-oleje","8":"pa_l-xl-120ml","10":"first","11":"instock","12":"sale","13":"shipping-taxable","14":"purchasable","15":"product-type-simple"},"_links":{"self":[{"href":"https:\/\/bazaar.express\/pl\/wp-json\/wp\/v2\/product\/42226","targetHints":{"allow":["GET"]}}],"collection":[{"href":"https:\/\/bazaar.express\/pl\/wp-json\/wp\/v2\/product"}],"about":[{"href":"https:\/\/bazaar.express\/pl\/wp-json\/wp\/v2\/types\/product"}],"replies":[{"embeddable":true,"href":"https:\/\/bazaar.express\/pl\/wp-json\/wp\/v2\/comments?post=42226"}],"wp:featuredmedia":[{"embeddable":true,"href":"https:\/\/bazaar.express\/pl\/wp-json\/wp\/v2\/media\/42230"}],"wp:attachment":[{"href":"https:\/\/bazaar.express\/pl\/wp-json\/wp\/v2\/media?parent=42226"}],"wp:term":[{"taxonomy":"product_brand","embeddable":true,"href":"https:\/\/bazaar.express\/pl\/wp-json\/wp\/v2\/product_brand?post=42226"},{"taxonomy":"product_cat","embeddable":true,"href":"https:\/\/bazaar.express\/pl\/wp-json\/wp\/v2\/product_cat?post=42226"},{"taxonomy":"product_tag","embeddable":true,"href":"https:\/\/bazaar.express\/pl\/wp-json\/wp\/v2\/product_tag?post=42226"}],"curies":[{"name":"wp","href":"https:\/\/api.w.org\/{rel}","templated":true}]}}