{"id":42265,"date":"2026-01-05T14:05:52","date_gmt":"2026-01-05T14:05:52","guid":{"rendered":"https:\/\/bazaar.express\/product\/best-coffee-body-scrub\/"},"modified":"2026-01-05T14:05:52","modified_gmt":"2026-01-05T14:05:52","slug":"best-coffee-body-scrub","status":"publish","type":"product","link":"https:\/\/bazaar.express\/pl\/produkt\/best-coffee-body-scrub\/","title":{"rendered":"Najlepszy kawowy peeling do cia\u0142a"},"content":{"rendered":"<h2 id=\"best-coffee-body-scrub-premium-natural-exfoliator\" class=\"font-display first:mt-xs mb-2 mt-4 font-semimedium text-lg leading-[1.5em] lg:text-xl\">Najlepszy kawowy peeling do cia\u0142a: naturalny preparat z\u0142uszczaj\u0105cy dla g\u0142adkiej sk\u00f3ry bez cellulitu<\/h2>\n<p class=\"my-2 [&#038;+p]:mt-4 [&#038;_strong:has(+br)]:inline-block [&#038;_strong:has(+br)]:pb-2\">Zmodyfikuj swoj\u0105 rutyn\u0119 piel\u0119gnacji sk\u00f3ry dzi\u0119ki <strong>najlepszemu kadowemu peelingowi do cia\u0142a<\/strong> dost\u0119pnemu na rynku \u2013 <strong>naturalnemu preparatowi z\u0142uszczaj\u0105cemu premium<\/strong>, zaprojektowanemu do zapewnienia <strong>profesjonalnych efekt\u00f3w spa<\/strong> we w\u0142asnym domu. Ten <strong>wyj\u0105tkowy peeling z kawy<\/strong> \u0142\u0105czy <strong>mielone ziarna kawy<\/strong>, <strong>sole morskie bogate w minera\u0142y<\/strong> oraz <strong>\u0142agodz\u0105cy olejek eteryczny z rumianku<\/strong>, tworz\u0105c <strong>ostateczny zabieg z\u0142uszczaj\u0105cy<\/strong> dla uzyskania <strong>jedwabi\u015bcie g\u0142adkiej, promiennej i wolnej od cellulitu sk\u00f3ry<\/strong>.<\/p>\n<h3 id=\"why-coffee-scrub-is-the-1-choice-for-natural-exfol\" class=\"mb-2 mt-4 font-display font-semimedium text-base first:mt-0 md:text-lg [hr+&#038;]:mt-4\">Dlaczego peeling z kawy to wyb\u00f3r nr 1 w naturalnym z\u0142uszczaniu<\/h3>\n<p class=\"my-2 [&#038;+p]:mt-4 [&#038;_strong:has(+br)]:inline-block [&#038;_strong:has(+br)]:pb-2\">Szukasz <strong>najlepszego peelingu z\u0142uszczaj\u0105cego do cia\u0142a<\/strong>? Nasz <strong>peeling z ziaren kawy premium<\/strong> oferuje <strong>naukowo potwierdzone korzy\u015bci<\/strong>, kt\u00f3re przewy\u017cszaj\u0105 zwyk\u0142e preparaty z\u0142uszczaj\u0105ce. <strong>Naturalny kawowy peeling do cia\u0142a<\/strong> dzia\u0142a poprzez po\u0142\u0105czenie <strong>skutecznego mechanicznego z\u0142uszczania<\/strong> z <strong>w\u0142a\u015bciwo\u015bciami poprawiaj\u0105cymi kr\u0105\u017cenie<\/strong>, zapewniaj\u0105c <strong>widoczne efekty w ci\u0105gu dni, nie tygodni<\/strong>.<\/p>\n<p class=\"my-2 [&#038;+p]:mt-4 [&#038;_strong:has(+br)]:inline-block [&#038;_strong:has(+br)]:pb-2\"><strong>Formu\u0142a peelingu z kawy<\/strong> zawiera <strong>delikatnie zmielone ziarna kawy<\/strong>, kt\u00f3re <strong>usuwaj\u0105 nagromadzony martwy nask\u00f3rek<\/strong> bez podra\u017cnie\u0144 czy uczule\u0144. W przeciwie\u0144stwie do <strong>agresywnych chemicznych peeling\u00f3w<\/strong>, ten <strong>naturalny peeling<\/strong> szanuje delikatn\u0105 r\u00f3wnowag\u0119 sk\u00f3ry, jednocze\u015bnie zapewniaj\u0105c <strong>silne dzia\u0142anie z\u0142uszczaj\u0105ce<\/strong>. Dodatek <strong>soli morskiej<\/strong> zwi\u0119ksza skuteczno\u015b\u0107 peelingu, dostarczaj\u0105c <strong>niezb\u0119dne minera\u0142y<\/strong>, kt\u00f3re <strong>od\u017cywiaj\u0105 i rewitalizuj\u0105<\/strong> barier\u0119 sk\u00f3rn\u0105.<\/p>\n<p class=\"my-2 [&#038;+p]:mt-4 [&#038;_strong:has(+br)]:inline-block [&#038;_strong:has(+br)]:pb-2\">Sk\u0142adnik <strong>olejku eterycznego z rumianku<\/strong> czyni go <strong>najlepszym peelingiem dla wra\u017cliwej sk\u00f3ry<\/strong>, oferuj\u0105c <strong>\u0142agodz\u0105ce i przeciwzapalne korzy\u015bci<\/strong>, kt\u00f3re koj\u0105 <strong>podra\u017cnione lub reaktywne typy sk\u00f3ry<\/strong>.<\/p>\n<h3 id=\"the-complete-science-backed-benefits\" class=\"mb-2 mt-4 font-display font-semimedium text-base first:mt-0 md:text-lg [hr+&#038;]:mt-4\">Pe\u0142ne korzy\u015bci poparte nauk\u0105<\/h3>\n<p class=\"my-2 [&#038;+p]:mt-4 [&#038;_strong:has(+br)]:inline-block [&#038;_strong:has(+br)]:pb-2\"><strong>Znacznie redukuje widoczno\u015b\u0107 cellulitu:<\/strong> Tutaj nasz <strong>peeling kawowy do cia\u0142a<\/strong> naprawd\u0119 b\u0142yszczy. <strong>Formu\u0142a bogata w kofein\u0119<\/strong> wnika w sk\u00f3r\u0119, <strong>poprawiaj\u0105c drena\u017c limfatyczny<\/strong>, <strong>kr\u0105\u017cenie<\/strong> i <strong> j\u0119drno\u015b\u0107 sk\u00f3ry<\/strong>. U\u017cytkownicy zg\u0142aszaj\u0105 <strong>widoczn\u0105 redukcj\u0119 cellulitu<\/strong> po <strong>2-3 tygodniach regularnego stosowania<\/strong>. <strong>Najlepszy peeling z kawy na cellulit<\/strong> zapewnia <strong>efekty profesjonalne<\/strong> bez kosztownych zabieg\u00f3w spa.<\/p>\n<p class=\"my-2 [&#038;+p]:mt-4 [&#038;_strong:has(+br)]:inline-block [&#038;_strong:has(+br)]:pb-2\"><strong>Aktywuje kr\u0105\u017cenie krwi i uj\u0119drnia sk\u00f3r\u0119:<\/strong> Dzia\u0142anie <strong>mechanicznego z\u0142uszczania<\/strong> w po\u0142\u0105czeniu z <strong>naturalnymi stymuluj\u0105cymi w\u0142a\u015bciwo\u015bciami kawy<\/strong> <strong>zwi\u0119ksza przep\u0142yw krwi<\/strong> w traktowanych obszarach. Ten proces <strong>poprawia dostarczanie tlenu<\/strong> do kom\u00f3rek sk\u00f3ry, <strong>uj\u0119drnia lu\u017an\u0105 sk\u00f3r\u0119<\/strong> i nadaje <strong>naturalnie j\u0119drny, wyrze\u017abiony wygl\u0105d<\/strong>. Rezultat to <strong>widocznie uniesiona i uj\u0119drniona sk\u00f3ra<\/strong> wygl\u0105daj\u0105ca <strong>m\u0142odziej i bardziej \u017cywo<\/strong>.<\/p>\n<p class=\"my-2 [&#038;+p]:mt-4 [&#038;_strong:has(+br)]:inline-block [&#038;_strong:has(+br)]:pb-2\"><strong>Usuwa martwy nask\u00f3rek i ujawnia promienny blask:<\/strong> Nagromadzony martwy nask\u00f3rek powoduje <strong>matowy, zm\u0119czony wygl\u0105d sk\u00f3ry<\/strong>. Nasz <strong>naturalny peeling z kawy<\/strong> skutecznie <strong>usuwa martwe kom\u00f3rki<\/strong>, ods\u0142aniaj\u0105c <strong>\u015bwie\u017ce, roz\u015bwietlone warstwy pod spodem<\/strong>. U\u017cytkownicy do\u015bwiadczaj\u0105 <strong>natychmiastowego rozja\u015bnienia<\/strong> i <strong>znacz\u0105co g\u0142adszej tekstury<\/strong> ju\u017c po pierwszej aplikacji. Dla <strong>ci\u0105g\u0142ego blasku<\/strong> stosuj <strong>2-3 razy tygodniowo<\/strong>.<\/p>\n<p class=\"my-2 [&#038;+p]:mt-4 [&#038;_strong:has(+br)]:inline-block [&#038;_strong:has(+br)]:pb-2\"><strong>Wyg\u0142adza nier\u00f3wn\u0105 tekstur\u0119 i rozst\u0119py:<\/strong> Formu\u0142a <strong>peelingu z ziaren kawy<\/strong> nie tylko z\u0142uszcza \u2013 <strong>od\u017cywia i kondycjonuje sk\u00f3r\u0119<\/strong> jednocze\u015bnie. <strong>Sole morskie dostarczaj\u0105 minera\u0142\u00f3w<\/strong>, podczas gdy <strong>dzia\u0142anie peelingu wspomaga regeneracj\u0119 sk\u00f3ry<\/strong>. To podw\u00f3jne dzia\u0142anie <strong>zmi\u0119kcza szorstkie miejsca<\/strong>, <strong>redukuj\u0105c widoczno\u015b\u0107 rozst\u0119p\u00f3w<\/strong> i tworz\u0105c <strong>niesamowicie jedwabist\u0105 sk\u00f3r\u0119<\/strong>.<\/p>\n<p class=\"my-2 [&#038;+p]:mt-4 [&#038;_strong:has(+br)]:inline-block [&#038;_strong:has(+br)]:pb-2\"><strong>Koi podra\u017cnienia dzi\u0119ki olejkowi rumiankowemu:<\/strong> <strong>Peeling z kawy z rumiankiem<\/strong> zapewnia <strong>silne korzy\u015bci przeciwzapalne<\/strong>, czyni\u0105c go <strong>najlepszym peelingiem do cia\u0142a dla wra\u017cliwej sk\u00f3ry<\/strong>. <strong>\u0141agodz\u0105cy olejek eteryczny<\/strong> <strong>koji zaczerwienienia<\/strong>, <strong>redukuj\u0105c podra\u017cnienia<\/strong> i <strong>chroni\u0105c barier\u0119 sk\u00f3rn\u0105<\/strong> \u2013 kluczowe cechy cz\u0119sto brakuj\u0105ce w zwyk\u0142ych peelingach.<\/p>\n<p class=\"my-2 [&#038;+p]:mt-4 [&#038;_strong:has(+br)]:inline-block [&#038;_strong:has(+br)]:pb-2\"><strong>Dodaje energii i poprawia samopoczucie:<\/strong> Poza korzy\u015bciami dla sk\u00f3ry, ten <strong>bestsellowy peeling z kawy<\/strong> oferuje <strong>niezr\u00f3wnane doznania sensoryczne<\/strong>. <strong>Bogaty, autentyczny zapach kawy<\/strong> zapewnia <strong>natychmiastow\u0105 popraw\u0119 nastroju<\/strong>, <strong>jasno\u015b\u0107 umys\u0142u<\/strong> i <strong>energetyzuj\u0105ce korzy\u015bci aromaterapii<\/strong>. Zamie\u0144 prysznic w <strong>luksusowe do\u015bwiadczenie spa<\/strong>, kt\u00f3re <strong>odm\u0142adza cia\u0142o i umys\u0142<\/strong>.<\/p>\n<h3 id=\"maximum-results-through-proper-application\" class=\"mb-2 mt-4 font-display font-semimedium text-base first:mt-0 md:text-lg [hr+&#038;]:mt-4\">Maksymalne efekty dzi\u0119ki w\u0142a\u015bciwej aplikacji<\/h3>\n<p class=\"my-2 [&#038;+p]:mt-4 [&#038;_strong:has(+br)]:inline-block [&#038;_strong:has(+br)]:pb-2\">Dla <strong>optymalnej redukcji cellulitu<\/strong> i wyg\u0142adzenia sk\u00f3ry na\u0142\u00f3\u017c <strong>peeling kawowy do cia\u0142a<\/strong> na <strong>wilgotn\u0105 sk\u00f3r\u0119<\/strong>, masuj\u0105c <strong>energetycznymi okr\u0119\u017cnymi ruchami<\/strong>. Skup si\u0119 na <strong>problemowych obszarach<\/strong> takich jak uda, biodra, po\u015bladki i ramiona, gdzie <strong>cellulit<\/strong> i <strong>problemy z tekstur\u0105 sk\u00f3ry<\/strong> s\u0105 najbardziej widoczne. Stosuj <strong>2-3 razy tygodniowo<\/strong> dla <strong>najlepszych rezultat\u00f3w<\/strong> \u2013 ta cz\u0119stotliwo\u015b\u0107 pozwala sk\u00f3rze na regeneracj\u0119 przy ci\u0105g\u0142ej poprawie.<\/p>\n<p class=\"my-2 [&#038;+p]:mt-4 [&#038;_strong:has(+br)]:inline-block [&#038;_strong:has(+br)]:pb-2\">Pokojny <strong>opakowanie 330 ml<\/strong> zapewnia <strong>doskona\u0142\u0105 warto\u015b\u0107<\/strong>, oferuj\u0105c <strong>miesi\u0105ce cotygodniowych zabieg\u00f3w<\/strong> i gwarantuj\u0105c utrzymanie <strong>ci\u0105g\u0142ych korzy\u015bci dla sk\u00f3ry<\/strong>. Przechowuj w <strong>ch\u0142odnym, suchym miejscu<\/strong> z dala od bezpo\u015bredniego \u015bwiat\u0142a s\u0142onecznego, aby zachowa\u0107 <strong>potencja\u0142 sk\u0142adnik\u00f3w<\/strong> i wyd\u0142u\u017cy\u0107 trwa\u0142o\u015b\u0107.<\/p>\n<h3 id=\"premium-natural-ingredients-pharmaceutical-grade-q\" class=\"mb-2 mt-4 font-display font-semimedium text-base first:mt-0 md:text-lg [hr+&#038;]:mt-4\">Naturalne sk\u0142adniki premium, jako\u015b\u0107 farmaceutyczna<\/h3>\n<p class=\"my-2 [&#038;+p]:mt-4 [&#038;_strong:has(+br)]:inline-block [&#038;_strong:has(+br)]:pb-2\">Wyprodukowany w Egipcie z <strong>autentycznych naturalnych sk\u0142adnik\u00f3w<\/strong>, ten <strong>peeling kawowy premium<\/strong> zawiera <strong>100% czyste komponenty<\/strong>: <strong>mielone ziarna kawy<\/strong>, <strong>sole morskie bogate w minera\u0142y<\/strong> i <strong>naturalny olejek eteryczny z rumianku<\/strong>. Wolny od <strong>szkodliwych chemikali\u00f3w<\/strong>, <strong>syntetycznych zapach\u00f3w<\/strong>, <strong>paraben\u00f3w<\/strong> czy <strong>dodatk\u00f3w<\/strong>, to <strong>najlepszy naturalny peeling do cia\u0142a<\/strong> dla os\u00f3b poszukuj\u0105cych <strong>prawdziwej doskona\u0142o\u015bci w piel\u0119gnacji sk\u00f3ry<\/strong>.<\/p>\n<p class=\"my-2 [&#038;+p]:mt-4 [&#038;_strong:has(+br)]:inline-block [&#038;_strong:has(+br)]:pb-2\">Ka\u017cde s\u0142oik spe\u0142nia <strong>standardy farmaceutyczne<\/strong> i ma <strong>2-letni\u0105 trwa\u0142o\u015b\u0107<\/strong>, zapewniaj\u0105c <strong>sta\u0142\u0105 jako\u015b\u0107<\/strong> i <strong>maksymaln\u0105 moc<\/strong> przez ca\u0142y okres u\u017cytkowania. <strong>Najlepszy peeling z kawy dla profesjonalnych efekt\u00f3w<\/strong> jest wreszcie dost\u0119pny w <strong>przyst\u0119pnej cenie<\/strong>.<\/p>\n<p class=\"my-2 [&#038;+p]:mt-4 [&#038;_strong:has(+br)]:inline-block [&#038;_strong:has(+br)]:pb-2\">Gotowy na osi\u0105gni\u0119cie <strong>g\u0142adkiej, wolnej od cellulitu, promiennej sk\u00f3ry<\/strong>, o jakiej zawsze marzy\u0142e\u015b? Odkryj, dlaczego tysi\u0105ce wybiera ten <strong>egipski peeling kawowy premium<\/strong> jako sw\u00f3j <strong>podstawowy zabieg z\u0142uszczaj\u0105cy<\/strong>. Do\u015bwiadcz <strong>widocznej przemiany<\/strong> w ci\u0105gu tygodni <strong>regularnego stosowania<\/strong>.<\/p>\n<p class=\"my-2 [&#038;+p]:mt-4 [&#038;_strong:has(+br)]:inline-block [&#038;_strong:has(+br)]:pb-2\"><strong>Wyprodukowany w Egipcie | 100% Naturalne sk\u0142adniki | Najlepszy dla wszystkich typ\u00f3w sk\u00f3ry | Testowany dermatologicznie | Pojemno\u015b\u0107 premium 330 ml | Trwa\u0142o\u015b\u0107 2 lata<\/strong><\/p>\n<p>&nbsp;<\/p>\n<p style=\"text-align: center;\">Dzi\u0119kujemy za zakupy w <a href=\"https:\/\/bazaar.express\/pl\/\">Bazaar Express<\/a> \u2013 cieszymy si\u0119, \u017ce jeste\u015b z nami!<\/p>\n<p style=\"text-align: center;\">Twoja podr\u00f3\u017c do lepszej piel\u0119gnacji siebie zaczyna si\u0119 tutaj \u2013 z <a href=\"https:\/\/bazaar.express\/product-category\/beauty-care\/\">Piel\u0119gnacj\u0105 urody<\/a>, kt\u00f3rej mo\u017cesz zaufa\u0107.<\/p>\n<p>&nbsp;<\/p>\n","protected":false},"excerpt":{"rendered":"<h3 class=\"my-2 [&#038;+p]:mt-4 [&#038;_strong:has(+br)]:inline-block [&#038;_strong:has(+br)]:pb-2\">Odkryj najlepszy kawowy peeling do cia\u0142a do naturalnego z\u0142uszczania i redukcji cellulitu. Ten premium egipski peeling z mielonymi ziarnami kawy, solami morskimi i olejkiem rumiankowym usuwa martwy nask\u00f3rek, aktywuje kr\u0105\u017cenie i pozostawia sk\u00f3r\u0119 jedwabi\u015bcie g\u0142adk\u0105. Idealny do cotygodniowych zabieg\u00f3w piel\u0119gnacyjnych.<\/h3>\n<p>&nbsp;<\/p>\n<p style=\"text-align: center;\">\n","protected":false},"featured_media":42266,"comment_status":"open","ping_status":"closed","template":"","meta":[],"product_brand":[],"product_cat":[1207,1192],"product_tag":[1466,1467],"class_list":{"0":"post-42265","1":"product","2":"type-product","3":"status-publish","4":"has-post-thumbnail","6":"product_cat-zoganon","7":"product_cat-pielegnacja-urody","8":"product_tag-pielegnacja-skory","9":"product_tag-pielegnacja-urody","11":"first","12":"instock","13":"sale","14":"shipping-taxable","15":"purchasable","16":"product-type-simple"},"_links":{"self":[{"href":"https:\/\/bazaar.express\/pl\/wp-json\/wp\/v2\/product\/42265","targetHints":{"allow":["GET"]}}],"collection":[{"href":"https:\/\/bazaar.express\/pl\/wp-json\/wp\/v2\/product"}],"about":[{"href":"https:\/\/bazaar.express\/pl\/wp-json\/wp\/v2\/types\/product"}],"replies":[{"embeddable":true,"href":"https:\/\/bazaar.express\/pl\/wp-json\/wp\/v2\/comments?post=42265"}],"wp:featuredmedia":[{"embeddable":true,"href":"https:\/\/bazaar.express\/pl\/wp-json\/wp\/v2\/media\/42266"}],"wp:attachment":[{"href":"https:\/\/bazaar.express\/pl\/wp-json\/wp\/v2\/media?parent=42265"}],"wp:term":[{"taxonomy":"product_brand","embeddable":true,"href":"https:\/\/bazaar.express\/pl\/wp-json\/wp\/v2\/product_brand?post=42265"},{"taxonomy":"product_cat","embeddable":true,"href":"https:\/\/bazaar.express\/pl\/wp-json\/wp\/v2\/product_cat?post=42265"},{"taxonomy":"product_tag","embeddable":true,"href":"https:\/\/bazaar.express\/pl\/wp-json\/wp\/v2\/product_tag?post=42265"}],"curies":[{"name":"wp","href":"https:\/\/api.w.org\/{rel}","templated":true}]}}