{"id":42273,"date":"2025-12-27T03:23:27","date_gmt":"2025-12-27T03:23:27","guid":{"rendered":"https:\/\/bazaar.express\/product\/luxury-hair-food-oil\/"},"modified":"2025-12-27T03:23:27","modified_gmt":"2025-12-27T03:23:27","slug":"luxury-hair-food-oil","status":"publish","type":"product","link":"https:\/\/bazaar.express\/pl\/produkt\/luxury-hair-food-oil\/","title":{"rendered":"Luksusowy olejek od\u017cywczy do w\u0142os\u00f3w"},"content":{"rendered":"<h2 id=\"luxury-hair-food-oil--premium-egyptian-professiona\" class=\"mb-2 mt-4 font-display font-semimedium text-base first:mt-0 md:text-lg [hr+&#038;]:mt-4\">Luksusowy olejek od\u017cywczy do w\u0142os\u00f3w \u2013 egipski produkt premium do profesjonalnego naturalnego wzrostu w\u0142os\u00f3w z wysok\u0105 koncentracj\u0105 botaniczn\u0105 i zaawansowan\u0105 ochron\u0105 przed \u0142upie\u017cem<\/h2>\n<h3 class=\"mb-2 mt-4 font-display font-semimedium text-base first:mt-0\">Do\u015bwiadcz wyj\u0105tkowej piel\u0119gnacji w\u0142os\u00f3w z autentycznym naturalnym olejem botanicznym premium i profesjonaln\u0105 transformacj\u0105 w\u0142os\u00f3w<\/h3>\n<p class=\"my-2 [&#038;+p]:mt-4 [&#038;_strong:has(+br)]:inline-block [&#038;_strong:has(+br)]:pb-2\">Ciesz si\u0119 luksusow\u0105 naturaln\u0105 piel\u0119gnacj\u0105 w\u0142os\u00f3w dzi\u0119ki naszemu ekskluzywnemu luksusowemu olejkowy od\u017cywczemu do w\u0142os\u00f3w premium, luksusowemu egipskiemu kosmetykowi niezb\u0119dnemu, sformu\u0142owanemu dla wymagaj\u0105cych klient\u00f3w z wysok\u0105 koncentracj\u0105 naturalnych sk\u0142adnik\u00f3w aktywnych. Nasza starannie opracowana luksusowa formu\u0142a \u0142\u0105czy autentyczne naturalne oleje botaniczne premium z wyrafinowanymi egipskimi tradycjami, aby zapewni\u0107 doskona\u0142y wzrost w\u0142os\u00f3w na poziomie profesjonalnym, intensywn\u0105 transformacj\u0119 g\u0119sto\u015bci naturalnych w\u0142os\u00f3w oraz zaawansowane usuwanie \u0142upie\u017cu dzi\u0119ki mocy botanicznej. Luksusowy olejek od\u017cywczy do w\u0142os\u00f3w premium w butelkach 125 ml zosta\u0142 zaprojektowany do wyrafinowanej luksusowej piel\u0119gnacji w\u0142os\u00f3w z wyj\u0105tkow\u0105 czysto\u015bci\u0105, lepszymi naturalnymi rezultatami profesjonalnymi i doskona\u0142\u0105 transformacj\u0105 w\u0142os\u00f3w.<\/p>\n<h3 class=\"mb-2 mt-4 font-display font-semimedium text-base first:mt-0\">Dlaczego wybra\u0107 luksusowy olejek od\u017cywczy do w\u0142os\u00f3w premium?<\/h3>\n<p class=\"my-2 [&#038;+p]:mt-4 [&#038;_strong:has(+br)]:inline-block [&#038;_strong:has(+br)]:pb-2\"><strong>Profesjonalny naturalny wzrost w\u0142os\u00f3w z wysok\u0105 koncentracj\u0105:<\/strong> Nasz luksusowy olejek od\u017cywczy do w\u0142os\u00f3w premium wykorzystuje autentyczne naturalne oleje botaniczne, naukowo sformu\u0142owane, aby znacz\u0105co zwi\u0119kszy\u0107 g\u0119sto\u015b\u0107 w\u0142os\u00f3w i wspiera\u0107 profesjonalny wzrost w\u0142os\u00f3w. Dzi\u0119ki wysokiej koncentracji naturalnych sk\u0142adnik\u00f3w aktywnych z czystych \u017ar\u00f3de\u0142 botanicznych ten olejek zapewnia intensywne rezultaty wzrostu w\u0142os\u00f3w przy ka\u017cdym u\u017cyciu. Olej z czarnej kminku i olejek lawendowy z naturalnych \u017ar\u00f3de\u0142 s\u0105 badane pod k\u0105tem stymulacji mieszk\u00f3w w\u0142osowych, poprawy kr\u0105\u017cenia sk\u00f3ry g\u0142owy i dostarczania niezb\u0119dnych sk\u0142adnik\u00f3w od\u017cywczych wspieraj\u0105cych wzrost w\u0142os\u00f3w skuteczniej ni\u017c standardowe formu\u0142y.<\/p>\n<p class=\"my-2 [&#038;+p]:mt-4 [&#038;_strong:has(+br)]:inline-block [&#038;_strong:has(+br)]:pb-2\"><strong>Wysoka koncentracja naturalnego od\u017cywiania botanicznego:<\/strong> Wzbogacony skoncentrowanym olejkiem jojoba i oliw\u0105 z oliwek z czystych \u017ar\u00f3de\u0142 naturalnych, nasza formu\u0142a zapewnia intensywne od\u017cywianie na poziomie profesjonalnym, kt\u00f3re naturalnie na\u015bladuje oleje sk\u00f3ry g\u0142owy. Te naturalne sk\u0142adniki botaniczne wnikaj\u0105 g\u0142\u0119boko w struktur\u0119 w\u0142os\u00f3w, wzmacniaj\u0105 je i znacz\u0105co zmniejszaj\u0105 \u0142amliwo\u015b\u0107. Olej z zarodk\u00f3w pszenicy z skoncentrowanymi proteinami i niezb\u0119dnymi kwasami t\u0142uszczowymi wzmacnia ka\u017cdy w\u0142os, naprawia rozdwojone ko\u0144c\u00f3wki i poprawia elastyczno\u015b\u0107 dla mocniejszych i bardziej odpornych w\u0142os\u00f3w.<\/p>\n<p class=\"my-2 [&#038;+p]:mt-4 [&#038;_strong:has(+br)]:inline-block [&#038;_strong:has(+br)]:pb-2\"><strong>Naturalna ochrona przed \u0142upie\u017cem i piel\u0119gnacja sk\u00f3ry g\u0142owy:<\/strong> Nasz olejek do w\u0142os\u00f3w \u0142\u0105czy najsilniejsze sk\u0142adniki botaniczne, aby wyeliminowa\u0107 \u0142upie\u017c i poprawi\u0107 zdrowie sk\u00f3ry g\u0142owy. Olej z czarnej kminku z naturalnymi w\u0142a\u015bciwo\u015bciami antybakteryjnymi skutecznie zwalcza \u0142upie\u017c i infekcje sk\u00f3ry g\u0142owy, podczas gdy olejek lawendowy dzia\u0142a przeciwzapalnie, \u0142agodz\u0105c podra\u017cnienia i sw\u0119dzenie. Olejek geraniowy r\u00f3wnowa\u017cy produkcj\u0119 sebum, rozwi\u0105zuj\u0105c problemy suchej i t\u0142ustej sk\u00f3ry g\u0142owy, zapobiegaj\u0105c wra\u017cliwo\u015bci i stanom zapalnym.<\/p>\n<p class=\"my-2 [&#038;+p]:mt-4 [&#038;_strong:has(+br)]:inline-block [&#038;_strong:has(+br)]:pb-2\"><strong>Naturalna ochrona i blask:<\/strong> Olejek jojoba, oliwa z oliwek i olejek kadzid\u0142owy tworz\u0105 naturaln\u0105 barier\u0119 ochronn\u0105 przed uszkodzeniami \u015brodowiskowymi, promieniami UV i ciep\u0142em. Te skoncentrowane oleje botaniczne wyg\u0142adzaj\u0105 \u0142uski w\u0142osowe, wzmacniaj\u0105 naturalny blask i dodaj\u0105 promienisto\u015bci, chroni\u0105c przed zanieczyszczeniami. Mieszanka naturalnych sk\u0142adnik\u00f3w botanicznych zatrzymuje wilgo\u0107 na d\u0142u\u017cej, utrzymuj\u0105c mi\u0119kko\u015b\u0107 i blask w\u0142os\u00f3w przez ca\u0142y dzie\u0144.<\/p>\n<p class=\"my-2 [&#038;+p]:mt-4 [&#038;_strong:has(+br)]:inline-block [&#038;_strong:has(+br)]:pb-2\"><strong>Naturalna ulga w stresie i zapobieganie siwieniu:<\/strong> Relaksuj\u0105ce w\u0142a\u015bciwo\u015bci aromatoterapii z olejk\u00f3w kadzid\u0142owego i lawendowego pomagaj\u0105 zmniejszy\u0107 napi\u0119cie, po\u015brednio zapobiegaj\u0105c wypadaniu w\u0142os\u00f3w spowodowanemu stresem. Tradycyjny olej z czarnej kminku dostarcza siln\u0105 ochron\u0119 antyoksydacyjn\u0105, potencjalnie zapobiegaj\u0105c przedwczesnemu siwieniu poprzez wspieranie zdrowego funkcjonowania mieszk\u00f3w w\u0142osowych.<\/p>\n<h3 class=\"mb-2 mt-4 font-display font-semimedium text-base first:mt-0\">Wyj\u0105tkowe korzy\u015bci profesjonalnego luksusowego olejku od\u017cywczego do w\u0142os\u00f3w premium<\/h3>\n<ul class=\"marker:text-quiet list-disc\">\n<li class=\"py-0 my-0 prose-p:pt-0 prose-p:mb-2 prose-p:my-0 [&#038;>p]:pt-0 [&#038;>p]:mb-2 [&#038;>p]:my-0&#8243;>\n<p class=\"my-2 [&#038;+p]:mt-4 [&#038;_strong:has(+br)]:inline-block [&#038;_strong:has(+br)]:pb-2\">Profesjonalny naturalny wzrost w\u0142os\u00f3w i zwi\u0119kszenie g\u0119sto\u015bci<\/p>\n<\/li>\n<li class=\"py-0 my-0 prose-p:pt-0 prose-p:mb-2 prose-p:my-0 [&#038;>p]:pt-0 [&#038;>p]:mb-2 [&#038;>p]:my-0&#8243;>\n<p class=\"my-2 [&#038;+p]:mt-4 [&#038;_strong:has(+br)]:inline-block [&#038;_strong:has(+br)]:pb-2\">Wysokiej koncentracji naturalne oleje botaniczne z intensywnym wzmacnianiem w\u0142os\u00f3w<\/p>\n<\/li>\n<li class=\"py-0 my-0 prose-p:pt-0 prose-p:mb-2 prose-p:my-0 [&#038;>p]:pt-0 [&#038;>p]:mb-2 [&#038;>p]:my-0&#8243;>\n<p class=\"my-2 [&#038;+p]:mt-4 [&#038;_strong:has(+br)]:inline-block [&#038;_strong:has(+br)]:pb-2\">Naturalna ochrona przed \u0142upie\u017cem i doskona\u0142a kondycja sk\u00f3ry g\u0142owy<\/p>\n<\/li>\n<li class=\"py-0 my-0 prose-p:pt-0 prose-p:mb-2 prose-p:my-0 [&#038;>p]:pt-0 [&#038;>p]:mb-2 [&#038;>p]:my-0&#8243;>\n<p class=\"my-2 [&#038;+p]:mt-4 [&#038;_strong:has(+br)]:inline-block [&#038;_strong:has(+br)]:pb-2\">Zmniejsza \u0142amliwo\u015b\u0107 w\u0142os\u00f3w i naturalnie naprawia rozdwojone ko\u0144c\u00f3wki<\/p>\n<\/li>\n<li class=\"py-0 my-0 prose-p:pt-0 prose-p:mb-2 prose-p:my-0 [&#038;>p]:pt-0 [&#038;>p]:mb-2 [&#038;>p]:my-0&#8243;>\n<p class=\"my-2 [&#038;+p]:mt-4 [&#038;_strong:has(+br)]:inline-block [&#038;_strong:has(+br)]:pb-2\">Intensywne nawil\u017cenie sk\u00f3ry g\u0142owy i doskona\u0142a piel\u0119gnacja<\/p>\n<\/li>\n<li class=\"py-0 my-0 prose-p:pt-0 prose-p:mb-2 prose-p:my-0 [&#038;>p]:pt-0 [&#038;>p]:mb-2 [&#038;>p]:my-0&#8243;>\n<p class=\"my-2 [&#038;+p]:mt-4 [&#038;_strong:has(+br)]:inline-block [&#038;_strong:has(+br)]:pb-2\">Antybakteryjna walka z \u0142upie\u017cem dzi\u0119ki mocy naturalnej botanicznej<\/p>\n<\/li>\n<li class=\"py-0 my-0 prose-p:pt-0 prose-p:mb-2 prose-p:my-0 [&#038;>p]:pt-0 [&#038;>p]:mb-2 [&#038;>p]:my-0&#8243;>\n<p class=\"my-2 [&#038;+p]:mt-4 [&#038;_strong:has(+br)]:inline-block [&#038;_strong:has(+br)]:pb-2\">Naturalnie r\u00f3wnowa\u017cy produkcj\u0119 sebum dla zdrowia sk\u00f3ry g\u0142owy<\/p>\n<\/li>\n<li class=\"py-0 my-0 prose-p:pt-0 prose-p:mb-2 prose-p:my-0 [&#038;>p]:pt-0 [&#038;>p]:mb-2 [&#038;>p]:my-0&#8243;>\n<p class=\"my-2 [&#038;+p]:mt-4 [&#038;_strong:has(+br)]:inline-block [&#038;_strong:has(+br)]:pb-2\">Wzmacnia naturalny blask i luminancj\u0119 w\u0142os\u00f3w<\/p>\n<\/li>\n<li class=\"py-0 my-0 prose-p:pt-0 prose-p:mb-2 prose-p:my-0 [&#038;>p]:pt-0 [&#038;>p]:mb-2 [&#038;>p]:my-0&#8243;>\n<p class=\"my-2 [&#038;+p]:mt-4 [&#038;_strong:has(+br)]:inline-block [&#038;_strong:has(+br)]:pb-2\">Zapewnia naturaln\u0105 ochron\u0119 przed uszkodzeniami \u015brodowiskowymi<\/p>\n<\/li>\n<li class=\"py-0 my-0 prose-p:pt-0 prose-p:mb-2 prose-p:my-0 [&#038;>p]:pt-0 [&#038;>p]:mb-2 [&#038;>p]:my-0&#8243;>\n<p class=\"my-2 [&#038;+p]:mt-4 [&#038;_strong:has(+br)]:inline-block [&#038;_strong:has(+br)]:pb-2\">Naturalna ulga w stresie i zapobieganie siwieniu<\/p>\n<\/li>\n<\/ul>\n<h3 class=\"mb-2 mt-4 font-display font-semimedium text-base first:mt-0\">Co czyni nasz luksusowy olejek od\u017cywczy do w\u0142os\u00f3w premium wyj\u0105tkowym?<\/h3>\n<p class=\"my-2 [&#038;+p]:mt-4 [&#038;_strong:has(+br)]:inline-block [&#038;_strong:has(+br)]:pb-2\">Nasz luksusowy olejek od\u017cywczy do w\u0142os\u00f3w premium to po\u0142\u0105czenie nauki piel\u0119gnacji naturalnych w\u0142os\u00f3w z egipskim dziedzictwem botanicznym i profesjonalizmem. Dok\u0142adna mieszanka wysokokoncentrowanych naturalnych olej\u00f3w botanicznych z czystych ro\u015blin, olej z czarnej kminku, lawendowy, jojoba, oliwkowy, z zarodk\u00f3w pszenicy i kadzid\u0142owy tworzy wyj\u0105tkowy produkt do naturalnej piel\u0119gnacji w\u0142os\u00f3w oparty na egipskim dziedzictwie botanicznym. Ka\u017cda butelka 125 ml symbolizuje nasze zaanga\u017cowanie w profesjonaln\u0105, skuteczn\u0105 luksusow\u0105 naturaln\u0105 piel\u0119gnacj\u0119 w\u0142os\u00f3w z wysok\u0105 jako\u015bci\u0105 koncentracji botanicznej.<\/p>\n<h3 class=\"mb-2 mt-4 font-display font-semimedium text-base first:mt-0\">Jak stosowa\u0107 luksusowy olejek od\u017cywczy do w\u0142os\u00f3w premium<\/h3>\n<p class=\"my-2 [&#038;+p]:mt-4 [&#038;_strong:has(+br)]:inline-block [&#038;_strong:has(+br)]:pb-2\">Na\u0142\u00f3\u017c naturalny olejek na w\u0142osy i masuj sk\u00f3r\u0119 g\u0142owy ruchami w g\u00f3r\u0119, pozostaw na 30 minut, a nast\u0119pnie dok\u0142adnie umyj. Stosuj dwa razy w tygodniu dla optymalnych rezultat\u00f3w wzrostu w\u0142os\u00f3w i ochrony przed \u0142upie\u017cem z tej autentycznej egipskiej formu\u0142y botanicznej premium.<\/p>\n<h3 class=\"mb-2 mt-4 font-display font-semimedium text-base first:mt-0\">Przechowywanie luksusowego olejku premium i rezultaty profesjonalne<\/h3>\n<p class=\"my-2 [&#038;+p]:mt-4 [&#038;_strong:has(+br)]:inline-block [&#038;_strong:has(+br)]:pb-2\">Przechowuj olejek od\u017cywczy do w\u0142os\u00f3w premium w ch\u0142odnym miejscu z dala od bezpo\u015bredniego \u015bwiat\u0142a s\u0142onecznego, aby zachowa\u0107 maksymaln\u0105 moc i trwa\u0142o\u015b\u0107 naturaln\u0105. Rezultaty poprawiaj\u0105 si\u0119 przy regularnym stosowaniu. Wi\u0119kszo\u015b\u0107 u\u017cytkownik\u00f3w zauwa\u017ca zwi\u0119kszenie g\u0119sto\u015bci w\u0142os\u00f3w i eliminacj\u0119 \u0142upie\u017cu w ci\u0105gu 2-4 tygodni stosowania z widoczn\u0105 transformacj\u0105.<\/p>\n<p class=\"my-2 [&#038;+p]:mt-4 [&#038;_strong:has(+br)]:inline-block [&#038;_strong:has(+br)]:pb-2\"><strong>Do\u015bwiadcz transformacji naturalnego wzrostu w\u0142os\u00f3w z autentycznym luksusowym olejkiem od\u017cywczym do w\u0142os\u00f3w premium ju\u017c dzi\u015b. Zam\u00f3w butelk\u0119 125 ml i odkryj swoje najsilniejsze, g\u0119ste, wolne od \u0142upie\u017cu w\u0142osy dzi\u0119ki naturalnej doskona\u0142o\u015bci botanicznej.<\/strong><\/p>\n<p>&nbsp;<\/p>\n<p style=\"text-align: center;\">Dzi\u0119kujemy za zakupy w <a href=\"https:\/\/bazaar.express\/pl\/\">Bazaar Express<\/a> \u2013 cieszymy si\u0119, \u017ce jeste\u015b z nami!<\/p>\n<p style=\"text-align: center;\">Twoja podr\u00f3\u017c do lepszej piel\u0119gnacji siebie zaczyna si\u0119 tutaj \u2014 z <a href=\"https:\/\/bazaar.express\/product-category\/beauty-care\/\">Piel\u0119gnacj\u0105 urody<\/a>, kt\u00f3rej mo\u017cesz zaufa\u0107.<\/p>\n","protected":false},"excerpt":{"rendered":"<h3>Luksusowy olejek od\u017cywczy do w\u0142os\u00f3w 125 ml \u2013 premium profesjonalny naturalny wzrost w\u0142os\u00f3w z koncentratem olej\u00f3w botanicznych i ochron\u0105 przed \u0142upie\u017cem. Doskona\u0142a profesjonalna piel\u0119gnacja w\u0142os\u00f3w.<\/h3>\n","protected":false},"featured_media":42274,"comment_status":"open","ping_status":"closed","template":"","meta":[],"product_brand":[],"product_cat":[1207,1201,1193,1199,1192],"product_tag":[1465,1470,1466,1467,1493],"class_list":{"0":"post-42273","1":"product","2":"type-product","3":"status-publish","4":"has-post-thumbnail","6":"product_cat-zoganon","7":"product_cat-gorace-okazje","8":"product_cat-lecznicze-oleje","9":"product_cat-najlepsze-z-egiptu","10":"product_cat-pielegnacja-urody","11":"product_tag-naturalny-olej","12":"product_tag-olejek","13":"product_tag-pielegnacja-skory","14":"product_tag-pielegnacja-urody","15":"product_tag-wlosy","17":"first","18":"instock","19":"sale","20":"shipping-taxable","21":"purchasable","22":"product-type-simple"},"_links":{"self":[{"href":"https:\/\/bazaar.express\/pl\/wp-json\/wp\/v2\/product\/42273","targetHints":{"allow":["GET"]}}],"collection":[{"href":"https:\/\/bazaar.express\/pl\/wp-json\/wp\/v2\/product"}],"about":[{"href":"https:\/\/bazaar.express\/pl\/wp-json\/wp\/v2\/types\/product"}],"replies":[{"embeddable":true,"href":"https:\/\/bazaar.express\/pl\/wp-json\/wp\/v2\/comments?post=42273"}],"wp:featuredmedia":[{"embeddable":true,"href":"https:\/\/bazaar.express\/pl\/wp-json\/wp\/v2\/media\/42274"}],"wp:attachment":[{"href":"https:\/\/bazaar.express\/pl\/wp-json\/wp\/v2\/media?parent=42273"}],"wp:term":[{"taxonomy":"product_brand","embeddable":true,"href":"https:\/\/bazaar.express\/pl\/wp-json\/wp\/v2\/product_brand?post=42273"},{"taxonomy":"product_cat","embeddable":true,"href":"https:\/\/bazaar.express\/pl\/wp-json\/wp\/v2\/product_cat?post=42273"},{"taxonomy":"product_tag","embeddable":true,"href":"https:\/\/bazaar.express\/pl\/wp-json\/wp\/v2\/product_tag?post=42273"}],"curies":[{"name":"wp","href":"https:\/\/api.w.org\/{rel}","templated":true}]}}