{"id":42302,"date":"2025-11-01T00:03:08","date_gmt":"2025-11-01T00:03:08","guid":{"rendered":"https:\/\/bazaar.express\/product\/premium-camel-lotion\/"},"modified":"2025-11-01T00:03:08","modified_gmt":"2025-11-01T00:03:08","slug":"premium-camel-lotion","status":"publish","type":"product","link":"https:\/\/bazaar.express\/pl\/produkt\/premium-camel-lotion\/","title":{"rendered":"Premium Balsam z Mleka Wielb\u0142\u0105dziego"},"content":{"rendered":"<h2 id=\"premium-tropical-camel-lotion-250ml--unlock-your-s\" class=\"mb-2 mt-4 font-display font-semimedium text-base first:mt-0 md:text-lg [hr+&#038;]:mt-4\">Premium Balsam z Mleka Wielb\u0142\u0105dziego 250ml \u2013 Odkryj naturalny blask swojej sk\u00f3ry<\/h2>\n<h3 class=\"mb-2 mt-4 font-display font-semimedium text-base first:mt-0\">Do\u015bwiadcz autentycznego egipskiego pi\u0119kna z Premium Tropikalnym Balsamem z Mleka Wielb\u0142\u0105dziego 250ml<\/h3>\n<p class=\"my-2 [&#038;+p]:mt-4 [&#038;_strong:has(+br)]:inline-block [&#038;_strong:has(+br)]:pb-2\">Przekszta\u0142\u0107 swoj\u0105 rutyn\u0119 piel\u0119gnacji sk\u00f3ry dzi\u0119ki\u00a0<strong>Premium Tropikalnemu Balsamowi z Mleka Wielb\u0142\u0105dziego 250ml<\/strong>, luksusowemu balsamowi nawil\u017caj\u0105cemu, kt\u00f3ry \u0142\u0105czy ponadczasow\u0105 egipsk\u0105 wiedz\u0119 o pi\u0119knie z nowoczesnymi innowacjami w piel\u0119gnacji sk\u00f3ry. Ta wyj\u0105tkowa formu\u0142a wykorzystuje wysokiej jako\u015bci mleko wielb\u0142\u0105dzie wzbogacone o przyjemny tropikalny zapach kokosa, zapewniaj\u0105c intensywne nawil\u017cenie, widoczne korzy\u015bci przeciwstarzeniowe i znaczn\u0105 odnow\u0119 sk\u00f3ry. Z dum\u0105 wyprodukowany w Egipcie wed\u0142ug rygorystycznych norm jako\u015bci, ten premium balsam wnosi autentyczne pi\u0119kno pustyni do mi\u0142o\u015bnik\u00f3w piel\u0119gnacji sk\u00f3ry na ca\u0142ym \u015bwiecie.<\/p>\n<h3 class=\"mb-2 mt-4 font-display font-semimedium text-base first:mt-0\">Staro\u017cytna tajemnica \u2013 Legendarna moc mleka wielb\u0142\u0105dziego<\/h3>\n<p class=\"my-2 [&#038;+p]:mt-4 [&#038;_strong:has(+br)]:inline-block [&#038;_strong:has(+br)]:pb-2\">Przez wieki mleko wielb\u0142\u0105dzie by\u0142o cenione jako najwspanialszy naturalny sk\u0142adnik do piel\u0119gnacji sk\u00f3ry. Staro\u017cytne egipskie kr\u00f3lowe, w tym ikoniczna Kleopatra, regularnie korzysta\u0142y z luksusowych zabieg\u00f3w upi\u0119kszaj\u0105cych na bazie mleka wielb\u0142\u0105dziego, aby zachowa\u0107 sw\u00f3j ponadczasowy, promienny wygl\u0105d sk\u00f3ry. Wsp\u00f3\u0142czesna nauka potwierdza te staro\u017cytne praktyki, wykazuj\u0105c, \u017ce mleko wielb\u0142\u0105dzie zawiera wyj\u0105tkowe st\u0119\u017cenia witamin A, B, C i D, niezb\u0119dnych kwas\u00f3w t\u0142uszczowych, bia\u0142ek i minera\u0142\u00f3w.<\/p>\n<p class=\"my-2 [&#038;+p]:mt-4 [&#038;_strong:has(+br)]:inline-block [&#038;_strong:has(+br)]:pb-2\"><strong>Premium Tropikalny Balsam z Mleka Wielb\u0142\u0105dziego 250ml<\/strong>\u00a0wykorzystuje ten legendarny sk\u0142adnik jako pot\u0119\u017cny naturalny humektant, kt\u00f3ry przyci\u0105ga wilgo\u0107 do sk\u00f3ry, jednocze\u015bnie wzmacniaj\u0105c jej barier\u0119 ochronn\u0105. W przeciwie\u0144stwie do syntetycznych balsam\u00f3w zapewniaj\u0105cych jedynie chwilowe nawil\u017cenie powierzchniowe, mleko wielb\u0142\u0105dzie dostarcza trwa\u0142ego zatrzymywania wilgoci i prawdziwego od\u017cywienia kom\u00f3rkowego, co skutkuje widocznie zdrowsz\u0105, bardziej promienn\u0105 cer\u0105.<\/p>\n<h3 class=\"mb-2 mt-4 font-display font-semimedium text-base first:mt-0\">Korzy\u015bci transformuj\u0105ce piel\u0119gnacj\u0119 sk\u00f3ry<\/h3>\n<p class=\"my-2 [&#038;+p]:mt-4 [&#038;_strong:has(+br)]:inline-block [&#038;_strong:has(+br)]:pb-2\"><strong>G\u0142\u0119bokie, intensywne nawil\u017cenie:<\/strong>\u00a0Bogata formu\u0142a tworzy zaawansowan\u0105 barier\u0119 wilgoci, zatrzymuj\u0105c\u0105 nawil\u017cenie w sk\u00f3rze na d\u0142u\u017cszy czas. Twoja cera staje si\u0119 zauwa\u017calnie mi\u0119ksza, bardziej j\u0119drna, m\u0142odziej wygl\u0105daj\u0105ca i doskonale komfortowa przez ca\u0142y dzie\u0144 i noc.<\/p>\n<p class=\"my-2 [&#038;+p]:mt-4 [&#038;_strong:has(+br)]:inline-block [&#038;_strong:has(+br)]:pb-2\"><strong>Mocne dzia\u0142anie przeciwstarzeniowe:<\/strong>\u00a0Pe\u0142en silnych antyoksydant\u00f3w i naturalnie wyst\u0119puj\u0105cych retinoid\u00f3w, ten premium balsam aktywnie zwalcza widoczne oznaki starzenia. Drobne linie zmi\u0119kczaj\u0105 si\u0119, zmarszczki zmniejszaj\u0105, plamy starcze bledn\u0105, a produkcja kolagenu wzrasta, przywracaj\u0105c elastyczno\u015b\u0107 i j\u0119drno\u015b\u0107.<\/p>\n<p class=\"my-2 [&#038;+p]:mt-4 [&#038;_strong:has(+br)]:inline-block [&#038;_strong:has(+br)]:pb-2\"><strong>Wzmacnianie blasku i jasno\u015bci:<\/strong>\u00a0Naturalne kwasy alfa-hydroksylowe delikatnie z\u0142uszczaj\u0105 martwe kom\u00f3rki sk\u00f3ry, ods\u0142aniaj\u0105c \u015bwie\u017c\u0105, promienn\u0105 sk\u00f3r\u0119. Ciemne plamy bledn\u0105, koloryt sk\u00f3ry wyr\u00f3wnuje si\u0119, a Twoja cera uzyskuje zdrowy blask promieniuj\u0105cy z wn\u0119trza.<\/p>\n<p class=\"my-2 [&#038;+p]:mt-4 [&#038;_strong:has(+br)]:inline-block [&#038;_strong:has(+br)]:pb-2\"><strong>Ukojenie i przyspieszone gojenie:<\/strong>\u00a0W\u0142a\u015bciwo\u015bci przeciwzapalne i antybakteryjne uspokajaj\u0105 reaktywn\u0105 sk\u00f3r\u0119, zmniejszaj\u0105 zaczerwienienia, \u0142agodz\u0105 podra\u017cnienia i przyspieszaj\u0105 gojenie bez u\u017cycia ostrych chemikali\u00f3w.<\/p>\n<h3 class=\"mb-2 mt-4 font-display font-semimedium text-base first:mt-0\">Uroczy tropikalny zapach kokosa<\/h3>\n<p class=\"my-2 [&#038;+p]:mt-4 [&#038;_strong:has(+br)]:inline-block [&#038;_strong:has(+br)]:pb-2\">Przyjemny zapach kokosa zmienia codzienn\u0105 piel\u0119gnacj\u0119 sk\u00f3ry w luksusowy relaks w spa. Tropikalny aromat pobudza zmys\u0142y, a esencja kokosowa zapewnia dodatkowe naturalne korzy\u015bci nawil\u017caj\u0105ce, pozostawiaj\u0105c sk\u00f3r\u0119 delikatnie pachn\u0105c\u0105 i niezwykle przyjemn\u0105 w dotyku.<\/p>\n<h3 class=\"mb-2 mt-4 font-display font-semimedium text-base first:mt-0\">Uniwersalne korzy\u015bci dla ka\u017cdego typu sk\u00f3ry<\/h3>\n<p class=\"my-2 [&#038;+p]:mt-4 [&#038;_strong:has(+br)]:inline-block [&#038;_strong:has(+br)]:pb-2\"><strong>Sk\u00f3ra sucha:<\/strong>\u00a0Intensywne nawil\u017cenie przywraca komfort wysuszonej sk\u00f3rze, czyni\u0105c j\u0105 widocznie bardziej j\u0119drn\u0105 i promienn\u0105.<\/p>\n<p class=\"my-2 [&#038;+p]:mt-4 [&#038;_strong:has(+br)]:inline-block [&#038;_strong:has(+br)]:pb-2\"><strong>Sk\u00f3ra wra\u017cliwa:<\/strong>\u00a0Delikatna, koj\u0105ca formu\u0142a \u0142agodzi stany zapalne i zmniejsza zaczerwienienia bez dra\u017cni\u0105cych substancji.<\/p>\n<p class=\"my-2 [&#038;+p]:mt-4 [&#038;_strong:has(+br)]:inline-block [&#038;_strong:has(+br)]:pb-2\"><strong>Sk\u00f3ra t\u0142usta:<\/strong>\u00a0Lekka, szybko wch\u0142aniaj\u0105ca si\u0119 konsystencja zapewnia nawil\u017cenie bez t\u0142ustej warstwy lub zapychania por\u00f3w.<\/p>\n<p class=\"my-2 [&#038;+p]:mt-4 [&#038;_strong:has(+br)]:inline-block [&#038;_strong:has(+br)]:pb-2\"><strong>Sk\u00f3ra mieszana:<\/strong>\u00a0Idealnie r\u00f3wnowa\u017cy nawil\u017cenie w r\u00f3\u017cnych strefach twarzy dla harmonijnej, zdrowej cery.<\/p>\n<p class=\"my-2 [&#038;+p]:mt-4 [&#038;_strong:has(+br)]:inline-block [&#038;_strong:has(+br)]:pb-2\"><strong>Sk\u00f3ra dojrza\u0142a:<\/strong>\u00a0Celuje w problemy starzeniowe \u2013 drobne linie, utrat\u0119 elastyczno\u015bci, matowo\u015b\u0107 \u2013 za pomoc\u0105 silnych naturalnych sk\u0142adnik\u00f3w przeciwstarzeniowych.<\/p>\n<h3 class=\"mb-2 mt-4 font-display font-semimedium text-base first:mt-0\">Jak stosowa\u0107<\/h3>\n<p class=\"my-2 [&#038;+p]:mt-4 [&#038;_strong:has(+br)]:inline-block [&#038;_strong:has(+br)]:pb-2\">Na\u0142\u00f3\u017c odpowiedni\u0105 ilo\u015b\u0107 na czyst\u0105, lekko wilgotn\u0105 sk\u00f3r\u0119 i delikatnie masuj ruchami ku g\u00f3rze. Stosuj rano i wieczorem dla optymalnego nawil\u017cenia i widocznych efekt\u00f3w. Na intensywn\u0105 nocn\u0105 kuracj\u0119 na\u0142\u00f3\u017c obficiej i pozw\u00f3l na g\u0142\u0119bokie wch\u0142oni\u0119cie. Przechowuj w temperaturze pokojowej nieprzekraczaj\u0105cej 30\u00b0C, aby zachowa\u0107 maksymaln\u0105 skuteczno\u015b\u0107.<\/p>\n<h3 class=\"mb-2 mt-4 font-display font-semimedium text-base first:mt-0\">Specyfikacja produktu<\/h3>\n<ul class=\"marker:text-quiet list-disc\">\n<li class=\"py-0 my-0 prose-p:pt-0 prose-p:mb-2 prose-p:my-0 [&#038;>p]:pt-0 [&#038;>p]:mb-2 [&#038;>p]:my-0&#8243;>\n<p class=\"my-2 [&#038;+p]:mt-4 [&#038;_strong:has(+br)]:inline-block [&#038;_strong:has(+br)]:pb-2\"><strong>Posta\u0107:<\/strong>\u00a0Premium balsam nawil\u017caj\u0105cy<\/p>\n<\/li>\n<li class=\"py-0 my-0 prose-p:pt-0 prose-p:mb-2 prose-p:my-0 [&#038;>p]:pt-0 [&#038;>p]:mb-2 [&#038;>p]:my-0&#8243;>\n<p class=\"my-2 [&#038;+p]:mt-4 [&#038;_strong:has(+br)]:inline-block [&#038;_strong:has(+br)]:pb-2\"><strong>Pojemno\u015b\u0107:<\/strong>\u00a0250ml<\/p>\n<\/li>\n<li class=\"py-0 my-0 prose-p:pt-0 prose-p:mb-2 prose-p:my-0 [&#038;>p]:pt-0 [&#038;>p]:mb-2 [&#038;>p]:my-0&#8243;>\n<p class=\"my-2 [&#038;+p]:mt-4 [&#038;_strong:has(+br)]:inline-block [&#038;_strong:has(+br)]:pb-2\"><strong>Zapach:<\/strong>\u00a0Tropikalny kokos<\/p>\n<\/li>\n<li class=\"py-0 my-0 prose-p:pt-0 prose-p:mb-2 prose-p:my-0 [&#038;>p]:pt-0 [&#038;>p]:mb-2 [&#038;>p]:my-0&#8243;>\n<p class=\"my-2 [&#038;+p]:mt-4 [&#038;_strong:has(+br)]:inline-block [&#038;_strong:has(+br)]:pb-2\"><strong>Pochodzenie:<\/strong>\u00a0Wyprodukowany w Egipcie<\/p>\n<\/li>\n<li class=\"py-0 my-0 prose-p:pt-0 prose-p:mb-2 prose-p:my-0 [&#038;>p]:pt-0 [&#038;>p]:mb-2 [&#038;>p]:my-0&#8243;>\n<p class=\"my-2 [&#038;+p]:mt-4 [&#038;_strong:has(+br)]:inline-block [&#038;_strong:has(+br)]:pb-2\"><strong>G\u0142\u00f3wny sk\u0142adnik:<\/strong>\u00a0Ekstrakt z mleka wielb\u0142\u0105dziego<\/p>\n<\/li>\n<\/ul>\n<h3 class=\"mb-2 mt-4 font-display font-semimedium text-base first:mt-0\">Egipska doskona\u0142o\u015b\u0107 \u2013 Gwarancja premium jako\u015bci<\/h3>\n<p class=\"my-2 [&#038;+p]:mt-4 [&#038;_strong:has(+br)]:inline-block [&#038;_strong:has(+br)]:pb-2\"><strong>Premium Tropikalny Balsam z Mleka Wielb\u0142\u0105dziego 250ml<\/strong> jest z dum\u0105 produkowany w Egipcie z wykorzystaniem ekstraktu z mleka wielb\u0142\u0105dziego premium i najlepszych naturalnych sk\u0142adnik\u00f3w. Ka\u017cda butelka reprezentuje autentyczn\u0105 egipsk\u0105 wiedz\u0119 o pi\u0119knie, rygorystycznie testowan\u0105 pod k\u0105tem czysto\u015bci i bezpiecze\u0144stwa zgodnie z mi\u0119dzynarodowymi normami kosmetycznymi.<\/p>\n<p class=\"my-2 [&#038;+p]:mt-4 [&#038;_strong:has(+br)]:inline-block [&#038;_strong:has(+br)]:pb-2\"><strong>O\u017cyw swoj\u0105 sk\u00f3r\u0119 Premium Tropikalnym Balsamem z Mleka Wielb\u0142\u0105dziego ju\u017c dzi\u015b. Zam\u00f3w butelk\u0119 250ml i do\u015bwiadcz transformuj\u0105cej r\u00f3\u017cnicy, jak\u0105 tworzy premium egipski balsam z mleka wielb\u0142\u0105dziego.<\/strong><\/p>\n<p>&nbsp;<\/p>\n<h5 style=\"text-align: center;\">Dzi\u0119kujemy za zakupy w <a href=\"https:\/\/bazaar.express\/pl\/\">Bazaar Express<\/a> \u2013 cieszymy si\u0119, \u017ce jeste\u015b z nami!<\/h5>\n<h5 style=\"text-align: center;\">Twoja podr\u00f3\u017c do lepszej piel\u0119gnacji siebie zaczyna si\u0119 tutaj \u2014 z <a href=\"https:\/\/bazaar.express\/pl\/kategoria-produktu\/pielegnacja-urody\/\">piel\u0119gnacj\u0105 urody<\/a>, kt\u00f3rej mo\u017cesz zaufa\u0107.<\/h5>\n","protected":false},"excerpt":{"rendered":"<h3>Premium Tropikalny Balsam z Mleka Wielb\u0142\u0105dziego 250ml \u2013 luksusowy egipski balsam z mleka wielb\u0142\u0105dziego z zapachem kokosa do g\u0142\u0119bokiego nawil\u017cania i korzy\u015bci przeciwstarzeniowych. Wyprodukowany w Egipcie.<\/h3>\n","protected":false},"featured_media":42303,"comment_status":"open","ping_status":"closed","template":"","meta":[],"product_brand":[],"product_cat":[1192],"product_tag":[1474,1470,1466,1467],"class_list":{"0":"post-42302","1":"product","2":"type-product","3":"status-publish","4":"has-post-thumbnail","6":"product_cat-pielegnacja-urody","7":"product_tag-mleko-wielbladzie","8":"product_tag-olejek","9":"product_tag-pielegnacja-skory","10":"product_tag-pielegnacja-urody","12":"first","13":"instock","14":"sale","15":"shipping-taxable","16":"purchasable","17":"product-type-simple"},"_links":{"self":[{"href":"https:\/\/bazaar.express\/pl\/wp-json\/wp\/v2\/product\/42302","targetHints":{"allow":["GET"]}}],"collection":[{"href":"https:\/\/bazaar.express\/pl\/wp-json\/wp\/v2\/product"}],"about":[{"href":"https:\/\/bazaar.express\/pl\/wp-json\/wp\/v2\/types\/product"}],"replies":[{"embeddable":true,"href":"https:\/\/bazaar.express\/pl\/wp-json\/wp\/v2\/comments?post=42302"}],"wp:featuredmedia":[{"embeddable":true,"href":"https:\/\/bazaar.express\/pl\/wp-json\/wp\/v2\/media\/42303"}],"wp:attachment":[{"href":"https:\/\/bazaar.express\/pl\/wp-json\/wp\/v2\/media?parent=42302"}],"wp:term":[{"taxonomy":"product_brand","embeddable":true,"href":"https:\/\/bazaar.express\/pl\/wp-json\/wp\/v2\/product_brand?post=42302"},{"taxonomy":"product_cat","embeddable":true,"href":"https:\/\/bazaar.express\/pl\/wp-json\/wp\/v2\/product_cat?post=42302"},{"taxonomy":"product_tag","embeddable":true,"href":"https:\/\/bazaar.express\/pl\/wp-json\/wp\/v2\/product_tag?post=42302"}],"curies":[{"name":"wp","href":"https:\/\/api.w.org\/{rel}","templated":true}]}}