{"id":42313,"date":"2025-09-22T00:20:32","date_gmt":"2025-09-22T00:20:32","guid":{"rendered":"https:\/\/bazaar.express\/product\/chanel-platinum\/"},"modified":"2025-09-22T00:20:32","modified_gmt":"2025-09-22T00:20:32","slug":"chanel-platinum","status":"publish","type":"product","link":"https:\/\/bazaar.express\/pl\/produkt\/chanel-platinum\/","title":{"rendered":"Olej perfumowany Chanel Platinum"},"content":{"rendered":"<h2 data-start=\"164\" data-end=\"246\"><strong data-start=\"167\" data-end=\"244\">Olej perfumowany Chanel Platinum \u2013 Platynowy standard m\u0119skiej elegancji<\/strong><\/h2>\n<h3 data-start=\"248\" data-end=\"280\"> Nowa ods\u0142ona wsp\u00f3\u0142czesnej ikony<\/h3>\n<p data-start=\"281\" data-end=\"762\">Wkrocz w \u015bwiat wyrafinowania z <strong data-start=\"311\" data-end=\"342\">olejem perfumowanym Chanel Platinum<\/strong>, luksusow\u0105 reinterpretacj\u0105 legendarnych perfum <em data-start=\"390\" data-end=\"415\">Chanel Platinum \u00c9go\u00efste<\/em> z 1993 roku. Stworzony z precyzj\u0105 i elegancj\u0105, ten skoncentrowany olej perfumowany oddaje charyzm\u0119 wyrafinowanego d\u017centelmena \u2013 pewnego siebie, elokwentnego i ponadczasowo stylowego. Przeznaczony dla m\u0119\u017cczyzn, kt\u00f3rzy przyci\u0105gaj\u0105 uwag\u0119 bez wysi\u0142ku, zapewnia \u015bwie\u017ce, aromatyczne doznanie z trwa\u0142\u0105 sygnatur\u0105, kt\u00f3ra utrzymuje si\u0119 d\u0142ugo po aplikacji.<\/p>\n<h3 data-start=\"769\" data-end=\"804\"> \u015awie\u017ce i intensywne nuty g\u0142owy<\/h3>\n<p data-start=\"805\" data-end=\"853\">Podr\u00f3\u017c zaczyna si\u0119 od iskrz\u0105cej fuzji:<\/p>\n<ul data-start=\"854\" data-end=\"1062\">\n<li data-start=\"854\" data-end=\"915\">\n<p data-start=\"856\" data-end=\"915\"><strong data-start=\"856\" data-end=\"868\">Lawenda<\/strong> \u2013 \u015bwie\u017ca i uspokajaj\u0105ca, nadaj\u0105ca wyrafinowany ton.<\/p>\n<\/li>\n<li data-start=\"916\" data-end=\"995\">\n<p data-start=\"918\" data-end=\"995\"><strong data-start=\"918\" data-end=\"943\">Rozmaryn i petitgrain<\/strong> \u2013 ostre i orze\u017awiaj\u0105ce, dodaj\u0105ce zio\u0142owej pikantno\u015bci.<\/p>\n<\/li>\n<li data-start=\"996\" data-end=\"1062\">\n<p data-start=\"998\" data-end=\"1062\"><strong data-start=\"998\" data-end=\"1008\">Neroli<\/strong> \u2013 cytrusowy akcent, rozja\u015bniaj\u0105cy kompozycj\u0119.<\/p>\n<\/li>\n<\/ul>\n<p data-start=\"1064\" data-end=\"1155\">To metalicznie-\u015bwie\u017ce otwarcie robi natychmiastowe wra\u017cenie \u2013 czyste, \u015bmia\u0142e i pe\u0142ne energii.<\/p>\n<h3 data-start=\"1162\" data-end=\"1207\"> Serce si\u0142y i wyrafinowania<\/h3>\n<p data-start=\"1208\" data-end=\"1307\">W sercu <strong data-start=\"1221\" data-end=\"1252\">olej perfumowany Chanel Platinum<\/strong> ods\u0142ania zr\u00f3wnowa\u017con\u0105 mieszank\u0119 kwiatowych i zio\u0142owych nut:<\/p>\n<ul data-start=\"1308\" data-end=\"1434\">\n<li data-start=\"1308\" data-end=\"1360\">\n<p data-start=\"1310\" data-end=\"1360\"><strong data-start=\"1310\" data-end=\"1332\">Pelargonia i ja\u015bmin<\/strong> \u2013 subtelna kwiatowa elegancja.<\/p>\n<\/li>\n<li data-start=\"1361\" data-end=\"1434\">\n<p data-start=\"1363\" data-end=\"1434\"><strong data-start=\"1363\" data-end=\"1388\">Sza\u0142wia muszkato\u0142owa i galbanum<\/strong> \u2013 zielone, pikantne i lekko ziemiste warstwy.<\/p>\n<\/li>\n<\/ul>\n<p data-start=\"1436\" data-end=\"1538\">Razem tworz\u0105 wyrafinowane, m\u0119skie serce, kt\u00f3re dominuje, ale nie przyt\u0142acza.<\/p>\n<h3 data-start=\"1545\" data-end=\"1575\"> Pot\u0119\u017cna drzewna baza<\/h3>\n<p data-start=\"1576\" data-end=\"1627\">Zapach osiada w niezapomnianej bazie:<\/p>\n<ul data-start=\"1628\" data-end=\"1779\">\n<li data-start=\"1628\" data-end=\"1677\">\n<p data-start=\"1630\" data-end=\"1677\"><strong data-start=\"1630\" data-end=\"1651\">Mech d\u0119bowy i wetiwer<\/strong> \u2013 ziemiste i ugruntowuj\u0105ce.<\/p>\n<\/li>\n<li data-start=\"1678\" data-end=\"1734\">\n<p data-start=\"1680\" data-end=\"1734\"><strong data-start=\"1680\" data-end=\"1706\">Drzewo cedrowe i sanda\u0142owe<\/strong> \u2013 ciep\u0142a, drzewna finezja.<\/p>\n<\/li>\n<li data-start=\"1735\" data-end=\"1779\">\n<p data-start=\"1737\" data-end=\"1779\"><strong data-start=\"1737\" data-end=\"1746\">Ambra<\/strong> \u2013 subtelna g\u0142\u0119bia i zmys\u0142owo\u015b\u0107.<\/p>\n<\/li>\n<\/ul>\n<p data-start=\"1781\" data-end=\"1870\">Ta drzewno-pi\u017cmowa podstawa zapewnia, \u017ce zapach pozostawia pewny, trwa\u0142y \u015blad.<\/p>\n<h3 data-start=\"1877\" data-end=\"1925\"> Dlaczego wybra\u0107 olej perfumowany Chanel Platinum?<\/h3>\n<ul data-start=\"1926\" data-end=\"2235\">\n<li data-start=\"1926\" data-end=\"1998\">\n<p data-start=\"1928\" data-end=\"1998\">\u2714 <strong data-start=\"1930\" data-end=\"1954\">Trwa\u0142a formu\u0142a<\/strong> \u2013 skoncentrowany olej zapewniaj\u0105cy ponad 8 godzin noszenia.<\/p>\n<\/li>\n<li data-start=\"1999\" data-end=\"2081\">\n<p data-start=\"2001\" data-end=\"2081\">\u2714 <strong data-start=\"2003\" data-end=\"2025\">Aplikator bez t\u0142usto\u015bci<\/strong> \u2013 g\u0142adka aplikacja, kt\u00f3ra naturalnie zlewa si\u0119 ze sk\u00f3r\u0105.<\/p>\n<\/li>\n<li data-start=\"2082\" data-end=\"2151\">\n<p data-start=\"2084\" data-end=\"2151\">\u2714 <strong data-start=\"2086\" data-end=\"2105\">Luksus do noszenia<\/strong> \u2013 elegancki design idealny w podr\u00f3\u017cy.<\/p>\n<\/li>\n<li data-start=\"2152\" data-end=\"2235\">\n<p data-start=\"2154\" data-end=\"2235\">\u2714 <strong data-start=\"2156\" data-end=\"2188\">Ponadczasowy m\u0119ski zapach<\/strong> \u2013 wszechstronny na co dzie\u0144 i wieczorem.<\/p>\n<\/li>\n<\/ul>\n<h3 data-start=\"2242\" data-end=\"2273\"> Idealny prezent dla niego<\/h3>\n<p data-start=\"2274\" data-end=\"2566\">Niezale\u017cnie od profesjonalnych osi\u0105gni\u0119\u0107, romantycznych wieczor\u00f3w czy codziennej elegancji, <strong data-start=\"2355\" data-end=\"2386\">olej perfumowany Chanel Platinum<\/strong> to przemy\u015blany i wyrafinowany prezent. Jego trwa\u0142a subtelno\u015b\u0107 czyni go niezb\u0119dnym dodatkiem do ka\u017cdej kolekcji zapach\u00f3w, uosabiaj\u0105c ducha ponadczasowego rzemios\u0142a Chanel.<\/p>\n<h3 data-start=\"2506\" data-end=\"2527\"> Opcje rozmiaru<\/h3>\n<ul data-start=\"2528\" data-end=\"2578\">\n<li data-start=\"2528\" data-end=\"2552\">\n<p data-start=\"2530\" data-end=\"2552\"><strong data-start=\"2530\" data-end=\"2550\">P\u00f3\u0142 Tola (6 ml)<\/strong><\/p>\n<\/li>\n<li data-start=\"2553\" data-end=\"2578\">\n<p data-start=\"2555\" data-end=\"2578\"><strong data-start=\"2555\" data-end=\"2576\">Pe\u0142na Tola (12 ml)<\/strong><\/p>\n<\/li>\n<\/ul>\n<h2 data-start=\"2573\" data-end=\"2610\"> Przyjmij platynowy standard<\/h2>\n<p data-start=\"2611\" data-end=\"2853\">Dzi\u0119ki \u015bmia\u0142ej \u015bwie\u017co\u015bci, aromatycznej g\u0142\u0119bi i drzewnemu ciep\u0142u <strong data-start=\"2670\" data-end=\"2701\">olej perfumowany Chanel Platinum<\/strong> to wi\u0119cej ni\u017c zapach \u2013 to deklaracja stylu, si\u0142y i elegancji. Podnie\u015b sw\u00f3j presti\u017c zapachem definiuj\u0105cym m\u0119sk\u0105 subtelno\u015b\u0107.<\/p>\n<p data-start=\"2855\" data-end=\"2921\">Dost\u0119pny teraz z <strong data-start=\"2874\" data-end=\"2918\">mi\u0119dzynarodow\u0105 wysy\u0142k\u0105 w Bazaar Express<\/strong>.<\/p>\n<p style=\"text-align: center;\">Dzi\u0119kujemy za zakupy w <a href=\"https:\/\/bazaar.express\/pl\/\">Bazaar Express<\/a> \u2013 cieszymy si\u0119, \u017ce jeste\u015b z nami!<\/p>\n<p style=\"text-align: center;\">Odkryj nasz\u0105 <a href=\"https:\/\/bazaar.express\/pl\/fragrance-collection\/\">kolekcj\u0119 zapach\u00f3w<\/a> luksusowych perfum.<\/p>\n","protected":false},"excerpt":{"rendered":"<h3 data-start=\"438\" data-end=\"687\"><strong data-start=\"438\" data-end=\"469\">Olej perfumowany Chanel Platinum<\/strong> to luksusowy m\u0119ski zapach inspirowany ikonicznymi perfumami Chanel Platinum \u00c9go\u00efste. Z \u015bwie\u017cymi cytrusowymi, kwiatowymi i drzewnymi nutami, ten skoncentrowany olej oferuje trwa\u0142\u0105 elegancj\u0119 w smuk\u0142ej, por\u0119cznej butelce.<\/h3>\n","protected":false},"featured_media":35112,"comment_status":"open","ping_status":"closed","template":"","meta":[],"product_brand":[],"product_cat":[1206],"product_tag":[1470,1496,1466],"class_list":{"0":"post-42313","1":"product","2":"type-product","3":"status-publish","4":"has-post-thumbnail","6":"product_cat-kolekcja-zapachow","7":"product_tag-olejek","8":"product_tag-perfumy","9":"product_tag-pielegnacja-skory","11":"first","12":"instock","13":"sale","14":"shipping-taxable","15":"purchasable","16":"product-type-variable"},"_links":{"self":[{"href":"https:\/\/bazaar.express\/pl\/wp-json\/wp\/v2\/product\/42313","targetHints":{"allow":["GET"]}}],"collection":[{"href":"https:\/\/bazaar.express\/pl\/wp-json\/wp\/v2\/product"}],"about":[{"href":"https:\/\/bazaar.express\/pl\/wp-json\/wp\/v2\/types\/product"}],"replies":[{"embeddable":true,"href":"https:\/\/bazaar.express\/pl\/wp-json\/wp\/v2\/comments?post=42313"}],"wp:featuredmedia":[{"embeddable":true,"href":"https:\/\/bazaar.express\/pl\/wp-json\/wp\/v2\/media\/35112"}],"wp:attachment":[{"href":"https:\/\/bazaar.express\/pl\/wp-json\/wp\/v2\/media?parent=42313"}],"wp:term":[{"taxonomy":"product_brand","embeddable":true,"href":"https:\/\/bazaar.express\/pl\/wp-json\/wp\/v2\/product_brand?post=42313"},{"taxonomy":"product_cat","embeddable":true,"href":"https:\/\/bazaar.express\/pl\/wp-json\/wp\/v2\/product_cat?post=42313"},{"taxonomy":"product_tag","embeddable":true,"href":"https:\/\/bazaar.express\/pl\/wp-json\/wp\/v2\/product_tag?post=42313"}],"curies":[{"name":"wp","href":"https:\/\/api.w.org\/{rel}","templated":true}]}}