{"id":42332,"date":"2025-08-26T00:26:30","date_gmt":"2025-08-26T00:26:30","guid":{"rendered":"https:\/\/bazaar.express\/product\/anti-ageing-cream\/"},"modified":"2025-08-26T00:26:30","modified_gmt":"2025-08-26T00:26:30","slug":"anti-ageing-cream","status":"publish","type":"product","link":"https:\/\/bazaar.express\/pl\/produkt\/anti-ageing-cream\/","title":{"rendered":"\u00a0Krem przeciwzmarszczkowy"},"content":{"rendered":"<h2 data-start=\"233\" data-end=\"292\">Krem przeciwzmarszczkowy \u2013 Krem Queen Gold Collagen<\/h2>\n<h3 data-start=\"294\" data-end=\"340\">Rozpie\u015b\u0107 sk\u00f3r\u0119 Moc\u0105 Z\u0142ota<\/h3>\n<p data-start=\"341\" data-end=\"738\">Starzenie si\u0119 to naturalny proces, ale odpowiedni <strong data-start=\"389\" data-end=\"410\">krem przeciwzmarszczkowy<\/strong> pozwoli Ci go spowolni\u0107, zredukowa\u0107 zmarszczki i przywr\u00f3ci\u0107 sk\u00f3rze m\u0142odzie\u0144czy blask. <strong data-start=\"493\" data-end=\"522\">Krem Queen Gold Collagen<\/strong> to luksusowy egipski skarb do piel\u0119gnacji sk\u00f3ry, starannie opracowany z <strong data-start=\"589\" data-end=\"642\">24K z\u0142otem, hydrolizowanym kolagenem oraz witaminami A i E<\/strong>, aby zwalcza\u0107 widoczne oznaki starzenia, przywr\u00f3ci\u0107 j\u0119drno\u015b\u0107 i chroni\u0107 przed uszkodzeniami \u015brodowiskowymi.<\/p>\n<p data-start=\"740\" data-end=\"937\">Ten premium <strong data-start=\"753\" data-end=\"774\">krem przeciwzmarszczkowy<\/strong> to nie tylko nawil\u017cacz \u2014 to kompleksowa kuracja odm\u0142adzaj\u0105ca, zaprojektowana do nawil\u017cania, rozja\u015bniania i ochrony sk\u00f3ry przy jednoczesnym zmniejszaniu widoczno\u015bci zmarszczek.<\/p>\n<h3 data-start=\"944\" data-end=\"994\">\u00a0G\u0142\u00f3wne korzy\u015bci kremu Queen Gold Collagen<\/h3>\n<h4 data-start=\"996\" data-end=\"1034\">1. Zaawansowane dzia\u0142anie przeciwzmarszczkowe<\/h4>\n<ul data-start=\"1035\" data-end=\"1210\">\n<li data-start=\"1035\" data-end=\"1094\">\n<p data-start=\"1037\" data-end=\"1094\">Wyg\u0142adza g\u0142\u0119bokie zmarszczki, drobne linie i kurze \u0142apki.<\/p>\n<\/li>\n<li data-start=\"1095\" data-end=\"1148\">\n<p data-start=\"1097\" data-end=\"1148\">Poprawia tekstur\u0119 sk\u00f3ry dla j\u0119drniejszego, pe\u0142niejszego wygl\u0105du.<\/p>\n<\/li>\n<li data-start=\"1149\" data-end=\"1210\">\n<p data-start=\"1151\" data-end=\"1210\">Celuje w widoczne oznaki starzenia dla d\u0142ugotrwa\u0142ych rezultat\u00f3w.<\/p>\n<\/li>\n<\/ul>\n<h4 data-start=\"1212\" data-end=\"1255\">2. Formu\u0142a z dodatkiem z\u0142ota dla blasku<\/h4>\n<ul data-start=\"1256\" data-end=\"1420\">\n<li data-start=\"1256\" data-end=\"1309\">\n<p data-start=\"1258\" data-end=\"1309\">Prawdziwe <strong data-start=\"1263\" data-end=\"1285\">cz\u0105stki 24K z\u0142ota<\/strong> wspomagaj\u0105 odnow\u0119 kom\u00f3rkow\u0105.<\/p>\n<\/li>\n<li data-start=\"1310\" data-end=\"1365\">\n<p data-start=\"1312\" data-end=\"1365\">Wzmacnia wch\u0142anianie tlenu przez sk\u00f3r\u0119 i naturalny blask.<\/p>\n<\/li>\n<li data-start=\"1366\" data-end=\"1420\">\n<p data-start=\"1368\" data-end=\"1420\">Zapewnia ochron\u0119 antyoksydacyjn\u0105 i antybakteryjn\u0105.<\/p>\n<\/li>\n<\/ul>\n<h4 data-start=\"1422\" data-end=\"1459\">3. G\u0142\u0119bokie nawil\u017cenie i elastyczno\u015b\u0107<\/h4>\n<ul data-start=\"1460\" data-end=\"1626\">\n<li data-start=\"1460\" data-end=\"1512\">\n<p data-start=\"1462\" data-end=\"1512\">Hydrolizowany kolagen wnika w barier\u0119 sk\u00f3rn\u0105.<\/p>\n<\/li>\n<li data-start=\"1513\" data-end=\"1567\">\n<p data-start=\"1515\" data-end=\"1567\">Zwi\u0119ksza elastyczno\u015b\u0107 i zatrzymuje niezb\u0119dn\u0105 wilgo\u0107.<\/p>\n<\/li>\n<li data-start=\"1568\" data-end=\"1626\">\n<p data-start=\"1570\" data-end=\"1626\">Chroni przed sucho\u015bci\u0105 spowodowan\u0105 surowymi warunkami \u015brodowiskowymi.<\/p>\n<\/li>\n<\/ul>\n<h4 data-start=\"1628\" data-end=\"1664\">4. Ochrona przed s\u0142o\u0144cem i zanieczyszczeniami<\/h4>\n<ul data-start=\"1665\" data-end=\"1832\">\n<li data-start=\"1665\" data-end=\"1717\">\n<p data-start=\"1667\" data-end=\"1717\">Wzbogacony o <strong data-start=\"1681\" data-end=\"1714\">Tlenek tytanu i tlenek cynku<\/strong>.<\/p>\n<\/li>\n<li data-start=\"1718\" data-end=\"1761\">\n<p data-start=\"1720\" data-end=\"1761\">Chroni sk\u00f3r\u0119 przed szkodliwymi promieniami UVA\/UVB.<\/p>\n<\/li>\n<li data-start=\"1762\" data-end=\"1832\">\n<p data-start=\"1764\" data-end=\"1832\">Zapobiega przedwczesnemu starzeniu i przebarwieniom spowodowanym ekspozycj\u0105 na s\u0142o\u0144ce.<\/p>\n<\/li>\n<\/ul>\n<h4 data-start=\"1834\" data-end=\"1872\">5. Rozja\u015bnianie sk\u00f3ry i wyr\u00f3wnanie kolorytu<\/h4>\n<ul data-start=\"1873\" data-end=\"2013\">\n<li data-start=\"1873\" data-end=\"1919\">\n<p data-start=\"1875\" data-end=\"1919\">Pomaga rozja\u015bni\u0107 ciemne plamy i przebarwienia.<\/p>\n<\/li>\n<li data-start=\"1920\" data-end=\"1967\">\n<p data-start=\"1922\" data-end=\"1967\">Promuje promienny, r\u00f3wnomierny koloryt sk\u00f3ry.<\/p>\n<\/li>\n<li data-start=\"1968\" data-end=\"2013\">\n<p data-start=\"1970\" data-end=\"2013\">Przywraca naturaln\u0105 witalno\u015b\u0107 i jasno\u015b\u0107.<\/p>\n<\/li>\n<\/ul>\n<h4 data-start=\"2015\" data-end=\"2055\">6. Od\u017cywianie sk\u00f3ry bogate w witaminy<\/h4>\n<ul data-start=\"2056\" data-end=\"2241\">\n<li data-start=\"2056\" data-end=\"2105\">\n<p data-start=\"2058\" data-end=\"2105\"><strong data-start=\"2058\" data-end=\"2071\">Witamina A<\/strong> stymuluje produkcj\u0119 kolagenu.<\/p>\n<\/li>\n<li data-start=\"2106\" data-end=\"2180\">\n<p data-start=\"2108\" data-end=\"2180\"><strong data-start=\"2108\" data-end=\"2121\">Witamina E<\/strong> od\u017cywia kom\u00f3rki sk\u00f3ry i chroni przed wolnymi rodnikami.<\/p>\n<\/li>\n<li data-start=\"2181\" data-end=\"2241\">\n<p data-start=\"2183\" data-end=\"2241\">Wzmocnienie bariery sk\u00f3rnej dla d\u0142ugoterminowej m\u0142odo\u015bci.<\/p>\n<\/li>\n<\/ul>\n<h3 data-start=\"2248\" data-end=\"2295\">\u00a0Kto powinien u\u017cywa\u0107 tego kremu przeciwzmarszczkowego?<\/h3>\n<ul data-start=\"2296\" data-end=\"2536\">\n<li data-start=\"2296\" data-end=\"2353\">\n<p data-start=\"2298\" data-end=\"2353\">Ka\u017cdy, kto chce <strong data-start=\"2316\" data-end=\"2350\">zmniejszy\u0107 zmarszczki i drobne linie<\/strong>.<\/p>\n<\/li>\n<li data-start=\"2354\" data-end=\"2416\">\n<p data-start=\"2356\" data-end=\"2416\">Osoby poszukuj\u0105ce <strong data-start=\"2376\" data-end=\"2413\">j\u0119drniejszej, pe\u0142niejszej i promiennej sk\u00f3ry<\/strong>.<\/p>\n<\/li>\n<li data-start=\"2417\" data-end=\"2473\">\n<p data-start=\"2419\" data-end=\"2473\">Ci, kt\u00f3rzy potrzebuj\u0105 <strong data-start=\"2435\" data-end=\"2470\">nawil\u017cacza z ochron\u0105 przeciws\u0142oneczn\u0105<\/strong>.<\/p>\n<\/li>\n<li data-start=\"2474\" data-end=\"2536\">\n<p data-start=\"2476\" data-end=\"2536\">Nadaje si\u0119 do <strong data-start=\"2489\" data-end=\"2507\">wszystkich typ\u00f3w sk\u00f3ry<\/strong>, w tym wra\u017cliwej.<\/p>\n<\/li>\n<\/ul>\n<h3 data-start=\"2543\" data-end=\"2562\">\u00a0Jak u\u017cywa\u0107<\/h3>\n<ol data-start=\"2563\" data-end=\"2811\">\n<li data-start=\"2563\" data-end=\"2606\">\n<p data-start=\"2566\" data-end=\"2606\">Dok\u0142adnie oczy\u015b\u0107 twarz i szyj\u0119.<\/p>\n<\/li>\n<li data-start=\"2607\" data-end=\"2672\">\n<p data-start=\"2610\" data-end=\"2672\">Na\u0142\u00f3\u017c niewielk\u0105 ilo\u015b\u0107 kremu <strong data-start=\"2646\" data-end=\"2669\">rano i wieczorem<\/strong>.<\/p>\n<\/li>\n<li data-start=\"2673\" data-end=\"2745\">\n<p data-start=\"2676\" data-end=\"2745\">Delikatnie masuj w <strong data-start=\"2694\" data-end=\"2721\">okr\u0119\u017cnych ruchach ku g\u00f3rze<\/strong>, a\u017c do pe\u0142nego wch\u0142oni\u0119cia.<\/p>\n<\/li>\n<li data-start=\"2746\" data-end=\"2811\">\n<p data-start=\"2749\" data-end=\"2811\">U\u017cywaj codziennie dla najlepszych rezultat\u00f3w jako cz\u0119\u015b\u0107 rutyny piel\u0119gnacyjnej.<\/p>\n<\/li>\n<\/ol>\n<h3 data-start=\"2818\" data-end=\"2838\">\u00a0Sk\u0142adniki<\/h3>\n<ul data-start=\"2839\" data-end=\"3099\">\n<li data-start=\"2839\" data-end=\"2865\">\n<p data-start=\"2841\" data-end=\"2865\"><strong data-start=\"2841\" data-end=\"2863\">Cz\u0105stki z\u0142ota 24K<\/strong><\/p>\n<\/li>\n<li data-start=\"2866\" data-end=\"2893\">\n<p data-start=\"2868\" data-end=\"2893\"><strong data-start=\"2868\" data-end=\"2891\">Hydrolizowany kolagen<\/strong><\/p>\n<\/li>\n<li data-start=\"2894\" data-end=\"2944\">\n<p data-start=\"2896\" data-end=\"2944\"><strong data-start=\"2896\" data-end=\"2942\">Prunus Amygdalus Dulcis (Olej ze s\u0142odkich migda\u0142\u00f3w)<\/strong><\/p>\n<\/li>\n<li data-start=\"2945\" data-end=\"2998\">\n<p data-start=\"2947\" data-end=\"2998\"><strong data-start=\"2947\" data-end=\"2980\">Tlenek tytanu i tlenek cynku<\/strong> (ochrona UV)<\/p>\n<\/li>\n<li data-start=\"2999\" data-end=\"3029\">\n<p data-start=\"3001\" data-end=\"3029\"><strong data-start=\"3001\" data-end=\"3027\">Octocrylene i gliceryna<\/strong><\/p>\n<\/li>\n<li data-start=\"3030\" data-end=\"3059\">\n<p data-start=\"3032\" data-end=\"3059\"><strong data-start=\"3032\" data-end=\"3057\">Witamina A i witamina E<\/strong><\/p>\n<\/li>\n<li data-start=\"3060\" data-end=\"3099\">\n<p data-start=\"3062\" data-end=\"3099\">Inne naturalne sk\u0142adniki od\u017cywcze<\/p>\n<\/li>\n<\/ul>\n<h3 data-start=\"3106\" data-end=\"3126\">\u00a0\u015arodki ostro\u017cno\u015bci<\/h3>\n<ul data-start=\"3127\" data-end=\"3267\">\n<li data-start=\"3127\" data-end=\"3153\">\n<p data-start=\"3129\" data-end=\"3153\">Tylko do u\u017cytku zewn\u0119trznego.<\/p>\n<\/li>\n<li data-start=\"3154\" data-end=\"3189\">\n<p data-start=\"3156\" data-end=\"3189\">Unikaj kontaktu z oczami.<\/p>\n<\/li>\n<li data-start=\"3190\" data-end=\"3232\">\n<p data-start=\"3192\" data-end=\"3232\">Przechowuj poni\u017cej 30\u00b0C w ch\u0142odnym, suchym miejscu.<\/p>\n<\/li>\n<li data-start=\"3233\" data-end=\"3267\">\n<p data-start=\"3235\" data-end=\"3267\">Przechowuj poza zasi\u0119giem dzieci.<\/p>\n<\/li>\n<\/ul>\n<p data-start=\"3320\" data-end=\"3593\"><strong data-start=\"3324\" data-end=\"3365\">Krem przeciwzmarszczkowy Queen Gold Collagen<\/strong> to wi\u0119cej ni\u017c piel\u0119gnacja sk\u00f3ry \u2014 to luksusowy rytua\u0142 \u0142\u0105cz\u0105cy <strong data-start=\"3428\" data-end=\"3474\">staro\u017cytne sekrety pi\u0119kna z nowoczesn\u0105 nauk\u0105<\/strong>. Codzienne stosowanie zapewni g\u0142adsz\u0105 sk\u00f3r\u0119, mniej zmarszczek, ja\u015bniejszy koloryt i d\u0142ugotrwa\u0142e nawil\u017cenie.<\/p>\n<p data-start=\"3595\" data-end=\"3736\">Wyprodukowany w Egipcie z premium sk\u0142adnik\u00f3w, ten <strong data-start=\"3640\" data-end=\"3661\">krem przeciwzmarszczkowy<\/strong> oferuje najwy\u017cszej klasy redukcj\u0119 zmarszczek i rewitalizacj\u0119 sk\u00f3ry.<\/p>\n<p data-start=\"3738\" data-end=\"3813\">\u00a0Do\u015bwiadcz transformacji \u2014 ujawnij swoj\u0105 z\u0142ot\u0105 er\u0119 pi\u0119kna ju\u017c dzi\u015b.<\/p>\n<p style=\"text-align: center;\">Dzi\u0119kujemy za zakupy w <a href=\"https:\/\/bazaar.express\/pl\/\">Bazaar Express<\/a> \u2013 cieszymy si\u0119, \u017ce jeste\u015b z nami!<\/p>\n<p style=\"text-align: center;\">Twoja podr\u00f3\u017c ku lepszej trosce o siebie zaczyna si\u0119 tutaj \u2014 z <a href=\"https:\/\/bazaar.express\/product-category\/beauty-care\/\">Piel\u0119gnacj\u0105 urody<\/a>, kt\u00f3rej mo\u017cesz zaufa\u0107.<\/p>\n","protected":false},"excerpt":{"rendered":"<h3 data-start=\"4119\" data-end=\"4295\">Luksusowy egipski krem przeciwzmarszczkowy z 24K z\u0142otem, hydrolizowanym kolagenem i witaminami. Redukuje zmarszczki, nawil\u017ca i przywraca naturalny blask sk\u00f3ry.<\/h3>\n","protected":false},"featured_media":35062,"comment_status":"open","ping_status":"closed","template":"","meta":[],"product_brand":[],"product_cat":[1192,1199],"product_tag":[1474,1470,1466,1467],"class_list":{"0":"post-42332","1":"product","2":"type-product","3":"status-publish","4":"has-post-thumbnail","6":"product_cat-pielegnacja-urody","7":"product_cat-najlepsze-z-egiptu","8":"product_tag-mleko-wielbladzie","9":"product_tag-olejek","10":"product_tag-pielegnacja-skory","11":"product_tag-pielegnacja-urody","13":"first","14":"instock","15":"shipping-taxable","16":"purchasable","17":"product-type-simple"},"_links":{"self":[{"href":"https:\/\/bazaar.express\/pl\/wp-json\/wp\/v2\/product\/42332","targetHints":{"allow":["GET"]}}],"collection":[{"href":"https:\/\/bazaar.express\/pl\/wp-json\/wp\/v2\/product"}],"about":[{"href":"https:\/\/bazaar.express\/pl\/wp-json\/wp\/v2\/types\/product"}],"replies":[{"embeddable":true,"href":"https:\/\/bazaar.express\/pl\/wp-json\/wp\/v2\/comments?post=42332"}],"wp:featuredmedia":[{"embeddable":true,"href":"https:\/\/bazaar.express\/pl\/wp-json\/wp\/v2\/media\/35062"}],"wp:attachment":[{"href":"https:\/\/bazaar.express\/pl\/wp-json\/wp\/v2\/media?parent=42332"}],"wp:term":[{"taxonomy":"product_brand","embeddable":true,"href":"https:\/\/bazaar.express\/pl\/wp-json\/wp\/v2\/product_brand?post=42332"},{"taxonomy":"product_cat","embeddable":true,"href":"https:\/\/bazaar.express\/pl\/wp-json\/wp\/v2\/product_cat?post=42332"},{"taxonomy":"product_tag","embeddable":true,"href":"https:\/\/bazaar.express\/pl\/wp-json\/wp\/v2\/product_tag?post=42332"}],"curies":[{"name":"wp","href":"https:\/\/api.w.org\/{rel}","templated":true}]}}