{"id":42338,"date":"2025-08-25T12:59:55","date_gmt":"2025-08-25T12:59:55","guid":{"rendered":"https:\/\/bazaar.express\/product\/collagen-cream-5\/"},"modified":"2025-08-25T12:59:55","modified_gmt":"2025-08-25T12:59:55","slug":"collagen-cream-5","status":"publish","type":"product","link":"https:\/\/bazaar.express\/pl\/produkt\/collagen-cream-5\/","title":{"rendered":"Krem z kolagenem \u2013 Najlepszy przeciwstarzeniowy z witaminami C i E"},"content":{"rendered":"<h2 data-start=\"266\" data-end=\"362\">Krem z kolagenem Map Queen \u2013 Najlepsze rozwi\u0105zanie przeciwstarzeniowe i przeciwzmarszczkowe z witaminami C i E<\/h2>\n<p data-start=\"364\" data-end=\"837\">Je\u015bli chcesz mie\u0107 m\u0142od\u0105, promienn\u0105 i woln\u0105 od zmarszczek sk\u00f3r\u0119, <strong data-start=\"433\" data-end=\"451\">krem z kolagenem<\/strong> to jedno z najskuteczniejszych rozwi\u0105za\u0144 w piel\u0119gnacji sk\u00f3ry dost\u0119pnych dzisiaj. Kolagen to bia\u0142ko odpowiedzialne za elastyczno\u015b\u0107 i j\u0119drno\u015b\u0107 sk\u00f3ry, ale z wiekiem jego naturalna produkcja spada. Prowadzi to do zmarszczek, wiotczenia i utraty blasku. <strong data-start=\"691\" data-end=\"719\">Krem z kolagenem Map Queen<\/strong> jest starannie sformu\u0142owany, aby przywr\u00f3ci\u0107 to, co zabiera czas, daj\u0105c sk\u00f3rze szans\u0119 na m\u0142ody wygl\u0105d i uczucie.<\/p>\n<h3 data-start=\"844\" data-end=\"894\">Co wyr\u00f3\u017cnia krem z kolagenem Map Queen?<\/h3>\n<p data-start=\"896\" data-end=\"1251\">W przeciwie\u0144stwie do zwyk\u0142ych krem\u00f3w nawil\u017caj\u0105cych, ten produkt jest wzbogacony o <strong data-start=\"953\" data-end=\"1051\">kolagen, kwas hialuronowy, ekstrakt z Camellia sinensis (zielonej herbaty), kofein\u0119 oraz witaminy C i E<\/strong>. Te aktywne sk\u0142adniki po\u0142\u0105czono przy u\u017cyciu zaawansowanej <strong data-start=\"1109\" data-end=\"1130\">formu\u0142y 3D<\/strong>, kt\u00f3ra wnika g\u0142\u0119boko w sk\u00f3r\u0119, przywracaj\u0105c elastyczno\u015b\u0107, zmniejszaj\u0105c zmarszczki i chroni\u0105c przed uszkodzeniami zewn\u0119trznymi.<\/p>\n<h3 data-start=\"1258\" data-end=\"1294\">G\u0142\u00f3wne korzy\u015bci kremu z kolagenem<\/h3>\n<h4 data-start=\"1296\" data-end=\"1320\">Redukcja zmarszczek<\/h4>\n<ul data-start=\"1321\" data-end=\"1489\">\n<li data-start=\"1321\" data-end=\"1381\">\n<p data-start=\"1323\" data-end=\"1381\">Dzia\u0142a na drobne linie wok\u00f3\u0142 oczu, ust i czo\u0142a.<\/p>\n<\/li>\n<li data-start=\"1382\" data-end=\"1442\">\n<p data-start=\"1384\" data-end=\"1442\">Wyg\u0142adza kurze \u0142apki, zmarszczki mimiczne i zmarszczki ust.<\/p>\n<\/li>\n<li data-start=\"1443\" data-end=\"1489\">\n<p data-start=\"1445\" data-end=\"1489\">Przywraca naturalnie m\u0142ody, \u015bwie\u017cy wygl\u0105d.<\/p>\n<\/li>\n<\/ul>\n<h4 data-start=\"1491\" data-end=\"1525\">G\u0142\u0119bokie nawil\u017cenie i elastyczno\u015b\u0107<\/h4>\n<ul data-start=\"1526\" data-end=\"1675\">\n<li data-start=\"1526\" data-end=\"1612\">\n<p data-start=\"1528\" data-end=\"1612\"><strong data-start=\"1528\" data-end=\"1547\">Kwas hialuronowy<\/strong> zatrzaskuje wilgo\u0107, zapobiegaj\u0105c przesuszeniu spowodowanemu s\u0142o\u0144cem lub starzeniem.<\/p>\n<\/li>\n<li data-start=\"1613\" data-end=\"1675\">\n<p data-start=\"1615\" data-end=\"1675\">Poprawia elastyczno\u015b\u0107 sk\u00f3ry dla j\u0119drniejszego, pe\u0142niejszego wygl\u0105du.<\/p>\n<\/li>\n<\/ul>\n<h4 data-start=\"1677\" data-end=\"1706\">Ochrona antyoksydacyjna<\/h4>\n<ul data-start=\"1707\" data-end=\"1868\">\n<li data-start=\"1707\" data-end=\"1783\">\n<p data-start=\"1709\" data-end=\"1783\"><strong data-start=\"1709\" data-end=\"1722\">Witamina C<\/strong> rozja\u015bnia koloryt sk\u00f3ry i wspiera naturaln\u0105 syntez\u0119 kolagenu.<\/p>\n<\/li>\n<li data-start=\"1784\" data-end=\"1868\">\n<p data-start=\"1786\" data-end=\"1868\"><strong data-start=\"1786\" data-end=\"1799\">Witamina E<\/strong> chroni przed wolnymi rodnikami, uszkodzeniami UV i stresem \u015brodowiskowym.<\/p>\n<\/li>\n<\/ul>\n<h4 data-start=\"1870\" data-end=\"1899\">Naturalne ekstrakty ro\u015blinne<\/h4>\n<ul data-start=\"1900\" data-end=\"2074\">\n<li data-start=\"1900\" data-end=\"1982\">\n<p data-start=\"1902\" data-end=\"1982\"><strong data-start=\"1902\" data-end=\"1936\">Ekstrakt z li\u015bci Camellia sinensis<\/strong> g\u0142\u0119boko nawil\u017ca i spowalnia proces starzenia sk\u00f3ry.<\/p>\n<\/li>\n<li data-start=\"1983\" data-end=\"2074\">\n<p data-start=\"1985\" data-end=\"2074\"><strong data-start=\"1985\" data-end=\"1997\">Kofeina<\/strong> poprawia kr\u0105\u017cenie krwi, redukuje opuchlizn\u0119 i uszkodzenia UV.<\/p>\n<\/li>\n<\/ul>\n<h4 data-start=\"2076\" data-end=\"2115\">Rozja\u015bnianie i kontrola pigmentacji<\/h4>\n<ul data-start=\"2116\" data-end=\"2215\">\n<li data-start=\"2116\" data-end=\"2161\">\n<p data-start=\"2118\" data-end=\"2161\">Zmniejsza przebarwienia i plamy pigmentacyjne.<\/p>\n<\/li>\n<li data-start=\"2162\" data-end=\"2215\">\n<p data-start=\"2164\" data-end=\"2215\">Wyr\u00f3wnuje koloryt sk\u00f3ry dla naturalnego blasku.<\/p>\n<\/li>\n<\/ul>\n<h3 data-start=\"2222\" data-end=\"2263\">Jak u\u017cywa\u0107 kremu z kolagenem Map Queen<\/h3>\n<ol data-start=\"2265\" data-end=\"2490\">\n<li data-start=\"2265\" data-end=\"2299\">\n<p data-start=\"2268\" data-end=\"2299\">Dok\u0142adnie oczyszczenie sk\u00f3r\u0119.<\/p>\n<\/li>\n<li data-start=\"2300\" data-end=\"2352\">\n<p data-start=\"2303\" data-end=\"2352\">Na\u0142\u00f3\u017c rano i wieczorem na twarz i szyj\u0119.<\/p>\n<\/li>\n<li data-start=\"2353\" data-end=\"2416\">\n<p data-start=\"2356\" data-end=\"2416\">Masuj delikatnie okr\u0119\u017cnymi ruchami do wch\u0142oni\u0119cia.<\/p>\n<\/li>\n<li data-start=\"2417\" data-end=\"2490\">\n<p data-start=\"2420\" data-end=\"2490\">Stosuj codziennie dla widocznych efekt\u00f3w g\u0142adko\u015bci, j\u0119drno\u015bci i blasku.<\/p>\n<\/li>\n<\/ol>\n<h3 data-start=\"2497\" data-end=\"2539\">Dlaczego wybra\u0107 krem z kolagenem Map Queen?<\/h3>\n<ul data-start=\"2541\" data-end=\"2828\">\n<li data-start=\"2541\" data-end=\"2603\">\n<p data-start=\"2543\" data-end=\"2603\">Natchniony <strong data-start=\"2555\" data-end=\"2600\">egipskimi rytua\u0142ami pi\u0119kna dawnych kr\u00f3lowych<\/strong>.<\/p>\n<\/li>\n<li data-start=\"2604\" data-end=\"2667\">\n<p data-start=\"2606\" data-end=\"2667\">\u0141\u0105czy nowoczesn\u0105 nauk\u0119 z naturalnymi, mocnymi sk\u0142adnikami.<\/p>\n<\/li>\n<li data-start=\"2668\" data-end=\"2760\">\n<p data-start=\"2670\" data-end=\"2760\">To wi\u0119cej ni\u017c nawil\u017cacz \u2013 to <strong data-start=\"2709\" data-end=\"2757\">kompletna kuracja przeciwstarzeniowa i rozja\u015bniaj\u0105ca<\/strong>.<\/p>\n<\/li>\n<li data-start=\"2761\" data-end=\"2828\">\n<p data-start=\"2763\" data-end=\"2828\">Luksusowe opakowanie podkre\u015blaj\u0105ce ponadczasowe pi\u0119kno i elegancj\u0119.<\/p>\n<\/li>\n<\/ul>\n<p data-start=\"2830\" data-end=\"2873\"><strong data-start=\"2833\" data-end=\"2850\">Wyprodukowany w Egipcie<\/strong><br data-start=\"2850\" data-end=\"2853\" \/><strong data-start=\"2856\" data-end=\"2871\">Pojemno\u015b\u0107: 50 ml<\/strong><\/p>\n<h2 data-start=\"2880\" data-end=\"2899\"><\/h2>\n<p data-start=\"2901\" data-end=\"3203\">Starzenie to naturalny proces, ale w\u0142a\u015bciwa piel\u0119gnacja pozwoli zachowa\u0107 m\u0142odej, promiennej i j\u0119drnej sk\u00f3rze. <strong data-start=\"3011\" data-end=\"3039\">Krem z kolagenem Map Queen<\/strong> z <strong data-start=\"3045\" data-end=\"3063\">witaminami C i E<\/strong> to idealne rozwi\u0105zanie do walki ze zmarszczkami, poprawy elastyczno\u015bci, rozja\u015bnienia cery i ochrony przed czynnikami zewn\u0119trznymi.<\/p>\n<h5 data-start=\"3205\" data-end=\"3322\"> W\u0142\u0105cz go do codziennej rutyny i ciesz si\u0119 ponadczasowym pi\u0119knem \u2013 promiennym, g\u0142adkim i pe\u0142nym pewno\u015bci siebie, jak kr\u00f3lowa.<\/h5>\n<p>&nbsp;<\/p>\n<p style=\"text-align: center;\">Dzi\u0119kujemy za zakupy w <a href=\"https:\/\/bazaar.express\/pl\/\">Bazaar Express<\/a> \u2013 bardzo si\u0119 cieszymy, \u017ce jeste\u015b z nami!<\/p>\n<p style=\"text-align: center;\">Twoja droga do lepszej piel\u0119gnacji zaczyna si\u0119 tutaj \u2013 z <a href=\"https:\/\/bazaar.express\/product-category\/beauty-care\/\">Piel\u0119gnacj\u0105 urody<\/a>, kt\u00f3rej mo\u017cesz zaufa\u0107.<\/p>\n","protected":false},"excerpt":{"rendered":"<h3 data-start=\"372\" data-end=\"565\">Premiumowy krem z kolagenem wzbogacony witaminami C i E. Przeznaczony do walki ze zmarszczkami, zwi\u0119kszania elastyczno\u015bci i g\u0142\u0119bokiego nawil\u017cania dla promiennej, m\u0142odej sk\u00f3ry. Pojemno\u015b\u0107: 50ml.<\/h3>\n","protected":false},"featured_media":35054,"comment_status":"open","ping_status":"closed","template":"","meta":[],"product_brand":[],"product_cat":[1199,1192],"product_tag":[1465,1470,1466,1467],"class_list":{"0":"post-42338","1":"product","2":"type-product","3":"status-publish","4":"has-post-thumbnail","6":"product_cat-najlepsze-z-egiptu","7":"product_cat-pielegnacja-urody","8":"product_tag-naturalny-olej","9":"product_tag-olejek","10":"product_tag-pielegnacja-skory","11":"product_tag-pielegnacja-urody","13":"first","14":"instock","15":"shipping-taxable","16":"purchasable","17":"product-type-simple"},"_links":{"self":[{"href":"https:\/\/bazaar.express\/pl\/wp-json\/wp\/v2\/product\/42338","targetHints":{"allow":["GET"]}}],"collection":[{"href":"https:\/\/bazaar.express\/pl\/wp-json\/wp\/v2\/product"}],"about":[{"href":"https:\/\/bazaar.express\/pl\/wp-json\/wp\/v2\/types\/product"}],"replies":[{"embeddable":true,"href":"https:\/\/bazaar.express\/pl\/wp-json\/wp\/v2\/comments?post=42338"}],"wp:featuredmedia":[{"embeddable":true,"href":"https:\/\/bazaar.express\/pl\/wp-json\/wp\/v2\/media\/35054"}],"wp:attachment":[{"href":"https:\/\/bazaar.express\/pl\/wp-json\/wp\/v2\/media?parent=42338"}],"wp:term":[{"taxonomy":"product_brand","embeddable":true,"href":"https:\/\/bazaar.express\/pl\/wp-json\/wp\/v2\/product_brand?post=42338"},{"taxonomy":"product_cat","embeddable":true,"href":"https:\/\/bazaar.express\/pl\/wp-json\/wp\/v2\/product_cat?post=42338"},{"taxonomy":"product_tag","embeddable":true,"href":"https:\/\/bazaar.express\/pl\/wp-json\/wp\/v2\/product_tag?post=42338"}],"curies":[{"name":"wp","href":"https:\/\/api.w.org\/{rel}","templated":true}]}}