{"id":42341,"date":"2025-08-20T15:32:14","date_gmt":"2025-08-20T15:32:14","guid":{"rendered":"https:\/\/bazaar.express\/product\/best-egyptian-skincare-bundle\/"},"modified":"2025-08-20T15:32:14","modified_gmt":"2025-08-20T15:32:14","slug":"best-egyptian-skincare-bundle","status":"publish","type":"product","link":"https:\/\/bazaar.express\/pl\/produkt\/best-egyptian-skincare-bundle\/","title":{"rendered":"Najlepszy egipski zestaw do piel\u0119gnacji sk\u00f3ry"},"content":{"rendered":"<h2 data-start=\"159\" data-end=\"234\">Najlepszy egipski zestaw do piel\u0119gnacji sk\u00f3ry \u2013 Kremy z kolagenem, z\u0142otem i kwasem hialuronowym<\/h2>\n<p data-start=\"236\" data-end=\"646\">Przez wieki <strong data-start=\"251\" data-end=\"278\">egipskie rytua\u0142y pi\u0119kna<\/strong> by\u0142y podziwiane na ca\u0142ym \u015bwiecie. Sama Kleopatra polega\u0142a na naturalnych olejach, z\u0142ocie i zabiegach bogatych w kolagen, aby zachowa\u0107 sw\u00f3j legendarny blask. Dzi\u015b <strong data-start=\"424\" data-end=\"442\">Bazaar Express<\/strong> o\u017cywia te staro\u017cytne sekrety dzi\u0119ki <strong data-start=\"494\" data-end=\"569\">Najlepszemu egipskiemu zestawowi do piel\u0119gnacji sk\u00f3ry \u2013 Kremom z kolagenem, z\u0142otem i kwasem hialuronowym<\/strong> \u2014 teraz dost\u0119pnemu w <strong data-start=\"591\" data-end=\"643\">specjalnej ograniczonej czasowo ofercie po obni\u017conej cenie<\/strong>.<\/p>\n<p data-start=\"648\" data-end=\"979\">Ten luksusowy zestaw zawiera <strong data-start=\"673\" data-end=\"710\">cztery premium kremy R&#038;B Kleopatra<\/strong>, starannie opracowane z <strong data-start=\"738\" data-end=\"788\">morskim kolagenem, kwasem hialuronowym i 24-karatowym z\u0142otem<\/strong>, aby zwalcza\u0107 zmarszczki, przywr\u00f3ci\u0107 elastyczno\u015b\u0107 i g\u0142\u0119boko nawil\u017cy\u0107 sk\u00f3r\u0119. To wi\u0119cej ni\u017c piel\u0119gnacja \u2013 to <strong data-start=\"892\" data-end=\"941\">kr\u00f3lewska kuracja z Egiptu z wysy\u0142k\u0105 na ca\u0142y \u015bwiat<\/strong>, teraz bardziej przyst\u0119pna cenowo ni\u017c kiedykolwiek.<\/p>\n<h3 data-start=\"986\" data-end=\"1035\">\u00a0Dlaczego wybra\u0107 ten egipski zestaw do piel\u0119gnacji sk\u00f3ry?<\/h3>\n<p data-start=\"1037\" data-end=\"1200\">W przeciwie\u0144stwie do zwyk\u0142ych krem\u00f3w, te s\u0105 wytwarzane w Egipcie z formu\u0142ami przetestowanymi przez dermatolog\u00f3w, kt\u00f3re \u0142\u0105cz\u0105 <strong data-start=\"1134\" data-end=\"1176\">staro\u017cytne tradycje z nowoczesn\u0105 nauk\u0105<\/strong>. Zestaw zapewnia:<\/p>\n<p data-start=\"1202\" data-end=\"1428\">\u2714 Widoczn\u0105 redukcj\u0119 drobnych linii i zmarszczek<br data-start=\"1248\" data-end=\"1251\" \/>\u2714 j\u0119drniejsz\u0105, bardziej uniesion\u0105 sk\u00f3r\u0119<br data-start=\"1277\" data-end=\"1280\" \/>\u2714 Intensywne nawil\u017cenie i d\u0142ugotrwa\u0142e utrzymanie wilgoci<br data-start=\"1325\" data-end=\"1328\" \/>\u2714 Promienny, youthful blask z r\u00f3wnomiernym kolorytem sk\u00f3ry<br data-start=\"1375\" data-end=\"1378\" \/>\u2714 Ochron\u0119 przed wolnymi rodnikami i codziennym stresem<\/p>\n<p data-start=\"1430\" data-end=\"1565\">\ud83d\udc8e <strong data-start=\"1433\" data-end=\"1451\">Specjalna oferta:<\/strong> Kup ca\u0142y ten zestaw teraz po <strong data-start=\"1484\" data-end=\"1501\">obni\u017conej cenie<\/strong> \u2014 tylko przez ograniczony czas, wy\u0142\u0105cznie w <strong data-start=\"1544\" data-end=\"1562\">Bazaar Express<\/strong>.<\/p>\n<h3 data-start=\"1572\" data-end=\"1605\">\u00a0Co zawiera zestaw?<\/h3>\n<h4 data-start=\"1607\" data-end=\"1647\">1\ufe0f\u20e3 <strong data-start=\"1615\" data-end=\"1645\">Krem do twarzy z morskim kolagenem<\/strong><\/h4>\n<p data-start=\"1648\" data-end=\"1750\">Od\u017cywia sk\u00f3r\u0119 morskim kolagenem i kwasem hialuronowym, przywracaj\u0105c elastyczno\u015b\u0107 i redukuj\u0105c zmarszczki.<\/p>\n<h4 data-start=\"1752\" data-end=\"1787\">2\ufe0f\u20e3 <strong data-start=\"1760\" data-end=\"1785\">Krem z kwasem hialuronowym<\/strong><\/h4>\n<p data-start=\"1788\" data-end=\"1862\">\u201eMagnet na wilgo\u0107\u201d <strong data-start=\"1792\" data-end=\"1813\">\u201emagnet na wilgo\u0107\u201d<\/strong>, kt\u00f3ry napina, nawil\u017ca i o\u017cywia zm\u0119czon\u0105 sk\u00f3r\u0119.<\/p>\n<h4 data-start=\"1864\" data-end=\"1905\">3\ufe0f\u20e3 <strong data-start=\"1872\" data-end=\"1903\">Krem przeciwzmarszczkowy z 24K z\u0142otem<\/strong><\/h4>\n<p data-start=\"1906\" data-end=\"2027\">Wzbogacony o <strong data-start=\"1919\" data-end=\"1946\">prawdziwe cz\u0105steczki 24-karatowego z\u0142ota<\/strong>, kolagen i kwas hialuronowy dla luksusowego efektu rozja\u015bniaj\u0105cego i uj\u0119drniaj\u0105cego.<\/p>\n<h4 data-start=\"2029\" data-end=\"2077\">4\ufe0f\u20e3 <strong data-start=\"2037\" data-end=\"2075\">Krem przeciwzmarszczkowy z morskim kolagenem<\/strong><\/h4>\n<p data-start=\"2078\" data-end=\"2148\">Od\u017cywia i chroni sk\u00f3r\u0119, redukuj\u0105c widoczne oznaki starzenia przy codziennym stosowaniu.<\/p>\n<h3 data-start=\"2155\" data-end=\"2195\">\u00a0Luksusowy zestaw teraz w promocji<\/h3>\n<p data-start=\"2197\" data-end=\"2469\">To nie jest zwyk\u0142a piel\u0119gnacja \u2014 to <strong data-start=\"2231\" data-end=\"2275\">luksusowy pakiet kosmetyk\u00f3w w specjalnej cenie<\/strong>. Zr\u00f3b sobie prezent lub obdaruj blisk\u0105 osob\u0119. Dzi\u0119ki tej ograniczonej czasowo zni\u017cce <strong data-start=\"2355\" data-end=\"2388\">Najlepszy egipski zestaw do piel\u0119gnacji sk\u00f3ry<\/strong> to idealny spos\u00f3b na\u4eab\u53d7 <strong data-start=\"2417\" data-end=\"2466\">kr\u00f3lewskiej egipskiej piel\u0119gnacji urody bez przep\u0142acania<\/strong>.<\/p>\n<h3 data-start=\"2476\" data-end=\"2512\">\u00a0Dlaczego kupowa\u0107 w Bazaar Express?<\/h3>\n<ul data-start=\"2514\" data-end=\"2831\">\n<li data-start=\"2514\" data-end=\"2581\">\n<p data-start=\"2516\" data-end=\"2581\">\u2705 <strong data-start=\"2518\" data-end=\"2549\">Autentyczne egipskie produkty<\/strong> \u2013 bezpo\u015brednio z Egiptu<\/p>\n<\/li>\n<li data-start=\"2582\" data-end=\"2645\">\n<p data-start=\"2584\" data-end=\"2645\">\u2705 <strong data-start=\"2586\" data-end=\"2614\">Ekskluzywna oferta zni\u017ckowa<\/strong> \u2013 ograniczona czasowo obni\u017cona cena<\/p>\n<\/li>\n<li data-start=\"2646\" data-end=\"2692\">\n<p data-start=\"2648\" data-end=\"2692\">\u2705 <strong data-start=\"2650\" data-end=\"2672\">Wysy\u0142ka mi\u0119dzynarodowa<\/strong> \u2013 szybka i niezawodna<\/p>\n<\/li>\n<li data-start=\"2693\" data-end=\"2736\">\n<p data-start=\"2695\" data-end=\"2736\">\u2705 <strong data-start=\"2697\" data-end=\"2734\">Darmowa wysy\u0142ka przy zam\u00f3wieniach powy\u017cej 120 USD<\/strong><\/p>\n<\/li>\n<li data-start=\"2737\" data-end=\"2831\">\n<p data-start=\"2739\" data-end=\"2831\">\u2705 <strong data-start=\"2741\" data-end=\"2771\">Zaufany globalny rynek<\/strong> z egipsk\u0105 urod\u0105, bawe\u0142n\u0105, olejami i r\u0119kodzie\u0142em<\/p>\n<\/li>\n<\/ul>\n<p data-start=\"2858\" data-end=\"3130\">Wkrocz w \u015bwiat <strong data-start=\"2881\" data-end=\"2916\">staro\u017cytnych egipskich rytua\u0142\u00f3w pi\u0119kna<\/strong> z nowoczesnym akcentem. <strong data-start=\"2942\" data-end=\"3017\">Najlepszy egipski zestaw do piel\u0119gnacji sk\u00f3ry \u2013 Kremy z kolagenem, z\u0142otem i kwasem hialuronowym<\/strong> z <strong data-start=\"3023\" data-end=\"3041\">Bazaar Express<\/strong> oferuje kompletne rozwi\u0105zanie anti-aging \u2014 a teraz w <strong data-start=\"3099\" data-end=\"3127\">specjalnej zni\u017ckowej cenie<\/strong>.<\/p>\n<p data-start=\"3132\" data-end=\"3259\"><strong data-start=\"3135\" data-end=\"3165\">Kup teraz w Bazaar Express<\/strong>, zanim oferta si\u0119 sko\u0144czy, i zabierz do domu ponadczasowe sekrety pi\u0119kna Kleopatry w najlepszej cenie.<\/p>\n<p style=\"text-align: center;\">Dzi\u0119kujemy za zakupy w <a href=\"https:\/\/bazaar.express\/pl\/\">Bazaar Express<\/a> \u2013 cieszymy si\u0119, \u017ce jeste\u015b z nami!<\/p>\n<p style=\"text-align: center;\">Twoja podr\u00f3\u017c do lepszej piel\u0119gnacji siebie zaczyna si\u0119 tutaj \u2014 z <a href=\"https:\/\/bazaar.express\/product-category\/beauty-care\/\">Piel\u0119gnacj\u0105 i opiek\u0105<\/a>, kt\u00f3rej mo\u017cesz zaufa\u0107.<\/p>\n<p data-start=\"3242\" data-end=\"3330\">\n","protected":false},"excerpt":{"rendered":"<h3 data-start=\"375\" data-end=\"616\">Odkryj <strong data-start=\"423\" data-end=\"456\">Najlepszy egipski zestaw do piel\u0119gnacji sk\u00f3ry<\/strong> z Bazaar Express \u2013 4 premium kremy R&#038;B Kleopatra z kolagenem, z\u0142otem i kwasem hialuronowym. Teraz w <strong data-start=\"561\" data-end=\"589\">specjalnej zni\u017ckowej cenie<\/strong> z wysy\u0142k\u0105 mi\u0119dzynarodow\u0105.<\/h3>\n","protected":false},"featured_media":42342,"comment_status":"open","ping_status":"closed","template":"","meta":[],"product_brand":[],"product_cat":[1201,1193,1199,1192],"product_tag":[1473,1474,1470,1466,1467],"class_list":{"0":"post-42341","1":"product","2":"type-product","3":"status-publish","4":"has-post-thumbnail","6":"product_cat-gorace-okazje","7":"product_cat-lecznicze-oleje","8":"product_cat-najlepsze-z-egiptu","9":"product_cat-pielegnacja-urody","10":"product_tag-masaz","11":"product_tag-mleko-wielbladzie","12":"product_tag-olejek","13":"product_tag-pielegnacja-skory","14":"product_tag-pielegnacja-urody","16":"first","17":"instock","18":"sale","19":"shipping-taxable","20":"purchasable","21":"product-type-simple"},"_links":{"self":[{"href":"https:\/\/bazaar.express\/pl\/wp-json\/wp\/v2\/product\/42341","targetHints":{"allow":["GET"]}}],"collection":[{"href":"https:\/\/bazaar.express\/pl\/wp-json\/wp\/v2\/product"}],"about":[{"href":"https:\/\/bazaar.express\/pl\/wp-json\/wp\/v2\/types\/product"}],"replies":[{"embeddable":true,"href":"https:\/\/bazaar.express\/pl\/wp-json\/wp\/v2\/comments?post=42341"}],"wp:featuredmedia":[{"embeddable":true,"href":"https:\/\/bazaar.express\/pl\/wp-json\/wp\/v2\/media\/42342"}],"wp:attachment":[{"href":"https:\/\/bazaar.express\/pl\/wp-json\/wp\/v2\/media?parent=42341"}],"wp:term":[{"taxonomy":"product_brand","embeddable":true,"href":"https:\/\/bazaar.express\/pl\/wp-json\/wp\/v2\/product_brand?post=42341"},{"taxonomy":"product_cat","embeddable":true,"href":"https:\/\/bazaar.express\/pl\/wp-json\/wp\/v2\/product_cat?post=42341"},{"taxonomy":"product_tag","embeddable":true,"href":"https:\/\/bazaar.express\/pl\/wp-json\/wp\/v2\/product_tag?post=42341"}],"curies":[{"name":"wp","href":"https:\/\/api.w.org\/{rel}","templated":true}]}}