{"id":42348,"date":"2025-08-19T15:39:17","date_gmt":"2025-08-19T15:39:17","guid":{"rendered":"https:\/\/bazaar.express\/product\/hyaluronic-acid-cream\/"},"modified":"2025-08-19T15:39:17","modified_gmt":"2025-08-19T15:39:17","slug":"hyaluronic-acid-cream","status":"publish","type":"product","link":"https:\/\/bazaar.express\/pl\/produkt\/hyaluronic-acid-cream\/","title":{"rendered":"Krem z kwasem hialuronowym"},"content":{"rendered":"<h2 data-start=\"235\" data-end=\"300\">Krem z kwasem hialuronowym \u2013 G\u0142\u0119bokie nawil\u017cenie i piel\u0119gnacja przeciwstarzeniowa<\/h2>\n<h3 data-start=\"302\" data-end=\"338\">Czym jest krem z kwasem hialuronowym?<\/h3>\n<p data-start=\"339\" data-end=\"783\"><strong data-start=\"339\" data-end=\"364\">Krem z kwasem hialuronowym<\/strong> R&#038;B Cleopatra to luksusowy egipski produkt do piel\u0119gnacji sk\u00f3ry, zaprojektowany do walki z sucho\u015bci\u0105, zmarszczkami i pierwszymi oznakami starzenia. Kwas hialuronowy jest znany jako \u201emagnet na wilgo\u0107\u201d, poniewa\u017c potrafi zatrzyma\u0107 do 1000 razy wi\u0119cej wody ni\u017c wa\u017cy, utrzymuj\u0105c sk\u00f3r\u0119 nawil\u017con\u0105, j\u0119drn\u0105 i g\u0142adk\u0105. W po\u0142\u0105czeniu z kolagenem, witaminami i naturalnymi olejami ten krem g\u0142\u0119boko od\u017cywia sk\u00f3r\u0119, przywracaj\u0105c jej m\u0142odzie\u0144czy blask.<\/p>\n<h3 data-start=\"790\" data-end=\"833\">G\u0142\u00f3wne korzy\u015bci kremu z kwasem hialuronowym<\/h3>\n<ul data-start=\"834\" data-end=\"1445\">\n<li data-start=\"834\" data-end=\"942\">\n<p data-start=\"836\" data-end=\"942\"><strong data-start=\"836\" data-end=\"869\">Redukuje zmarszczki i drobne linie<\/strong> \u2013 Pomaga zmniejszy\u0107 widoczne oznaki starzenia i op\u00f3\u017ania ich ponowne pojawienie si\u0119.<\/p>\n<\/li>\n<li data-start=\"943\" data-end=\"1024\">\n<p data-start=\"945\" data-end=\"1024\"><strong data-start=\"945\" data-end=\"967\">Intensywnie nawil\u017ca<\/strong> \u2013 Zamyka wilgo\u0107, zapewniaj\u0105c mi\u0119kk\u0105, j\u0119drn\u0105 i promienn\u0105 sk\u00f3r\u0119.<\/p>\n<\/li>\n<li data-start=\"1025\" data-end=\"1108\">\n<p data-start=\"1027\" data-end=\"1108\"><strong data-start=\"1027\" data-end=\"1053\">Rozja\u015bnia cienie pod oczami<\/strong> \u2013 Redukuje opuchlizn\u0119 i ciemne cienie pod oczami.<\/p>\n<\/li>\n<li data-start=\"1109\" data-end=\"1206\">\n<p data-start=\"1111\" data-end=\"1206\"><strong data-start=\"1111\" data-end=\"1131\">Odm\u0142adza sk\u00f3r\u0119<\/strong> \u2013 O\u017cywia zm\u0119czon\u0105 i matow\u0105 sk\u00f3r\u0119, nadaj\u0105c jej \u015bwie\u017cszy i m\u0142odszy wygl\u0105d.<\/p>\n<\/li>\n<li data-start=\"1207\" data-end=\"1286\">\n<p data-start=\"1209\" data-end=\"1286\"><strong data-start=\"1209\" data-end=\"1229\">Uj\u0119drnia i napina<\/strong> \u2013 Zwi\u0119ksza elastyczno\u015b\u0107 dla j\u0119drniejszej i g\u0142adszej tekstury sk\u00f3ry.<\/p>\n<\/li>\n<li data-start=\"1287\" data-end=\"1357\">\n<p data-start=\"1289\" data-end=\"1357\"><strong data-start=\"1289\" data-end=\"1309\">Rozja\u015bnia przebarwienia<\/strong> \u2013 Minimalizuje pigmentacj\u0119 i wyr\u00f3wnuje koloryt sk\u00f3ry.<\/p>\n<\/li>\n<li data-start=\"1358\" data-end=\"1445\">\n<p data-start=\"1360\" data-end=\"1445\"><strong data-start=\"1360\" data-end=\"1396\">Poprawia elastyczno\u015b\u0107 i g\u0142adko\u015b\u0107<\/strong> \u2013 Zwi\u0119ksza elastyczno\u015b\u0107 i og\u00f3lny stan zdrowia sk\u00f3ry.<\/p>\n<\/li>\n<\/ul>\n<h3 data-start=\"1452\" data-end=\"1499\">G\u0142\u00f3wne sk\u0142adniki kremu z kwasem hialuronowym<\/h3>\n<ul data-start=\"1500\" data-end=\"2065\">\n<li data-start=\"1500\" data-end=\"1581\">\n<p data-start=\"1502\" data-end=\"1581\"><strong data-start=\"1502\" data-end=\"1521\">Kwas hialuronowy<\/strong> \u2013 G\u0142\u0119bokie nawil\u017cenie, efekt wype\u0142niaj\u0105cy, silne dzia\u0142anie przeciwstarzeniowe.<\/p>\n<\/li>\n<li data-start=\"1582\" data-end=\"1639\">\n<p data-start=\"1584\" data-end=\"1639\"><strong data-start=\"1584\" data-end=\"1596\">Kolagen<\/strong> \u2013 Przywraca j\u0119drno\u015b\u0107 i zmniejsza obwisanie.<\/p>\n<\/li>\n<li data-start=\"1640\" data-end=\"1720\">\n<p data-start=\"1642\" data-end=\"1720\"><strong data-start=\"1642\" data-end=\"1676\">Witamina E (Tocopheryl Acetate)<\/strong> \u2013 Ochrona antyoksydacyjna i od\u017cywienie.<\/p>\n<\/li>\n<li data-start=\"1721\" data-end=\"1806\">\n<p data-start=\"1723\" data-end=\"1806\"><strong data-start=\"1723\" data-end=\"1756\">Witamina A (Retinyl Palmitate)<\/strong> \u2013 Wspiera regeneracj\u0119 sk\u00f3ry i zmniejsza drobne zmarszczki.<\/p>\n<\/li>\n<li data-start=\"1807\" data-end=\"1888\">\n<p data-start=\"1809\" data-end=\"1888\"><strong data-start=\"1809\" data-end=\"1838\">Witamina C (Ascorbic Acid)<\/strong> \u2013 Rozja\u015bnia i stymuluje produkcj\u0119 kolagenu.<\/p>\n<\/li>\n<li data-start=\"1889\" data-end=\"1972\">\n<p data-start=\"1891\" data-end=\"1972\"><strong data-start=\"1891\" data-end=\"1924\">Hydrogenated Sweet Almond Oil<\/strong> \u2013 Naturalny emolient, kt\u00f3ry zmi\u0119kcza i wyg\u0142adza.<\/p>\n<\/li>\n<li data-start=\"1973\" data-end=\"2065\">\n<p data-start=\"1975\" data-end=\"2065\"><strong data-start=\"1975\" data-end=\"2010\">Gliceryna i naturalne nawil\u017cacze<\/strong> \u2013 Zapobiegaj\u0105 sucho\u015bci i poprawiaj\u0105 funkcj\u0119 barierow\u0105 sk\u00f3ry.<\/p>\n<\/li>\n<\/ul>\n<h3 data-start=\"2072\" data-end=\"2102\">Pe\u0142na lista sk\u0142adnik\u00f3w<\/h3>\n<p data-start=\"2103\" data-end=\"2415\">Collagen, Hyaluronic acid, Hydrogenated sweet almond oil, Dimethicone, Ascorbic acid, Stearic acid, Isopropyl Palmitate, Glycerin, Xanthan Gum, Triethanolamine, Methylparaben, Disodium EDTA, Cetyl Alcohol, Glyceryl Stearate, Phenoxyethanol, Tocopheryl Acetate (Vitamin E), Retinyl Palmitate (Vitamin A), Water.<\/p>\n<h3 data-start=\"2422\" data-end=\"2460\">Jak stosowa\u0107 krem z kwasem hialuronowym<\/h3>\n<ol data-start=\"2461\" data-end=\"2733\">\n<li data-start=\"2461\" data-end=\"2523\">\n<p data-start=\"2464\" data-end=\"2523\">Umyj twarz letni\u0105 wod\u0105 i delikatnym \u015brodkiem myj\u0105cym.<\/p>\n<\/li>\n<li data-start=\"2524\" data-end=\"2555\">\n<p data-start=\"2527\" data-end=\"2555\">Osusz mi\u0119kkim r\u0119cznikiem.<\/p>\n<\/li>\n<li data-start=\"2556\" data-end=\"2608\">\n<p data-start=\"2559\" data-end=\"2608\">Na\u0142\u00f3\u017c niewielk\u0105 ilo\u015b\u0107 kremu na sk\u00f3r\u0119.<\/p>\n<\/li>\n<li data-start=\"2609\" data-end=\"2670\">\n<p data-start=\"2612\" data-end=\"2670\">Delikatnie masuj okr\u0119\u017cnymi ruchami, a\u017c do pe\u0142nego wch\u0142oni\u0119cia.<\/p>\n<\/li>\n<li data-start=\"2671\" data-end=\"2733\">\n<p data-start=\"2674\" data-end=\"2733\">Stosuj dwa razy dziennie \u2013 rano i wieczorem \u2013 dla najlepszych rezultat\u00f3w.<\/p>\n<\/li>\n<\/ol>\n<h3 data-start=\"2740\" data-end=\"2767\">Przechowywanie i \u015brodki ostro\u017cno\u015bci<\/h3>\n<ul data-start=\"2768\" data-end=\"2917\">\n<li data-start=\"2768\" data-end=\"2819\">\n<p data-start=\"2770\" data-end=\"2819\">Przechowuj w temperaturze pokojowej (nie przekraczaj\u0105cej 30\u00b0C).<\/p>\n<\/li>\n<li data-start=\"2820\" data-end=\"2846\">\n<p data-start=\"2822\" data-end=\"2846\">Tylko do u\u017cytku zewn\u0119trznego.<\/p>\n<\/li>\n<li data-start=\"2847\" data-end=\"2882\">\n<p data-start=\"2849\" data-end=\"2882\">Unikaj kontaktu z oczami.<\/p>\n<\/li>\n<li data-start=\"2883\" data-end=\"2917\">\n<p data-start=\"2885\" data-end=\"2917\">Przechowuj poza zasi\u0119giem dzieci.<\/p>\n<\/li>\n<\/ul>\n<h3 data-start=\"2924\" data-end=\"2945\">Szczeg\u00f3\u0142y produktu<\/h3>\n<ul data-start=\"2946\" data-end=\"3080\">\n<li data-start=\"2946\" data-end=\"3009\">\n<p data-start=\"2948\" data-end=\"3009\"><strong data-start=\"2948\" data-end=\"2965\">Typ produktu:<\/strong> Kosmetyk \u2013 Krem przeciwzmarszczkowy i nawil\u017caj\u0105cy<\/p>\n<\/li>\n<li data-start=\"3010\" data-end=\"3029\">\n<p data-start=\"3012\" data-end=\"3029\"><strong data-start=\"3012\" data-end=\"3021\">Pojemno\u015b\u0107:<\/strong> 250ml<\/p>\n<\/li>\n<li data-start=\"3030\" data-end=\"3058\">\n<p data-start=\"3032\" data-end=\"3058\"><strong data-start=\"3032\" data-end=\"3042\">Marka:<\/strong> R&#038;B Cleopatra<\/p>\n<\/li>\n<li data-start=\"3059\" data-end=\"3080\">\n<p data-start=\"3061\" data-end=\"3080\"><strong data-start=\"3061\" data-end=\"3078\">Wyprodukowano w Egipcie<\/strong><\/p>\n<\/li>\n<\/ul>\n<p>&nbsp;<\/p>\n<p data-start=\"3107\" data-end=\"3466\">Odkryj moc <strong data-start=\"3128\" data-end=\"3153\">kremu z kwasem hialuronowym<\/strong> i podaruj sk\u00f3rze ultimate nawil\u017cenie, na jakie zas\u0142uguje. Z kolagenem, witaminami i naturalnymi olejami ten krem nie tylko nawil\u017ca \u2013 transformuje sk\u00f3r\u0119, czyni\u0105c j\u0105 m\u0142od\u0105, promienn\u0105 i j\u0119drn\u0105. W\u0142\u0105cz go do codziennego rytua\u0142u pi\u0119kna i odkryj g\u0142adsz\u0105, zdrowsz\u0105 i ponadczasowo pi\u0119kn\u0105 sk\u00f3r\u0119.<\/p>\n<p style=\"text-align: center;\">Dzi\u0119kujemy za zakupy w <a href=\"https:\/\/bazaar.express\/pl\/\">Bazaar Express<\/a> \u2013 cieszymy si\u0119, \u017ce jeste\u015b z nami!<\/p>\n<p style=\"text-align: center;\">Twoja droga do lepszej piel\u0119gnacji zaczyna si\u0119 tutaj \u2013 z <a href=\"https:\/\/bazaar.express\/product-category\/beauty-care\/\">Beauty &#038; Care<\/a>, \u043a\u043e\u0442\u043e\u0440\u043e\u043c\u0443 mo\u017cesz zaufa\u0107.<\/p>\n","protected":false},"excerpt":{"rendered":"<h3 data-start=\"3751\" data-end=\"3934\">Krem z kwasem hialuronowym R&#038;B Cleopatra zapewnia intensywne nawil\u017cenie, redukuje zmarszczki i poprawia elastyczno\u015b\u0107 dzi\u0119ki kolagenowi, witaminom i naturalnym olejom.<\/h3>\n<h3 data-start=\"3936\" data-end=\"3958\"><\/h3>\n","protected":false},"featured_media":42343,"comment_status":"open","ping_status":"closed","template":"","meta":[],"product_brand":[],"product_cat":[1192,1201,1193,1199],"product_tag":[1470,1466,1467],"class_list":{"0":"post-42348","1":"product","2":"type-product","3":"status-publish","4":"has-post-thumbnail","6":"product_cat-pielegnacja-urody","7":"product_cat-gorace-okazje","8":"product_cat-lecznicze-oleje","9":"product_cat-najlepsze-z-egiptu","10":"product_tag-olejek","11":"product_tag-pielegnacja-skory","12":"product_tag-pielegnacja-urody","14":"first","15":"instock","16":"sale","17":"shipping-taxable","18":"purchasable","19":"product-type-simple"},"_links":{"self":[{"href":"https:\/\/bazaar.express\/pl\/wp-json\/wp\/v2\/product\/42348","targetHints":{"allow":["GET"]}}],"collection":[{"href":"https:\/\/bazaar.express\/pl\/wp-json\/wp\/v2\/product"}],"about":[{"href":"https:\/\/bazaar.express\/pl\/wp-json\/wp\/v2\/types\/product"}],"replies":[{"embeddable":true,"href":"https:\/\/bazaar.express\/pl\/wp-json\/wp\/v2\/comments?post=42348"}],"wp:featuredmedia":[{"embeddable":true,"href":"https:\/\/bazaar.express\/pl\/wp-json\/wp\/v2\/media\/42343"}],"wp:attachment":[{"href":"https:\/\/bazaar.express\/pl\/wp-json\/wp\/v2\/media?parent=42348"}],"wp:term":[{"taxonomy":"product_brand","embeddable":true,"href":"https:\/\/bazaar.express\/pl\/wp-json\/wp\/v2\/product_brand?post=42348"},{"taxonomy":"product_cat","embeddable":true,"href":"https:\/\/bazaar.express\/pl\/wp-json\/wp\/v2\/product_cat?post=42348"},{"taxonomy":"product_tag","embeddable":true,"href":"https:\/\/bazaar.express\/pl\/wp-json\/wp\/v2\/product_tag?post=42348"}],"curies":[{"name":"wp","href":"https:\/\/api.w.org\/{rel}","templated":true}]}}