{"id":42519,"date":"2025-01-14T16:27:07","date_gmt":"2025-01-14T16:27:07","guid":{"rendered":"https:\/\/bazaar.express\/product\/pharaonic-magnets\/"},"modified":"2025-01-14T16:27:07","modified_gmt":"2025-01-14T16:27:07","slug":"pharaonic-magnets","status":"publish","type":"product","link":"https:\/\/bazaar.express\/pl\/produkt\/pharaonic-magnets\/","title":{"rendered":"Faraonowe magnesy"},"content":{"rendered":"<h2 data-start=\"117\" data-end=\"208\">Faraonowe magnesy z br\u0105zu \u2013 Du\u017cy zestaw 12 szt. | Elegancka staroegipska dekoracja<\/h2>\n<h3 data-start=\"210\" data-end=\"263\">Dodaj kr\u00f3lewski akcent staro\u017cytnego Egiptu do swojego domu<\/h3>\n<p data-start=\"265\" data-end=\"791\">Odkryj pi\u0119kno, symbolik\u0119 i mistyk\u0119 staro\u017cytnej sztuki egipskiej dzi\u0119ki temu r\u0119cznie wykonanemu <strong data-start=\"355\" data-end=\"386\">zestawowi faraonowych magnes\u00f3w z br\u0105zu<\/strong>. Ten du\u017cy zestaw zawiera <strong data-start=\"424\" data-end=\"460\">12 indywidualnie zaprojektowanych magnes\u00f3w<\/strong>, wykonanych z wysokiej jako\u015bci stopu aluminium, miedzi i metalu. Ka\u017cdy egzemplarz przedstawia unikalny symbol faraonowy, od ikonicznych postaci jak <strong data-start=\"589\" data-end=\"609\">kr\u00f3l Tutanchamon<\/strong> po motywy kulturowe takie jak wielb\u0142\u0105dy, piramidy i boginie. Starannie dopracowane i wzbogacone o <strong data-start=\"704\" data-end=\"728\">kolorowe koraliki szklane<\/strong>, te magnesy o\u017cywiaj\u0105 histori\u0119 z nut\u0105 elegancji.<\/p>\n<h3 data-start=\"798\" data-end=\"842\">Najwa\u017cniejsze cechy zestawu magnes\u00f3w faraonowych<\/h3>\n<h4 data-start=\"844\" data-end=\"891\"> Wysokiej jako\u015bci materia\u0142y i rzemios\u0142o<\/h4>\n<p data-start=\"892\" data-end=\"1082\">Wykonane z wysokiej jako\u015bci stopu aluminium, miedzi i metalu dla trwa\u0142ego pi\u0119kna i wytrzyma\u0142o\u015bci. Ka\u017cdy magnes jest <strong data-start=\"995\" data-end=\"1016\">r\u0119cznie robiony w Egipcie<\/strong> przez wykwalifikowanych rzemie\u015blnik\u00f3w, co gwarantuje autentyczny urok i warto\u015b\u0107 kulturow\u0105.<\/p>\n<h4 data-start=\"1084\" data-end=\"1125\"> Ikoniczne wzory staro\u017cytnego Egiptu<\/h4>\n<p data-start=\"1126\" data-end=\"1197\">Ka\u017cdy magnes przedstawia odr\u0119bny symbol lub scen\u0119 faraonow\u0105, w tym:<\/p>\n<ul data-start=\"1198\" data-end=\"1347\">\n<li data-start=\"1198\" data-end=\"1224\">\n<p data-start=\"1200\" data-end=\"1224\">Tutanchamon (Kr\u00f3l Tut)<\/p>\n<\/li>\n<li data-start=\"1225\" data-end=\"1256\">\n<p data-start=\"1227\" data-end=\"1256\">Sfinks i piramidy<\/p>\n<\/li>\n<li data-start=\"1257\" data-end=\"1284\">\n<p data-start=\"1259\" data-end=\"1284\">Nefertiti i Tutanchamon<\/p>\n<\/li>\n<li data-start=\"1285\" data-end=\"1304\">\n<p data-start=\"1287\" data-end=\"1304\">Wielb\u0142\u0105d i Beduin<\/p>\n<\/li>\n<li data-start=\"1305\" data-end=\"1321\">\n<p data-start=\"1307\" data-end=\"1321\">Faraon Izyda<\/p>\n<\/li>\n<li data-start=\"1322\" data-end=\"1347\">\n<p data-start=\"1324\" data-end=\"1347\">God\u0142o \u201eKocham Egipt\u201d<\/p>\n<\/li>\n<\/ul>\n<p data-start=\"1349\" data-end=\"1445\">Te znane obrazy odzwierciedlaj\u0105 chwa\u0142\u0119 i wspania\u0142o\u015b\u0107 staro\u017cytnej historii i mitologii Egiptu.<\/p>\n<h4 data-start=\"1447\" data-end=\"1495\"> Wyko\u0144czenie br\u0105zowe z kolorowymi koralikami szklanymi<\/h4>\n<p data-start=\"1496\" data-end=\"1637\">Bogate <strong data-start=\"1505\" data-end=\"1528\">wyko\u0144czenie w odcieniach br\u0105zu<\/strong> nadaje ka\u017cdemu magnesowi kr\u00f3lewski, ponadczasowy wygl\u0105d, podczas gdy kolorowe koraliki szklane dodaj\u0105 \u017cywy akcent artystyczny.<\/p>\n<h4 data-start=\"1639\" data-end=\"1677\"> Idealny rozmiar i waga<\/h4>\n<ul data-start=\"1678\" data-end=\"1828\">\n<li data-start=\"1678\" data-end=\"1716\">\n<p data-start=\"1680\" data-end=\"1716\">Waga jednego magnesu: Ok. <strong data-start=\"1707\" data-end=\"1714\">45 g<\/strong><\/p>\n<\/li>\n<li data-start=\"1717\" data-end=\"1828\">\n<p data-start=\"1719\" data-end=\"1828\">Ca\u0142kowita waga zestawu: Ok. <strong data-start=\"1745\" data-end=\"1753\">415 g<\/strong><br data-start=\"1753\" data-end=\"1756\" \/>Idealne do lod\u00f3wek, metalowych drzwi, szafek na dokumenty lub dekoracyjnych tablic.<\/p>\n<\/li>\n<\/ul>\n<h3 data-start=\"1835\" data-end=\"1877\">Unikalny i zapadaj\u0105cy w pami\u0119\u0107 prezent z Egiptu<\/h3>\n<p data-start=\"1879\" data-end=\"2182\">Ten zestaw to <strong data-start=\"1896\" data-end=\"1927\">wspania\u0142a egipska pami\u0105tka<\/strong> lub <strong data-start=\"1931\" data-end=\"1952\">przemy\u015blany prezent<\/strong> dla ka\u017cdego, kto fascynuje si\u0119 archeologi\u0105, staro\u017cytn\u0105 histori\u0105 lub egzotycznym wystrojem domu. Bez wzgl\u0119du na to, czy kupujesz go dla <strong data-start=\"2059\" data-end=\"2113\">podr\u00f3\u017cnika, ucznia, nauczyciela, kolekcjonera lub przyjaciela<\/strong>, zestaw stanowi warto\u015bciowy i elegancki upominek odpowiedni dla wszystkich grup wiekowych.<\/p>\n<h3 data-start=\"2189\" data-end=\"2205\">Idealny do:<\/h3>\n<ul data-start=\"2206\" data-end=\"2535\">\n<li data-start=\"2206\" data-end=\"2296\">\n<p data-start=\"2208\" data-end=\"2296\"><strong data-start=\"2208\" data-end=\"2231\">Dekoracji domu i biura<\/strong> \u2013 Wprowad\u017a egipskie dziedzictwo do swojej przestrzeni \u017cyciowej lub roboczej.<\/p>\n<\/li>\n<li data-start=\"2297\" data-end=\"2369\">\n<p data-start=\"2299\" data-end=\"2369\"><strong data-start=\"2299\" data-end=\"2317\">Sklep\u00f3w z pami\u0105tkami<\/strong> \u2013 Atrakcyjny produkt dla turyst\u00f3w odwiedzaj\u0105cych Egipt.<\/p>\n<\/li>\n<li data-start=\"2370\" data-end=\"2451\">\n<p data-start=\"2372\" data-end=\"2451\"><strong data-start=\"2372\" data-end=\"2390\">Prezent\u00f3w kulturowych<\/strong> \u2013 \u015awietny na \u015bwi\u0119ta, urodziny lub edukacyjne niespodzianki.<\/p>\n<\/li>\n<li data-start=\"2452\" data-end=\"2535\">\n<p data-start=\"2454\" data-end=\"2535\"><strong data-start=\"2454\" data-end=\"2474\">Przedmiotu dla kolekcjoner\u00f3w<\/strong> \u2013 Niezb\u0119dny dla mi\u0142o\u015bnik\u00f3w faraonowych artefakt\u00f3w i historii.<\/p>\n<\/li>\n<\/ul>\n<h3 data-start=\"2853\" data-end=\"2900\">Wprowad\u017a staro\u017cytny Egipt do swojego codziennego \u017cycia<\/h3>\n<p data-start=\"2902\" data-end=\"3167\">Niech te pi\u0119kne <strong data-start=\"2922\" data-end=\"2956\">faraonowe magnesy z br\u0105zu<\/strong> codziennie przypominaj\u0105 Ci o magii staro\u017cytnego Egiptu. Czy eksponujesz je w domu, w biurze, czy podarujesz komu\u015b bliskiemu, s\u0105 czym\u015b wi\u0119cej ni\u017c tylko magnesami \u2013 to celebracja dziedzictwa i sztuki.<\/p>\n<p data-start=\"3169\" data-end=\"3237\"><strong data-start=\"3169\" data-end=\"3237\">Zam\u00f3w teraz i zabierz do domu kr\u00f3lewski kawa\u0142ek egipskiej historii.<\/strong><\/p>\n<p style=\"text-align: center;\">Dzi\u0119kujemy za zakupy w <em data-start=\"415\" data-end=\"431\"><a href=\"https:\/\/bazaar.express\/pl\/\">Bazaar Express<\/a><\/em> \u2013 cieszymy si\u0119, \u017ce jeste\u015b z nami!<\/p>\n<p style=\"text-align: center;\">Odkryj urok staro\u017cytnej sztuki w naszej kolekcji <a href=\"https:\/\/bazaar.express\/product-category\/egyptian-treasures\/\">Egipskich Skarb\u00f3w<\/a>.<\/p>\n","protected":false},"excerpt":{"rendered":"<h3 data-start=\"406\" data-end=\"631\">Wprowad\u017a urok staro\u017cytnego Egiptu do swojego domu dzi\u0119ki r\u0119cznie wykonanemu zestawowi 12 du\u017cych faraonowych magnes\u00f3w z br\u0105zu. Ka\u017cdy magnes przedstawia znany egipski symbol z kolorowymi akcentami koralik\u00f3w \u2013 idealny na prezenty, dekoracje lub dla kolekcjoner\u00f3w.<\/h3>\n","protected":false},"featured_media":42521,"comment_status":"open","ping_status":"closed","template":"","meta":[],"product_brand":[],"product_cat":[1197,1199],"product_tag":[],"class_list":{"0":"post-42519","1":"product","2":"type-product","3":"status-publish","4":"has-post-thumbnail","6":"product_cat-egipskie-skarby","7":"product_cat-najlepsze-z-egiptu","9":"first","10":"instock","11":"sale","12":"shipping-taxable","13":"purchasable","14":"product-type-simple"},"_links":{"self":[{"href":"https:\/\/bazaar.express\/pl\/wp-json\/wp\/v2\/product\/42519","targetHints":{"allow":["GET"]}}],"collection":[{"href":"https:\/\/bazaar.express\/pl\/wp-json\/wp\/v2\/product"}],"about":[{"href":"https:\/\/bazaar.express\/pl\/wp-json\/wp\/v2\/types\/product"}],"replies":[{"embeddable":true,"href":"https:\/\/bazaar.express\/pl\/wp-json\/wp\/v2\/comments?post=42519"}],"wp:featuredmedia":[{"embeddable":true,"href":"https:\/\/bazaar.express\/pl\/wp-json\/wp\/v2\/media\/42521"}],"wp:attachment":[{"href":"https:\/\/bazaar.express\/pl\/wp-json\/wp\/v2\/media?parent=42519"}],"wp:term":[{"taxonomy":"product_brand","embeddable":true,"href":"https:\/\/bazaar.express\/pl\/wp-json\/wp\/v2\/product_brand?post=42519"},{"taxonomy":"product_cat","embeddable":true,"href":"https:\/\/bazaar.express\/pl\/wp-json\/wp\/v2\/product_cat?post=42519"},{"taxonomy":"product_tag","embeddable":true,"href":"https:\/\/bazaar.express\/pl\/wp-json\/wp\/v2\/product_tag?post=42519"}],"curies":[{"name":"wp","href":"https:\/\/api.w.org\/{rel}","templated":true}]}}