{"id":42522,"date":"2025-01-14T16:01:03","date_gmt":"2025-01-14T16:01:03","guid":{"rendered":"https:\/\/bazaar.express\/product\/pharaonic-magnets-2\/"},"modified":"2025-01-14T16:01:03","modified_gmt":"2025-01-14T16:01:03","slug":"pharaonic-magnets-2","status":"publish","type":"product","link":"https:\/\/bazaar.express\/pl\/produkt\/pharaonic-magnets-2\/","title":{"rendered":"Faraoniczne magnesy"},"content":{"rendered":"<h2 data-start=\"270\" data-end=\"352\">Faraoniczne z\u0142ote metalowe magnesy na lod\u00f3wk\u0119 \u2013 Zestaw 12 | Unikalny egipski prezent-pami\u0105tka<\/h2>\n<h3 data-start=\"354\" data-end=\"430\">Dodaj kr\u00f3lewski egipski akcent do domu z tym r\u0119cznie wykonanym zestawem magnes\u00f3w<\/h3>\n<p data-start=\"432\" data-end=\"707\">Odkryj urok staro\u017cytnego Egiptu z tym <strong data-start=\"487\" data-end=\"536\">zestawem 12 faraonicznych z\u0142otych metalowych magnes\u00f3w na lod\u00f3wk\u0119<\/strong>, pi\u0119knie wykonanym przez egipskich rzemie\u015blnik\u00f3w. Ka\u017cdy magnes to wi\u0119cej ni\u017c praktyczny przedmiot \u2013 to miniaturowe dzie\u0142o sztuki wprowadzaj\u0105ce histori\u0119 i elegancj\u0119 do codziennego \u017cycia.<\/p>\n<p data-start=\"709\" data-end=\"966\">Magnesy wykonane s\u0105 z wysokiej jako\u015bci <strong data-start=\"750\" data-end=\"787\">stopu aluminium, miedzi i metalu<\/strong>, dzi\u0119ki czemu s\u0105 trwa\u0142e i d\u0142ugowieczne. Ka\u017cdy egzemplarz ozdobiono <strong data-start=\"854\" data-end=\"878\">kolorowymi szklanymi koralikami<\/strong> i wyko\u0144czono luksusowymi z\u0142otymi tonami, odzwierciedlaj\u0105cymi wielko\u015b\u0107 egipskich ikon.<\/p>\n<h3 data-start=\"973\" data-end=\"1010\">Co czyni te magnesy wyj\u0105tkowymi?<\/h3>\n<h4 data-start=\"1012\" data-end=\"1039\">\ud83d\udd39 Materia\u0142y premium<\/h4>\n<p data-start=\"1040\" data-end=\"1158\">Wykonane z najwy\u017cszej jako\u015bci stopu aluminium, miedzi i metalu, \u0142\u0105cz\u0105 trwa\u0142o\u015b\u0107 z eleganckim wygl\u0105dem.<\/p>\n<h4 data-start=\"1160\" data-end=\"1194\">\ud83d\udd39 Autentyczne egipskie ikony<\/h4>\n<p data-start=\"1195\" data-end=\"1302\">Zestaw zawiera szczeg\u00f3\u0142owe wizerunki najbardziej rozpoznawalnych postaci i symboli staro\u017cytnego Egiptu, w tym:<\/p>\n<ul data-start=\"1303\" data-end=\"1429\">\n<li data-start=\"1303\" data-end=\"1323\">\n<p data-start=\"1305\" data-end=\"1323\">Kr\u00f3l Tutanchamon<\/p>\n<\/li>\n<li data-start=\"1324\" data-end=\"1349\">\n<p data-start=\"1326\" data-end=\"1349\">Kleopatra i Nefertiti<\/p>\n<\/li>\n<li data-start=\"1350\" data-end=\"1381\">\n<p data-start=\"1352\" data-end=\"1381\">Sfinks i piramidy<\/p>\n<\/li>\n<li data-start=\"1382\" data-end=\"1402\">\n<p data-start=\"1384\" data-end=\"1402\">Egipski kot<\/p>\n<\/li>\n<li data-start=\"1403\" data-end=\"1429\">\n<p data-start=\"1405\" data-end=\"1429\">Sceny z Beduinami i wielb\u0142\u0105dami<\/p>\n<\/li>\n<\/ul>\n<p data-start=\"1431\" data-end=\"1500\">Ka\u017cdy element oddaje mistyk\u0119 i moc legendarnej przesz\u0142o\u015bci Egiptu.<\/p>\n<h4 data-start=\"1502\" data-end=\"1531\">\ud83d\udd39 Eleganckie z\u0142ote wyko\u0144czenie<\/h4>\n<p data-start=\"1532\" data-end=\"1638\">Magnesy wyr\u00f3\u017cniaj\u0105 si\u0119 b\u0142yszcz\u0105cym z\u0142otym wyko\u0144czeniem, nadaj\u0105cym kr\u00f3lewski wygl\u0105d na ka\u017cdej powierzchni.<\/p>\n<h4 data-start=\"1640\" data-end=\"1671\">\ud83d\udd39 Idealny rozmiar i waga<\/h4>\n<p data-start=\"1672\" data-end=\"1808\">Ka\u017cdy magnes wa\u017cy oko\u0142o <strong data-start=\"1697\" data-end=\"1709\">30 gram\u00f3w<\/strong>, a ca\u0142y zestaw oko\u0142o <strong data-start=\"1745\" data-end=\"1758\">260 gram\u00f3w<\/strong> \u2013 idealne do \u0142atwego wyeksponowania bez nadmiernej masy.<\/p>\n<h4 data-start=\"1810\" data-end=\"1837\">\ud83d\udd39 R\u0119cznie wykonane w Egipcie<\/h4>\n<p data-start=\"1838\" data-end=\"1959\">Ka\u017cdy egzemplarz jest <strong data-start=\"1853\" data-end=\"1886\">r\u0119cznie wykonany przez lokalnych rzemie\u015blnik\u00f3w<\/strong>, co czyni go znacz\u0105c\u0105 pami\u0105tk\u0105 wspieraj\u0105c\u0105 egipskie rzemios\u0142o.<\/p>\n<h3 data-start=\"1966\" data-end=\"2010\">Przemy\u015blany prezent i autentyczna pami\u0105tka<\/h3>\n<p data-start=\"2012\" data-end=\"2125\">Szukasz unikalnego, przyst\u0119pnego cenowo i znacz\u0105cego prezentu? Ten faraoniczny z\u0142oty zestaw magnes\u00f3w jest idealny dla:<\/p>\n<ul data-start=\"2126\" data-end=\"2490\">\n<li data-start=\"2126\" data-end=\"2218\">\n<p data-start=\"2128\" data-end=\"2218\"><strong data-start=\"2128\" data-end=\"2154\">Mi\u0142o\u015bnik\u00f3w aran\u017cacji wn\u0119trz<\/strong> \u2013 Dodaj kr\u00f3lewskiego szyku do kuchni, lod\u00f3wki lub biura.<\/p>\n<\/li>\n<li data-start=\"2219\" data-end=\"2314\">\n<p data-start=\"2221\" data-end=\"2314\"><strong data-start=\"2221\" data-end=\"2242\">Dzieci i uczni\u00f3w<\/strong> \u2013 Zabawny i edukacyjny spos\u00f3b wprowadzenia dzieci w staro\u017cytn\u0105 histori\u0119.<\/p>\n<\/li>\n<li data-start=\"2315\" data-end=\"2397\">\n<p data-start=\"2317\" data-end=\"2397\"><strong data-start=\"2317\" data-end=\"2343\">Podr\u00f3\u017cnik\u00f3w i turyst\u00f3w<\/strong> \u2013 Ponadczasowa i lekka pami\u0105tka do zabrania do domu.<\/p>\n<\/li>\n<li data-start=\"2398\" data-end=\"2490\">\n<p data-start=\"2400\" data-end=\"2490\"><strong data-start=\"2400\" data-end=\"2433\">Kolekcjoner\u00f3w i mi\u0142o\u015bnik\u00f3w kultury<\/strong> \u2013 Eleganckie dope\u0142nienie kolekcji o tematyce egipskiej.<\/p>\n<\/li>\n<\/ul>\n<h3 data-start=\"2807\" data-end=\"2856\">Przenie\u015b do domu kawa\u0142ek wiecznej chwa\u0142y Egiptu<\/h3>\n<p data-start=\"2858\" data-end=\"3148\">Niezale\u017cnie, czy dekorujesz przestrze\u0144, szukasz unikalnego prezentu, czy celebrujesz mi\u0142o\u015b\u0107 do staro\u017cytnej kultury, te <strong data-start=\"2976\" data-end=\"3015\">faraoniczne z\u0142ote metalowe magnesy na lod\u00f3wk\u0119<\/strong> s\u0105 doskona\u0142ym wyborem. Pi\u0119kne, znacz\u0105ce i wykonane z trosk\u0105 w Egipcie \u2013 ma\u0142y kawa\u0142ek historii do trzymania w d\u0142oni.<\/p>\n<p data-start=\"3150\" data-end=\"3232\">\ud83d\uded2 <strong data-start=\"3153\" data-end=\"3232\">Zam\u00f3w ju\u017c dzi\u015b i pozw\u00f3l, by ponadczasowa magia Egiptu b\u0142yszcza\u0142a z lod\u00f3wki!<\/strong><\/p>\n<p style=\"text-align: center;\">Dzi\u0119kujemy za zakupy w <em data-start=\"415\" data-end=\"431\"><a href=\"https:\/\/bazaar.express\/pl\/\">Bazaar Express<\/a><\/em> \u2013 cieszymy si\u0119, \u017ce jeste\u015b z nami!<\/p>\n<p style=\"text-align: center;\">Odkryj urok staro\u017cytnej sztuki z nasz\u0105 kolekcj\u0105 <a href=\"https:\/\/bazaar.express\/product-category\/egyptian-treasures\/\">Egyptian Treasures<\/a>.<\/p>\n","protected":false},"excerpt":{"rendered":"<h3 data-start=\"439\" data-end=\"732\">R\u0119cznie wykonany zestaw 12 faraonicznych z\u0142otych metalowych magnes\u00f3w na lod\u00f3wk\u0119 z ikonami egipskimi, takimi jak Tutanchamon, Kleopatra i Sfinks. Wykonany ze stopu aluminium i ozdobiony kolorowymi szklanymi koralikami, wnosi dekoracyjny i kulturowy akcent do domu, lod\u00f3wki lub pude\u0142ka prezentowego.<\/h3>\n","protected":false},"featured_media":42528,"comment_status":"open","ping_status":"closed","template":"","meta":[],"product_brand":[],"product_cat":[1197,1201,1199],"product_tag":[],"class_list":{"0":"post-42522","1":"product","2":"type-product","3":"status-publish","4":"has-post-thumbnail","6":"product_cat-egipskie-skarby","7":"product_cat-gorace-okazje","8":"product_cat-najlepsze-z-egiptu","10":"first","11":"instock","12":"sale","13":"shipping-taxable","14":"purchasable","15":"product-type-simple"},"_links":{"self":[{"href":"https:\/\/bazaar.express\/pl\/wp-json\/wp\/v2\/product\/42522","targetHints":{"allow":["GET"]}}],"collection":[{"href":"https:\/\/bazaar.express\/pl\/wp-json\/wp\/v2\/product"}],"about":[{"href":"https:\/\/bazaar.express\/pl\/wp-json\/wp\/v2\/types\/product"}],"replies":[{"embeddable":true,"href":"https:\/\/bazaar.express\/pl\/wp-json\/wp\/v2\/comments?post=42522"}],"wp:featuredmedia":[{"embeddable":true,"href":"https:\/\/bazaar.express\/pl\/wp-json\/wp\/v2\/media\/42528"}],"wp:attachment":[{"href":"https:\/\/bazaar.express\/pl\/wp-json\/wp\/v2\/media?parent=42522"}],"wp:term":[{"taxonomy":"product_brand","embeddable":true,"href":"https:\/\/bazaar.express\/pl\/wp-json\/wp\/v2\/product_brand?post=42522"},{"taxonomy":"product_cat","embeddable":true,"href":"https:\/\/bazaar.express\/pl\/wp-json\/wp\/v2\/product_cat?post=42522"},{"taxonomy":"product_tag","embeddable":true,"href":"https:\/\/bazaar.express\/pl\/wp-json\/wp\/v2\/product_tag?post=42522"}],"curies":[{"name":"wp","href":"https:\/\/api.w.org\/{rel}","templated":true}]}}