{"id":42548,"date":"2025-01-14T01:12:09","date_gmt":"2025-01-14T01:12:09","guid":{"rendered":"https:\/\/bazaar.express\/product\/egyptian-tea\/"},"modified":"2025-01-14T01:12:09","modified_gmt":"2025-01-14T01:12:09","slug":"egyptian-tea","status":"publish","type":"product","link":"https:\/\/bazaar.express\/pl\/produkt\/egyptian-tea\/","title":{"rendered":"Egipska herbata"},"content":{"rendered":"<h2 data-start=\"270\" data-end=\"338\">Odkryj naturaln\u0105 moc Desert Eagle leczniczej egipskiej herbaty<\/h2>\n<h3 data-start=\"340\" data-end=\"383\"> Staro\u017cytna egipska m\u0105dro\u015b\u0107 w ka\u017cdym \u0142yku<\/h3>\n<p data-start=\"385\" data-end=\"723\">Odkryj zdrowotne sekrety staro\u017cytnego Egiptu z <strong data-start=\"433\" data-end=\"474\">Desert Eagle lecznicz\u0105 egipsk\u0105 herbat\u0105<\/strong>\u2014starannie dobranym zio\u0142owym \u015brodkiem leczniczym z najlepszych sk\u0142adnik\u00f3w natury. Idealna dla os\u00f3b poszukuj\u0105cych holistycznego dobrostanu, lepszej odporno\u015bci lub naturalnej ulgi w stresie, ta herbata \u0142\u0105czy autentyczne egipskie zio\u0142a z wielowiekowymi tradycjami leczniczymi.<\/p>\n<p data-start=\"725\" data-end=\"889\">Niezale\u017cnie od tego, czy chcesz si\u0119 odpr\u0119\u017cy\u0107 po ci\u0119\u017ckim dniu, zwi\u0119kszy\u0107 metabolizm czy wspom\u00f3c uk\u0142ad odporno\u015bciowy, ta herbata oferuje koj\u0105c\u0105 fili\u017cank\u0119 spokoju i witalno\u015bci.<\/p>\n<h3 data-start=\"896\" data-end=\"952\"> Dlaczego wybra\u0107 lecznicz\u0105 egipsk\u0105 herbat\u0119 Desert Eagle?<\/h3>\n<p data-start=\"954\" data-end=\"1223\">W <strong data-start=\"957\" data-end=\"973\">Desert Eagle<\/strong> z dum\u0105 przygotowujemy wysokiej jako\u015bci herbaty na dobre samopoczucie z najbogatszych egipskich zasob\u00f3w zio\u0142owych. Nasze herbaty to nie tylko smak\u2014s\u0105 funkcjonalne. Ka\u017cda mieszanka zosta\u0142a zaprojektowana, aby zapewni\u0107 <strong data-start=\"1148\" data-end=\"1172\">rzeczywiste korzy\u015bci zdrowotne<\/strong>, oparte na m\u0105dro\u015bci egipskiej medycyny zio\u0142owej.<\/p>\n<ul data-start=\"1225\" data-end=\"1488\">\n<li data-start=\"1225\" data-end=\"1319\">\n<p data-start=\"1227\" data-end=\"1319\"><strong data-start=\"1227\" data-end=\"1265\">Pochodz\u0105ce z \u017cyznej gleby Egiptu:<\/strong> Uprawiane na ziemiach bogatych w sk\u0142adniki od\u017cywcze i zbierane z dba\u0142o\u015bci\u0105.<\/p>\n<\/li>\n<li data-start=\"1320\" data-end=\"1426\">\n<p data-start=\"1322\" data-end=\"1426\"><strong data-start=\"1322\" data-end=\"1347\">Przygotowane z my\u015bl\u0105 o zdrowiu:<\/strong> Ka\u017cde opakowanie herbaty 160 g jest starannie zmieszane, aby wspiera\u0107 codzienne potrzeby zdrowotne.<\/p>\n<\/li>\n<li data-start=\"1427\" data-end=\"1488\">\n<p data-start=\"1429\" data-end=\"1488\"><strong data-start=\"1429\" data-end=\"1459\">Bez chemikali\u00f3w ani dodatk\u00f3w:<\/strong> Tylko czysta naturalna jako\u015b\u0107.<\/p>\n<\/li>\n<\/ul>\n<h3 data-start=\"1495\" data-end=\"1544\"> Kluczowe korzy\u015bci zdrowotne zio\u0142owej egipskiej herbaty<\/h3>\n<h4 data-start=\"1546\" data-end=\"1578\"> Wzmocnij uk\u0142ad odporno\u015bciowy<\/h4>\n<p data-start=\"1579\" data-end=\"1701\">Bogate w antyoksydanty i sk\u0142adniki od\u017cywcze, nasze lecznicze herbaty pomagaj\u0105 organizmowi zwalcza\u0107 choroby i zachowa\u0107 odporno\u015b\u0107 przez ca\u0142y rok.<\/p>\n<h4 data-start=\"1703\" data-end=\"1742\"> Ulga w stresie i lepszy sen<\/h4>\n<p data-start=\"1743\" data-end=\"1849\">Ciesz si\u0119 uspokajaj\u0105cymi zio\u0142ami, kt\u00f3re promuj\u0105 relaks i zmniejszaj\u0105 niepok\u00f3j, pomagaj\u0105c odpr\u0119\u017cy\u0107 si\u0119 i lepiej spa\u0107.<\/p>\n<h4 data-start=\"1851\" data-end=\"1881\"> Zwi\u0119ksz energi\u0119 i koncentracj\u0119<\/h4>\n<p data-start=\"1882\" data-end=\"1991\">Wybrane mieszanki zosta\u0142y specjalnie zaprojektowane, aby zwi\u0119ksza\u0107 czujno\u015b\u0107 i klarowno\u015b\u0107 umys\u0142u\u2014bez efektu spadku po kofeinie.<\/p>\n<h4 data-start=\"1993\" data-end=\"2031\"> Wsparcie trawienia i zdrowia jelit<\/h4>\n<p data-start=\"2032\" data-end=\"2147\">Zio\u0142owe napary takie jak any\u017c, koper w\u0142oski i mi\u0119ta doskonale \u0142agodz\u0105 wzd\u0119cia, uspokajaj\u0105 \u017co\u0142\u0105dek i wspomagaj\u0105 trawienie.<\/p>\n<h4 data-start=\"2149\" data-end=\"2182\"> Naturalne wsparcie w kontroli wagi<\/h4>\n<p data-start=\"2183\" data-end=\"2297\">Wybrane zio\u0142owe kombinacje pomagaj\u0105 stymulowa\u0107 metabolizm i wspiera\u0107 spalanie t\u0142uszczu\u2014idealne dla Twoich cel\u00f3w odchudzaj\u0105cych.<\/p>\n<h3 data-start=\"2304\" data-end=\"2329\"> Co nas wyr\u00f3\u017cnia<\/h3>\n<p data-start=\"2331\" data-end=\"2546\">Lecznicza egipska herbata Desert Eagle to nie tylko produkt\u2014to <strong data-start=\"2397\" data-end=\"2419\">rytua\u0142 dobrostanu<\/strong>. Bez wzgl\u0119du na to, czy dopiero zaczynasz przygod\u0119 z herbatami zio\u0142owymi, czy jeste\u015b wieloletnim entuzjast\u0105, nasze mieszanki oferuj\u0105 bogate, aromatyczne i skoncentrowane na zdrowiu do\u015bwiadczenie.<\/p>\n<ul data-start=\"2548\" data-end=\"2680\">\n<li data-start=\"2548\" data-end=\"2566\">\n<p data-start=\"2550\" data-end=\"2566\"><strong data-start=\"2550\" data-end=\"2561\">Waga:<\/strong> 160g<\/p>\n<\/li>\n<li data-start=\"2567\" data-end=\"2594\">\n<p data-start=\"2569\" data-end=\"2594\"><strong data-start=\"2569\" data-end=\"2580\">Pochodzenie:<\/strong> Wyprodukowano w Egipcie<\/p>\n<\/li>\n<li data-start=\"2595\" data-end=\"2680\">\n<p data-start=\"2597\" data-end=\"2680\"><strong data-start=\"2597\" data-end=\"2611\">Idealna dla:<\/strong> mi\u0142o\u015bnik\u00f3w dobrostanu, entuzjast\u00f3w herbaty i os\u00f3b poszukuj\u0105cych naturalnych \u015brodk\u00f3w<\/p>\n<\/li>\n<\/ul>\n<h3 data-start=\"3070\" data-end=\"3110\"> Odbierz dobrostan po egipsku<\/h3>\n<p data-start=\"3112\" data-end=\"3354\">Z <strong data-start=\"3117\" data-end=\"3158\">Desert Eagle lecznicz\u0105 egipsk\u0105 herbat\u0105<\/strong> nie tylko pijesz herbat\u0119\u2014po\u0142\u0105cz si\u0119 z wiekami zio\u0142owej m\u0105dro\u015bci. Odkryj naturalny, wolny od kofeiny spos\u00f3b na lepsze samopoczucie, zdrowsze \u017cycie i wsparcie potrzeb organizmu kubek po kubku.<\/p>\n<p data-start=\"3356\" data-end=\"3425\"><strong data-start=\"3356\" data-end=\"3425\">Kup teraz i poczuj lecznicz\u0105 esencj\u0119 Egiptu w ka\u017cdym \u0142yku.<\/strong><\/p>\n<p style=\"text-align: center;\">Dzi\u0119kujemy za zakupy w <em data-start=\"415\" data-end=\"431\"><a href=\"https:\/\/bazaar.express\/pl\/\">Bazaar Express<\/a><\/em> \u2013 cieszymy si\u0119, \u017ce jeste\u015b z nami!<\/p>\n<p style=\"text-align: center;\">Spr\u00f3buj tradycji z nasz\u0105 r\u0119cznie wyselekcjonowan\u0105 kolekcj\u0105 <a href=\"https:\/\/bazaar.express\/product-category\/egyptian-flavors\/\">egipskich smak\u00f3w<\/a> i przypraw.<\/p>\n","protected":false},"excerpt":{"rendered":"<h3 data-start=\"518\" data-end=\"775\">Egipska herbata Desert Eagle oferuje wysokiej jako\u015bci wyb\u00f3r 100% naturalnych zio\u0142owych mieszanek zakorzenionych w staro\u017cytnej egipskiej tradycji. Bogata w antyoksydanty i sk\u0142adniki od\u017cywcze, wspiera odporno\u015b\u0107, trawienie, ulg\u0119 w stresie i og\u00f3lny dobrostan. Wyprodukowana w Egipcie, 160g.<\/h3>\n<h3><\/h3>\n","protected":false},"featured_media":42552,"comment_status":"open","ping_status":"closed","template":"","meta":[],"product_brand":[],"product_cat":[1195,1199],"product_tag":[],"class_list":{"0":"post-42548","1":"product","2":"type-product","3":"status-publish","4":"has-post-thumbnail","6":"product_cat-egipskie-smaki","7":"product_cat-najlepsze-z-egiptu","9":"first","10":"instock","11":"sale","12":"shipping-taxable","13":"purchasable","14":"product-type-simple"},"_links":{"self":[{"href":"https:\/\/bazaar.express\/pl\/wp-json\/wp\/v2\/product\/42548","targetHints":{"allow":["GET"]}}],"collection":[{"href":"https:\/\/bazaar.express\/pl\/wp-json\/wp\/v2\/product"}],"about":[{"href":"https:\/\/bazaar.express\/pl\/wp-json\/wp\/v2\/types\/product"}],"replies":[{"embeddable":true,"href":"https:\/\/bazaar.express\/pl\/wp-json\/wp\/v2\/comments?post=42548"}],"wp:featuredmedia":[{"embeddable":true,"href":"https:\/\/bazaar.express\/pl\/wp-json\/wp\/v2\/media\/42552"}],"wp:attachment":[{"href":"https:\/\/bazaar.express\/pl\/wp-json\/wp\/v2\/media?parent=42548"}],"wp:term":[{"taxonomy":"product_brand","embeddable":true,"href":"https:\/\/bazaar.express\/pl\/wp-json\/wp\/v2\/product_brand?post=42548"},{"taxonomy":"product_cat","embeddable":true,"href":"https:\/\/bazaar.express\/pl\/wp-json\/wp\/v2\/product_cat?post=42548"},{"taxonomy":"product_tag","embeddable":true,"href":"https:\/\/bazaar.express\/pl\/wp-json\/wp\/v2\/product_tag?post=42548"}],"curies":[{"name":"wp","href":"https:\/\/api.w.org\/{rel}","templated":true}]}}