{"id":42554,"date":"2025-01-14T00:45:19","date_gmt":"2025-01-14T00:45:19","guid":{"rendered":"https:\/\/bazaar.express\/product\/egyptian-dates\/"},"modified":"2025-01-14T00:45:19","modified_gmt":"2025-01-14T00:45:19","slug":"egyptian-dates","status":"publish","type":"product","link":"https:\/\/bazaar.express\/pl\/produkt\/egyptian-dates\/","title":{"rendered":"Premium egipskie daktyle"},"content":{"rendered":"<h2 data-start=\"245\" data-end=\"313\">Egipskie daktyle \u2013 premium egipska s\u0142odycz z nut\u0105 zdrowia<\/h2>\n<h3 data-start=\"315\" data-end=\"366\">Naturalny skarb z serca Egiptu<\/h3>\n<p data-start=\"368\" data-end=\"795\">Odkryj pe\u0142ny smak i korzy\u015bci zdrowotne <strong data-start=\"422\" data-end=\"437\">daktyli Ajwan<\/strong>, jednego z najlepszych naturalnych produkt\u00f3w Egiptu. Uprawiane pod ciep\u0142ym egipskim s\u0142o\u0144cem i na \u017cyznej glebie, te daktyle dost\u0119pne s\u0105 w odmianach <strong data-start=\"554\" data-end=\"579\">suchych i wilgotnych<\/strong>, ka\u017cda charakteryzuj\u0105ca si\u0119 unikaln\u0105 tekstur\u0105, d\u0142ugim terminem przydatno\u015bci do spo\u017cycia i nieodpartym smakiem. Z charakterystycznym owalnym kszta\u0142tem i spiczastymi ko\u0144cami daktyle Ajwan dojrzewaj\u0105 od \u017c\u00f3\u0142tego do czerwono-\u017c\u00f3\u0142tego koloru, co oznacza szczyt ich s\u0142odyczy i dojrza\u0142o\u015bci.<\/p>\n<p data-start=\"797\" data-end=\"978\">Niezale\u017cnie od tego, czy szukasz zdrowej przek\u0105ski, naturalnego s\u0142odzika czy przemy\u015blanego prezentu, <strong data-start=\"877\" data-end=\"930\">daktyle Ajwan gwarantuj\u0105 jako\u015b\u0107, warto\u015b\u0107 i korzy\u015bci zdrowotne<\/strong> \u2013 prosto z egipskich farm na Tw\u00f3j st\u00f3\u0142.<\/p>\n<h3 data-start=\"985\" data-end=\"1016\">Dlaczego wybra\u0107 daktyle Ajwan?<\/h3>\n<h4 data-start=\"1018\" data-end=\"1049\">\u2705 <strong data-start=\"1025\" data-end=\"1049\">Naturalnie od\u017cywcze<\/strong><\/h4>\n<p data-start=\"1050\" data-end=\"1281\">Daktyle Ajwan s\u0105 bogate w niezb\u0119dne sk\u0142adniki od\u017cywcze, co czyni je doskona\u0142\u0105 przek\u0105sk\u0105 zar\u00f3wno dla dzieci, jak i doros\u0142ych. Bogate w <strong data-start=\"1159\" data-end=\"1199\">witaminy, minera\u0142y i antyoksydanty<\/strong>, wspieraj\u0105 trawienie, poprawiaj\u0105 kondycj\u0119 sk\u00f3ry i przyczyniaj\u0105 si\u0119 do og\u00f3lnego zdrowia.<\/p>\n<h4 data-start=\"1283\" data-end=\"1321\">\u2705 <strong data-start=\"1290\" data-end=\"1321\">S\u0142odycz przyjazna dla diabetyk\u00f3w<\/strong><\/h4>\n<p data-start=\"1322\" data-end=\"1504\">Szukasz inteligentnej alternatywy dla cukru? Daktyle Ajwan oferuj\u0105 naturaln\u0105 s\u0142odycz bez gwa\u0142townego wzrostu poziomu cukru we krwi \u2013 co czyni je lepszym wyborem dla os\u00f3b kontroluj\u0105cych cukrzyc\u0119.<\/p>\n<h4 data-start=\"1506\" data-end=\"1548\">\u2705 <strong data-start=\"1513\" data-end=\"1548\">Du\u017co b\u0142onnika dla zdrowia trawiennego<\/strong><\/h4>\n<p data-start=\"1549\" data-end=\"1681\">Dzi\u0119ki wysokiej zawarto\u015bci b\u0142onnika daktyle Ajwan wspomagaj\u0105 zdrowie jelit, reguluj\u0105 ruchy jelit i zapewniaj\u0105 d\u0142u\u017csze uczucie syto\u015bci.<\/p>\n<h4 data-start=\"1683\" data-end=\"1716\">\u2705 <strong data-start=\"1690\" data-end=\"1716\">Kochane na ca\u0142ym \u015bwiecie<\/strong><\/h4>\n<p data-start=\"1717\" data-end=\"1926\">Od USA i Arabii Saudyjskiej po Indie i dalej, daktyle Ajwan s\u0105 pierwszym wyborem dla rodzin i os\u00f3b dbaj\u0105cych o zdrowie. Ich po\u0142\u0105czenie <strong data-start=\"1856\" data-end=\"1893\">premium jako\u015bci z przyst\u0119pn\u0105 cen\u0105<\/strong> czyni je ulubie\u0144cami na ca\u0142ym \u015bwiecie.<\/p>\n<h4 data-start=\"1928\" data-end=\"1972\">\u2705 <strong data-start=\"1935\" data-end=\"1972\">D\u0142ugi termin przydatno\u015bci i doskona\u0142y smak<\/strong><\/h4>\n<p data-start=\"1973\" data-end=\"2148\">Daktyle Ajwan zawieraj\u0105 mniej wilgoci ni\u017c inne odmiany, co nie tylko wzmacnia ich smak, ale tak\u017ce pozwala d\u0142u\u017cej zachowywa\u0107 \u015bwie\u017co\u015b\u0107 \u2013 idealne do d\u0142ugoterminowego przechowywania lub podr\u00f3\u017cy.<\/p>\n<h3 data-start=\"2155\" data-end=\"2178\">Szczeg\u00f3\u0142y produktu<\/h3>\n<ul data-start=\"2179\" data-end=\"2356\">\n<li data-start=\"2179\" data-end=\"2212\">\n<p data-start=\"2181\" data-end=\"2212\"><strong data-start=\"2181\" data-end=\"2196\">Waga netto:<\/strong> 700 g na opakowanie<\/p>\n<\/li>\n<li data-start=\"2213\" data-end=\"2303\">\n<p data-start=\"2215\" data-end=\"2303\"><strong data-start=\"2215\" data-end=\"2229\">Opakowanie:<\/strong> Starannie pakowane w Egipcie w celu zachowania \u015bwie\u017co\u015bci, tekstury i sk\u0142adnik\u00f3w od\u017cywczych<\/p>\n<\/li>\n<li data-start=\"2304\" data-end=\"2356\">\n<p data-start=\"2306\" data-end=\"2356\"><strong data-start=\"2306\" data-end=\"2318\">Odmiana:<\/strong> Dost\u0119pne w formach suchych i wilgotnych<\/p>\n<\/li>\n<\/ul>\n<h2 data-start=\"2688\" data-end=\"2740\">Podsumowanie \u2013 Skosztuj s\u0142odyczy Egiptu<\/h2>\n<p data-start=\"2742\" data-end=\"3133\">Daktyle Ajwan to nie tylko przek\u0105ska \u2013 to <strong data-start=\"2784\" data-end=\"2814\">kawa\u0142ek egipskiej tradycji<\/strong>, przekazywanej z pokolenia na pokolenie. \u0141\u0105cz\u0105 <strong data-start=\"2862\" data-end=\"2886\">smak pustyni<\/strong> z <strong data-start=\"2892\" data-end=\"2915\">wsp\u00f3\u0142czesnym zdrowiem<\/strong>, oferuj\u0105c przysmak, kt\u00f3ry jest pyszny, zdrowy i pe\u0142en kultury. Niezale\u017cnie od tego, czy obdarowujesz przyjaciela, karmisz rodzin\u0119 czy dodajesz energii na ca\u0142y dzie\u0144, <strong data-start=\"3059\" data-end=\"3096\">daktyle Ajwan to Tw\u00f3j pewny wyb\u00f3r<\/strong> dla naturalnej s\u0142odyczy i warto\u015bci od\u017cywczych.<\/p>\n<p data-start=\"3135\" data-end=\"3203\">\ud83d\udc49 <strong data-start=\"3138\" data-end=\"3203\">Kup teraz i ciesz si\u0119 autentycznym smakiem Egiptu w ka\u017cdym k\u0119sie!<\/strong><\/p>\n<p style=\"text-align: center;\">Dzi\u0119kujemy za zakupy w <em data-start=\"415\" data-end=\"431\"><a href=\"https:\/\/bazaar.express\/pl\/\">Bazaar Express<\/a><\/em> \u2013 cieszymy si\u0119, \u017ce jeste\u015b z nami!<\/p>\n<p style=\"text-align: center;\">Odkryj tradycj\u0119 z nasz\u0105 r\u0119cznie wyselekcjonowan\u0105 ofert\u0105 <a href=\"https:\/\/bazaar.express\/product-category\/egyptian-flavors\/\">egipskich smak\u00f3w<\/a> i przypraw.<\/p>\n","protected":false},"excerpt":{"rendered":"<h3 data-start=\"475\" data-end=\"738\">Daktyle Ajwan to premium egipskie daktyle znane z naturalnej s\u0142odyczy, niskiej wilgotno\u015bci i d\u0142ugiego terminu przydatno\u015bci. Dost\u0119pne w formach suchych i wilgotnych, bogate w b\u0142onnik, witaminy i antyoksydanty. Idealne do zdrowego podjadania, naturalnego s\u0142odzika lub jako prezent.<\/h3>\n<h3><\/h3>\n","protected":false},"featured_media":42557,"comment_status":"open","ping_status":"closed","template":"","meta":[],"product_brand":[],"product_cat":[1195,1199],"product_tag":[1538,1472],"class_list":{"0":"post-42554","1":"product","2":"type-product","3":"status-publish","4":"has-post-thumbnail","6":"product_cat-egipskie-smaki","7":"product_cat-najlepsze-z-egiptu","8":"product_tag-naturalne-smaki","9":"product_tag-zdrowotna","11":"first","12":"instock","13":"sale","14":"shipping-taxable","15":"purchasable","16":"product-type-simple"},"_links":{"self":[{"href":"https:\/\/bazaar.express\/pl\/wp-json\/wp\/v2\/product\/42554","targetHints":{"allow":["GET"]}}],"collection":[{"href":"https:\/\/bazaar.express\/pl\/wp-json\/wp\/v2\/product"}],"about":[{"href":"https:\/\/bazaar.express\/pl\/wp-json\/wp\/v2\/types\/product"}],"replies":[{"embeddable":true,"href":"https:\/\/bazaar.express\/pl\/wp-json\/wp\/v2\/comments?post=42554"}],"wp:featuredmedia":[{"embeddable":true,"href":"https:\/\/bazaar.express\/pl\/wp-json\/wp\/v2\/media\/42557"}],"wp:attachment":[{"href":"https:\/\/bazaar.express\/pl\/wp-json\/wp\/v2\/media?parent=42554"}],"wp:term":[{"taxonomy":"product_brand","embeddable":true,"href":"https:\/\/bazaar.express\/pl\/wp-json\/wp\/v2\/product_brand?post=42554"},{"taxonomy":"product_cat","embeddable":true,"href":"https:\/\/bazaar.express\/pl\/wp-json\/wp\/v2\/product_cat?post=42554"},{"taxonomy":"product_tag","embeddable":true,"href":"https:\/\/bazaar.express\/pl\/wp-json\/wp\/v2\/product_tag?post=42554"}],"curies":[{"name":"wp","href":"https:\/\/api.w.org\/{rel}","templated":true}]}}