{"id":42614,"date":"2025-02-04T16:48:24","date_gmt":"2025-02-04T16:48:24","guid":{"rendered":"https:\/\/bazaar.express\/product\/flower-delivery\/"},"modified":"2025-02-04T16:48:24","modified_gmt":"2025-02-04T16:48:24","slug":"flower-delivery","status":"publish","type":"product","link":"https:\/\/bazaar.express\/pl\/produkt\/flower-delivery\/","title":{"rendered":"Dostawa kwiat\u00f3w w Hurghadzie tego samego dnia"},"content":{"rendered":"<h2 data-start=\"257\" data-end=\"339\">Dostawa kwiat\u00f3w w Hurghadzie tego samego dnia \u2013 Bukiety bia\u0142ych r\u00f3\u017c dla hoteli i kurort\u00f3w<\/h2>\n<p data-start=\"341\" data-end=\"697\">Szukasz <strong data-start=\"353\" data-end=\"393\">dostawy kwiat\u00f3w w Hurghadzie tego samego dnia<\/strong>? Czy przebywasz w kurorcie nad Morzem Czerwonym, czy wysy\u0142asz serdeczny prezent z daleka, nasi do\u015bwiadczeni flory\u015bci dbaj\u0105 o to, by bukiet dotar\u0142 \u015bwie\u017cy, pi\u0119kny i punktualnie. Nasz sygnaturowy bukiet bia\u0142ych r\u00f3\u017c \u2013 z 13 r\u0119cznie wyselekcjonowanych r\u00f3\u017c premium \u2013 to doskona\u0142e wyra\u017cenie czysto\u015bci, elegancji i mi\u0142o\u015bci.<\/p>\n<h3 data-start=\"704\" data-end=\"754\">Premium bukiety bia\u0142ych r\u00f3\u017c na ka\u017cd\u0105 okazj\u0119<\/h3>\n<p data-start=\"756\" data-end=\"1092\">Bia\u0142e r\u00f3\u017ce od dawna symbolizuj\u0105 szczero\u015b\u0107, \u015bwiat\u0142o i wdzi\u0119k. Znane jako \u201ekwiat panny m\u0142odej\u201d, to ponadczasowy wyb\u00f3r na wesela, rocznice, romantyczne niespodzianki lub jako wyraz uznania. Ka\u017cda z naszych 13 \u015bwie\u017cych bia\u0142ych r\u00f3\u017c jest starannie u\u0142o\u017cona, tworz\u0105c bukiet r\u00f3wnie znacz\u0105cy, co zachwycaj\u0105cy.<\/p>\n<h3 data-start=\"1099\" data-end=\"1143\">Dostawa kwiat\u00f3w tego samego dnia w ca\u0142ym Hurghadzie<\/h3>\n<p data-start=\"1145\" data-end=\"1469\">Oferujemy <strong data-start=\"1154\" data-end=\"1227\">szybk\u0105, niezawodn\u0105 i profesjonaln\u0105 dostaw\u0119 kwiat\u00f3w tego samego dnia w Hurghadzie<\/strong>. Niezale\u017cnie od tego, czy mieszkasz w hotelu lub kurorcie \u2013 czy chcesz zaskoczy\u0107 kogo\u015b bliskiego w mie\u015bcie \u2013 zapewniamy \u015bwie\u017ce kwiaty elegancko zapakowane. Od El Gouna po Makadi Bay, obs\u0142ugujemy wszystkie g\u0142\u00f3wne lokalizacje w Hurghadzie.<\/p>\n<h3 data-start=\"1476\" data-end=\"1531\">Dlaczego wybra\u0107 nasz\u0105 us\u0142ug\u0119 dostawy kwiat\u00f3w w Hurghadzie?<\/h3>\n<ul data-start=\"1533\" data-end=\"2055\">\n<li data-start=\"1533\" data-end=\"1620\">\n<p data-start=\"1535\" data-end=\"1620\"><strong data-start=\"1535\" data-end=\"1566\">\u2714 \u015awie\u017ce i pachn\u0105ce kwiaty:<\/strong> R\u00f3\u017ce najwy\u017cszej jako\u015bci, d\u0142ugonogie i \u015bwie\u017co \u015bci\u0119te<\/p>\n<\/li>\n<li data-start=\"1621\" data-end=\"1705\">\n<p data-start=\"1623\" data-end=\"1705\"><strong data-start=\"1623\" data-end=\"1651\">\u2714 Bukiety do personalizacji:<\/strong> Wybierz opakowanie, dodatki i specjaln\u0105 wiadomo\u015b\u0107<\/p>\n<\/li>\n<li data-start=\"1706\" data-end=\"1787\">\n<p data-start=\"1708\" data-end=\"1787\"><strong data-start=\"1708\" data-end=\"1731\">\u2714 Ekspresowa dostawa:<\/strong> Dostawa tego samego dnia w Hurghadzie, od 7 rano<\/p>\n<\/li>\n<li data-start=\"1788\" data-end=\"1881\">\n<p data-start=\"1790\" data-end=\"1881\"><strong data-start=\"1790\" data-end=\"1818\">\u2714 Na ka\u017cd\u0105 okazj\u0119:<\/strong> Wesela, rocznice, urodziny, romantyczne prezenty i wi\u0119cej<\/p>\n<\/li>\n<li data-start=\"1882\" data-end=\"1964\">\n<p data-start=\"1884\" data-end=\"1964\"><strong data-start=\"1884\" data-end=\"1906\">\u2714 Lokalna wiedza:<\/strong> U\u0142o\u017cone przez lokalnych floryst\u00f3w z Hurghady, kt\u00f3rzy znaj\u0105 Twoje potrzeby<\/p>\n<\/li>\n<li data-start=\"1965\" data-end=\"2055\">\n<p data-start=\"1967\" data-end=\"2055\"><strong data-start=\"1967\" data-end=\"1994\">\u2714 \u0141atwe zamawianie online:<\/strong> Szybka, bezpieczna p\u0142atno\u015b\u0107 z dostaw\u0105 do hoteli\/kurort\u00f3w<\/p>\n<\/li>\n<\/ul>\n<h3 data-start=\"2062\" data-end=\"2101\">Jak d\u0142u\u017cej zachowa\u0107 \u015bwie\u017co\u015b\u0107 r\u00f3\u017c<\/h3>\n<p data-start=\"2103\" data-end=\"2168\">Aby cieszy\u0107 si\u0119 bukietem do 7 dni, zastosuj te proste wskaz\u00f3wki:<\/p>\n<ul data-start=\"2169\" data-end=\"2406\">\n<li data-start=\"2169\" data-end=\"2246\">\n<p data-start=\"2171\" data-end=\"2246\"><strong data-start=\"2171\" data-end=\"2192\">Nawodnienie to podstawa:<\/strong> Umie\u015b\u0107 r\u00f3\u017ce w czystej wodzie i wymieniaj j\u0105 codziennie.<\/p>\n<\/li>\n<li data-start=\"2247\" data-end=\"2318\">\n<p data-start=\"2249\" data-end=\"2318\"><strong data-start=\"2249\" data-end=\"2263\">Przechowuj w ch\u0142odzie:<\/strong> Unikaj bezpo\u015bredniego s\u0142o\u0144ca lub ciep\u0142a, aby zachowa\u0107 \u015bwie\u017co\u015b\u0107.<\/p>\n<\/li>\n<li data-start=\"2319\" data-end=\"2406\">\n<p data-start=\"2321\" data-end=\"2406\"><strong data-start=\"2321\" data-end=\"2340\">Przycinaj regularnie:<\/strong> \u015acinaj \u0142odygi pod k\u0105tem co 2\u20133 dni, aby poprawi\u0107 wch\u0142anianie wody.<\/p>\n<\/li>\n<\/ul>\n<h3 data-start=\"2413\" data-end=\"2473\">Zam\u00f3w kwiaty w Hurghadzie ju\u017c dzi\u015b \u2013 \u0141atwo i przyst\u0119pnie!<\/h3>\n<p data-start=\"2475\" data-end=\"2720\">Zamawianie kwiat\u00f3w online w Hurghadzie nigdy nie by\u0142o prostsze. Niezale\u017cnie od tego, czy szukasz <strong data-start=\"2563\" data-end=\"2591\">romantycznej dostawy kwiat\u00f3w<\/strong>, <strong data-start=\"2593\" data-end=\"2613\">bukietu na urodziny<\/strong>, czy przemy\u015blanego prezentu dzi\u0119kczynnego, nasza szeroka gama produkt\u00f3w florystycznych zapewni idealne dopasowanie do ka\u017cdej chwili.<\/p>\n<p data-start=\"2722\" data-end=\"2756\">Opr\u00f3cz bia\u0142ych r\u00f3\u017c oferujemy r\u00f3wnie\u017c:<\/p>\n<ul data-start=\"2757\" data-end=\"2936\">\n<li data-start=\"2757\" data-end=\"2789\">\n<p data-start=\"2759\" data-end=\"2789\">Eleganckie <strong data-start=\"2767\" data-end=\"2789\">r\u00f3\u017cowe i czerwone r\u00f3\u017ce<\/strong><\/p>\n<\/li>\n<li data-start=\"2790\" data-end=\"2821\">\n<p data-start=\"2792\" data-end=\"2821\">Eg\u0437otyczne <strong data-start=\"2799\" data-end=\"2821\">lilie i orchidee<\/strong><\/p>\n<\/li>\n<li data-start=\"2822\" data-end=\"2866\">\n<p data-start=\"2824\" data-end=\"2866\">Sezonowe pude\u0142ka z kwiatami i <strong data-start=\"2850\" data-end=\"2866\">kosze prezentowe<\/strong><\/p>\n<\/li>\n<li data-start=\"2867\" data-end=\"2936\">\n<p data-start=\"2869\" data-end=\"2936\">Dodatki takie jak <strong data-start=\"2882\" data-end=\"2900\">Ferrero Rocher<\/strong>, balony lub spersonalizowane kartki powitalne<\/p>\n<\/li>\n<\/ul>\n<h3 data-start=\"2943\" data-end=\"2980\">Obs\u0142ugujemy ca\u0142y region Morza Czerwonego<\/h3>\n<p data-start=\"2982\" data-end=\"3082\">Cho\u0107 mamy siedzib\u0119 w Hurghadzie, nasza us\u0142uga dostawy kwiat\u00f3w obejmuje ca\u0142y region Morza Czerwonego \u2013 w tym:<\/p>\n<ul data-start=\"3083\" data-end=\"3198\">\n<li data-start=\"3083\" data-end=\"3118\">\n<p data-start=\"3085\" data-end=\"3118\"><strong data-start=\"3085\" data-end=\"3118\">Dostawa kwiat\u00f3w do Marsa Alam<\/strong><\/p>\n<\/li>\n<li data-start=\"3119\" data-end=\"3161\">\n<p data-start=\"3121\" data-end=\"3161\"><strong data-start=\"3121\" data-end=\"3161\">Dostawa tego samego dnia do kurort\u00f3w Morza Czerwonego<\/strong><\/p>\n<\/li>\n<li data-start=\"3162\" data-end=\"3198\">\n<p data-start=\"3164\" data-end=\"3198\"><strong data-start=\"3164\" data-end=\"3198\">Dostawa kwiat\u00f3w do hoteli w Egipcie<\/strong><\/p>\n<\/li>\n<\/ul>\n<h3 data-start=\"3205\" data-end=\"3256\">Zaufaj Hurghada Shop \u2013 Twojemu lokalnemu sklepowi florystycznemu online<\/h3>\n<p data-start=\"3258\" data-end=\"3489\">Z wieloletnim do\u015bwiadczeniem w projektowaniu florystycznym i lokalnej logistyce jeste\u015bmy dumnym wyborem nr 1 dla <strong data-start=\"3359\" data-end=\"3390\">dostawy kwiat\u00f3w w Hurghadzie<\/strong>. Nasz\u0105 misj\u0105 jest dostarcza\u0107 wi\u0119cej ni\u017c tylko kwiaty \u2013 dostarczamy u\u015bmiechy, wspomnienia i chwile rado\u015bci.<\/p>\n<blockquote data-start=\"3491\" data-end=\"3667\">\n<p data-start=\"3493\" data-end=\"3667\"> Zam\u00f3w bukiet teraz i do\u015bwiadcz najlepszej dostawy kwiat\u00f3w w Hurghadzie.<br data-start=\"3573\" data-end=\"3576\" \/> Miejsca na dostaw\u0119 tego samego dnia s\u0105 ograniczone \u2013 z\u0142\u00f3\u017c zam\u00f3wienie przed 16:00, aby zagwarantowa\u0107 dostaw\u0119 dzi\u015b.<\/p>\n<\/blockquote>\n<p data-start=\"3674\" data-end=\"3785\"><strong data-start=\"3674\" data-end=\"3785\">Odkryj idealny bukiet ju\u017c dzi\u015b. Niech Bazaar Express przekuje Twoj\u0105 wiadomo\u015b\u0107 w niezapomnian\u0105 chwil\u0119.<\/strong><\/p>\n<p data-start=\"3674\" data-end=\"3785\">\n<p style=\"text-align: center;\" align=\"center\"><span style=\"font-size: 11.0pt;\">Dzi\u0119kujemy za zakupy w <em data-start=\"415\" data-end=\"431\"><a href=\"https:\/\/bazaar.express\/pl\/\">Bazaar Express<\/a><\/em> \u2013 cieszymy si\u0119, \u017ce jeste\u015b z nami!<\/span><\/p>\n<p style=\"text-align: center;\" align=\"center\"><span style=\"font-size: 11.0pt;\">Od \u017cywych po delikatne \u2014 odkryj <a href=\"https:\/\/bazaar.express\/product-category\/flowers-red-sea-delivery\/\">Kwiaty<\/a>, kt\u00f3re wyra\u017caj\u0105 elegancj\u0119.<\/span><\/p>\n","protected":false},"excerpt":{"rendered":"<h3 data-start=\"439\" data-end=\"652\">Zaskocz bliskich w Hurghadzie osza\u0142amiaj\u0105cym bukietem 13 \u015bwie\u017cych bia\u0142ych r\u00f3\u017c. Idealny na wesela, rocznice lub romantyczne gesty. Szybka dostawa tego samego dnia do hoteli i kurort\u00f3w w rejonie Morza Czerwonego.<\/h3>\n","protected":false},"featured_media":42617,"comment_status":"open","ping_status":"closed","template":"","meta":[],"product_brand":[],"product_cat":[1196,1204],"product_tag":[],"class_list":{"0":"post-42614","1":"product","2":"type-product","3":"status-publish","4":"has-post-thumbnail","6":"product_cat-dostawa-kwiatow-morze-czerwone","7":"product_cat-kwiaty-hurghada","9":"first","10":"instock","11":"sale","12":"shipping-taxable","13":"purchasable","14":"product-type-simple"},"_links":{"self":[{"href":"https:\/\/bazaar.express\/pl\/wp-json\/wp\/v2\/product\/42614","targetHints":{"allow":["GET"]}}],"collection":[{"href":"https:\/\/bazaar.express\/pl\/wp-json\/wp\/v2\/product"}],"about":[{"href":"https:\/\/bazaar.express\/pl\/wp-json\/wp\/v2\/types\/product"}],"replies":[{"embeddable":true,"href":"https:\/\/bazaar.express\/pl\/wp-json\/wp\/v2\/comments?post=42614"}],"wp:featuredmedia":[{"embeddable":true,"href":"https:\/\/bazaar.express\/pl\/wp-json\/wp\/v2\/media\/42617"}],"wp:attachment":[{"href":"https:\/\/bazaar.express\/pl\/wp-json\/wp\/v2\/media?parent=42614"}],"wp:term":[{"taxonomy":"product_brand","embeddable":true,"href":"https:\/\/bazaar.express\/pl\/wp-json\/wp\/v2\/product_brand?post=42614"},{"taxonomy":"product_cat","embeddable":true,"href":"https:\/\/bazaar.express\/pl\/wp-json\/wp\/v2\/product_cat?post=42614"},{"taxonomy":"product_tag","embeddable":true,"href":"https:\/\/bazaar.express\/pl\/wp-json\/wp\/v2\/product_tag?post=42614"}],"curies":[{"name":"wp","href":"https:\/\/api.w.org\/{rel}","templated":true}]}}