{"id":42618,"date":"2025-02-04T14:02:06","date_gmt":"2025-02-04T14:02:06","guid":{"rendered":"https:\/\/bazaar.express\/product\/flower-delivery-2\/"},"modified":"2026-05-03T00:45:31","modified_gmt":"2026-05-03T00:45:31","slug":"flower-delivery-2","status":"publish","type":"product","link":"https:\/\/bazaar.express\/pl\/produkt\/flower-delivery-2\/","title":{"rendered":"Dostawa kwiat\u00f3w w Hurghadzie"},"content":{"rendered":"<h2 data-start=\"227\" data-end=\"295\">Dostawa kwiat\u00f3w w Hurghadzie \u2013 Premium bukiety na ka\u017cd\u0105 okazj\u0119<\/h2>\n<h3 data-start=\"297\" data-end=\"348\">Szukasz kwiaciarni w pobli\u017cu w Hurghadzie?<\/h3>\n<p data-start=\"350\" data-end=\"859\">Szukasz <strong data-start=\"364\" data-end=\"383\">kwiat\u00f3w w pobli\u017cu<\/strong> lub <strong data-start=\"389\" data-end=\"424\">kwiaciarni w pobli\u017cu w Hurghadzie<\/strong>? Zr\u00f3b przyjemno\u015b\u0107 bliskim osza\u0142amiaj\u0105cym bukietem g\u0142\u0119boko czerwonych r\u00f3\u017c i bia\u0142ych orientalnych lilii z <strong data-start=\"523\" data-end=\"540\">Hurghada Shop<\/strong>, Twoim zaufanym internetowym kwiaciarni\u0105 w Egipcie. Po\u0142o\u017conym w sercu Riwiery Morza Czerwonego, specjalizujemy si\u0119 w unikalnych kompozycjach kwiatowych na urodziny, rocznice, wesela lub spontaniczne romantyczne gesty. Nasze bukiety starannie zaprojektowane oddaj\u0105 naturalne pi\u0119kno Hurghady i s\u0105 idealne dla mieszka\u0144c\u00f3w i turyst\u00f3w.<\/p>\n<h3 data-start=\"861\" data-end=\"905\">Wyj\u0105tkowa jako\u015b\u0107 kwiat\u00f3w przy ka\u017cdym zam\u00f3wieniu<\/h3>\n<p data-start=\"907\" data-end=\"1133\">Ka\u017cdy bukiet jest uk\u0142adany przez do\u015bwiadczonych floryst\u00f3w i wyposa\u017cony w nas\u0105czon\u0105 wod\u0105 g\u0105bk\u0119, aby przed\u0142u\u017cy\u0107 \u015bwie\u017co\u015b\u0107. Chcesz podnie\u015b\u0107 warto\u015b\u0107 prezentu? Dodaj eleganck\u0105 szklan\u0105 waz\u0119 za jedyne 5\u201310 USD. Nasze kompozycje nie tylko dobrze wygl\u0105daj\u0105 \u2013 utrzymuj\u0105 si\u0119 d\u0142ugo.<\/p>\n<h3 data-start=\"1135\" data-end=\"1165\">Dostosuj sw\u00f3j kwiatowy prezent<\/h3>\n<p data-start=\"1167\" data-end=\"1212\">Szukasz czego\u015b bardziej osobistego? Mo\u017cesz:<\/p>\n<ul data-start=\"1213\" data-end=\"1335\">\n<li data-start=\"1213\" data-end=\"1249\">\n<p data-start=\"1215\" data-end=\"1249\">Doda\u0107 dodatkowe kwiaty lub egzotyczne kwiaty<\/p>\n<\/li>\n<li data-start=\"1250\" data-end=\"1283\">\n<p data-start=\"1252\" data-end=\"1283\">Wybierz konkretne kolory opakowania<\/p>\n<\/li>\n<li data-start=\"1284\" data-end=\"1335\">\n<p data-start=\"1286\" data-end=\"1335\">Po\u0142\u0105czy\u0107 lilie, gerbery, orchidee lub r\u00f3\u017ce<\/p>\n<\/li>\n<\/ul>\n<p data-start=\"1337\" data-end=\"1469\">Od tropikalnych pude\u0142ek z kwiatami po klasyczne bukiety r\u00f3\u017c, oferujemy <strong data-start=\"1399\" data-end=\"1429\">niestandardowe kompozycje kwiatowe<\/strong> pasuj\u0105ce do ka\u017cdej osobowo\u015bci i okazji.<\/p>\n<h3 data-start=\"1471\" data-end=\"1544\">Dostawa kwiat\u00f3w tego samego dnia w Hurghadzie \u2013 Bezpo\u015brednio do hotelu lub kurortu<\/h3>\n<p data-start=\"1546\" data-end=\"1858\">Oferujemy <strong data-start=\"1555\" data-end=\"1615\">szybk\u0105 i niezawodn\u0105 dostaw\u0119 kwiat\u00f3w tego samego dnia w Hurghadzie<\/strong>, zaczynaj\u0105c od 7:00 rano. Niezale\u017cnie od tego, czy mieszkasz w luksusowym kurorcie nad pla\u017c\u0105 czy przytulnym hotelu nad Morzem Czerwonym, twoje kwiaty dotr\u0105 \u015bwie\u017ce i na czas. Dostawa obejmuje hotele, wille, apartamenty i nieruchomo\u015bci nad pla\u017c\u0105 w ca\u0142ym guberni Morza Czerwonego.<\/p>\n<h3 data-start=\"1860\" data-end=\"1909\">Dlaczego wybra\u0107 Hurghada Shop do dostawy kwiat\u00f3w?<\/h3>\n<h4 data-start=\"1911\" data-end=\"1945\">\u2714 Symbol mi\u0142o\u015bci i elegancji<\/h4>\n<p data-start=\"1946\" data-end=\"2067\">Czerwone r\u00f3\u017ce symbolizuj\u0105 pasj\u0119, podczas gdy bia\u0142e lilie oznaczaj\u0105 czysto\u015b\u0107. Nasze bukiety wyra\u017caj\u0105 g\u0142\u0119bokie emocje z wyrafinowanym akcentem.<\/p>\n<h4 data-start=\"2069\" data-end=\"2103\">\u2714 Idealne na ka\u017cd\u0105 okazj\u0119<\/h4>\n<p data-start=\"2104\" data-end=\"2281\">\u015awi\u0119tuj urodziny, wesela, Walentynki lub podzi\u0119kuj za pomoc\u0105 naszej r\u00f3\u017cnorodnej oferty kwiat\u00f3w. Oferujemy r\u00f3wnie\u017c <strong data-start=\"2216\" data-end=\"2236\">kwiaty kondolencyjne<\/strong> i <strong data-start=\"2241\" data-end=\"2268\">weselne pakiety kwiatowe<\/strong> w Hurghadzie.<\/p>\n<h4 data-start=\"2283\" data-end=\"2314\">\u2714 D\u0142ugotrwa\u0142a \u015bwie\u017co\u015b\u0107<\/h4>\n<p data-start=\"2315\" data-end=\"2402\">Nasze kwiaty pozostaj\u0105 \u015bwie\u017ce do tygodnia przy odpowiedniej piel\u0119gnacji, co sprawia, \u017ce tw\u00f3j prezent trwa d\u0142u\u017cej.<\/p>\n<h4 data-start=\"2404\" data-end=\"2440\">\u2714 W pe\u0142ni konfigurowalne bukiety<\/h4>\n<p data-start=\"2441\" data-end=\"2550\">Wybierz w\u0142asne kolory, kwiaty i style opakowania, aby stworzy\u0107 bukiet odzwierciedlaj\u0105cy tw\u00f3j gust lub wiadomo\u015b\u0107.<\/p>\n<h4 data-start=\"2552\" data-end=\"2587\">\u2714 Niezawodna dostawa tego samego dnia<\/h4>\n<p data-start=\"2588\" data-end=\"2682\">Dostarczamy po Hurghadzie tego samego dnia \u2013 nawet do hoteli, kurort\u00f3w lub wydarze\u0144 \u2013 bez k\u0142opot\u00f3w.<\/p>\n<h3 data-start=\"2684\" data-end=\"2729\">Jak d\u0142u\u017cej zachowa\u0107 \u015bwie\u017co\u015b\u0107 kwiat\u00f3w<\/h3>\n<p data-start=\"2731\" data-end=\"2777\">Pom\u00f3\u017c swojemu bukietowi trwa\u0107 d\u0142u\u017cej dzi\u0119ki tym prostym wskaz\u00f3wkom:<\/p>\n<ul data-start=\"2779\" data-end=\"2978\">\n<li data-start=\"2779\" data-end=\"2851\">\n<p data-start=\"2781\" data-end=\"2851\"><strong data-start=\"2781\" data-end=\"2796\">Podlewaj codziennie<\/strong>: Utrzymuj g\u0105bk\u0119 wilgotn\u0105 lub regularnie wymieniaj wod\u0119 w wazonie.<\/p>\n<\/li>\n<li data-start=\"2852\" data-end=\"2917\">\n<p data-start=\"2854\" data-end=\"2917\"><strong data-start=\"2854\" data-end=\"2868\">Unikaj ciep\u0142a<\/strong>: Przechowuj w ch\u0142odnym miejscu z dala od bezpo\u015bredniego \u015bwiat\u0142a s\u0142onecznego.<\/p>\n<\/li>\n<li data-start=\"2918\" data-end=\"2978\">\n<p data-start=\"2920\" data-end=\"2978\"><strong data-start=\"2920\" data-end=\"2934\">Przycinaj \u0142odygi<\/strong>: Tnij pod k\u0105tem, aby poprawi\u0107 wch\u0142anianie wody.<\/p>\n<\/li>\n<\/ul>\n<h3 data-start=\"2980\" data-end=\"3039\">Zam\u00f3w teraz \u2013 Premium kwiaty dostarczone w Hurghadzie dzisiaj<\/h3>\n<p data-start=\"3041\" data-end=\"3144\">Uroczysto\u015b\u0107 swojego wyj\u0105tkowego momentu z nasz\u0105 wyj\u0105tkow\u0105 us\u0142ug\u0105 dostawy kwiat\u00f3w w Hurghadzie. Niezale\u017cnie od tego, czy:<\/p>\n<ul data-start=\"3145\" data-end=\"3286\">\n<li data-start=\"3145\" data-end=\"3199\">\n<p data-start=\"3147\" data-end=\"3199\">Wysy\u0142asz kwiaty z zagranicy do bliskich w Egipcie<\/p>\n<\/li>\n<li data-start=\"3200\" data-end=\"3243\">\n<p data-start=\"3202\" data-end=\"3243\">Planujesz romantyczn\u0105 niespodziank\u0119 w pokoju hotelowym<\/p>\n<\/li>\n<li data-start=\"3244\" data-end=\"3286\">\n<p data-start=\"3246\" data-end=\"3286\">Szukasz luksusowych kompozycji kwiatowych<\/p>\n<\/li>\n<\/ul>\n<p data-start=\"3288\" data-end=\"3329\">Mamy co\u015b idealnego dla Ciebie.<\/p>\n<h3 data-start=\"3331\" data-end=\"3370\">Wybierz z naszych najlepszych opcji kwiatowych:<\/h3>\n<ul data-start=\"3371\" data-end=\"3531\">\n<li data-start=\"3371\" data-end=\"3395\">\n<p data-start=\"3373\" data-end=\"3395\"> Klasyczne czerwone r\u00f3\u017ce<\/p>\n<\/li>\n<li data-start=\"3396\" data-end=\"3422\">\n<p data-start=\"3398\" data-end=\"3422\"> Eleganckie bia\u0142e r\u00f3\u017ce<\/p>\n<\/li>\n<li data-start=\"3423\" data-end=\"3445\">\n<p data-start=\"3425\" data-end=\"3445\"> Delikatne r\u00f3\u017cowe r\u00f3\u017ce<\/p>\n<\/li>\n<li data-start=\"3446\" data-end=\"3483\">\n<p data-start=\"3448\" data-end=\"3483\"> Tropikalne bukiety z orchideami<\/p>\n<\/li>\n<li data-start=\"3484\" data-end=\"3531\">\n<p data-start=\"3486\" data-end=\"3531\"> Sezonowe kwiaty z gerberami i s\u0142onecznikami<\/p>\n<\/li>\n<\/ul>\n<h3 data-start=\"3533\" data-end=\"3576\">Najlepsza internetowa dostawa kwiat\u00f3w w Hurghadzie<\/h3>\n<p data-start=\"3578\" data-end=\"3804\">Jako najwy\u017cej oceniany internetowy kwiaciarnia w Hurghadzie, \u0142\u0105czymy Ci\u0119 z najlepszymi projektantami kwiat\u00f3w w Egipcie. Z uczciwymi cenami, szybk\u0105 obs\u0142ug\u0105 i premium kwiatami, <strong data-start=\"3730\" data-end=\"3747\">Hurghada Shop<\/strong> to Tw\u00f3j wyb\u00f3r do dostawy kwiat\u00f3w w regionie Morza Czerwonego.<\/p>\n<h3 data-start=\"3806\" data-end=\"3861\">Wy\u015blij kwiaty do Egiptu \u2013 Szybko, \u015bwie\u017co i przyst\u0119pnie<\/h3>\n<p data-start=\"3863\" data-end=\"3997\">Niezale\u017cnie od tego, czy jeste\u015b lokalny czy odwiedzasz, ciesz si\u0119 spokojem wiedz\u0105c, \u017ce tw\u00f3j kwiatowy prezent dotrze dok\u0142adnie wtedy i tam, gdzie powinien. Oferujemy:<\/p>\n<ul data-start=\"3998\" data-end=\"4151\">\n<li data-start=\"3998\" data-end=\"4043\">\n<p data-start=\"4000\" data-end=\"4043\"> Mi\u0119dzynarodow\u0105 dostaw\u0119 kwiat\u00f3w do Egiptu<\/p>\n<\/li>\n<li data-start=\"4044\" data-end=\"4081\">\n<p data-start=\"4046\" data-end=\"4081\"> Dostaw\u0119 kwiat\u00f3w do hotelu tego samego dnia<\/p>\n<\/li>\n<li data-start=\"4082\" data-end=\"4151\">\n<p data-start=\"4084\" data-end=\"4151\"> Dodatki jak czekoladki (Ferrero Rocher), kosze owocowe lub kartki<\/p>\n<\/li>\n<\/ul>\n<h3 data-start=\"4153\" data-end=\"4191\">Zaufane przez lokalnych i turyst\u00f3w<\/h3>\n<p data-start=\"4193\" data-end=\"4430\">Dzi\u0119ki konsekwentnej 5-gwiazdkowej obs\u0142udze, terminowej dostawie i pi\u0119knym kwiatom, nie dziwi, \u017ce <strong data-start=\"4279\" data-end=\"4296\">Hurghada Shop<\/strong> jest nr 1 kwiaciarni\u0105 w Hurghadzie. Od romantycznych niespodzianek po szczere kondolencje, pomagamy wyrazi\u0107 ka\u017cd\u0105 emocj\u0119 z elegancj\u0105.<\/p>\n<p data-start=\"4437\" data-end=\"4611\"><strong data-start=\"4437\" data-end=\"4611\">Do\u015bwiadcz kwiatowej magii Bazaar Express ju\u017c dzi\u015b \u2013 twojego zaufanego partnera w dostawie kwiat\u00f3w na egipskim wybrze\u017cu Morza Czerwonego. Z\u0142\u00f3\u017c zam\u00f3wienie teraz i przyno\u015b rado\u015b\u0107 ka\u017cdym bukietem!<\/strong><\/p>\n<p data-start=\"4437\" data-end=\"4611\">\n<p style=\"text-align: center;\" align=\"center\"><span style=\"font-size: 11.0pt;\">Dzi\u0119kujemy za zakupy w <em data-start=\"415\" data-end=\"431\"><a href=\"https:\/\/bazaar.express\/pl\/\">Bazaar Express<\/a><\/em> \u2013 cieszymy si\u0119, \u017ce jeste\u015b z nami!<\/span><\/p>\n<p style=\"text-align: center;\" align=\"center\"><span style=\"font-size: 11.0pt;\">Od \u017cywych po delikatne \u2013 odkryj <a href=\"https:\/\/bazaar.express\/product-category\/flowers-red-sea-delivery\/\">Kwiaty<\/a>, kt\u00f3re m\u00f3wi\u0105 elegancj\u0105.<\/span><\/p>\n","protected":false},"excerpt":{"rendered":"<h3 data-start=\"384\" data-end=\"607\">Ciesz si\u0119 szybk\u0105 dostaw\u0105 kwiat\u00f3w tego samego dnia w Hurghadzie. Wybierz eleganckie czerwone r\u00f3\u017ce, bia\u0142e lilie i niestandardowe kompozycje dostarczane bezpo\u015brednio do hoteli i kurort\u00f3w. Idealne na ka\u017cd\u0105 okazj\u0119 \u2013 urodziny, wesela lub po prostu.<\/h3>\n","protected":false},"featured_media":42621,"comment_status":"open","ping_status":"closed","template":"","meta":[],"product_brand":[],"product_cat":[1196,1204],"product_tag":[],"class_list":{"0":"post-42618","1":"product","2":"type-product","3":"status-publish","4":"has-post-thumbnail","6":"product_cat-dostawa-kwiatow-morze-czerwone","7":"product_cat-kwiaty-hurghada","9":"first","10":"instock","11":"sale","12":"shipping-taxable","13":"purchasable","14":"product-type-simple"},"_links":{"self":[{"href":"https:\/\/bazaar.express\/pl\/wp-json\/wp\/v2\/product\/42618","targetHints":{"allow":["GET"]}}],"collection":[{"href":"https:\/\/bazaar.express\/pl\/wp-json\/wp\/v2\/product"}],"about":[{"href":"https:\/\/bazaar.express\/pl\/wp-json\/wp\/v2\/types\/product"}],"replies":[{"embeddable":true,"href":"https:\/\/bazaar.express\/pl\/wp-json\/wp\/v2\/comments?post=42618"}],"wp:featuredmedia":[{"embeddable":true,"href":"https:\/\/bazaar.express\/pl\/wp-json\/wp\/v2\/media\/42621"}],"wp:attachment":[{"href":"https:\/\/bazaar.express\/pl\/wp-json\/wp\/v2\/media?parent=42618"}],"wp:term":[{"taxonomy":"product_brand","embeddable":true,"href":"https:\/\/bazaar.express\/pl\/wp-json\/wp\/v2\/product_brand?post=42618"},{"taxonomy":"product_cat","embeddable":true,"href":"https:\/\/bazaar.express\/pl\/wp-json\/wp\/v2\/product_cat?post=42618"},{"taxonomy":"product_tag","embeddable":true,"href":"https:\/\/bazaar.express\/pl\/wp-json\/wp\/v2\/product_tag?post=42618"}],"curies":[{"name":"wp","href":"https:\/\/api.w.org\/{rel}","templated":true}]}}