{"id":42622,"date":"2025-02-04T00:49:38","date_gmt":"2025-02-04T00:49:38","guid":{"rendered":"https:\/\/bazaar.express\/product\/marsa-alam\/"},"modified":"2025-02-04T00:49:38","modified_gmt":"2025-02-04T00:49:38","slug":"marsa-alam","status":"publish","type":"product","link":"https:\/\/bazaar.express\/pl\/produkt\/marsa-alam\/","title":{"rendered":"Dostawa kwiat\u00f3w w dniu zam\u00f3wienia w Marsa Alam"},"content":{"rendered":"<h2 data-start=\"389\" data-end=\"469\">Dostawa kwiat\u00f3w w dniu zam\u00f3wienia w Marsa Alam \u2013 Eleganckie bukiety na ka\u017cd\u0105 okazj\u0119<\/h2>\n<h3 data-start=\"471\" data-end=\"535\">Wy\u015blij \u015bwie\u017ce kwiaty do hoteli, kurort\u00f3w i innych miejsc w Marsa Alam<\/h3>\n<p data-start=\"536\" data-end=\"911\">Zr\u00f3b przyjemno\u015b\u0107 bliskiej osobie pi\u0119knymi kompozycjami kwiatowymi dostarczonymi bezpo\u015brednio do jej hotelu lub kurortu w Marsa Alam. Czy szukasz \u201ekwiaciarni w pobli\u017cu\u201d, czy potrzebujesz dostawy kwiat\u00f3w w dniu zam\u00f3wienia na urodziny, rocznic\u0119 lub romantyczn\u0105 niespodziank\u0119 \u2013 mamy wszystko, czego potrzebujesz. Nasi flory\u015bci w Marsa Alam tworz\u0105 \u015bwie\u017ce i eleganckie bukiety kwiatowe, kt\u00f3re dodaj\u0105 rado\u015bci ka\u017cdej chwili.<\/p>\n<h3 data-start=\"913\" data-end=\"974\">Premium aran\u017cacje kwiatowe o d\u0142ugotrwa\u0142ej \u015bwie\u017co\u015bci<\/h3>\n<p data-start=\"975\" data-end=\"1333\">Nasze r\u0119cznie tworzone bukiety kwiatowe powstaj\u0105 z najwy\u017csz\u0105 staranno\u015bci\u0105 i zawieraj\u0105 tylko naj\u015bwie\u017csze kwiaty. Ka\u017cda kompozycja jest wyposa\u017cona w specjaln\u0105 g\u0105bk\u0119 nas\u0105czon\u0105 wod\u0105, kt\u00f3ra utrzymuje kwiaty nawodnione i pi\u0119kne przez ca\u0142y dzie\u0144. Mo\u017cesz wzbogaci\u0107 sw\u00f3j prezent o stylow\u0105 szklan\u0105 waz\u0119 za zaledwie 5\u201310 USD lub wybra\u0107 luksusowe opcje, takie jak kapeluszowe pude\u0142ka lub kosze kwiatowe.<\/p>\n<h3 data-start=\"1335\" data-end=\"1370\">Spersonalizuj sw\u00f3j bukiet kwiatowy<\/h3>\n<p data-start=\"1371\" data-end=\"1675\">Nadaj swojemu prezentowi osobisty charakter. Wybierz preferowane przez Ciebie odmiany kwiat\u00f3w (r\u00f3\u017ce, lilie, orchidee, s\u0142oneczniki, gerbery), kolory i styl opakowania. Bez wzgl\u0119du na to, czy preferujesz romantyczny czerwony bukiet, czy tropikaln\u0105 eksplozj\u0119 kolor\u00f3w, mamy propozycje dla ka\u017cdego gustu i okazji \u2013 nawet na wesela czy kondolencje.<\/p>\n<h3 data-start=\"1677\" data-end=\"1737\">Dostawa kwiat\u00f3w w dniu zam\u00f3wienia do Twojego hotelu w Marsa Alam<\/h3>\n<p data-start=\"1738\" data-end=\"2017\">Oferujemy niezawodn\u0105 i punktualn\u0105 dostaw\u0119 kwiat\u00f3w na terenie Marsa Alam, pocz\u0105wszy od godz. 7:00. Twoje kwiaty dotr\u0105 \u015bwie\u017ce i na czas \u2013 bezpo\u015brednio do kurortu lub hotelu nad pla\u017c\u0105. Cena dostawy obejmuje transport pod drzwi, bez \u017cadnych ukrytych op\u0142at.<\/p>\n<h3 data-start=\"2019\" data-end=\"2066\">Dlaczego wybra\u0107 nasz\u0105 kwiaciarni\u0119 w Marsa Alam?<\/h3>\n<ul data-start=\"2067\" data-end=\"2532\">\n<li data-start=\"2067\" data-end=\"2160\">\n<p data-start=\"2069\" data-end=\"2160\">Symbol mi\u0142o\u015bci i elegancji \u2013 czerwone r\u00f3\u017ce dla nami\u0119tno\u015bci, bia\u0142e lilie dla czysto\u015bci i wdzi\u0119ku.<\/p>\n<\/li>\n<li data-start=\"2161\" data-end=\"2267\">\n<p data-start=\"2163\" data-end=\"2267\">Idealny na ka\u017cd\u0105 okazj\u0119 \u2013 urodziny, Walentynki, rocznice, wesela lub \u201epo prostu tak\u201d.<\/p>\n<\/li>\n<li data-start=\"2268\" data-end=\"2347\">\n<p data-start=\"2270\" data-end=\"2347\">D\u0142ugotrwa\u0142a \u015bwie\u017co\u015b\u0107 \u2013 przy odpowiedniej opiece bukiety utrzymuj\u0105 si\u0119 do tygodnia.<\/p>\n<\/li>\n<li data-start=\"2348\" data-end=\"2435\">\n<p data-start=\"2350\" data-end=\"2435\">Indywidualne aran\u017cacje \u2013 sezonowe i spersonalizowane kompozycje kwiatowe stworzone dla Ciebie.<\/p>\n<\/li>\n<li data-start=\"2436\" data-end=\"2532\">\n<p data-start=\"2438\" data-end=\"2532\">Szybka i pewna dostawa \u2013 w dniu zam\u00f3wienia bezpo\u015brednio pod Tw\u00f3j adres w Marsa Alam.<\/p>\n<\/li>\n<\/ul>\n<h3 data-start=\"2534\" data-end=\"2582\">Wskaz\u00f3wki piel\u0119gnacyjne, by kwiaty pozosta\u0142y \u015bwie\u017ce<\/h3>\n<ul data-start=\"2583\" data-end=\"2801\">\n<li data-start=\"2583\" data-end=\"2657\">\n<p data-start=\"2585\" data-end=\"2657\"><strong data-start=\"2585\" data-end=\"2600\">Podlewaj codziennie<\/strong> \u2013 dolewaj \u015bwie\u017cej wody do g\u0105bki lub wazy ka\u017cdego dnia.<\/p>\n<\/li>\n<li data-start=\"2658\" data-end=\"2726\">\n<p data-start=\"2660\" data-end=\"2726\"><strong data-start=\"2660\" data-end=\"2691\">Zmieniaj wod\u0119 co 2\u20133 dni<\/strong> \u2013 kwiaty pozostan\u0105 \u017cywe i \u015bwie\u017ce.<\/p>\n<\/li>\n<li data-start=\"2727\" data-end=\"2801\">\n<p data-start=\"2729\" data-end=\"2801\"><strong data-start=\"2729\" data-end=\"2754\">Unikaj ciep\u0142a i s\u0142o\u0144ca<\/strong> \u2013 przechowuj w ch\u0142odnym, zacienionym miejscu dla d\u0142u\u017cszej trwa\u0142o\u015bci.<\/p>\n<\/li>\n<\/ul>\n<h3 data-start=\"2803\" data-end=\"2859\">Zam\u00f3w teraz \u2013 dostawa kwiat\u00f3w w dniu zam\u00f3wienia w Marsa Alam<\/h3>\n<p data-start=\"2860\" data-end=\"3116\">Zamie\u0144 ka\u017cd\u0105 chwil\u0119 w co\u015b wyj\u0105tkowego. Nasza szybka i prosta us\u0142uga dostawy kwiat\u00f3w online w Marsa Alam sprawia, \u017ce wysy\u0142ka rado\u015bci jest na wyci\u0105gni\u0119cie kilku klikni\u0119\u0107. Niezale\u017cnie, czy jeste\u015b turyst\u0105 czy mieszka\u0144cem, u\u0142atwiamy wysy\u0142k\u0119 kwiat\u00f3w do Marsa Alam i po ca\u0142ym Egipcie.<\/p>\n<p data-start=\"3118\" data-end=\"3165\">Wybierz z szerokiej oferty kwiatowych propozycji:<\/p>\n<ul data-start=\"3166\" data-end=\"3295\">\n<li data-start=\"3166\" data-end=\"3187\">\n<p data-start=\"3168\" data-end=\"3187\">Klasyczne czerwone r\u00f3\u017ce<\/p>\n<\/li>\n<li data-start=\"3188\" data-end=\"3211\">\n<p data-start=\"3190\" data-end=\"3211\">Eleganckie bia\u0142e r\u00f3\u017ce<\/p>\n<\/li>\n<li data-start=\"3212\" data-end=\"3233\">\n<p data-start=\"3214\" data-end=\"3233\">Marzycielskie r\u00f3\u017cowe r\u00f3\u017ce<\/p>\n<\/li>\n<li data-start=\"3234\" data-end=\"3262\">\n<p data-start=\"3236\" data-end=\"3262\">Egzotyczne tropikalne bukiety<\/p>\n<\/li>\n<li data-start=\"3263\" data-end=\"3295\">\n<p data-start=\"3265\" data-end=\"3295\">Niestandardowe kompozycje kwiatowe<\/p>\n<\/li>\n<\/ul>\n<p data-start=\"3297\" data-end=\"3514\">Nasi eksperci flory\u015bci gwarantuj\u0105, \u017ce ka\u017cda aran\u017cacja dotrze \u015bwie\u017ca, stylowa i pe\u0142na przes\u0142ania. Zam\u00f3w kwiaty online ju\u017c dzi\u015b i przekonaj si\u0119 o najwy\u017cszej jako\u015bci obs\u0142ugi najlepszej kwiaciarni w Marsa Alam i regionie Morza Czerwonego.<\/p>\n<p data-start=\"3297\" data-end=\"3514\">\n<p style=\"text-align: center;\" align=\"center\"><span style=\"font-size: 11.0pt;\">Dzi\u0119kujemy za zakupy w <em data-start=\"415\" data-end=\"431\"><a href=\"https:\/\/bazaar.express\/pl\/\">Bazaar Express<\/a><\/em> \u2013 bardzo si\u0119 cieszymy, \u017ce jeste\u015b z nami!<\/span><\/p>\n<p style=\"text-align: center;\" align=\"center\"><span style=\"font-size: 11.0pt;\">Od \u017cywych po delikatne \u2013 odkryj <a href=\"https:\/\/bazaar.express\/product-category\/flowers-red-sea-delivery\/\">kwiaty<\/a>, kt\u00f3re m\u00f3wi\u0105 elegancj\u0105.<\/span><\/p>\n","protected":false},"excerpt":{"rendered":"<h3 data-start=\"432\" data-end=\"718\">Zaskocz bliskich w Marsa Alam pi\u0119knymi kompozycjami kwiatowymi dostarczonymi bezpo\u015brednio do hotelu lub kurortu. Wybierz klasyczne r\u00f3\u017ce, tropikalne bukiety lub spersonalizowane prezenty kwiatowe \u2013 wszystko z dostaw\u0105 w dniu zam\u00f3wienia w regionie Morza Czerwonego. Zam\u00f3w teraz \u015bwie\u017ce, eleganckie kwiaty!<\/h3>\n<h3><span style=\"color: #0000ff;\"><strong>Cena obejmuje dostaw\u0119.<\/strong><\/span><\/h3>\n","protected":false},"featured_media":42625,"comment_status":"open","ping_status":"closed","template":"","meta":[],"product_brand":[],"product_cat":[1196,1205],"product_tag":[],"class_list":{"0":"post-42622","1":"product","2":"type-product","3":"status-publish","4":"has-post-thumbnail","6":"product_cat-dostawa-kwiatow-morze-czerwone","7":"product_cat-kwiaty-marsa-alam","9":"first","10":"instock","11":"sale","12":"shipping-taxable","13":"purchasable","14":"product-type-simple"},"_links":{"self":[{"href":"https:\/\/bazaar.express\/pl\/wp-json\/wp\/v2\/product\/42622","targetHints":{"allow":["GET"]}}],"collection":[{"href":"https:\/\/bazaar.express\/pl\/wp-json\/wp\/v2\/product"}],"about":[{"href":"https:\/\/bazaar.express\/pl\/wp-json\/wp\/v2\/types\/product"}],"replies":[{"embeddable":true,"href":"https:\/\/bazaar.express\/pl\/wp-json\/wp\/v2\/comments?post=42622"}],"wp:featuredmedia":[{"embeddable":true,"href":"https:\/\/bazaar.express\/pl\/wp-json\/wp\/v2\/media\/42625"}],"wp:attachment":[{"href":"https:\/\/bazaar.express\/pl\/wp-json\/wp\/v2\/media?parent=42622"}],"wp:term":[{"taxonomy":"product_brand","embeddable":true,"href":"https:\/\/bazaar.express\/pl\/wp-json\/wp\/v2\/product_brand?post=42622"},{"taxonomy":"product_cat","embeddable":true,"href":"https:\/\/bazaar.express\/pl\/wp-json\/wp\/v2\/product_cat?post=42622"},{"taxonomy":"product_tag","embeddable":true,"href":"https:\/\/bazaar.express\/pl\/wp-json\/wp\/v2\/product_tag?post=42622"}],"curies":[{"name":"wp","href":"https:\/\/api.w.org\/{rel}","templated":true}]}}