{"id":42626,"date":"2025-02-02T01:30:04","date_gmt":"2025-02-02T01:30:04","guid":{"rendered":"https:\/\/bazaar.express\/product\/olive-soap-oil\/"},"modified":"2025-02-02T01:30:04","modified_gmt":"2025-02-02T01:30:04","slug":"olive-soap-oil","status":"publish","type":"product","link":"https:\/\/bazaar.express\/pl\/produkt\/olive-soap-oil\/","title":{"rendered":"Olej mydlany z oliwek"},"content":{"rendered":"<h2 data-start=\"329\" data-end=\"392\">Olej mydlany z oliwek \u2013 G\u0142\u0119bokie nawil\u017cenie i naturalny blask dla Twojej sk\u00f3ry<\/h2>\n<p data-start=\"394\" data-end=\"787\">Szukasz naturalnego sposobu na promienn\u0105, mi\u0119kk\u0105 i zdrow\u0105 sk\u00f3r\u0119? Olej mydlany z oliwek to niezb\u0119dny produkt do piel\u0119gnacji sk\u00f3ry, zaprojektowany do intensywnego nawil\u017cenia i od\u017cywiania. Wykonany z wysokiej jako\u015bci oliwy z oliwek extra virgin, ten delikatny \u015brodek czyszcz\u0105cy jest bogaty w antyoksydanty, witaminy i kwasy t\u0142uszczowe, kt\u00f3re przywracaj\u0105 wilgotno\u015b\u0107, elastyczno\u015b\u0107 i m\u0142odzie\u0144czy blask Twojej sk\u00f3ry \u2013 bez u\u017cycia agresywnych chemikali\u00f3w.<\/p>\n<p data-start=\"789\" data-end=\"979\">Stworzony dla wszystkich typ\u00f3w sk\u00f3ry \u2013 w tym suchej, wra\u017cliwej i dojrza\u0142ej \u2013 olej mydlany z oliwek oferuje codzienne oczyszczanie i nawil\u017canie, kt\u00f3re chroni, odm\u0142adza i koi Twoj\u0105 sk\u00f3r\u0119.<\/p>\n<h3 data-start=\"986\" data-end=\"1020\">G\u0142\u00f3wne zalety oleju mydlanego z oliwek<\/h3>\n<p data-start=\"1022\" data-end=\"1230\"><strong data-start=\"1022\" data-end=\"1042\">\u2714 G\u0142\u0119bokie nawil\u017cenie<\/strong><br data-start=\"1042\" data-end=\"1045\" \/>Dzi\u0119ki wysokiej zawarto\u015bci kwasu oleinowego oliwa z oliwek wnika g\u0142\u0119boko w warstwy sk\u00f3ry, zapewniaj\u0105c d\u0142ugotrwa\u0142e nawil\u017cenie. Twoja sk\u00f3ra staje si\u0119 bardziej mi\u0119kka, g\u0142adka i elastyczna z ka\u017cdym u\u017cyciem.<\/p>\n<p data-start=\"1232\" data-end=\"1446\"><strong data-start=\"1232\" data-end=\"1263\">\u2714 Wspiera naturalny blask<\/strong><br data-start=\"1263\" data-end=\"1266\" \/>To myd\u0142o na bazie oleju pomaga przywr\u00f3ci\u0107 naturalny blask sk\u00f3ry poprzez zatrzymywanie wilgoci i popraw\u0119 kolorytu sk\u00f3ry. Stosuj regularnie, aby zachowa\u0107 \u015bwie\u017cy, zdrowy wygl\u0105d przez ca\u0142y dzie\u0144.<\/p>\n<p data-start=\"1448\" data-end=\"1637\"><strong data-start=\"1448\" data-end=\"1481\">\u2714 Dla wszystkich typ\u00f3w sk\u00f3ry<\/strong><br data-start=\"1481\" data-end=\"1484\" \/>Niezzale\u017cnie od tego, czy masz sk\u00f3r\u0119 t\u0142ust\u0105, such\u0105, wra\u017cliw\u0105 czy mieszan\u0105, olej mydlany z oliwek r\u00f3wnowa\u017cy barier\u0119 hydrolipidow\u0105 sk\u00f3ry i pomaga zmniejszy\u0107 podra\u017cnienia i zaczerwienienia.<\/p>\n<p data-start=\"1639\" data-end=\"1828\"><strong data-start=\"1639\" data-end=\"1665\">\u2714 Bogaty w antyoksydanty<\/strong><br data-start=\"1665\" data-end=\"1668\" \/>Nape\u0142niony witamin\u0105 E i polifenolami, ten olej mydlany zwalcza stres oksydacyjny, pomagaj\u0105c zmniejszy\u0107 oznaki starzenia i chroni\u0107 sk\u00f3r\u0119 przed uszkodzeniami \u015brodowiskowymi.<\/p>\n<p data-start=\"1830\" data-end=\"2012\"><strong data-start=\"1830\" data-end=\"1866\">\u2714 Bez chemikali\u00f3w i delikatna formu\u0142a<\/strong><br data-start=\"1866\" data-end=\"1869\" \/>Wolny od siarczan\u00f3w, paraben\u00f3w i sztucznych zapach\u00f3w, nasz olej mydlany z oliwek jest na tyle delikatny, \u017ce nadaje si\u0119 do codziennego u\u017cytku \u2013 nawet na delikatnej lub tr\u0105dzikowej sk\u00f3rze.<\/p>\n<h3 data-start=\"2019\" data-end=\"2065\">Jak u\u017cywa\u0107 oleju mydlanego z oliwek dla najlepszych efekt\u00f3w<\/h3>\n<ol data-start=\"2067\" data-end=\"2326\">\n<li data-start=\"2067\" data-end=\"2100\">\n<p data-start=\"2070\" data-end=\"2100\">Zmocz sk\u00f3r\u0119 ciep\u0142\u0105 wod\u0105.<\/p>\n<\/li>\n<li data-start=\"2101\" data-end=\"2169\">\n<p data-start=\"2104\" data-end=\"2169\">Na\u0142\u00f3\u017c niewielk\u0105 ilo\u015b\u0107 oleju mydlanego z oliwek na r\u0119ce lub g\u0105bk\u0119.<\/p>\n<\/li>\n<li data-start=\"2170\" data-end=\"2222\">\n<p data-start=\"2173\" data-end=\"2222\">Masuj delikatnie sk\u00f3r\u0119 okr\u0119\u017cnymi ruchami.<\/p>\n<\/li>\n<li data-start=\"2223\" data-end=\"2259\">\n<p data-start=\"2226\" data-end=\"2259\">Sp\u0142ucz dok\u0142adnie ciep\u0142\u0105 wod\u0105.<\/p>\n<\/li>\n<li data-start=\"2260\" data-end=\"2326\">\n<p data-start=\"2263\" data-end=\"2326\">Osusz sk\u00f3r\u0119 i w razie potrzeby na\u0142\u00f3\u017c ulubiony krem nawil\u017caj\u0105cy.<\/p>\n<\/li>\n<\/ol>\n<p data-start=\"2328\" data-end=\"2437\">Dla optymalnego nawil\u017cenia i od\u017cywienia sk\u00f3ry stosuj codziennie jako cz\u0119\u015b\u0107 porannej lub wieczornej rutyny piel\u0119gnacyjnej.<\/p>\n<h3 data-start=\"2444\" data-end=\"2474\">Dlaczego wybra\u0107 olej mydlany z oliwek?<\/h3>\n<p data-start=\"2476\" data-end=\"2881\">Nasz olej mydlany z oliwek zosta\u0142 stworzony z my\u015bl\u0105 o czysto\u015bci i jako\u015bci. \u0141\u0105czy tradycyjn\u0105 wiedz\u0119 z zakresu piel\u0119gnacji sk\u00f3ry z nowoczesnymi potrzebami, stanowi\u0105c idealne rozwi\u0105zanie dla ka\u017cdego, kto szuka naturalnego, bezchemicznego zmi\u0119kczacza i \u015brodka myj\u0105cego sk\u00f3r\u0119. Bez wzgl\u0119du na to, czy zmagasz si\u0119 z sucho\u015bci\u0105, podra\u017cnieniami, czy chcesz po prostu utrzyma\u0107 m\u0142ody wygl\u0105d sk\u00f3ry, ten produkt dostarcza delikatn\u0105 moc oliwy z oliwek w jej najskuteczniejszej formie.<\/p>\n<h3 data-start=\"2888\" data-end=\"2920\">\u00a0Sk\u0142adniki, kt\u00f3rym mo\u017cesz zaufa\u0107<\/h3>\n<ul data-start=\"2922\" data-end=\"3044\">\n<li data-start=\"2922\" data-end=\"2948\">\n<p data-start=\"2924\" data-end=\"2948\">Oliwa z oliwek extra virgin<\/p>\n<\/li>\n<li data-start=\"2949\" data-end=\"2969\">\n<p data-start=\"2951\" data-end=\"2969\">Naturalna gliceryna<\/p>\n<\/li>\n<li data-start=\"2970\" data-end=\"2985\">\n<p data-start=\"2972\" data-end=\"2985\">Olej kokosowy<\/p>\n<\/li>\n<li data-start=\"2986\" data-end=\"3002\">\n<p data-start=\"2988\" data-end=\"3002\">Aqua (Woda)<\/p>\n<\/li>\n<li data-start=\"3003\" data-end=\"3044\">\n<p data-start=\"3005\" data-end=\"3044\">Brak sztucznych konserwant\u00f3w lub barwnik\u00f3w<\/p>\n<\/li>\n<\/ul>\n<h3 data-start=\"3051\" data-end=\"3086\">\u00a0Przyjazny dla \u015brodowiska i sk\u00f3ry<\/h3>\n<ul data-start=\"3088\" data-end=\"3196\">\n<li data-start=\"3088\" data-end=\"3119\">\n<p data-start=\"3090\" data-end=\"3119\">\u2705 Biodegradowalne sk\u0142adniki<\/p>\n<\/li>\n<li data-start=\"3120\" data-end=\"3162\">\n<p data-start=\"3122\" data-end=\"3162\">\u2705 Wolny od okrucie\u0144stwa i nie testowany na zwierz\u0119tach<\/p>\n<\/li>\n<li data-start=\"3163\" data-end=\"3196\">\n<p data-start=\"3165\" data-end=\"3196\">\u2705 Wolny od syntetycznych dodatk\u00f3w<\/p>\n<\/li>\n<\/ul>\n<p data-start=\"3515\" data-end=\"3608\">Odkryj naturaln\u0105 drog\u0119 do pi\u0119knej sk\u00f3ry z olejem mydlanym z oliwek \u2013 Twoja sk\u00f3ra b\u0119dzie wdzi\u0119czna!<\/p>\n<p style=\"text-align: center;\">Dzi\u0119kujemy za zakupy w <em data-start=\"415\" data-end=\"431\"><a href=\"https:\/\/bazaar.express\/pl\/\">Bazaar Express<\/a><\/em> \u2013 cieszymy si\u0119, \u017ce jeste\u015b z nami!<\/p>\n<p style=\"text-align: center;\">Twoja podr\u00f3\u017c ku lepszej piel\u0119gnacji zaczyna si\u0119 tutaj \u2014 z <a href=\"https:\/\/bazaar.express\/product-category\/beauty-care\/\">Urod\u0105 i piel\u0119gnacj\u0105<\/a>, kt\u00f3rej mo\u017cesz zaufa\u0107.<\/p>\n","protected":false},"excerpt":{"rendered":"<h3 data-start=\"377\" data-end=\"623\">Olej mydlany z oliwek to naturalne rozwi\u0105zanie do piel\u0119gnacji sk\u00f3ry wzbogacone oliw\u0105 z oliwek extra virgin. G\u0142\u0119boko nawil\u017ca, zmi\u0119kcza sk\u00f3r\u0119, przywraca blask i jest idealny dla wszystkich typ\u00f3w sk\u00f3ry, w tym wra\u017cliwej i suchej. Stosuj codziennie dla zdrowej, promiennej sk\u00f3ry.<\/h3>\n","protected":false},"featured_media":42629,"comment_status":"open","ping_status":"closed","template":"","meta":[],"product_brand":[],"product_cat":[1192],"product_tag":[1470,1466,1467],"class_list":{"0":"post-42626","1":"product","2":"type-product","3":"status-publish","4":"has-post-thumbnail","6":"product_cat-pielegnacja-urody","7":"product_tag-olejek","8":"product_tag-pielegnacja-skory","9":"product_tag-pielegnacja-urody","11":"first","12":"instock","13":"shipping-taxable","14":"purchasable","15":"product-type-simple"},"_links":{"self":[{"href":"https:\/\/bazaar.express\/pl\/wp-json\/wp\/v2\/product\/42626","targetHints":{"allow":["GET"]}}],"collection":[{"href":"https:\/\/bazaar.express\/pl\/wp-json\/wp\/v2\/product"}],"about":[{"href":"https:\/\/bazaar.express\/pl\/wp-json\/wp\/v2\/types\/product"}],"replies":[{"embeddable":true,"href":"https:\/\/bazaar.express\/pl\/wp-json\/wp\/v2\/comments?post=42626"}],"wp:featuredmedia":[{"embeddable":true,"href":"https:\/\/bazaar.express\/pl\/wp-json\/wp\/v2\/media\/42629"}],"wp:attachment":[{"href":"https:\/\/bazaar.express\/pl\/wp-json\/wp\/v2\/media?parent=42626"}],"wp:term":[{"taxonomy":"product_brand","embeddable":true,"href":"https:\/\/bazaar.express\/pl\/wp-json\/wp\/v2\/product_brand?post=42626"},{"taxonomy":"product_cat","embeddable":true,"href":"https:\/\/bazaar.express\/pl\/wp-json\/wp\/v2\/product_cat?post=42626"},{"taxonomy":"product_tag","embeddable":true,"href":"https:\/\/bazaar.express\/pl\/wp-json\/wp\/v2\/product_tag?post=42626"}],"curies":[{"name":"wp","href":"https:\/\/api.w.org\/{rel}","templated":true}]}}