{"id":42649,"date":"2024-12-06T02:59:28","date_gmt":"2024-12-06T02:59:28","guid":{"rendered":"https:\/\/bazaar.express\/product\/deodorant-cream\/"},"modified":"2024-12-06T02:59:28","modified_gmt":"2024-12-06T02:59:28","slug":"deodorant-cream","status":"publish","type":"product","link":"https:\/\/bazaar.express\/pl\/produkt\/deodorant-cream\/","title":{"rendered":"Krem dezodoruj\u0105cy"},"content":{"rendered":"<h2 data-start=\"207\" data-end=\"284\"><strong data-start=\"210\" data-end=\"284\">Krem dezodoruj\u0105cy Royal Oud: luksusowa kontrola zapachu z piel\u0119gnacj\u0105 przyjazn\u0105 dla sk\u00f3ry<\/strong><\/h2>\n<h3 data-start=\"291\" data-end=\"334\"><strong data-start=\"295\" data-end=\"334\">Odkryj wi\u0119cej ni\u017c tylko \u015bwie\u017co\u015b\u0107<\/strong><\/h3>\n<p data-start=\"336\" data-end=\"611\">W kwestii piel\u0119gnacji osobistej ka\u017cda cz\u0119\u015b\u0107 cia\u0142a zas\u0142uguje na troskliw\u0105 uwag\u0119 \u2013 tak, nawet pachy. Krem dezodoruj\u0105cy Royal Oud to nie zwyk\u0142y dezodorant; to wysokiej klasy rozwi\u0105zanie do piel\u0119gnacji sk\u00f3ry, zaprojektowane, by rozpieszcza\u0107, chroni\u0107 i zapewnia\u0107 pewn\u0105 \u015bwie\u017co\u015b\u0107 przez ca\u0142y dzie\u0144.<\/p>\n<h3 data-start=\"618\" data-end=\"655\"><strong data-start=\"622\" data-end=\"655\">Delikatny dla sk\u00f3ry, skuteczny przeciw zapachowi<\/strong><\/h3>\n<p data-start=\"657\" data-end=\"993\">W przeciwie\u0144stwie do tradycyjnych produkt\u00f3w dezodoruj\u0105cych, kt\u00f3re opieraj\u0105 si\u0119 na alkoholu lub ostrych chemikaliach, krem dezodoruj\u0105cy Royal Oud wykorzystuje \u0142agodz\u0105c\u0105, bezalkoholow\u0105 formu\u0142\u0119. Szanuje naturaln\u0105 r\u00f3wnowag\u0119 sk\u00f3ry, tworz\u0105c barier\u0119 ochronn\u0105 przed bakteriami powoduj\u0105cymi zapach. Pozostajesz suchy, \u015bwie\u017cy i bez podra\u017cnie\u0144 \u2013 nawet w gor\u0105c\u0105 pogod\u0119 lub podczas d\u0142ugich, aktywnych dni.<\/p>\n<h3 data-start=\"1000\" data-end=\"1040\"><strong data-start=\"1004\" data-end=\"1040\">Wzbogacony naturalnymi sk\u0142adnikami<\/strong><\/h3>\n<p data-start=\"1042\" data-end=\"1101\">Ka\u017cdy s\u0142oik jest nape\u0142niony bogatymi, przyjaznymi dla sk\u00f3ry sk\u0142adnikami, takimi jak:<\/p>\n<ul data-start=\"1103\" data-end=\"1382\">\n<li data-start=\"1103\" data-end=\"1172\">\n<p data-start=\"1105\" data-end=\"1172\"><strong data-start=\"1105\" data-end=\"1120\">Mas\u0142o shea<\/strong> \u2013 g\u0142\u0119boko nawil\u017ca i od\u017cywia wra\u017cliw\u0105 sk\u00f3r\u0119<\/p>\n<\/li>\n<li data-start=\"1173\" data-end=\"1240\">\n<p data-start=\"1175\" data-end=\"1240\"><strong data-start=\"1175\" data-end=\"1188\">Witamina E<\/strong> \u2013 wzmacnia i chroni delikatn\u0105 sk\u00f3r\u0119 pod pachami<\/p>\n<\/li>\n<li data-start=\"1241\" data-end=\"1316\">\n<p data-start=\"1243\" data-end=\"1316\"><strong data-start=\"1243\" data-end=\"1260\">Olejki zapachowe<\/strong> \u2013 zapewnia subtelny, lecz wyrafinowany zapach Royal Oud<\/p>\n<\/li>\n<li data-start=\"1317\" data-end=\"1382\">\n<p data-start=\"1319\" data-end=\"1382\"><strong data-start=\"1319\" data-end=\"1337\">Woda oczyszczona<\/strong> \u2013 zapewnia delikatn\u0105, niezatykaj\u0105c\u0105 por\u00f3w aplikacj\u0119<\/p>\n<\/li>\n<\/ul>\n<p data-start=\"1384\" data-end=\"1587\">Ten krem dezodoruj\u0105cy zawiera r\u00f3wnie\u017c <strong data-start=\"1419\" data-end=\"1446\">olej cyperusowy pochodzenia ro\u015blinnego<\/strong>, kt\u00f3ry pomaga spowalnia\u0107 wzrost w\u0142os\u00f3w pod pachami i <strong data-start=\"1492\" data-end=\"1524\">naturalnie rozja\u015bnia\u0107 ciemne obszary<\/strong>, czyni\u0105c go czym\u015b wi\u0119cej ni\u017c tylko dezodorantem \u2013 to pe\u0142ny rytua\u0142 piel\u0119gnacyjny.<\/p>\n<h3 data-start=\"1594\" data-end=\"1638\"><strong data-start=\"1598\" data-end=\"1638\">Bez aluminium, bez siarczan\u00f3w, bez zmartwie\u0144<\/strong><\/h3>\n<p data-start=\"1640\" data-end=\"1920\">Zapomnij o dyskomforcie zatykanych por\u00f3w i podra\u017cnieniach po goleniu. Krem dezodoruj\u0105cy Royal Oud jest dumnie <strong data-start=\"1733\" data-end=\"1796\">wolny od aluminium, siarczanu potasu i ostrych syntetyk\u00f3w<\/strong>, co czyni go odpowiednim nawet dla najbardziej wra\u017cliwych typ\u00f3w sk\u00f3ry. Pozwala Twojemu cia\u0142u poci\u0107 si\u0119 naturalnie \u2013 bez nieprzyjemnego zapachu.<\/p>\n<h3 data-start=\"1927\" data-end=\"1945\"><strong data-start=\"1931\" data-end=\"1945\">Jak u\u017cywa\u0107<\/strong><\/h3>\n<p data-start=\"1947\" data-end=\"1976\"><strong data-start=\"1947\" data-end=\"1976\">Aplikacja krok po kroku:<\/strong><\/p>\n<ol data-start=\"1978\" data-end=\"2103\">\n<li data-start=\"1978\" data-end=\"2015\">\n<p data-start=\"1981\" data-end=\"2015\">Dok\u0142adnie umyj pachy.<\/p>\n<\/li>\n<li data-start=\"2016\" data-end=\"2067\">\n<p data-start=\"2019\" data-end=\"2067\">Na\u0142\u00f3\u017c niewielk\u0105 ilo\u015b\u0107 kremu na such\u0105 sk\u00f3r\u0119.<\/p>\n<\/li>\n<li data-start=\"2068\" data-end=\"2103\">\n<p data-start=\"2071\" data-end=\"2103\">Delikatnie wmasuj do wch\u0142oni\u0119cia.<\/p>\n<\/li>\n<\/ol>\n<p data-start=\"2105\" data-end=\"2179\">Ciesz si\u0119 trwa\u0142\u0105 \u015bwie\u017co\u015bci\u0105 i luksusowym zapachem, kt\u00f3ry towarzyszy Ci przez ca\u0142y dzie\u0144.<\/p>\n<h3 data-start=\"2499\" data-end=\"2521\"><strong data-start=\"2503\" data-end=\"2521\">Podsumowanie<\/strong><\/h3>\n<p data-start=\"2523\" data-end=\"2889\">Krem dezodoruj\u0105cy Royal Oud to co\u015b wi\u0119cej ni\u017c rozwi\u0105zanie na pot \u2013 to <strong data-start=\"2591\" data-end=\"2626\">naturalny, luksusowy produkt piel\u0119gnacyjny<\/strong>, kt\u00f3ry szanuje Twoj\u0105 sk\u00f3r\u0119, jednocze\u015bnie zapewniaj\u0105c d\u0142ugotrwa\u0142\u0105 ochron\u0119 przed zapachem. Niezale\u017cnie od tego, czy szykujesz si\u0119 na spotkanie biznesowe, lu\u017any dzie\u0144 czy elegancki wiecz\u00f3r, ten krem sprawi, \u017ce poczujesz si\u0119 czysto, sucho i subtelnie pachn\u0105co \u2013 dok\u0142adnie tak, jak powinna wygl\u0105da\u0107 piel\u0119gnacja osobista.<\/p>\n<p style=\"text-align: center;\">Dzi\u0119kujemy za zakupy w <em data-start=\"415\" data-end=\"431\"><a href=\"https:\/\/bazaar.express\/pl\/\">Bazaar Express<\/a><\/em> \u2013 cieszymy si\u0119, \u017ce jeste\u015b z nami!<\/p>\n<p style=\"text-align: center;\">Twoja droga do lepszej piel\u0119gnacji osobistej zaczyna si\u0119 tutaj \u2013 z <a href=\"https:\/\/bazaar.express\/product-category\/beauty-care\/\">Piel\u0119gnacj\u0105 i urod\u0105<\/a>, \u043a\u043e\u0442\u043e\u0440\u043e\u0439 mo\u017cesz zaufa\u0107.<\/p>\n","protected":false},"excerpt":{"rendered":"<h3>Krem dezodoruj\u0105cy Royal Oud zapewnia ochron\u0119 przed zapachem dzi\u0119ki od\u017cywczym sk\u0142adnikom naturalnym. Wolny od alkoholu i aluminium, koi pachy, zapobiega ciemnym plamom i pozostawia trwa\u0142y zapach royal oud. Idealny do codziennej \u015bwie\u017co\u015bci z piel\u0119gnacj\u0105 przyjazn\u0105 dla sk\u00f3ry.<\/h3>\n","protected":false},"featured_media":42651,"comment_status":"open","ping_status":"closed","template":"","meta":[],"product_brand":[],"product_cat":[1192,1193],"product_tag":[1549,1548,1550],"class_list":{"0":"post-42649","1":"product","2":"type-product","3":"status-publish","4":"has-post-thumbnail","6":"product_cat-pielegnacja-urody","7":"product_cat-lecznicze-oleje","8":"product_tag-al-oud","9":"product_tag-krem","10":"product_tag-krem-dezodorujacy","12":"first","13":"instock","14":"shipping-taxable","15":"purchasable","16":"product-type-simple"},"_links":{"self":[{"href":"https:\/\/bazaar.express\/pl\/wp-json\/wp\/v2\/product\/42649","targetHints":{"allow":["GET"]}}],"collection":[{"href":"https:\/\/bazaar.express\/pl\/wp-json\/wp\/v2\/product"}],"about":[{"href":"https:\/\/bazaar.express\/pl\/wp-json\/wp\/v2\/types\/product"}],"replies":[{"embeddable":true,"href":"https:\/\/bazaar.express\/pl\/wp-json\/wp\/v2\/comments?post=42649"}],"wp:featuredmedia":[{"embeddable":true,"href":"https:\/\/bazaar.express\/pl\/wp-json\/wp\/v2\/media\/42651"}],"wp:attachment":[{"href":"https:\/\/bazaar.express\/pl\/wp-json\/wp\/v2\/media?parent=42649"}],"wp:term":[{"taxonomy":"product_brand","embeddable":true,"href":"https:\/\/bazaar.express\/pl\/wp-json\/wp\/v2\/product_brand?post=42649"},{"taxonomy":"product_cat","embeddable":true,"href":"https:\/\/bazaar.express\/pl\/wp-json\/wp\/v2\/product_cat?post=42649"},{"taxonomy":"product_tag","embeddable":true,"href":"https:\/\/bazaar.express\/pl\/wp-json\/wp\/v2\/product_tag?post=42649"}],"curies":[{"name":"wp","href":"https:\/\/api.w.org\/{rel}","templated":true}]}}