{"id":42674,"date":"2024-12-03T16:54:48","date_gmt":"2024-12-03T16:54:48","guid":{"rendered":"https:\/\/bazaar.express\/product\/for-skin\/"},"modified":"2024-12-03T16:54:48","modified_gmt":"2024-12-03T16:54:48","slug":"for-skin","status":"publish","type":"product","link":"https:\/\/bazaar.express\/pl\/produkt\/for-skin\/","title":{"rendered":"Mleko wielb\u0142\u0105dzie do sk\u00f3ry"},"content":{"rendered":"<h2 data-start=\"253\" data-end=\"323\">Mleko wielb\u0142\u0105dzie do sk\u00f3ry: Sekret natury dla blasku i regeneracji<\/h2>\n<h3 data-start=\"325\" data-end=\"398\"> Staro\u017cytny sekret pi\u0119kna potrzebny w Twojej nowoczesnej rutynie piel\u0119gnacyjnej<\/h3>\n<p data-start=\"400\" data-end=\"822\">Przez wieki mleko wielb\u0142\u0105dzie by\u0142o cenione w kulturach pustynnych nie tylko jako bogate \u017ar\u00f3d\u0142o po\u017cywienia, ale jako eliksir transformuj\u0105cy sk\u00f3r\u0119. Zdobywaj\u0105c teraz uwag\u0119 na ca\u0142ym \u015bwiecie, <strong data-start=\"567\" data-end=\"590\">mleko wielb\u0142\u0105dzie do sk\u00f3ry<\/strong> redefiniuje naturaln\u0105 piel\u0119gnacj\u0119 sk\u00f3ry, oferuj\u0105c intensywne nawil\u017cenie, dzia\u0142anie przeciwstarzeniowe i koj\u0105ce korzy\u015bci w jednej luksusowej aplikacji. Bez wzgl\u0119du na to, czy masz sk\u00f3r\u0119 such\u0105, t\u0142ust\u0105 czy wra\u017cliw\u0105, mleko wielb\u0142\u0105dzie to naturalny preparat, na kt\u00f3ry czeka\u0142a Twoja sk\u00f3ra.<\/p>\n<h3 data-start=\"829\" data-end=\"873\"> G\u0142\u0119bokie nawil\u017cenie i wzmacnianie sk\u00f3ry<\/h3>\n<p data-start=\"875\" data-end=\"1205\">Mleko wielb\u0142\u0105dzie jest bogate w naturalne t\u0142uszcze, niezb\u0119dne bia\u0142ka i <strong data-start=\"935\" data-end=\"959\">witaminy A, C i E<\/strong>, zapewniaj\u0105c intensywne nawil\u017cenie bez zapychania por\u00f3w. Te sk\u0142adniki od\u017cywcze wnikaj\u0105 g\u0142\u0119boko w sk\u00f3r\u0119, zatrzymuj\u0105c wilgo\u0107 i wzmacniaj\u0105c jej naturaln\u0105 zdolno\u015b\u0107 do jej utrzymania \u2013 pozostawiaj\u0105c j\u0105 g\u0142adszej, mi\u0119ksz\u0105 i bardziej elastyczn\u0105 po ka\u017cdym u\u017cyciu.<\/p>\n<h3 data-start=\"1212\" data-end=\"1260\"> Naturalne zwi\u0119kszanie kolagenu dla m\u0142odszej sk\u00f3ry<\/h3>\n<p data-start=\"1262\" data-end=\"1638\">Jedn\u0105 z najbardziej imponuj\u0105cych w\u0142a\u015bciwo\u015bci <strong data-start=\"1302\" data-end=\"1325\">mleka wielb\u0142\u0105dziego do sk\u00f3ry<\/strong> jest jego zdolno\u015b\u0107 do wspierania <strong data-start=\"1352\" data-end=\"1375\">produkcji kolagenu<\/strong>. Zawiera naturalnie wyst\u0119puj\u0105ce <strong data-start=\"1409\" data-end=\"1432\">kwasy alfa-hydroksylowe<\/strong> (AHA), kt\u00f3re delikatnie usuwaj\u0105 martwe kom\u00f3rki sk\u00f3ry i stymuluj\u0105 odnow\u0119 kom\u00f3rkow\u0105. Ten proces zmniejsza widoczno\u015b\u0107 drobnych zmarszczek, poprawia elastyczno\u015b\u0107 i nadaje sk\u00f3rze bardziej promienny wygl\u0105d.<\/p>\n<h3 data-start=\"1645\" data-end=\"1701\"> Odpowiednie dla wszystkich typ\u00f3w sk\u00f3ry \u2013 tak\u017ce wra\u017cliwej<\/h3>\n<p data-start=\"1703\" data-end=\"2040\">Dzi\u0119ki hypoalergicznym i niekomedogennym w\u0142a\u015bciwo\u015bciom mleko wielb\u0142\u0105dzie jest idealne <strong data-start=\"1780\" data-end=\"1792\">do sk\u00f3ry<\/strong> wszystkich typ\u00f3w. Reguluje poziom sebum, nadaj\u0105c si\u0119 do sk\u00f3ry t\u0142ustej, jednocze\u015bnie koj\u0105c i nawil\u017caj\u0105c sk\u00f3r\u0119 such\u0105 lub zapaln\u0105. W\u0142a\u015bciwo\u015bci przeciwzapalne \u0142agodz\u0105 zaczerwienienia, egzem\u0119, a nawet r\u00f3\u017cowatk\u0119 \u2013 bez agresywnych chemikali\u00f3w czy syntetycznych podra\u017cniaczy.<\/p>\n<h3 data-start=\"2047\" data-end=\"2094\"> Leczenie tr\u0105dziku i rozja\u015bnianie sk\u00f3ry w jednym<\/h3>\n<p data-start=\"2096\" data-end=\"2442\">Szukasz naturalnego rozwi\u0105zania na tr\u0105dzik? Mleko wielb\u0142\u0105dzie zawiera <strong data-start=\"2153\" data-end=\"2168\">kwas mlekowy<\/strong> i <strong data-start=\"2173\" data-end=\"2181\">cynk<\/strong>, znane z walki z bakteriami wywo\u0142uj\u0105cymi tr\u0105dzik i delikatnego odnawiania sk\u00f3ry. Zmniejsza blizny po tr\u0105dziku i przebarwienia z czasem. Dodatkowo mleko wielb\u0142\u0105dzie naturalnie <strong data-start=\"2352\" data-end=\"2374\">rozja\u015bnia sk\u00f3r\u0119<\/strong>, zapewniaj\u0105c wyra\u017aniej czystszy i bardziej r\u00f3wnomierny koloryt przy regularnym stosowaniu.<\/p>\n<h3 data-start=\"2449\" data-end=\"2498\"> Sk\u0142adniki przyjazne sk\u00f3rze dla zdrowego blasku<\/h3>\n<p data-start=\"2500\" data-end=\"2745\">Bogate w <strong data-start=\"2512\" data-end=\"2537\">niezb\u0119dne kwasy t\u0142uszczowe<\/strong>, antyoksydanty i zwi\u0105zki przeciwstarzeniowe, mleko wielb\u0142\u0105dzie wspiera regeneracj\u0119 i ochron\u0119 sk\u00f3ry. Jego zawarto\u015b\u0107 <strong data-start=\"2628\" data-end=\"2641\">witaminy C<\/strong> pomaga rozja\u015bnia\u0107 matow\u0105 sk\u00f3r\u0119, podczas gdy <strong data-start=\"2689\" data-end=\"2703\">witaminy z grupy B<\/strong> poprawiaj\u0105 elastyczno\u015b\u0107 i regeneracj\u0119 sk\u00f3ry.<\/p>\n<h3 data-start=\"2752\" data-end=\"2772\"> Informacje o produkcie<\/h3>\n<ul data-start=\"2774\" data-end=\"3174\">\n<li data-start=\"2774\" data-end=\"2830\">\n<p data-start=\"2776\" data-end=\"2830\"><strong data-start=\"2776\" data-end=\"2793\">Rodzaj produktu:<\/strong> 100% Naturalny krem z mleka wielb\u0142\u0105dziego do sk\u00f3ry<\/p>\n<\/li>\n<li data-start=\"2831\" data-end=\"2890\">\n<p data-start=\"2833\" data-end=\"2890\"><strong data-start=\"2833\" data-end=\"2848\">Typy sk\u00f3ry:<\/strong> Wszystkie (wra\u017cliwa, sucha, t\u0142usta, mieszana)<\/p>\n<\/li>\n<li data-start=\"2891\" data-end=\"2947\">\n<p data-start=\"2893\" data-end=\"2947\"><strong data-start=\"2893\" data-end=\"2905\">Konsystencja:<\/strong> Lekka, niet\u0142usta, szybko wch\u0142aniaj\u0105ca si\u0119<\/p>\n<\/li>\n<li data-start=\"2948\" data-end=\"2968\">\n<p data-start=\"2950\" data-end=\"2968\"><strong data-start=\"2950\" data-end=\"2961\">Pojemno\u015b\u0107:<\/strong> 250 g<\/p>\n<\/li>\n<li data-start=\"2969\" data-end=\"2998\">\n<p data-start=\"2971\" data-end=\"2998\"><strong data-start=\"2971\" data-end=\"2982\">Pochodzenie:<\/strong> Wyprodukowane w Egipcie<\/p>\n<\/li>\n<li data-start=\"2999\" data-end=\"3052\">\n<p data-start=\"3001\" data-end=\"3052\"><strong data-start=\"3001\" data-end=\"3011\">Marka:<\/strong> el malka \u2013 Naturalna piel\u0119gnacja sk\u00f3ry, kt\u00f3rej mo\u017cesz zaufa\u0107<\/p>\n<\/li>\n<li data-start=\"3053\" data-end=\"3082\">\n<p data-start=\"3055\" data-end=\"3082\"><strong data-start=\"3055\" data-end=\"3065\">Sklep:<\/strong> Bazaar Express<\/p>\n<\/li>\n<li data-start=\"3083\" data-end=\"3146\">\n<p data-start=\"3085\" data-end=\"3146\"><strong data-start=\"3085\" data-end=\"3104\">Certyfikaty:<\/strong> Autoryzowane przez Egyptian Drug Authority<\/p>\n<\/li>\n<li data-start=\"3147\" data-end=\"3174\">\n<p data-start=\"3149\" data-end=\"3174\"><strong data-start=\"3149\" data-end=\"3170\">Bezpieczne dla dzieci<\/strong><\/p>\n<\/li>\n<\/ul>\n<h3 data-start=\"3477\" data-end=\"3534\"> Podsumowanie: Pozw\u00f3l sk\u00f3rze zab\u0142ysn\u0105\u0107 mlekiem wielb\u0142\u0105dziem<\/h3>\n<p data-start=\"3536\" data-end=\"3887\">Twoja sk\u00f3ra zas\u0142uguje na czysto\u015b\u0107 natury, a mleko wielb\u0142\u0105dzie dostarcza w\u0142a\u015bnie to. Niezale\u017cnie od tego, czy zwalczasz matowo\u015b\u0107, odwodnienie, tr\u0105dzik czy pierwsze oznaki starzenia, ten niezwyk\u0142y sk\u0142adnik oferuje kompleksow\u0105 opiek\u0119 <strong data-start=\"3735\" data-end=\"3747\">do sk\u00f3ry<\/strong>, kt\u00f3ra b\u0142yszczy od wewn\u0105trz. Ufane przez pokolenia i udoskonalone przez el malka, mleko wielb\u0142\u0105dzie staje si\u0119 nowym filarem rutyn piel\u0119gnacyjnych na \u015bwiecie.<\/p>\n<p data-start=\"3889\" data-end=\"4008\">Wybierz natur\u0119 ju\u017c dzi\u015b. Odm\u0142adzaj, rozja\u015bniaj i chro\u0144 sk\u00f3r\u0119 transformuj\u0105c\u0105 moc\u0105 mleka wielb\u0142\u0105dziego.<\/p>\n<p style=\"text-align: center;\">Dzi\u0119kujemy za zakupy w <em data-start=\"415\" data-end=\"431\"><a href=\"https:\/\/bazaar.express\/pl\/\">Bazaar Express<\/a><\/em> \u2013 cieszymy si\u0119, \u017ce jeste\u015b z nami!<\/p>\n<p style=\"text-align: center;\">Twoja droga do lepszej autopiel\u0119gnacji zaczyna si\u0119 tutaj \u2014 z <a href=\"https:\/\/bazaar.express\/product-category\/beauty-care\/\">Beauty &#038; Care<\/a>, na kt\u00f3rym mo\u017cesz polega\u0107.<\/p>\n","protected":false},"excerpt":{"rendered":"<h3 data-start=\"621\" data-end=\"789\">Do\u015bwiadcz rewitalizuj\u0105cej mocy naturalnego mleka wielb\u0142\u0105dziego. Ten krem 1 kg g\u0142\u0119boko nawil\u017ca, wspomaga kolagen i \u0142agodzi podra\u017cnienia. Bezpieczny dla dzieci i wszystkich typ\u00f3w sk\u00f3ry.<\/h3>\n","protected":false},"featured_media":42676,"comment_status":"open","ping_status":"closed","template":"","meta":[],"product_brand":[],"product_cat":[1193],"product_tag":[1474,1469,1477],"class_list":{"0":"post-42674","1":"product","2":"type-product","3":"status-publish","4":"has-post-thumbnail","6":"product_cat-lecznicze-oleje","7":"product_tag-mleko-wielbladzie","8":"product_tag-mleko-wielbladziego-dla-skory","9":"product_tag-skora","11":"first","12":"instock","13":"shipping-taxable","14":"purchasable","15":"product-type-simple"},"_links":{"self":[{"href":"https:\/\/bazaar.express\/pl\/wp-json\/wp\/v2\/product\/42674","targetHints":{"allow":["GET"]}}],"collection":[{"href":"https:\/\/bazaar.express\/pl\/wp-json\/wp\/v2\/product"}],"about":[{"href":"https:\/\/bazaar.express\/pl\/wp-json\/wp\/v2\/types\/product"}],"replies":[{"embeddable":true,"href":"https:\/\/bazaar.express\/pl\/wp-json\/wp\/v2\/comments?post=42674"}],"wp:featuredmedia":[{"embeddable":true,"href":"https:\/\/bazaar.express\/pl\/wp-json\/wp\/v2\/media\/42676"}],"wp:attachment":[{"href":"https:\/\/bazaar.express\/pl\/wp-json\/wp\/v2\/media?parent=42674"}],"wp:term":[{"taxonomy":"product_brand","embeddable":true,"href":"https:\/\/bazaar.express\/pl\/wp-json\/wp\/v2\/product_brand?post=42674"},{"taxonomy":"product_cat","embeddable":true,"href":"https:\/\/bazaar.express\/pl\/wp-json\/wp\/v2\/product_cat?post=42674"},{"taxonomy":"product_tag","embeddable":true,"href":"https:\/\/bazaar.express\/pl\/wp-json\/wp\/v2\/product_tag?post=42674"}],"curies":[{"name":"wp","href":"https:\/\/api.w.org\/{rel}","templated":true}]}}