{"id":42677,"date":"2024-12-03T00:11:12","date_gmt":"2024-12-03T00:11:12","guid":{"rendered":"https:\/\/bazaar.express\/product\/snorkeling-mask-2\/"},"modified":"2024-12-03T00:11:12","modified_gmt":"2024-12-03T00:11:12","slug":"snorkeling-mask-2","status":"publish","type":"product","link":"https:\/\/bazaar.express\/pl\/produkt\/snorkeling-mask-2\/","title":{"rendered":"Pe\u0142notwarzowa maska do snorkelingu"},"content":{"rendered":"<h2 data-start=\"244\" data-end=\"321\">Odkrywaj g\u0142\u0119biny z pewno\u015bci\u0105 siebie: Maska do snorkelingu na \u0142atw\u0105 przygod\u0119<\/h2>\n<p data-start=\"323\" data-end=\"631\">Snorkeling nie jest ju\u017c tylko dla profesjonalist\u00f3w. Z nasz\u0105 innowacyjn\u0105 <strong data-start=\"386\" data-end=\"405\">mask\u0105 do snorkelingu<\/strong> ka\u017cdy mo\u017ce bada\u0107 podwodny \u015bwiat z pe\u0142n\u0105 przejrzysto\u015bci\u0105, bezpiecze\u0144stwem i komfortem. Przeznaczona dla pocz\u0105tkuj\u0105cych i ekspert\u00f3w, zapewnia niezapomniane wodne do\u015bwiadczenia i zmienia spos\u00f3b odkrywania morza.<\/p>\n<h3 data-start=\"633\" data-end=\"670\"> Oddychaj naturalnie, widz jasno<\/h3>\n<p data-start=\"672\" data-end=\"918\">Nasza pe\u0142notwarzowa <strong data-start=\"686\" data-end=\"705\">maska do snorkelingu<\/strong> umo\u017cliwia oddychanie nosem i ustami \u2013 dok\u0142adnie jak na l\u0105dzie. Panoramiczny widok 180\u00b0 daje pe\u0142ny dost\u0119p do raf koralowych i kolorowych ryb, a technologia antyparowa zapewnia krystalicznie czyst\u0105 widoczno\u015b\u0107.<\/p>\n<h3 data-start=\"920\" data-end=\"956\"> Wodoszczelna i antyparowa konstrukcja<\/h3>\n<p data-start=\"958\" data-end=\"1169\">Po\u017cegnaj przecieki wody i zaparowane szk\u0142a. Silikonowa uszczelka i zaawansowany system dry-top trzymaj\u0105 wod\u0119 na zewn\u0105trz, podw\u00f3jny mechanizm przep\u0142ywu powietrza zapobiega parowaniu wewn\u0105trz. Bez przerw \u2013 czysta przyjemno\u015b\u0107 morska.<\/p>\n<h3 data-start=\"1171\" data-end=\"1198\"> Uchwy\u0107 ka\u017cd\u0105 chwil\u0119<\/h3>\n<p data-start=\"1200\" data-end=\"1423\">Z wbudowanym uchwytem GoPro <strong data-start=\"1236\" data-end=\"1255\">maska do snorkelingu<\/strong> pozwala nagrywa\u0107 i dzieli\u0107 si\u0119 podwodn\u0105 podr\u00f3\u017c\u0105. Bez wzgl\u0119du na rodzinne wakacje, wypraw\u0119 nurkow\u0105 czy pierwsz\u0105 pr\u00f3b\u0119 snorkelingu \u2013 nie przegapisz \u017cadnego kadru.<\/p>\n<h3 data-start=\"1425\" data-end=\"1460\"> Zaprojektowana dla komfortu i bezpiecze\u0144stwa<\/h3>\n<ul data-start=\"1462\" data-end=\"1677\">\n<li data-start=\"1462\" data-end=\"1520\">\n<p data-start=\"1464\" data-end=\"1520\">Mi\u0119kka silikonowa medyczna dla szczelnego uszczelnienia bez podra\u017cnie\u0144<\/p>\n<\/li>\n<li data-start=\"1521\" data-end=\"1578\">\n<p data-start=\"1523\" data-end=\"1578\">Regulowane paski dla pewnego dopasowania (dost\u0119pne rozmiary L-XL)<\/p>\n<\/li>\n<li data-start=\"1579\" data-end=\"1629\">\n<p data-start=\"1581\" data-end=\"1629\">Suchy zaw\u00f3r snorkelowy zapobiegaj\u0105cy wchodzeniu wody<\/p>\n<\/li>\n<li data-start=\"1630\" data-end=\"1677\">\n<p data-start=\"1632\" data-end=\"1677\">System szybkiego wypi\u0119cia dla b\u0142yskawicznego zdj\u0119cia<\/p>\n<\/li>\n<\/ul>\n<h3 data-start=\"1679\" data-end=\"1714\"> Idealna dla ka\u017cdego mi\u0142o\u015bnika wody<\/h3>\n<p data-start=\"1716\" data-end=\"1996\">Czy jeste\u015b podr\u00f3\u017cnikiem, entuzjast\u0105 snorkelingu czy ciekawskim odkrywc\u0105, ta <strong data-start=\"1796\" data-end=\"1815\">maska do snorkelingu<\/strong> to must-have w pla\u017cowej torbie. Lekka, prosta w obs\u0142udze, do snorkelingu powierzchniowego \u2013 doskona\u0142a na tropikalne wakacje, przygody na Morzu Czerwonym i rodzinn\u0105 zabaw\u0119 przy basenie.<\/p>\n<h2 data-start=\"2311\" data-end=\"2367\">Podsumowanie: Zanurz si\u0119 w \u015bwiat pod falami<\/h2>\n<p data-start=\"2369\" data-end=\"2648\">Zaawansowane funkcje naszej <strong data-start=\"2403\" data-end=\"2422\">maski do snorkelingu<\/strong> czyni\u0105 eksploracj\u0119 oceanu prostsz\u0105 ni\u017c kiedykolwiek. Ciesz si\u0119 bezpiecznym, wolnym od pary panoramicznym do\u015bwiadczeniem podwodnym. Nie tylko snorkeling \u2013 wkrocz w przysz\u0142o\u015b\u0107 podwodnego komfortu i bezpiecze\u0144stwa z mask\u0105 dla prawdziwych odkrywc\u00f3w.<\/p>\n<p data-start=\"2650\" data-end=\"2700\"><strong data-start=\"2650\" data-end=\"2700\">Do\u015bwiadcz wi\u0119cej. Zanurz si\u0119 g\u0142\u0119biej. Snorkeluj sprytniej.<\/strong><\/p>\n<p style=\"text-align: center;\">Dzi\u0119kujemy za zakupy w <em data-start=\"415\" data-end=\"431\"><a href=\"https:\/\/bazaar.express\/pl\/\">Bazaar Express<\/a><\/em> \u2013 bardzo si\u0119 cieszymy, \u017ce jeste\u015b z nami!<\/p>\n<p style=\"text-align: center;\">Od r\u0119cznik\u00f3w po torby, nasze <a href=\"https:\/\/bazaar.express\/pl\/beach-essentials\/\">Akcesoria pla\u017cowe<\/a> maj\u0105 wszystko, czego potrzebujesz.<\/p>\n","protected":false},"excerpt":{"rendered":"<h3 data-start=\"3041\" data-end=\"3241\">Pe\u0142notwarzowa <strong data-start=\"3051\" data-end=\"3070\">maska do snorkelingu<\/strong> z widokiem 180\u00b0, systemem dry-top, technologi\u0105 antyparow\u0105 i uchwytem GoPro. Idealna dla pocz\u0105tkuj\u0105cych i profesjonalist\u00f3w. Komfortowa, szczelna i bezpieczna do snorkelingu powierzchniowego. Rozmiary: L-XL.<\/h3>\n","protected":false},"featured_media":42679,"comment_status":"open","ping_status":"closed","template":"","meta":[],"product_brand":[],"product_cat":[1194],"product_tag":[1475,1558,1559,1560],"class_list":{"0":"post-42677","1":"product","2":"type-product","3":"status-publish","4":"has-post-thumbnail","6":"product_cat-niezbedniki-plazowe","7":"product_tag-maska","8":"product_tag-maska-na-cala-twarz","9":"product_tag-maska-snorkel","10":"product_tag-pelnotwarzowa-maska-snorkel","11":"pa_l-xl-l","12":"pa_l-xl-xl","14":"first","15":"instock","16":"sale","17":"shipping-taxable","18":"purchasable","19":"product-type-variable","20":"has-default-attributes"},"_links":{"self":[{"href":"https:\/\/bazaar.express\/pl\/wp-json\/wp\/v2\/product\/42677","targetHints":{"allow":["GET"]}}],"collection":[{"href":"https:\/\/bazaar.express\/pl\/wp-json\/wp\/v2\/product"}],"about":[{"href":"https:\/\/bazaar.express\/pl\/wp-json\/wp\/v2\/types\/product"}],"replies":[{"embeddable":true,"href":"https:\/\/bazaar.express\/pl\/wp-json\/wp\/v2\/comments?post=42677"}],"wp:featuredmedia":[{"embeddable":true,"href":"https:\/\/bazaar.express\/pl\/wp-json\/wp\/v2\/media\/42679"}],"wp:attachment":[{"href":"https:\/\/bazaar.express\/pl\/wp-json\/wp\/v2\/media?parent=42677"}],"wp:term":[{"taxonomy":"product_brand","embeddable":true,"href":"https:\/\/bazaar.express\/pl\/wp-json\/wp\/v2\/product_brand?post=42677"},{"taxonomy":"product_cat","embeddable":true,"href":"https:\/\/bazaar.express\/pl\/wp-json\/wp\/v2\/product_cat?post=42677"},{"taxonomy":"product_tag","embeddable":true,"href":"https:\/\/bazaar.express\/pl\/wp-json\/wp\/v2\/product_tag?post=42677"}],"curies":[{"name":"wp","href":"https:\/\/api.w.org\/{rel}","templated":true}]}}