{"id":42685,"date":"2024-12-01T17:11:50","date_gmt":"2024-12-01T17:11:50","guid":{"rendered":"https:\/\/bazaar.express\/product\/aloe-vera-gel\/"},"modified":"2024-12-01T17:11:50","modified_gmt":"2024-12-01T17:11:50","slug":"aloe-vera-gel","status":"publish","type":"product","link":"https:\/\/bazaar.express\/pl\/produkt\/aloe-vera-gel\/","title":{"rendered":"\u017bel aloesowy \u2013 1 kg"},"content":{"rendered":"<h2 data-start=\"239\" data-end=\"306\">Czysty \u017cel aloesowy \u2013 Naturalna regeneracja i g\u0142\u0119bokie nawil\u017cenie Tnerh \u2013 1 kg<\/h2>\n<h3 data-start=\"308\" data-end=\"377\"> Odkryj moc czystego aloesu dla zdrowej, promiennej sk\u00f3ry<\/h3>\n<p data-start=\"379\" data-end=\"660\">Odkryj naturalny balsam natury z <strong data-start=\"418\" data-end=\"448\">czystym \u017celem aloesowym Tnerh<\/strong>, 100% naturalnym rozwi\u0105zaniem do <strong data-start=\"478\" data-end=\"516\">nawil\u017cania, regeneracji i ochrony<\/strong>. Pochodz\u0105cy z wysokiej jako\u015bci egipskiego aloesu, ten <strong data-start=\"569\" data-end=\"591\">niezb\u0119dnik piel\u0119gnacji sk\u00f3ry<\/strong> \u0142agodzi, przywraca i rewitalizuje sk\u00f3r\u0119 \u2013 bezpiecznie i skutecznie.<\/p>\n<p data-start=\"662\" data-end=\"836\">Niezale\u017cnie, czy leczysz oparzenia s\u0142oneczne, \u0142agodzisz podra\u017cnienia czy wzbogacasz <strong data-start=\"740\" data-end=\"766\">codzienn\u0105 rutyn\u0119 piel\u0119gnacyjn\u0105<\/strong>, ten <strong data-start=\"773\" data-end=\"800\">wielofunkcyjny \u017cel aloesowy<\/strong> to podstawa w ka\u017cdym domu.<\/p>\n<h3 data-start=\"843\" data-end=\"879\"> G\u0142\u00f3wne zalety \u017celu aloesowego<\/h3>\n<h4 data-start=\"881\" data-end=\"921\"> \u0141agodzenie sk\u00f3ry i ulga po s\u0142o\u0144cu<\/h4>\n<p data-start=\"922\" data-end=\"1110\">Nasz \u017cel aloesowy zapewnia <strong data-start=\"944\" data-end=\"963\">natychmiastow\u0105 ulg\u0119<\/strong> podra\u017cnionej lub <strong data-start=\"979\" data-end=\"999\">uszkodzonej s\u0142o\u0144cem sk\u00f3rze<\/strong>, zmniejszaj\u0105c zaczerwienienie i podra\u017cnienia. Idealny do <strong data-start=\"1044\" data-end=\"1062\">piel\u0119gnacji po opalaniu<\/strong>, ch\u0142odzi sk\u00f3r\u0119 i wspiera naturaln\u0105 regeneracj\u0119.<\/p>\n<h4 data-start=\"1112\" data-end=\"1139\"> G\u0142\u0119bokie nawil\u017cenie sk\u00f3ry<\/h4>\n<p data-start=\"1140\" data-end=\"1315\">Ciesz si\u0119 d\u0142ugotrwa\u0142ym nawil\u017ceniem przy ka\u017cdym u\u017cyciu. <strong data-start=\"1188\" data-end=\"1213\">Ekstrakt z aloesu bio<\/strong> wnika g\u0142\u0119boko w warstwy sk\u00f3ry, poprawiaj\u0105c <strong data-start=\"1260\" data-end=\"1279\">elastyczno\u015b\u0107 sk\u00f3ry<\/strong> i podtrzymuj\u0105c <strong data-start=\"1298\" data-end=\"1314\">zdrowy blask<\/strong>.<\/p>\n<h4 data-start=\"1317\" data-end=\"1346\"> Naturalna regeneracja sk\u00f3ry<\/h4>\n<p data-start=\"1347\" data-end=\"1561\">Bogaty w witaminy i aminokwasy, ten <strong data-start=\"1386\" data-end=\"1403\">czysty \u017cel aloesowy<\/strong> przyspiesza regeneracj\u0119 sk\u00f3ry. Idealny na <strong data-start=\"1452\" data-end=\"1496\">drobne oparzenia, zadrapania i zapalenia<\/strong>, wspiera szybsze gojenie dzi\u0119ki <strong data-start=\"1532\" data-end=\"1560\">w\u0142a\u015bciwo\u015bciom antybakteryjnym<\/strong>.<\/p>\n<h4 data-start=\"1563\" data-end=\"1592\"> Wsparcie ochrony UV<\/h4>\n<p data-start=\"1593\" data-end=\"1748\">Stosuj przed lub po ekspozycji na s\u0142o\u0144ce, aby stworzy\u0107 <strong data-start=\"1638\" data-end=\"1657\">naturaln\u0105 barier\u0119<\/strong> chroni\u0105c\u0105 przed szkodliwymi promieniami UV. Idealny towarzysz dla <strong data-start=\"1719\" data-end=\"1747\">letnich rutyn piel\u0119gnacyjnych<\/strong>.<\/p>\n<h4 data-start=\"1750\" data-end=\"1794\"> 100% naturalny \u2013 przyjazna sk\u00f3rze formu\u0142a<\/h4>\n<p data-start=\"1795\" data-end=\"1980\">Nasz \u017cel aloesowy nie zawiera <strong data-start=\"1822\" data-end=\"1863\">sztucznych dodatk\u00f3w ani zapach\u00f3w<\/strong>. Jest \u0142agodny, hipoalergiczny i <strong data-start=\"1898\" data-end=\"1929\">odpowiedni dla wszystkich typ\u00f3w sk\u00f3ry<\/strong>, \u0142\u0105cznie z <strong data-start=\"1941\" data-end=\"1979\">wra\u017cliw\u0105 sk\u00f3r\u0105 i sk\u00f3r\u0105 dzieci<\/strong>.<\/p>\n<h3 data-start=\"1987\" data-end=\"2009\"> Szczeg\u00f3\u0142y produktu<\/h3>\n<ul data-start=\"2011\" data-end=\"2215\">\n<li data-start=\"2011\" data-end=\"2051\">\n<p data-start=\"2013\" data-end=\"2051\"><strong data-start=\"2013\" data-end=\"2029\">Nazwa produktu<\/strong>: Czysty \u017cel aloesowy<\/p>\n<\/li>\n<li data-start=\"2052\" data-end=\"2072\">\n<p data-start=\"2054\" data-end=\"2072\"><strong data-start=\"2054\" data-end=\"2063\">Marka<\/strong>: Tnerh<\/p>\n<\/li>\n<li data-start=\"2073\" data-end=\"2102\">\n<p data-start=\"2075\" data-end=\"2102\"><strong data-start=\"2075\" data-end=\"2085\">Pochodzenie<\/strong>: Wyprodukowano w Egipcie<\/p>\n<\/li>\n<li data-start=\"2103\" data-end=\"2160\">\n<p data-start=\"2105\" data-end=\"2160\"><strong data-start=\"2105\" data-end=\"2113\">Rozmiar<\/strong>: 1 kg \u2013 Du\u017ce opakowanie na d\u0142u\u017csze u\u017cycie<\/p>\n<\/li>\n<li data-start=\"2161\" data-end=\"2215\">\n<p data-start=\"2163\" data-end=\"2215\"><strong data-start=\"2163\" data-end=\"2174\">Konsystencja<\/strong>: Lekka, niet\u0142usta, szybko wch\u0142aniaj\u0105ca si\u0119<\/p>\n<\/li>\n<\/ul>\n<h3 data-start=\"2549\" data-end=\"2594\"> Dlaczego wybra\u0107 czysty \u017cel aloesowy Tnerh?<\/h3>\n<p data-start=\"2596\" data-end=\"2806\">Ten wysokiej jako\u015bci produkt jest dla ka\u017cdego szukaj\u0105cego <strong data-start=\"2644\" data-end=\"2665\">naturalnej piel\u0119gnacji sk\u00f3ry<\/strong> bez kompromis\u00f3w. Jest cz\u0119\u015bci\u0105 zobowi\u0105zania <strong data-start=\"2703\" data-end=\"2721\">Bazaar Express<\/strong> do oferowania produkt\u00f3w najwy\u017cszej jako\u015bci z <strong data-start=\"2757\" data-end=\"2778\">egipskiej piel\u0119gnacji sk\u00f3ry<\/strong> daj\u0105cych realne efekty.<\/p>\n<p data-start=\"2808\" data-end=\"2964\">Niezzale\u017cnie, czy \u0142agodzisz oparzenia s\u0142oneczne, <strong data-start=\"2841\" data-end=\"2875\">leczysz such\u0105 lub podra\u017cnion\u0105 sk\u00f3r\u0119<\/strong>, czy szukasz <strong data-start=\"2894\" data-end=\"2917\">naturalnego nawil\u017cacza<\/strong>, kt\u00f3ry naprawd\u0119 dzia\u0142a, ten \u017cel spe\u0142ni Twoje oczekiwania.<\/p>\n<h3 data-start=\"2971\" data-end=\"3015\"> Zam\u00f3w teraz \u2013 czysta piel\u0119gnacja, czyste efekty!<\/h3>\n<p data-start=\"3017\" data-end=\"3181\">Wzboga\u0107 piel\u0119gnacj\u0119 sk\u00f3ry <strong data-start=\"3052\" data-end=\"3074\">czystym \u017celem aloesowym<\/strong> od <strong data-start=\"3080\" data-end=\"3089\">Tnerh<\/strong> \u2013 marki godnej zaufania. Twoja sk\u00f3ra zas\u0142uguje na najlepsze z <strong data-start=\"3148\" data-end=\"3180\">naturalnej egipskiej piel\u0119gnacji pi\u0119kna<\/strong>.<\/p>\n<p data-start=\"3183\" data-end=\"3259\"><strong data-start=\"3183\" data-end=\"3204\">Dodaj do koszyka ju\u017c dzi\u015b<\/strong> i poczuj r\u00f3\u017cnic\u0119 prawdziwego, od\u017cywczego aloesu.<\/p>\n<p style=\"text-align: center;\">Dzi\u0119kujemy za zakupy w <em data-start=\"415\" data-end=\"431\"><a href=\"https:\/\/bazaar.express\/pl\/\">Bazaar Express<\/a><\/em> \u2013 cieszymy si\u0119, \u017ce jeste\u015b z nami!<\/p>\n<p style=\"text-align: center;\">Twoja droga do lepszej autopiel\u0119gnacji zaczyna si\u0119 tutaj \u2014 z <a href=\"https:\/\/bazaar.express\/product-category\/beauty-care\/\">Beauty Care<\/a>, \u043a\u043e\u0442\u043e\u0440\u043e\u043c\u0443 mo\u017cesz zaufa\u0107.<\/p>\n","protected":false},"excerpt":{"rendered":"<h3 data-start=\"476\" data-end=\"771\">Czysty \u017cel aloesowy Tnerh zapewnia naturaln\u0105 ulg\u0119 i g\u0142\u0119bokie nawil\u017cenie dzi\u0119ki 100% egipskiemu ekstraktowi aloesowemu. Szybko si\u0119 wch\u0142ania, jest delikatny dla wra\u017cliwej sk\u00f3ry, bezpieczny dla dzieci, idealny do \u0142agodzenia oparze\u0144 s\u0142onecznych, uspokajania podra\u017cnie\u0144 i rewitalizacji suchej sk\u00f3ry. Doskona\u0142y do codziennej piel\u0119gnacji i opieki po s\u0142o\u0144cu.<\/h3>\n","protected":false},"featured_media":42687,"comment_status":"open","ping_status":"closed","template":"","meta":[],"product_brand":[],"product_cat":[1192,1201,1193],"product_tag":[1561,1548,1563,1562],"class_list":{"0":"post-42685","1":"product","2":"type-product","3":"status-publish","4":"has-post-thumbnail","6":"product_cat-pielegnacja-urody","7":"product_cat-gorace-okazje","8":"product_cat-lecznicze-oleje","9":"product_tag-aloes","10":"product_tag-krem","11":"product_tag-zel","12":"product_tag-zel-aloesowy","14":"first","15":"instock","16":"sale","17":"shipping-taxable","18":"purchasable","19":"product-type-simple"},"_links":{"self":[{"href":"https:\/\/bazaar.express\/pl\/wp-json\/wp\/v2\/product\/42685","targetHints":{"allow":["GET"]}}],"collection":[{"href":"https:\/\/bazaar.express\/pl\/wp-json\/wp\/v2\/product"}],"about":[{"href":"https:\/\/bazaar.express\/pl\/wp-json\/wp\/v2\/types\/product"}],"replies":[{"embeddable":true,"href":"https:\/\/bazaar.express\/pl\/wp-json\/wp\/v2\/comments?post=42685"}],"wp:featuredmedia":[{"embeddable":true,"href":"https:\/\/bazaar.express\/pl\/wp-json\/wp\/v2\/media\/42687"}],"wp:attachment":[{"href":"https:\/\/bazaar.express\/pl\/wp-json\/wp\/v2\/media?parent=42685"}],"wp:term":[{"taxonomy":"product_brand","embeddable":true,"href":"https:\/\/bazaar.express\/pl\/wp-json\/wp\/v2\/product_brand?post=42685"},{"taxonomy":"product_cat","embeddable":true,"href":"https:\/\/bazaar.express\/pl\/wp-json\/wp\/v2\/product_cat?post=42685"},{"taxonomy":"product_tag","embeddable":true,"href":"https:\/\/bazaar.express\/pl\/wp-json\/wp\/v2\/product_tag?post=42685"}],"curies":[{"name":"wp","href":"https:\/\/api.w.org\/{rel}","templated":true}]}}