{"id":42731,"date":"2025-01-18T01:20:40","date_gmt":"2025-01-18T01:20:40","guid":{"rendered":"https:\/\/bazaar.express\/product\/calamyl-lotion\/"},"modified":"2025-01-18T01:20:40","modified_gmt":"2025-01-18T01:20:40","slug":"calamyl-lotion","status":"publish","type":"product","link":"https:\/\/bazaar.express\/pl\/produkt\/calamyl-lotion\/","title":{"rendered":"Calamyl Lotion"},"content":{"rendered":"<h2 data-start=\"299\" data-end=\"373\"><strong data-start=\"302\" data-end=\"373\">Calamyl Lotion \u2013 Naturalnie \u0142agodzi problemy sk\u00f3rne, oparzenia i sw\u0119dzenie<\/strong><\/h2>\n<h3 data-start=\"375\" data-end=\"457\"><strong data-start=\"379\" data-end=\"457\">Zaufany \u015brodek na podra\u017cnienia sk\u00f3ry, oparzenia s\u0142oneczne, tr\u0105dzik i reakcje alergiczne<\/strong><\/h3>\n<p data-start=\"459\" data-end=\"819\">Przez pokolenia <strong data-start=\"476\" data-end=\"494\">Calamyl Lotion<\/strong> by\u0142 podstawowym rozwi\u0105zaniem dla rodzin i pracownik\u00f3w s\u0142u\u017cby zdrowia poszukuj\u0105cych szybkiej i skutecznej ulgi z szerokiej gamy problem\u00f3w sk\u00f3rnych. Niezale\u017cnie od tego, czy borykasz si\u0119 z uk\u0105szeniami owad\u00f3w, wysypkami, tr\u0105dzikiem, oparzeniami s\u0142onecznymi czy reakcjami alergicznymi, ten polecany przez dermatolog\u00f3w lotion zapewnia ch\u0142odz\u0105ce ukojenie i gojenie sk\u00f3ry bez ostrych chemikali\u00f3w.<\/p>\n<p data-start=\"821\" data-end=\"1240\">Opracowany z <strong data-start=\"837\" data-end=\"853\">15% kalaminy<\/strong> i <strong data-start=\"858\" data-end=\"875\">5% tlenku cynku<\/strong>, Calamyl Lotion oferuje dzia\u0142anie antyseptyczne, przeciwzapalne i przeciw\u015bwi\u0105dowe (przeciw sw\u0119dzeniu). Ch\u0142odzi gor\u0105ce, zapalne obszary, uspokaja sw\u0119dzenie, wysusza pryszcze i wysypki sk\u00f3rne oraz chroni sk\u00f3r\u0119 przed dalszym podra\u017cnieniem. To czyni go idealnym zar\u00f3wno dla <strong data-start=\"1129\" data-end=\"1152\">doros\u0142ych, jak i dzieci<\/strong> cierpi\u0105cych na egzem\u0119, osp\u0119 wietrzn\u0105, \u0142uszczyc\u0119, zapalenie sk\u00f3ry i inne nadwra\u017cliwo\u015bci sk\u00f3rne.<\/p>\n<h3 data-start=\"1247\" data-end=\"1285\"><strong data-start=\"1251\" data-end=\"1285\">Kluczowe korzy\u015bci Calamyl Lotion<\/strong><\/h3>\n<ul data-start=\"1287\" data-end=\"1933\">\n<li data-start=\"1287\" data-end=\"1391\">\n<p data-start=\"1289\" data-end=\"1391\"><strong data-start=\"1292\" data-end=\"1321\">\u0141agodzi sw\u0119dzenie i zaczerwienienie<\/strong> \u2013 Kalamina i tlenek cynku natychmiast redukuj\u0105 sw\u0119dzenie, ciep\u0142o i zaczerwienienie.<\/p>\n<\/li>\n<li data-start=\"1392\" data-end=\"1516\">\n<p data-start=\"1394\" data-end=\"1516\"><strong data-start=\"1397\" data-end=\"1431\">Ulga przy oparzeniach s\u0142onecznych i uk\u0105szeniach owad\u00f3w<\/strong> \u2013 Idealny dla sk\u00f3ry uszkodzonej s\u0142o\u0144cem lub uk\u0105sze\u0144 insekt\u00f3w powoduj\u0105cych podra\u017cnienia i dyskomfort.<\/p>\n<\/li>\n<li data-start=\"1517\" data-end=\"1627\">\n<p data-start=\"1519\" data-end=\"1627\"><strong data-start=\"1522\" data-end=\"1550\">Wysusza tr\u0105dzik i pryszcze<\/strong> \u2013 Pomaga wysuszy\u0107 nadmiar sebum i ropy, pozostawiaj\u0105c sk\u00f3r\u0119 bardziej czyst\u0105 i g\u0142adk\u0105.<\/p>\n<\/li>\n<li data-start=\"1628\" data-end=\"1731\">\n<p data-start=\"1630\" data-end=\"1731\"><strong data-start=\"1634\" data-end=\"1656\">Chroni i goi<\/strong> \u2013 Tworzy barier\u0119 ochronn\u0105 na sk\u00f3rze, jednocze\u015bnie przyspieszaj\u0105c gojenie.<\/p>\n<\/li>\n<li data-start=\"1732\" data-end=\"1832\">\n<p data-start=\"1734\" data-end=\"1832\"><strong data-start=\"1737\" data-end=\"1766\">Niewielka t\u0142usto\u015b\u0107, \u0142atwa aplikacja<\/strong> \u2013 Lekka konsystencja szybko si\u0119 wch\u0142ania. Bez zabrudze\u0144, bez plam.<\/p>\n<\/li>\n<li data-start=\"1833\" data-end=\"1933\">\n<p data-start=\"1835\" data-end=\"1933\"><strong data-start=\"1838\" data-end=\"1869\">Bez alkoholu i hormon\u00f3w<\/strong> \u2013 \u0141agodna formu\u0142a bezpieczna do wielokrotnego codziennego stosowania na wra\u017cliwej sk\u00f3rze.<\/p>\n<\/li>\n<\/ul>\n<h3 data-start=\"1940\" data-end=\"1973\"><strong data-start=\"1944\" data-end=\"1973\">Jak stosowa\u0107 Calamyl Lotion<\/strong><\/h3>\n<ol data-start=\"1975\" data-end=\"2253\">\n<li data-start=\"1975\" data-end=\"2027\">\n<p data-start=\"1978\" data-end=\"2027\"><strong data-start=\"1978\" data-end=\"1992\">Dobrze wstrz\u0105\u015bnij<\/strong> przed u\u017cyciem, aby zmiesza\u0107 sk\u0142adniki.<\/p>\n<\/li>\n<li data-start=\"2028\" data-end=\"2105\">\n<p data-start=\"2031\" data-end=\"2105\">Na\u0142\u00f3\u017c za pomoc\u0105 <strong data-start=\"2044\" data-end=\"2072\">wacika lub mi\u0119kkiej tkaniny<\/strong> bezpo\u015brednio na zmienion\u0105 sk\u00f3r\u0119.<\/p>\n<\/li>\n<li data-start=\"2106\" data-end=\"2160\">\n<p data-start=\"2109\" data-end=\"2160\">Pozw\u00f3l <strong data-start=\"2118\" data-end=\"2135\">wyschn\u0105\u0107 naturalnie<\/strong>; nie wcieraj.<\/p>\n<\/li>\n<li data-start=\"2161\" data-end=\"2214\">\n<p data-start=\"2164\" data-end=\"2214\">Stosuj <strong data-start=\"2168\" data-end=\"2187\">2-3 razy dziennie<\/strong> lub wed\u0142ug potrzeb dla uzyskania ulgi.<\/p>\n<\/li>\n<li data-start=\"2215\" data-end=\"2253\">\n<p data-start=\"2218\" data-end=\"2253\">Nadaje si\u0119 do u\u017cytku na <strong data-start=\"2231\" data-end=\"2248\">twarz i cia\u0142o<\/strong>.<\/p>\n<\/li>\n<\/ol>\n<h3 data-start=\"2260\" data-end=\"2294\"><strong data-start=\"2264\" data-end=\"2294\">Dlaczego wybra\u0107 Calamyl Lotion?<\/strong><\/h3>\n<p data-start=\"2296\" data-end=\"2704\">Calamyl Lotion jest <strong data-start=\"2320\" data-end=\"2343\">zaufany od dekad<\/strong> przez rodziny i kliniki w Egipcie i poza nim. To niezawodne, uniwersalne leczenie sk\u00f3ry przynosz\u0105ce szybkie efekty przy codziennych problemach sk\u00f3rnych. Od wysypek i sw\u0119dzenia po nawroty tr\u0105dziku i reakcje alergiczne na sk\u00f3rze, Calamyl Lotion zapewnia ch\u0142odz\u0105ce ukojenie, ochron\u0119 i spok\u00f3j. Bezpieczny dla <strong data-start=\"2633\" data-end=\"2652\">dzieci i doros\u0142ych<\/strong>, niezb\u0119dny w ka\u017cdej domowej apteczce.<\/p>\n<h3 data-start=\"2711\" data-end=\"2741\"><strong data-start=\"2715\" data-end=\"2741\">Specyfikacja produktu<\/strong><\/h3>\n<ul data-start=\"2743\" data-end=\"3141\">\n<li data-start=\"2743\" data-end=\"2765\">\n<p data-start=\"2745\" data-end=\"2765\"><strong data-start=\"2745\" data-end=\"2754\">Marka<\/strong>: Calamyl<\/p>\n<\/li>\n<li data-start=\"2766\" data-end=\"2810\">\n<p data-start=\"2768\" data-end=\"2810\"><strong data-start=\"2768\" data-end=\"2776\">Typ<\/strong>: Lotion \u0142agodz\u0105cy i goj\u0105cy sk\u00f3r\u0119<\/p>\n<\/li>\n<li data-start=\"2811\" data-end=\"2866\">\n<p data-start=\"2813\" data-end=\"2866\"><strong data-start=\"2813\" data-end=\"2835\">Sk\u0142adniki aktywne<\/strong>: Kalamina 15%, tlenek cynku 5%<\/p>\n<\/li>\n<li data-start=\"2867\" data-end=\"2889\">\n<p data-start=\"2869\" data-end=\"2889\"><strong data-start=\"2869\" data-end=\"2879\">Pojemno\u015b\u0107<\/strong>: 100 ml<\/p>\n<\/li>\n<li data-start=\"2890\" data-end=\"2922\">\n<p data-start=\"2892\" data-end=\"2922\"><strong data-start=\"2892\" data-end=\"2913\">Kraj pochodzenia<\/strong>: Egipt<\/p>\n<\/li>\n<li data-start=\"2923\" data-end=\"3031\">\n<p data-start=\"2925\" data-end=\"3031\"><strong data-start=\"2925\" data-end=\"2940\">Wskazania<\/strong>: tr\u0105dzik, oparzenia s\u0142oneczne, uk\u0105szenia owad\u00f3w, alergiczne wysypki, zapalenie sk\u00f3ry, ospa wietrzna, egzema, \u0142uszczyca<\/p>\n<\/li>\n<li data-start=\"3032\" data-end=\"3071\">\n<p data-start=\"3034\" data-end=\"3071\"><strong data-start=\"3034\" data-end=\"3047\">Opakowanie<\/strong>: szczelnie zamkni\u0119ta butelka 100 ml<\/p>\n<\/li>\n<li data-start=\"3072\" data-end=\"3141\">\n<p data-start=\"3074\" data-end=\"3141\"><strong data-start=\"3074\" data-end=\"3095\">Przeciwwskazania<\/strong>: Unika\u0107 tylko w przypadku uczulenia na podane sk\u0142adniki<\/p>\n<\/li>\n<\/ul>\n<h5>Ta lotion ch\u0142odzi, wysusza i goi Twoj\u0105 sk\u00f3r\u0119.<\/h5>\n<p>&nbsp;<\/p>\n<p style=\"text-align: center;\">Dzi\u0119kujemy za zakupy w <em data-start=\"415\" data-end=\"431\"><a href=\"https:\/\/bazaar.express\/pl\/\">Bazaar Express<\/a><\/em> \u2013 cieszymy si\u0119, \u017ce jeste\u015b z nami!<\/p>\n<p style=\"text-align: center;\">Twoja droga do lepszej samoobs\u0142ugi zaczyna si\u0119 tutaj \u2014 z <a href=\"https:\/\/bazaar.express\/product-category\/beauty-care\/\">Beauty &#038; Care<\/a>, na kt\u00f3rym mo\u017cesz polega\u0107.<\/p>\n<h4 style=\"text-align: center;\"><\/h4>\n","protected":false},"excerpt":{"rendered":"<h3 data-start=\"3790\" data-end=\"3945\">Calamyl Lotion to delikatna, bezalkoholowa formu\u0142a z kalamin\u0105 i tlenkiem cynku. \u0141agodzi sw\u0119dzenie, oparzenia s\u0142oneczne, wysypki i tr\u0105dzik, wspomagaj\u0105c gojenie.<\/h3>\n","protected":false},"featured_media":42734,"comment_status":"open","ping_status":"closed","template":"","meta":[],"product_brand":[],"product_cat":[1192,1199],"product_tag":[1466,1467],"class_list":{"0":"post-42731","1":"product","2":"type-product","3":"status-publish","4":"has-post-thumbnail","6":"product_cat-pielegnacja-urody","7":"product_cat-najlepsze-z-egiptu","8":"product_tag-pielegnacja-skory","9":"product_tag-pielegnacja-urody","10":"pa_l-xl-100ml","12":"first","13":"instock","14":"shipping-taxable","15":"purchasable","16":"product-type-simple"},"_links":{"self":[{"href":"https:\/\/bazaar.express\/pl\/wp-json\/wp\/v2\/product\/42731","targetHints":{"allow":["GET"]}}],"collection":[{"href":"https:\/\/bazaar.express\/pl\/wp-json\/wp\/v2\/product"}],"about":[{"href":"https:\/\/bazaar.express\/pl\/wp-json\/wp\/v2\/types\/product"}],"replies":[{"embeddable":true,"href":"https:\/\/bazaar.express\/pl\/wp-json\/wp\/v2\/comments?post=42731"}],"wp:featuredmedia":[{"embeddable":true,"href":"https:\/\/bazaar.express\/pl\/wp-json\/wp\/v2\/media\/42734"}],"wp:attachment":[{"href":"https:\/\/bazaar.express\/pl\/wp-json\/wp\/v2\/media?parent=42731"}],"wp:term":[{"taxonomy":"product_brand","embeddable":true,"href":"https:\/\/bazaar.express\/pl\/wp-json\/wp\/v2\/product_brand?post=42731"},{"taxonomy":"product_cat","embeddable":true,"href":"https:\/\/bazaar.express\/pl\/wp-json\/wp\/v2\/product_cat?post=42731"},{"taxonomy":"product_tag","embeddable":true,"href":"https:\/\/bazaar.express\/pl\/wp-json\/wp\/v2\/product_tag?post=42731"}],"curies":[{"name":"wp","href":"https:\/\/api.w.org\/{rel}","templated":true}]}}