{"id":42737,"date":"2025-01-17T17:00:18","date_gmt":"2025-01-17T17:00:18","guid":{"rendered":"https:\/\/bazaar.express\/?post_type=product&#038;p=42737"},"modified":"2026-04-06T02:01:58","modified_gmt":"2026-04-06T02:01:58","slug":"shea-butter-conditioner-cleopatra","status":"publish","type":"product","link":"https:\/\/bazaar.express\/pl\/produkt\/shea-butter-conditioner-cleopatra\/","title":{"rendered":"Od\u017cywka z mas\u0142em shea \u2013 Cleopatra | Od\u017cywia i wzmacnia w\u0142osy"},"content":{"rendered":"<h2 data-pm-slice=\"1 1 []\"><strong>Od\u017cywka z mas\u0142em shea Cleopatra: Od\u017cywia, wzmacnia i rewitalizuje w\u0142osy<\/strong><\/h2>\n<p>Od\u017cywka z mas\u0142em shea Cleopatra to najlepszy spos\u00f3b na mi\u0119kkie, l\u015bni\u0105ce i zdrowe w\u0142osy. Produkt zawiera naturalne sk\u0142adniki, takie jak <strong>mas\u0142o shea<\/strong>, <strong>witamina E<\/strong> i <strong>olej jojoba<\/strong>, kt\u00f3re nawil\u017caj\u0105 w\u0142osy, nadaj\u0105c im g\u0142adko\u015b\u0107 i witalno\u015b\u0107. Sprawdza si\u0119 na wszystkich typach w\u0142os\u00f3w i dostarcza kluczowych sk\u0142adnik\u00f3w od\u017cywczych, wzmacniaj\u0105c s\u0142abe i \u0142amliwe pasma. Mieszanka ekstrakt\u00f3w ro\u015blinnych poprawia kondycj\u0119 w\u0142os\u00f3w, redukuje puszenie i chroni przed sucho\u015bci\u0105. Dzi\u0119ki temu w\u0142osy staj\u0105 si\u0119 l\u015bni\u0105ce i pe\u0142ne blasku.<\/p>\n<p>Stosowanie od\u017cywki z mas\u0142em shea Cleopatra sprawia, \u017ce w\u0142osy staj\u0105 si\u0119 mi\u0119kkie, nawil\u017cone i pe\u0142ne obj\u0119to\u015bci. Od\u017cywka dzia\u0142a na suche, zniszczone lub wymagaj\u0105ce w\u0142osy, przywracaj\u0105c wilgo\u0107, eliminuj\u0105c sucho\u015b\u0107 i o\u017cywiaj\u0105c je dla zdrowego, l\u015bni\u0105cego wygl\u0105du.<\/p>\n<h2><strong>G\u0142\u00f3wne cechy i korzy\u015bci:<\/strong><\/h2>\n<ul>\n<li><strong>G\u0142\u0119bokie nawil\u017cenie<\/strong>: Mas\u0142o shea i <strong>olej jojoba<\/strong> \u0142\u0105cz\u0105 si\u0142y, zapewniaj\u0105c g\u0142\u0119bokie nawil\u017cenie w\u0142os\u00f3w. Ta kombinacja zatrzymuje wilgo\u0107, utrzymuj\u0105c w\u0142osy mi\u0119kkie i \u0142atwe w stylizacji.<\/li>\n<li><strong>Od\u017cywia i wzmacnia<\/strong>: <strong>Witamina E<\/strong> i ekstrakty zio\u0142owe w od\u017cywce od\u017cywiaj\u0105 s\u0142abe w\u0142osy, czyni\u0105c je mocniejszymi i zdrowszymi.<\/li>\n<li><strong>Nadaje blask<\/strong>: Przywraca naturalny blask matowym, p\u0142askim w\u0142osom, nadaj\u0105c zdrowy, b\u0142yszcz\u0105cy wygl\u0105d.<\/li>\n<li><strong>Nadaje si\u0119 do wszystkich typ\u00f3w w\u0142os\u00f3w<\/strong>: Bez wzgl\u0119du na to, czy masz w\u0142osy kr\u0119cone, proste, suche czy t\u0142uste, ta od\u017cywka doskonale si\u0119 sprawdzi.<\/li>\n<li><strong>Bez dodatku zapachu<\/strong>: Od\u017cywka z mas\u0142em shea Cleopatra nie zawiera sztucznych zapach\u00f3w, dzi\u0119ki czemu jest odpowiednia dla os\u00f3b z wra\u017cliw\u0105 sk\u00f3r\u0105 g\u0142owy.<\/li>\n<\/ul>\n<h2><strong>Jak stosowa\u0107:<\/strong><\/h2>\n<p>Dla najlepszych rezultat\u00f3w stosuj od\u017cywk\u0119 z mas\u0142em shea Cleopatra po umyciu w\u0142os\u00f3w <a href=\"https:\/\/bazaar.express\/pl\/?post_type=product&#038;p=42739\"><strong>szamponem z mas\u0142em shea Cleopatra<\/strong><\/a>. Nanie\u015b odpowiedni\u0105 ilo\u015b\u0107 na wilgotne w\u0142osy, skupiaj\u0105c si\u0119 na ko\u0144c\u00f3wkach. Wmasuj w w\u0142osy i sk\u00f3r\u0119 g\u0142owy, pozostaw na kilka minut, a nast\u0119pnie sp\u0142ucz wod\u0105. Aby w\u0142osy by\u0142y dodatkowo mi\u0119kkie i l\u015bni\u0105ce, stosuj regularnie.<\/p>\n<h3><strong>Dlaczego wybra\u0107 od\u017cywk\u0119 z mas\u0142em shea Cleopatra?<\/strong><\/h3>\n<p>Od\u017cywka z mas\u0142em shea Cleopatra \u0142\u0105czy sk\u0142adniki od\u017cywcze, przywracaj\u0105c naturaln\u0105 r\u00f3wnowag\u0119 w\u0142osom. Wysokiej jako\u015bci naturalna formu\u0142a nawil\u017ca, wzmacnia i nadaje blask w\u0142osom bez ostrych chemikali\u00f3w czy sztucznych zapach\u00f3w. W po\u0142\u0105czeniu ze <strong>szamponem z mas\u0142em shea Cleopatra<\/strong> zapewnia kompleksow\u0105 piel\u0119gnacj\u0119, jakiej w\u0142osy potrzebuj\u0105.<\/p>\n<h3><strong>Og\u00f3lne informacje o produkcie:<\/strong><\/h3>\n<ul>\n<li><strong>Marka<\/strong>: Cleopatra<\/li>\n<li><strong>Typ produktu<\/strong>: Od\u017cywka<\/li>\n<li><strong>Pojemno\u015b\u0107<\/strong>: 500 ml<\/li>\n<li><strong>Grupa docelowa<\/strong>: Unisex<\/li>\n<li><strong>Nadaje si\u0119 do<\/strong>: Wszystkich typ\u00f3w w\u0142os\u00f3w<\/li>\n<li><strong>Zawiera<\/strong>: Mas\u0142o shea, Witamina E, Olej jojoba, Ekstrakty zio\u0142owe<\/li>\n<li><strong>Wyprodukowano w<\/strong>: Egipt<\/li>\n<\/ul>\n<h5>Od\u017cywka Cleopatra z mas\u0142em shea zapewnia w\u0142osom niezb\u0119dn\u0105 piel\u0119gnacj\u0119.<\/h5>\n<p style=\"text-align: center;\">Dzi\u0119kujemy za zakupy w <em data-start=\"415\" data-end=\"431\"><a href=\"https:\/\/bazaar.express\/pl\/\">Bazaar Express<\/a><\/em> \u2013 cieszymy si\u0119, \u017ce jeste\u015b z nami!<\/p>\n<p style=\"text-align: center;\">Twoja droga do lepszej piel\u0119gnacji zaczyna si\u0119 tutaj \u2014 z <a href=\"https:\/\/bazaar.express\/pl\/kategoria-produktu\/pielegnacja-urody\/\">Beauty &#038; Care<\/a>, kt\u00f3rym mo\u017cesz zaufa\u0107.<\/p>\n","protected":false},"excerpt":{"rendered":"<h3>Od\u017cywka z mas\u0142em shea Cleopatra to skuteczne, naturalne rozwi\u0105zanie do piel\u0119gnacji w\u0142os\u00f3w, kt\u00f3re nawil\u017ca, od\u017cywia i wzmacnia w\u0142osy. Wzbogacona o mas\u0142o shea, witamin\u0119 E i olej jojoba, zmi\u0119kcza i nadaje blask wszystkim typom w\u0142os\u00f3w, wspomagaj\u0105c zdrowy wzrost i redukuj\u0105c puszenie. Bez sztucznych zapach\u00f3w, idealna do rewitalizacji suchych, zniszczonych lub s\u0142abych w\u0142os\u00f3w.<\/h3>\n<h3><\/h3>\n","protected":false},"featured_media":42738,"comment_status":"open","ping_status":"closed","template":"","meta":[],"product_brand":[],"product_cat":[1192,1199],"product_tag":[1467,1477],"class_list":{"0":"post-42737","1":"product","2":"type-product","3":"status-publish","4":"has-post-thumbnail","6":"product_cat-pielegnacja-urody","7":"product_cat-najlepsze-z-egiptu","8":"product_tag-pielegnacja-urody","9":"product_tag-skora","10":"pa_l-xl-500ml","12":"first","13":"outofstock","14":"shipping-taxable","15":"product-type-simple"},"_links":{"self":[{"href":"https:\/\/bazaar.express\/pl\/wp-json\/wp\/v2\/product\/42737","targetHints":{"allow":["GET"]}}],"collection":[{"href":"https:\/\/bazaar.express\/pl\/wp-json\/wp\/v2\/product"}],"about":[{"href":"https:\/\/bazaar.express\/pl\/wp-json\/wp\/v2\/types\/product"}],"replies":[{"embeddable":true,"href":"https:\/\/bazaar.express\/pl\/wp-json\/wp\/v2\/comments?post=42737"}],"wp:featuredmedia":[{"embeddable":true,"href":"https:\/\/bazaar.express\/pl\/wp-json\/wp\/v2\/media\/42738"}],"wp:attachment":[{"href":"https:\/\/bazaar.express\/pl\/wp-json\/wp\/v2\/media?parent=42737"}],"wp:term":[{"taxonomy":"product_brand","embeddable":true,"href":"https:\/\/bazaar.express\/pl\/wp-json\/wp\/v2\/product_brand?post=42737"},{"taxonomy":"product_cat","embeddable":true,"href":"https:\/\/bazaar.express\/pl\/wp-json\/wp\/v2\/product_cat?post=42737"},{"taxonomy":"product_tag","embeddable":true,"href":"https:\/\/bazaar.express\/pl\/wp-json\/wp\/v2\/product_tag?post=42737"}],"curies":[{"name":"wp","href":"https:\/\/api.w.org\/{rel}","templated":true}]}}