{"id":42754,"date":"2025-01-16T16:26:27","date_gmt":"2025-01-16T16:26:27","guid":{"rendered":"https:\/\/bazaar.express\/product\/rose-cream-horus\/"},"modified":"2025-01-16T16:26:27","modified_gmt":"2025-01-16T16:26:27","slug":"rose-cream-horus","status":"publish","type":"product","link":"https:\/\/bazaar.express\/pl\/produkt\/rose-cream-horus\/","title":{"rendered":"Krem r\u00f3\u017cany &#8211; Horus"},"content":{"rendered":"<h2 data-start=\"208\" data-end=\"294\">Krem r\u00f3\u017cany Horus \u2013 luksusowy krem nawil\u017caj\u0105cy do twarzy i cia\u0142a z ekstraktami z r\u00f3\u017cy<\/h2>\n<h3 data-start=\"296\" data-end=\"348\">Odm\u0142adzaj sk\u00f3r\u0119 dzi\u0119ki mocy r\u00f3\u017c<\/h3>\n<p data-start=\"350\" data-end=\"682\">Rozpie\u015b\u0107 sk\u00f3r\u0119 delikatnym dotykiem <strong data-start=\"393\" data-end=\"413\">kremu r\u00f3\u017canego Horus<\/strong>, luksusowego kremu nawil\u017caj\u0105cego do nawil\u017cania, kojenia i roz\u015bwietlania sk\u00f3ry od g\u0142owy do st\u00f3p. Wzbogacony czystymi <strong data-start=\"530\" data-end=\"547\">ekstraktami z r\u00f3\u017cy<\/strong>, ta bogata formu\u0142a zapewnia g\u0142\u0119bokie nawil\u017cenie, wspomaga promienny koloryt cery i pomaga zmniejszy\u0107 widoczno\u015b\u0107 drobnych linii i zmarszczek.<\/p>\n<p data-start=\"684\" data-end=\"976\">Niezale\u017cnie od tego, czy sk\u00f3ra jest sucha, matowa, podra\u017cniona czy potrzebuje codziennej piel\u0119gnacji, krem r\u00f3\u017cany Horus oferuje g\u0142adkie, jedwabiste rozwi\u0105zanie, kt\u00f3re pozostawi j\u0105 promienn\u0105. Lekki, lecz intensywnie od\u017cywczy, \u0142atwo w\u0142\u0105cza si\u0119 do rutyny piel\u0119gnacyjnej, zapewniaj\u0105c eleganckie i skuteczne do\u015bwiadczenie urody.<\/p>\n<h3 data-start=\"983\" data-end=\"1034\">G\u0142\u00f3wne korzy\u015bci ekstraktu z r\u00f3\u017cy dla sk\u00f3ry<\/h3>\n<h4 data-start=\"1036\" data-end=\"1084\"><strong data-start=\"1044\" data-end=\"1084\">Intensywne nawil\u017cenie i r\u00f3wnowaga wilgotno\u015bci<\/strong><\/h4>\n<p data-start=\"1085\" data-end=\"1305\">Ekstrakty z r\u00f3\u017cy naturalnie zawieraj\u0105 sk\u0142adniki od\u017cywcze korzystne dla sk\u00f3ry, dostarczaj\u0105ce <strong data-start=\"1160\" data-end=\"1178\">g\u0142\u0119bokiego nawil\u017cenia<\/strong>. Krem r\u00f3\u017cany Horus przywraca naturalny poziom wilgoci sk\u00f3ry, pozostawiaj\u0105c j\u0105 <strong data-start=\"1254\" data-end=\"1291\">g\u0142adk\u0105, mi\u0119kk\u0105 i \u015bwie\u017c\u0105 w dotyku<\/strong> przez ca\u0142y dzie\u0144.<\/p>\n<h4 data-start=\"1307\" data-end=\"1347\"><strong data-start=\"1315\" data-end=\"1347\">Koi podra\u017cnienia i zaczerwienienia<\/strong><\/h4>\n<p data-start=\"1348\" data-end=\"1568\">Idealny dla <strong data-start=\"1358\" data-end=\"1389\">wra\u017cliwej lub podra\u017cnionej sk\u00f3ry<\/strong>, ekstrakt z r\u00f3\u017cy posiada w\u0142a\u015bciwo\u015bci przeciwzapalne, kt\u00f3re pomagaj\u0105 uspokoi\u0107 i zr\u00f3wnowa\u017cy\u0107 sk\u00f3r\u0119. Stosuj po ekspozycji na s\u0142o\u0144ce, goleniu lub w trudnych warunkach pogodowych, aby zmniejszy\u0107 zaczerwienienie i od\u015bwie\u017cy\u0107 sk\u00f3r\u0119.<\/p>\n<h4 data-start=\"1570\" data-end=\"1612\"><strong data-start=\"1577\" data-end=\"1612\">Wzmacnia blask i wyr\u00f3wnuje koloryt sk\u00f3ry<\/strong><\/h4>\n<p data-start=\"1613\" data-end=\"1798\">Ten krem wzmacnia naturalny blask poprzez <strong data-start=\"1654\" data-end=\"1677\">popraw\u0119 kolorytu sk\u00f3ry<\/strong> i r\u00f3wnowa\u017cenie pigmentacji. Delikatnie wyg\u0142adza tekstur\u0119 sk\u00f3ry, nadaj\u0105c jej <strong data-start=\"1751\" data-end=\"1783\">ja\u015bniejszy, bardziej m\u0142ody wygl\u0105d<\/strong> przy ka\u017cdym u\u017cyciu.<\/p>\n<h4 data-start=\"1800\" data-end=\"1834\"><strong data-start=\"1807\" data-end=\"1834\">Antyoksydanty przeciwstarzeniowe<\/strong><\/h4>\n<p data-start=\"1835\" data-end=\"2044\">Ekstrakt z r\u00f3\u017cy jest bogaty w <strong data-start=\"1859\" data-end=\"1875\">antyoksydanty<\/strong>, kt\u00f3re chroni\u0105 przed uszkodzeniami \u015brodowiskowymi i spowalniaj\u0105 proces starzenia. Pomaga <strong data-start=\"1955\" data-end=\"1994\">zmniejszy\u0107 widoczno\u015b\u0107 drobnych linii<\/strong> oraz wspiera elastyczno\u015b\u0107 i j\u0119drno\u015b\u0107 sk\u00f3ry.<\/p>\n<h3 data-start=\"2051\" data-end=\"2086\">Jak stosowa\u0107 krem r\u00f3\u017cany Horus<\/h3>\n<ol data-start=\"2088\" data-end=\"2347\">\n<li data-start=\"2088\" data-end=\"2141\">\n<p data-start=\"2091\" data-end=\"2141\">Dok\u0142adnie oczy\u015b\u0107 sk\u00f3r\u0119 przed aplikacj\u0105.<\/p>\n<\/li>\n<li data-start=\"2142\" data-end=\"2232\">\n<p data-start=\"2145\" data-end=\"2232\">Na\u0142\u00f3\u017c niewielk\u0105 ilo\u015b\u0107 na <strong data-start=\"2174\" data-end=\"2191\">twarz i cia\u0142o<\/strong>, masuj\u0105c delikatnymi okr\u0119\u017cnymi ruchami ku g\u00f3rze.<\/p>\n<\/li>\n<li data-start=\"2233\" data-end=\"2285\">\n<p data-start=\"2236\" data-end=\"2285\">Skup si\u0119 na suchych lub matowych partiach dla dodatkowego nawil\u017cenia.<\/p>\n<\/li>\n<li data-start=\"2286\" data-end=\"2347\">\n<p data-start=\"2289\" data-end=\"2347\">Stosuj codziennie dla najlepszych efekt\u00f3w i d\u0142ugotrwa\u0142ego dobrostanu sk\u00f3ry.<\/p>\n<\/li>\n<\/ol>\n<h3 data-start=\"2354\" data-end=\"2390\">Dlaczego wybra\u0107 krem r\u00f3\u017cany Horus?<\/h3>\n<ul data-start=\"2392\" data-end=\"2825\">\n<li data-start=\"2392\" data-end=\"2518\">\n<p data-start=\"2394\" data-end=\"2518\"><strong data-start=\"2397\" data-end=\"2423\">Czysta i naturalna formu\u0142a<\/strong> \u2013 przygotowana z <strong data-start=\"2439\" data-end=\"2461\">prawdziwych ekstrakt\u00f3w r\u00f3\u017canych<\/strong>, odpowiednia dla wszystkich typ\u00f3w sk\u00f3ry, \u0142\u0105cznie z wra\u017cliw\u0105.<\/p>\n<\/li>\n<li data-start=\"2519\" data-end=\"2630\">\n<p data-start=\"2521\" data-end=\"2630\"><strong data-start=\"2524\" data-end=\"2552\">G\u0142\u0119bokie nawil\u017cenie bez t\u0142usto\u015bci<\/strong> \u2013 nawil\u017ca bez obci\u0105\u017cania, szybko si\u0119 wch\u0142ania i pozostawia aksamitne wyko\u0144czenie.<\/p>\n<\/li>\n<li data-start=\"2631\" data-end=\"2730\">\n<p data-start=\"2633\" data-end=\"2730\"><strong data-start=\"2636\" data-end=\"2653\">Wszechstronne zastosowanie<\/strong> \u2013 idealny dla <strong data-start=\"2668\" data-end=\"2685\">twarzy i cia\u0142a<\/strong>, kompletne rozwi\u0105zanie w jednym pi\u0119knym s\u0142oiku.<\/p>\n<\/li>\n<li data-start=\"2731\" data-end=\"2825\">\n<p data-start=\"2733\" data-end=\"2825\"><strong data-start=\"2738\" data-end=\"2755\">Wyprodukowany w Egipcie<\/strong> \u2013 stworzony z trosk\u0105 przez <strong data-start=\"2779\" data-end=\"2788\">Horus<\/strong>, zaufan\u0105 mark\u0119 naturalnej piel\u0119gnacji sk\u00f3ry.<\/p>\n<\/li>\n<\/ul>\n<h3 data-start=\"2832\" data-end=\"2855\">Szczeg\u00f3\u0142y produktu<\/h3>\n<ul data-start=\"2857\" data-end=\"3168\">\n<li data-start=\"2857\" data-end=\"2895\">\n<p data-start=\"2859\" data-end=\"2895\"><strong data-start=\"2859\" data-end=\"2875\">Nazwa produktu<\/strong>: Krem r\u00f3\u017cany Horus<\/p>\n<\/li>\n<li data-start=\"2896\" data-end=\"2933\">\n<p data-start=\"2898\" data-end=\"2933\"><strong data-start=\"2898\" data-end=\"2906\">Typ<\/strong>: Krem nawil\u017caj\u0105cy do twarzy i cia\u0142a<\/p>\n<\/li>\n<li data-start=\"2934\" data-end=\"2958\">\n<p data-start=\"2936\" data-end=\"2958\"><strong data-start=\"2936\" data-end=\"2948\">Pojemno\u015b\u0107<\/strong>: 330 ml<\/p>\n<\/li>\n<li data-start=\"2959\" data-end=\"2996\">\n<p data-start=\"2961\" data-end=\"2996\"><strong data-start=\"2961\" data-end=\"2980\">G\u0142\u00f3wny sk\u0142adnik<\/strong>: Ekstrakt z r\u00f3\u017cy<\/p>\n<\/li>\n<li data-start=\"2997\" data-end=\"3024\">\n<p data-start=\"2999\" data-end=\"3024\"><strong data-start=\"2999\" data-end=\"3015\">Producent<\/strong>: Horus<\/p>\n<\/li>\n<li data-start=\"3025\" data-end=\"3047\">\n<p data-start=\"3027\" data-end=\"3047\"><strong data-start=\"3027\" data-end=\"3038\">Kraj pochodzenia<\/strong>: Egipt<\/p>\n<\/li>\n<li data-start=\"3048\" data-end=\"3095\">\n<p data-start=\"3050\" data-end=\"3095\"><strong data-start=\"3050\" data-end=\"3062\">Najlepszy dla<\/strong>: Suchej, wra\u017cliwej lub starzej\u0105cej si\u0119 sk\u00f3ry<\/p>\n<\/li>\n<li data-start=\"3096\" data-end=\"3130\">\n<p data-start=\"3098\" data-end=\"3130\"><strong data-start=\"3098\" data-end=\"3109\">Konsystencja<\/strong>: Lekki krem<\/p>\n<\/li>\n<li data-start=\"3131\" data-end=\"3168\">\n<p data-start=\"3133\" data-end=\"3168\"><strong data-start=\"3133\" data-end=\"3140\">Zastosowanie<\/strong>: Codziennie, rano\/wieczorem na czyst\u0105 sk\u00f3r\u0119<\/p>\n<\/li>\n<\/ul>\n<h2 data-start=\"5085\" data-end=\"5141\">Do\u015bwiadcz luksusu piel\u0119gnacji nasyconej r\u00f3\u017c\u0105<\/h2>\n<p data-start=\"5143\" data-end=\"5467\">Rozkoszuj si\u0119 pi\u0119knem i korzy\u015bciami <strong data-start=\"5188\" data-end=\"5208\">kremu r\u00f3\u017canego Horus<\/strong> \u2014 doskona\u0142ym kremem nawil\u017caj\u0105cym do codziennej przyjemno\u015bci. Niezale\u017cnie od tego, czy chcesz ukoi\u0107, od\u017cywi\u0107 czy przywr\u00f3ci\u0107 sk\u00f3rze witalno\u015b\u0107, ten krem wnosi elegancj\u0119 natury do Twojej rutyny. Po\u017cegnaj matowo\u015b\u0107 i powitaj <strong data-start=\"5415\" data-end=\"5447\">jedwabist\u0105, promienn\u0105, zdrow\u0105 sk\u00f3r\u0119<\/strong> \u2014 ka\u017cdego dnia.<\/p>\n<p data-start=\"5469\" data-end=\"5523\"><strong data-start=\"5469\" data-end=\"5520\">Poczuj blask. Pokochaj mi\u0119kko\u015b\u0107. Wybierz Horus.<\/strong><\/p>\n<p style=\"text-align: center;\">Dzi\u0119kujemy za zakupy w <em data-start=\"415\" data-end=\"431\"><a href=\"https:\/\/bazaar.express\/pl\/\">Bazaar Express<\/a><\/em> \u2013 ogromnie si\u0119 cieszymy, \u017ce jeste\u015b z nami!<\/p>\n<p style=\"text-align: center;\">Twoja droga do lepszej autopiel\u0119gnacji zaczyna si\u0119 tutaj \u2014 z <a href=\"https:\/\/bazaar.express\/product-category\/beauty-care\/\">Beauty &#038; Care<\/a>, \u043a\u043e\u0442\u043e\u0440\u043e\u043c\u0443 ufasz.<\/p>\n","protected":false},"excerpt":{"rendered":"<h3>Krem r\u00f3\u017cany Horus to luksusowy krem nawil\u017caj\u0105cy do twarzy i cia\u0142a z ekstraktami z r\u00f3\u017cy, kt\u00f3ry nawil\u017ca, koi podra\u017cnienia i nadaje sk\u00f3rze m\u0142odzie\u0144czy blask.<\/h3>\n<h3><\/h3>\n","protected":false},"featured_media":42756,"comment_status":"open","ping_status":"closed","template":"","meta":[],"product_brand":[],"product_cat":[1192,1199],"product_tag":[1470,1466,1467],"class_list":{"0":"post-42754","1":"product","2":"type-product","3":"status-publish","4":"has-post-thumbnail","6":"product_cat-pielegnacja-urody","7":"product_cat-najlepsze-z-egiptu","8":"product_tag-olejek","9":"product_tag-pielegnacja-skory","10":"product_tag-pielegnacja-urody","11":"pa_l-xl-330ml","13":"first","14":"instock","15":"sale","16":"shipping-taxable","17":"purchasable","18":"product-type-simple"},"_links":{"self":[{"href":"https:\/\/bazaar.express\/pl\/wp-json\/wp\/v2\/product\/42754","targetHints":{"allow":["GET"]}}],"collection":[{"href":"https:\/\/bazaar.express\/pl\/wp-json\/wp\/v2\/product"}],"about":[{"href":"https:\/\/bazaar.express\/pl\/wp-json\/wp\/v2\/types\/product"}],"replies":[{"embeddable":true,"href":"https:\/\/bazaar.express\/pl\/wp-json\/wp\/v2\/comments?post=42754"}],"wp:featuredmedia":[{"embeddable":true,"href":"https:\/\/bazaar.express\/pl\/wp-json\/wp\/v2\/media\/42756"}],"wp:attachment":[{"href":"https:\/\/bazaar.express\/pl\/wp-json\/wp\/v2\/media?parent=42754"}],"wp:term":[{"taxonomy":"product_brand","embeddable":true,"href":"https:\/\/bazaar.express\/pl\/wp-json\/wp\/v2\/product_brand?post=42754"},{"taxonomy":"product_cat","embeddable":true,"href":"https:\/\/bazaar.express\/pl\/wp-json\/wp\/v2\/product_cat?post=42754"},{"taxonomy":"product_tag","embeddable":true,"href":"https:\/\/bazaar.express\/pl\/wp-json\/wp\/v2\/product_tag?post=42754"}],"curies":[{"name":"wp","href":"https:\/\/api.w.org\/{rel}","templated":true}]}}