{"id":42757,"date":"2025-01-16T16:08:28","date_gmt":"2025-01-16T16:08:28","guid":{"rendered":"https:\/\/bazaar.express\/product\/aloe-vera-gel-2\/"},"modified":"2026-02-27T14:28:26","modified_gmt":"2026-02-27T14:28:26","slug":"aloe-vera-gel-2","status":"publish","type":"product","link":"https:\/\/bazaar.express\/pl\/produkt\/aloe-vera-gel-2\/","title":{"rendered":"\u017bel aloesowy \u2013 Horus"},"content":{"rendered":"<h2 data-start=\"378\" data-end=\"443\">\u017bel aloesowy Horus \u2013 Naturalna piel\u0119gnacja sk\u00f3ry twarzy i cia\u0142a<\/h2>\n<h3 data-start=\"445\" data-end=\"517\">Od\u017cywiaj, nawil\u017caj i lecz \u2013 Naturalne rozwi\u0105zanie w jednym prostym \u017celu<\/h3>\n<p data-start=\"519\" data-end=\"851\">Odkryj koj\u0105c\u0105 moc natury dzi\u0119ki <strong data-start=\"562\" data-end=\"585\">\u017celowi aloesowemu Horus<\/strong>, Twojemu wszechstronnemu rozwi\u0105zaniu do piel\u0119gnacji sk\u00f3ry twarzy i cia\u0142a. Wzbogacony o <strong data-start=\"658\" data-end=\"676\">czysty aloes<\/strong>, <strong data-start=\"678\" data-end=\"687\">mi\u00f3d<\/strong>, <strong data-start=\"689\" data-end=\"701\">lukrecj\u0119<\/strong> i <strong data-start=\"707\" data-end=\"723\">olejek z drzewa herbacianego<\/strong>, ten orze\u017awiaj\u0105cy \u017cel zapewnia intensywne nawil\u017cenie, ukojenie i korzy\u015bci regeneruj\u0105ce sk\u00f3r\u0119 ju\u017c od pierwszego u\u017cycia.<\/p>\n<p data-start=\"853\" data-end=\"1139\">Niezale\u017cnie od tego, czy chcesz <strong data-start=\"879\" data-end=\"902\">nawil\u017cy\u0107 such\u0105 sk\u00f3r\u0119<\/strong>, <strong data-start=\"904\" data-end=\"919\">zmniejszy\u0107 tr\u0105dzik<\/strong>, <strong data-start=\"921\" data-end=\"938\">wyleczy\u0107 oparzenia s\u0142oneczne<\/strong> czy utrzyma\u0107 m\u0142ody blask sk\u00f3ry, \u017cel aloesowy Horus idealnie uzupe\u0142ni Twoj\u0105 rutyn\u0119 piel\u0119gnacyjn\u0105. Jego niet\u0142usta, szybko wch\u0142aniaj\u0105ca si\u0119 formu\u0142a czyni go odpowiednim do <strong data-start=\"1107\" data-end=\"1138\">codziennego stosowania na wszystkich typach sk\u00f3ry<\/strong>.<\/p>\n<h3 data-start=\"1146\" data-end=\"1196\">Korzy\u015bci dla sk\u00f3ry \u2013 Twarz i cia\u0142o w jednej formule<\/h3>\n<h4 data-start=\"1198\" data-end=\"1247\"><strong data-start=\"1206\" data-end=\"1247\">Dla twarzy: \u015awie\u017cy, czysty i promienny<\/strong><\/h4>\n<ul data-start=\"1249\" data-end=\"1686\">\n<li data-start=\"1249\" data-end=\"1362\">\n<p data-start=\"1251\" data-end=\"1362\"><strong data-start=\"1251\" data-end=\"1270\">G\u0142\u0119boko nawil\u017ca<\/strong>: Uzupe\u0142nia spragnion\u0105 sk\u00f3r\u0119 bogactwem wilgoci aloesu, nadaj\u0105c mi\u0119kki, j\u0119drny wygl\u0105d.<\/p>\n<\/li>\n<li data-start=\"1363\" data-end=\"1474\">\n<p data-start=\"1365\" data-end=\"1474\"><strong data-start=\"1365\" data-end=\"1390\">Naturalnie zwalcza tr\u0105dzik<\/strong>: Olejek z drzewa herbacianego i aloes \u0142agodz\u0105 wypryski i zmniejszaj\u0105 zaczerwienienia.<\/p>\n<\/li>\n<li data-start=\"1475\" data-end=\"1576\">\n<p data-start=\"1477\" data-end=\"1576\"><strong data-start=\"1477\" data-end=\"1504\">Wspomaga odnow\u0119 sk\u00f3ry<\/strong>: Stymuluje odnow\u0119 kom\u00f3rkow\u0105, sprawiaj\u0105c, \u017ce sk\u00f3ra wygl\u0105da m\u0142odziej i ma r\u00f3wnomierny koloryt.<\/p>\n<\/li>\n<li data-start=\"1577\" data-end=\"1686\">\n<p data-start=\"1579\" data-end=\"1686\"><strong data-start=\"1579\" data-end=\"1601\">\u0141agodzi podra\u017cnienia<\/strong>: Delikatnie koi wra\u017cliw\u0105 lub podra\u017cnion\u0105 sk\u00f3r\u0119, zw\u0142aszcza po ekspozycji na s\u0142o\u0144ce lub goleniu.<\/p>\n<\/li>\n<\/ul>\n<h4 data-start=\"1688\" data-end=\"1736\"><strong data-start=\"1696\" data-end=\"1736\"> Dla cia\u0142a: Ukojenie, wyg\u0142adzenie i uj\u0119drnienie<\/strong><\/h4>\n<ul data-start=\"1738\" data-end=\"2199\">\n<li data-start=\"1738\" data-end=\"1842\">\n<p data-start=\"1740\" data-end=\"1842\"><strong data-start=\"1740\" data-end=\"1768\">Poprawia elastyczno\u015b\u0107 sk\u00f3ry<\/strong>: Aloes uj\u0119drnia i napina sk\u00f3r\u0119, redukuj\u0105c oznaki starzenia i wiotczenia.<\/p>\n<\/li>\n<li data-start=\"1843\" data-end=\"1951\">\n<p data-start=\"1845\" data-end=\"1951\"><strong data-start=\"1845\" data-end=\"1870\">Ulga przy oparzeniach s\u0142onecznych i oparzeniach<\/strong>: Dzia\u0142a jak naturalna bariera, u\u015bmierzaj\u0105c i lecz\u0105c oparzenia s\u0142oneczne i drobne oparzenia.<\/p>\n<\/li>\n<li data-start=\"1952\" data-end=\"2079\">\n<p data-start=\"1954\" data-end=\"2079\"><strong data-start=\"1954\" data-end=\"1991\">Zmniejsza infekcje i stany zapalne<\/strong>: Naturalne w\u0142a\u015bciwo\u015bci przeciwzapalne koi sw\u0119dz\u0105c\u0105, zapalon\u0105 lub alergicznie sk\u0142onn\u0105 sk\u00f3r\u0119.<\/p>\n<\/li>\n<li data-start=\"2080\" data-end=\"2199\">\n<p data-start=\"2082\" data-end=\"2199\"><strong data-start=\"2082\" data-end=\"2114\">Zmi\u0119kcza i wyg\u0142adza szorstk\u0105 sk\u00f3r\u0119<\/strong>: Mieszanka bogata w sk\u0142adniki od\u017cywcze przywraca mi\u0119kko\u015b\u0107 suchej sk\u00f3rze, \u0142okciom, kolanom i pi\u0119tom.<\/p>\n<\/li>\n<\/ul>\n<h3 data-start=\"2206\" data-end=\"2245\">Dlaczego wybra\u0107 \u017cel aloesowy Horus?<\/h3>\n<ul data-start=\"2247\" data-end=\"2767\">\n<li data-start=\"2247\" data-end=\"2358\">\n<p data-start=\"2249\" data-end=\"2358\"><strong data-start=\"2252\" data-end=\"2280\">100% naturalne sk\u0142adniki<\/strong> \u2013 Czysty aloes wzbogacony o <strong data-start=\"2312\" data-end=\"2357\">mi\u00f3d, ekstrakt z lukrecji i olejek z drzewa herbacianego<\/strong>.<\/p>\n<\/li>\n<li data-start=\"2359\" data-end=\"2462\">\n<p data-start=\"2361\" data-end=\"2462\"><strong data-start=\"2364\" data-end=\"2380\">Wielofunkcyjny<\/strong> \u2013 Idealny do nawil\u017cania, piel\u0119gnacji tr\u0105dziku, ukojenia oparze\u0144 s\u0142onecznych, po goleniu i nie tylko.<\/p>\n<\/li>\n<li data-start=\"2463\" data-end=\"2550\">\n<p data-start=\"2465\" data-end=\"2550\"><strong data-start=\"2468\" data-end=\"2490\">Niet\u0142usta konsystencja<\/strong> \u2013 Lekka formu\u0142a szybko si\u0119 wch\u0142ania bez osadu.<\/p>\n<\/li>\n<li data-start=\"2551\" data-end=\"2662\">\n<p data-start=\"2553\" data-end=\"2662\"><strong data-start=\"2559\" data-end=\"2586\">Bezpieczny dla wszystkich typ\u00f3w sk\u00f3ry<\/strong> \u2013 Delikatny dla wra\u017cliwej sk\u00f3ry, odpowiedni do codziennego u\u017cycia na twarz i cia\u0142o.<\/p>\n<\/li>\n<li data-start=\"2663\" data-end=\"2767\">\n<p data-start=\"2665\" data-end=\"2767\"><strong data-start=\"2670\" data-end=\"2695\">Z dum\u0105 wyprodukowany w Egipcie<\/strong> \u2013 Wytwarzany z trosk\u0105 przez <strong data-start=\"2719\" data-end=\"2736\">Horus Company<\/strong>, mark\u0119 zaufan\u0105 w naturalnej piel\u0119gnacji sk\u00f3ry.<\/p>\n<\/li>\n<\/ul>\n<h3 data-start=\"2774\" data-end=\"2812\">Jak stosowa\u0107 \u017cel aloesowy Horus<\/h3>\n<ol data-start=\"2814\" data-end=\"3000\">\n<li data-start=\"2814\" data-end=\"2846\">\n<p data-start=\"2817\" data-end=\"2846\">Dok\u0142adnie oczy\u015b\u0107 sk\u00f3r\u0119.<\/p>\n<\/li>\n<li data-start=\"2847\" data-end=\"2901\">\n<p data-start=\"2850\" data-end=\"2901\">Na\u0142\u00f3\u017c obfit\u0105 ilo\u015b\u0107 \u017celu na wybrany obszar.<\/p>\n<\/li>\n<li data-start=\"2902\" data-end=\"2954\">\n<p data-start=\"2905\" data-end=\"2954\">Wmasuj okr\u0119\u017cnymi ruchami do ca\u0142kowitego wch\u0142oni\u0119cia.<\/p>\n<\/li>\n<li data-start=\"2955\" data-end=\"3000\">\n<p data-start=\"2958\" data-end=\"3000\">Stosuj rano i wieczorem dla najlepszych rezultat\u00f3w.<\/p>\n<\/li>\n<\/ol>\n<h3 data-start=\"3007\" data-end=\"3030\">Szczeg\u00f3\u0142y produktu<\/h3>\n<ul data-start=\"3032\" data-end=\"3375\">\n<li data-start=\"3032\" data-end=\"3073\">\n<p data-start=\"3034\" data-end=\"3073\"><strong data-start=\"3034\" data-end=\"3050\">Nazwa produktu<\/strong>: \u017bel aloesowy Horus<\/p>\n<\/li>\n<li data-start=\"3074\" data-end=\"3103\">\n<p data-start=\"3076\" data-end=\"3103\"><strong data-start=\"3076\" data-end=\"3084\">Typ<\/strong>: \u017bel do twarzy i cia\u0142a<\/p>\n<\/li>\n<li data-start=\"3104\" data-end=\"3128\">\n<p data-start=\"3106\" data-end=\"3128\"><strong data-start=\"3106\" data-end=\"3118\">Pojemno\u015b\u0107<\/strong>: 330 ml<\/p>\n<\/li>\n<li data-start=\"3129\" data-end=\"3202\">\n<p data-start=\"3131\" data-end=\"3202\"><strong data-start=\"3131\" data-end=\"3150\">G\u0142\u00f3wne sk\u0142adniki<\/strong>: Aloes, Mi\u00f3d, Ekstrakt z lukrecji, Olejek z drzewa herbacianego<\/p>\n<\/li>\n<li data-start=\"3203\" data-end=\"3238\">\n<p data-start=\"3205\" data-end=\"3238\"><strong data-start=\"3205\" data-end=\"3221\">Producent<\/strong>: Horus Company<\/p>\n<\/li>\n<li data-start=\"3239\" data-end=\"3261\">\n<p data-start=\"3241\" data-end=\"3261\"><strong data-start=\"3241\" data-end=\"3252\">Wyprodukowany w<\/strong>: Egipt<\/p>\n<\/li>\n<li data-start=\"3262\" data-end=\"3295\">\n<p data-start=\"3264\" data-end=\"3295\"><strong data-start=\"3264\" data-end=\"3277\">Typ sk\u00f3ry<\/strong>: Wszystkie typy sk\u00f3ry<\/p>\n<\/li>\n<li data-start=\"3296\" data-end=\"3375\">\n<p data-start=\"3298\" data-end=\"3375\"><strong data-start=\"3298\" data-end=\"3310\">Najlepsze zastosowanie<\/strong>: Codzienne nawil\u017canie, opieka po opalaniu, leczenie tr\u0105dziku, \u0142agodzenie sk\u00f3ry<\/p>\n<\/li>\n<\/ul>\n<h2 data-start=\"5169\" data-end=\"5205\">Poczuj leczniczy dotyk natury<\/h2>\n<p data-start=\"5207\" data-end=\"5461\">Dzi\u0119ki <strong data-start=\"5212\" data-end=\"5235\">\u017celowi aloesowemu Horus<\/strong> sk\u00f3ra otrzymuje wi\u0119cej ni\u017c nawil\u017cenie \u2013 troskliw\u0105 opiek\u0119 najpot\u0119\u017cniejszej ro\u015bliny leczniczej natury. Od zwalczania tr\u0105dziku po ukojenie oparze\u0144 s\u0142onecznych i redukcj\u0119 zaczerwienie\u0144, ten wielofunkcyjny \u017cel to <strong data-start=\"5435\" data-end=\"5460\">naturalny bohater piel\u0119gnacji sk\u00f3ry<\/strong>.<\/p>\n<p data-start=\"5463\" data-end=\"5574\">Daj sk\u00f3rze to, na co zas\u0142uguje.<\/p>\n<p data-start=\"5463\" data-end=\"5574\"><strong data-start=\"5496\" data-end=\"5574\">Kup teraz i ciesz si\u0119 g\u0142adk\u0105, od\u017cywion\u0105 i od\u015bwie\u017con\u0105 sk\u00f3r\u0105 \u2013 naturalnie.<\/strong><\/p>\n<h4 style=\"text-align: center;\"><strong> <\/strong><\/h4>\n<p style=\"text-align: center;\">Dzi\u0119kujemy za zakupy w <em data-start=\"415\" data-end=\"431\"><a href=\"https:\/\/bazaar.express\/pl\/\">Bazaar Express<\/a><\/em> \u2013 cieszymy si\u0119, \u017ce jeste\u015b z nami!<\/p>\n<p style=\"text-align: center;\">Twoja droga do lepszej piel\u0119gnacji zaczyna si\u0119 tutaj \u2014 z <a href=\"https:\/\/bazaar.express\/product-category\/beauty-care\/\">Piel\u0119gnacj\u0105 i Urod\u0105<\/a>, kt\u00f3rej mo\u017cesz zaufa\u0107.<\/p>\n","protected":false},"excerpt":{"rendered":"<h3>\u017bel aloesowy Horus to naturalny preparat do twarzy i cia\u0142a wzbogacony aloesem, miodem i lukrecj\u0105. Nawil\u017ca, \u0142agodzi i rewitalizuje sk\u00f3r\u0119.<\/h3>\n<p> &nbsp;<\/p>\n","protected":false},"featured_media":42759,"comment_status":"open","ping_status":"closed","template":"","meta":[],"product_brand":[],"product_cat":[1192,1199],"product_tag":[1470,1466,1467],"class_list":{"0":"post-42757","1":"product","2":"type-product","3":"status-publish","4":"has-post-thumbnail","6":"product_cat-pielegnacja-urody","7":"product_cat-najlepsze-z-egiptu","8":"product_tag-olejek","9":"product_tag-pielegnacja-skory","10":"product_tag-pielegnacja-urody","11":"pa_l-xl-330ml","13":"first","14":"instock","15":"sale","16":"shipping-taxable","17":"purchasable","18":"product-type-simple"},"_links":{"self":[{"href":"https:\/\/bazaar.express\/pl\/wp-json\/wp\/v2\/product\/42757","targetHints":{"allow":["GET"]}}],"collection":[{"href":"https:\/\/bazaar.express\/pl\/wp-json\/wp\/v2\/product"}],"about":[{"href":"https:\/\/bazaar.express\/pl\/wp-json\/wp\/v2\/types\/product"}],"replies":[{"embeddable":true,"href":"https:\/\/bazaar.express\/pl\/wp-json\/wp\/v2\/comments?post=42757"}],"wp:featuredmedia":[{"embeddable":true,"href":"https:\/\/bazaar.express\/pl\/wp-json\/wp\/v2\/media\/42759"}],"wp:attachment":[{"href":"https:\/\/bazaar.express\/pl\/wp-json\/wp\/v2\/media?parent=42757"}],"wp:term":[{"taxonomy":"product_brand","embeddable":true,"href":"https:\/\/bazaar.express\/pl\/wp-json\/wp\/v2\/product_brand?post=42757"},{"taxonomy":"product_cat","embeddable":true,"href":"https:\/\/bazaar.express\/pl\/wp-json\/wp\/v2\/product_cat?post=42757"},{"taxonomy":"product_tag","embeddable":true,"href":"https:\/\/bazaar.express\/pl\/wp-json\/wp\/v2\/product_tag?post=42757"}],"curies":[{"name":"wp","href":"https:\/\/api.w.org\/{rel}","templated":true}]}}