{"id":42760,"date":"2025-01-16T14:23:58","date_gmt":"2025-01-16T14:23:58","guid":{"rendered":"https:\/\/bazaar.express\/product\/olive-oil\/"},"modified":"2025-01-16T14:23:58","modified_gmt":"2025-01-16T14:23:58","slug":"olive-oil","status":"publish","type":"product","link":"https:\/\/bazaar.express\/pl\/produkt\/olive-oil\/","title":{"rendered":"Krem do twarzy i cia\u0142a z olejem oliwkowym"},"content":{"rendered":"<h2 data-start=\"307\" data-end=\"394\">Krem Horus do twarzy i cia\u0142a z olejem oliwkowym \u2013 G\u0142\u0119bokie od\u017cywienie naturaln\u0105 oliw\u0105<\/h2>\n<h3 data-start=\"396\" data-end=\"444\">Bogate nawil\u017cenie czerpi\u0105ce z natury<\/h3>\n<p data-start=\"446\" data-end=\"732\">Pozw\u00f3l sk\u00f3rze cieszy\u0107 si\u0119 bogat\u0105, naturaln\u0105 piel\u0119gnacj\u0105 <strong data-start=\"494\" data-end=\"531\">kremu Horus do twarzy i cia\u0142a z olejem oliwkowym<\/strong>. Stworzony z czystego <strong data-start=\"551\" data-end=\"564\">oleju oliwkowego<\/strong> i <strong data-start=\"569\" data-end=\"584\">kremu oliwkowego<\/strong>, ta g\u0142\u0119boko nawil\u017caj\u0105ca formu\u0142a zapewnia sk\u00f3rze regeneruj\u0105cy zastrzyk, blokuj\u0105c wilgo\u0107 i pozostawiaj\u0105c j\u0105 <strong data-start=\"698\" data-end=\"731\">g\u0142adk\u0105, promienn\u0105 i od\u017cywion\u0105<\/strong>.<\/p>\n<p data-start=\"734\" data-end=\"1026\">Bez wzgl\u0119du na to, czy masz problem z sucho\u015bci\u0105, matowo\u015bci\u0105 czy chcesz zapewni\u0107 sk\u00f3rze codzienn\u0105 piel\u0119gnacj\u0119 jak w spa, ten krem jest Twoim rozwi\u0105zaniem. Przeznaczony zar\u00f3wno do <strong data-start=\"911\" data-end=\"928\">twarzy, jak i cia\u0142a<\/strong>, krem Horus z olejem oliwkowym pasuje do <strong data-start=\"968\" data-end=\"986\">wszystkich typ\u00f3w sk\u00f3ry<\/strong> i jest wystarczaj\u0105co delikatny do <strong data-start=\"1009\" data-end=\"1025\">codziennego u\u017cytku<\/strong>.<\/p>\n<h3 data-start=\"1033\" data-end=\"1099\">Olej oliwkowy i krem oliwkowy: Idealny duet dla zdrowia sk\u00f3ry<\/h3>\n<h4 data-start=\"1101\" data-end=\"1152\"><strong data-start=\"1109\" data-end=\"1152\">Olej oliwkowy \u2013 Wzmacniacz nawil\u017cenia i blasku<\/strong><\/h4>\n<p data-start=\"1154\" data-end=\"1416\">Olej oliwkowy zawiera sk\u0142adniki korzystne dla sk\u00f3ry, takie jak <strong data-start=\"1206\" data-end=\"1233\">witaminy A, D, E i K<\/strong> oraz <strong data-start=\"1246\" data-end=\"1271\">niezb\u0119dne kwasy t\u0142uszczowe<\/strong>, kt\u00f3re g\u0142\u0119boko nawil\u017caj\u0105, chroni\u0105 i roz\u015bwietlaj\u0105 sk\u00f3r\u0119. Pomaga przywr\u00f3ci\u0107 mi\u0119kko\u015b\u0107 i blask, odpieraj\u0105c uszkodzenia \u015brodowiskowe.<\/p>\n<h4 data-start=\"1418\" data-end=\"1469\"><strong data-start=\"1426\" data-end=\"1469\">Krem oliwkowy \u2013 Od\u017cywianie i ochrona sk\u00f3ry<\/strong><\/h4>\n<p data-start=\"1471\" data-end=\"1696\">Krem oliwkowy jest wzbogacony <strong data-start=\"1500\" data-end=\"1537\">naturalnymi antyoksydantami i minera\u0142ami<\/strong>, kt\u00f3re chroni\u0105 sk\u00f3r\u0119 przed sucho\u015bci\u0105 i oznakami starzenia. Wzmacnia barier\u0119 sk\u00f3rn\u0105, poprawia elastyczno\u015b\u0107 i nadaje sk\u00f3rze <strong data-start=\"1672\" data-end=\"1695\">g\u0142adki, spr\u0119\u017cysty charakter<\/strong>.<\/p>\n<h3 data-start=\"1703\" data-end=\"1755\">Jak u\u017cywa\u0107 kremu Horus do twarzy i cia\u0142a z olejem oliwkowym<\/h3>\n<ul data-start=\"1757\" data-end=\"2016\">\n<li data-start=\"1757\" data-end=\"1889\">\n<p data-start=\"1759\" data-end=\"1889\"><strong data-start=\"1759\" data-end=\"1767\">Twarz<\/strong>: Po oczyszczeniu na\u0142\u00f3\u017c niewielk\u0105 ilo\u015b\u0107 na twarz i delikatnie masuj okr\u0119\u017cnymi ruchami ku g\u00f3rze. U\u017cywaj rano i wieczorem.<\/p>\n<\/li>\n<li data-start=\"1890\" data-end=\"2016\">\n<p data-start=\"1892\" data-end=\"2016\"><strong data-start=\"1892\" data-end=\"1900\">Cia\u0142o<\/strong>: Wmasuj krem w suche obszary, takie jak \u0142okcie, kolana i d\u0142onie. Idealny do u\u017cycia po prysznicu, aby zamkn\u0105\u0107 wilgo\u0107.<\/p>\n<\/li>\n<\/ul>\n<h3 data-start=\"2023\" data-end=\"2064\">Dlaczego wybra\u0107 krem Horus z olejem oliwkowym?<\/h3>\n<ul data-start=\"2066\" data-end=\"2437\">\n<li data-start=\"2066\" data-end=\"2178\">\n<p data-start=\"2068\" data-end=\"2178\"><strong data-start=\"2071\" data-end=\"2090\">Naturalna formu\u0142a<\/strong> \u2013 \u0141\u0105czy nawadniaj\u0105c\u0105 si\u0142\u0119 oleju oliwkowego i kremu oliwkowego, aby g\u0142\u0119boko od\u017cywia\u0107 sk\u00f3r\u0119.<\/p>\n<\/li>\n<li data-start=\"2179\" data-end=\"2259\">\n<p data-start=\"2181\" data-end=\"2259\"><strong data-start=\"2184\" data-end=\"2205\">Codzienny blask<\/strong> \u2013 Utrzymuje sk\u00f3r\u0119 mi\u0119kk\u0105, zdrow\u0105 i roz\u015bwietlon\u0105 przez ca\u0142y dzie\u0144.<\/p>\n<\/li>\n<li data-start=\"2260\" data-end=\"2352\">\n<p data-start=\"2262\" data-end=\"2352\"><strong data-start=\"2267\" data-end=\"2292\">Z dum\u0105 wyprodukowany w Egipcie<\/strong> \u2013 Utworzony z trosk\u0105 z wysokiej jako\u015bci naturalnych sk\u0142adnik\u00f3w.<\/p>\n<\/li>\n<li data-start=\"2353\" data-end=\"2437\">\n<p data-start=\"2355\" data-end=\"2437\"><strong data-start=\"2358\" data-end=\"2386\">Delikatny dla wszystkich typ\u00f3w sk\u00f3ry<\/strong> \u2013 Doskona\u0142y dla sk\u00f3ry wra\u017cliwej, suchej lub mieszanej.<\/p>\n<\/li>\n<\/ul>\n<h3 data-start=\"2444\" data-end=\"2467\">Szczeg\u00f3\u0142y produktu<\/h3>\n<ul data-start=\"2469\" data-end=\"2776\">\n<li data-start=\"2469\" data-end=\"2524\">\n<p data-start=\"2471\" data-end=\"2524\"><strong data-start=\"2471\" data-end=\"2487\">Nazwa produktu<\/strong>: Krem Horus do twarzy i cia\u0142a z olejem oliwkowym<\/p>\n<\/li>\n<li data-start=\"2525\" data-end=\"2569\">\n<p data-start=\"2527\" data-end=\"2569\"><strong data-start=\"2527\" data-end=\"2535\">Typ<\/strong>: Wielofunkcyjny krem nawil\u017caj\u0105cy<\/p>\n<\/li>\n<li data-start=\"2570\" data-end=\"2594\">\n<p data-start=\"2572\" data-end=\"2594\"><strong data-start=\"2572\" data-end=\"2584\">Pojemno\u015b\u0107<\/strong>: 330 ml<\/p>\n<\/li>\n<li data-start=\"2595\" data-end=\"2642\">\n<p data-start=\"2597\" data-end=\"2642\"><strong data-start=\"2597\" data-end=\"2616\">G\u0142\u00f3wne sk\u0142adniki<\/strong>: Olej oliwkowy, Krem oliwkowy<\/p>\n<\/li>\n<li data-start=\"2643\" data-end=\"2670\">\n<p data-start=\"2645\" data-end=\"2670\"><strong data-start=\"2645\" data-end=\"2661\">Producent<\/strong>: Horus<\/p>\n<\/li>\n<li data-start=\"2671\" data-end=\"2693\">\n<p data-start=\"2673\" data-end=\"2693\"><strong data-start=\"2673\" data-end=\"2684\">Kraj pochodzenia<\/strong>: Egipt<\/p>\n<\/li>\n<li data-start=\"2694\" data-end=\"2776\">\n<p data-start=\"2696\" data-end=\"2776\"><strong data-start=\"2696\" data-end=\"2708\">Najlepszy do<\/strong>: Codziennego nawil\u017cania, naprawy suchej sk\u00f3ry, zmi\u0119kczania i wsparcia przeciwstarzeniowego<\/p>\n<\/li>\n<\/ul>\n<h2 data-start=\"3113\" data-end=\"3163\">Poczuj \u015br\u00f3dziemnomorski dotyk na swojej sk\u00f3rze<\/h2>\n<p data-start=\"3165\" data-end=\"3395\">Daj sk\u00f3rze <strong data-start=\"3184\" data-end=\"3215\">luksus naturalnego oleju oliwkowego<\/strong> z kremem, kt\u00f3ry pie\u015bci, chroni i rewitalizuje. <strong data-start=\"3271\" data-end=\"3308\">Krem Horus do twarzy i cia\u0142a z olejem oliwkowym<\/strong> to wi\u0119cej ni\u017c nawil\u017cacz \u2013 to codzienna przyjemno\u015b\u0107 z mi\u0119kko\u015bci, si\u0142y i blasku.<\/p>\n<p data-start=\"3397\" data-end=\"3544\">Do\u015bwiadcz koj\u0105cego obj\u0119cia natury. <strong data-start=\"3440\" data-end=\"3453\">Zam\u00f3w teraz<\/strong> i odkryj sk\u00f3r\u0119 nie tylko nawil\u017con\u0105, ale naprawd\u0119 <strong data-start=\"3511\" data-end=\"3543\">promienn\u0105, g\u0142adk\u0105 i l\u015bni\u0105c\u0105<\/strong>.<\/p>\n<p style=\"text-align: center;\">Dzi\u0119kujemy za zakupy w <em data-start=\"415\" data-end=\"431\"><a href=\"https:\/\/bazaar.express\/pl\/\">Bazaar Express<\/a><\/em> \u2013 mamy rado\u015b\u0107, \u017ce jeste\u015b z nami!<\/p>\n<p style=\"text-align: center;\">Twoja droga do lepszej samo-piel\u0119gnacji zaczyna si\u0119 tutaj \u2014 z <a href=\"https:\/\/bazaar.express\/product-category\/beauty-care\/\">produktami do urody i piel\u0119gnacji<\/a>, kt\u00f3rym mo\u017cesz zaufa\u0107.<\/p>\n","protected":false},"excerpt":{"rendered":"<h3 data-start=\"425\" data-end=\"631\">Do\u015bwiadcz bogatego nawil\u017cenia z kremem Horus do twarzy i cia\u0142a z olejem oliwkowym. Wzbogacony olejem oliwkowym i kremem oliwkowym nawil\u017ca, zmi\u0119kcza i chroni sk\u00f3r\u0119 przed wysuszeniem. Nadaje si\u0119 do twarzy i cia\u0142a. Wyprodukowany w Egipcie.<\/h3>\n<p>&nbsp;<\/p>\n","protected":false},"featured_media":42762,"comment_status":"open","ping_status":"closed","template":"","meta":[],"product_brand":[],"product_cat":[1192],"product_tag":[1470,1466,1467],"class_list":{"0":"post-42760","1":"product","2":"type-product","3":"status-publish","4":"has-post-thumbnail","6":"product_cat-pielegnacja-urody","7":"product_tag-olejek","8":"product_tag-pielegnacja-skory","9":"product_tag-pielegnacja-urody","10":"pa_l-xl-330ml","12":"first","13":"instock","14":"sale","15":"shipping-taxable","16":"purchasable","17":"product-type-simple"},"_links":{"self":[{"href":"https:\/\/bazaar.express\/pl\/wp-json\/wp\/v2\/product\/42760","targetHints":{"allow":["GET"]}}],"collection":[{"href":"https:\/\/bazaar.express\/pl\/wp-json\/wp\/v2\/product"}],"about":[{"href":"https:\/\/bazaar.express\/pl\/wp-json\/wp\/v2\/types\/product"}],"replies":[{"embeddable":true,"href":"https:\/\/bazaar.express\/pl\/wp-json\/wp\/v2\/comments?post=42760"}],"wp:featuredmedia":[{"embeddable":true,"href":"https:\/\/bazaar.express\/pl\/wp-json\/wp\/v2\/media\/42762"}],"wp:attachment":[{"href":"https:\/\/bazaar.express\/pl\/wp-json\/wp\/v2\/media?parent=42760"}],"wp:term":[{"taxonomy":"product_brand","embeddable":true,"href":"https:\/\/bazaar.express\/pl\/wp-json\/wp\/v2\/product_brand?post=42760"},{"taxonomy":"product_cat","embeddable":true,"href":"https:\/\/bazaar.express\/pl\/wp-json\/wp\/v2\/product_cat?post=42760"},{"taxonomy":"product_tag","embeddable":true,"href":"https:\/\/bazaar.express\/pl\/wp-json\/wp\/v2\/product_tag?post=42760"}],"curies":[{"name":"wp","href":"https:\/\/api.w.org\/{rel}","templated":true}]}}