{"id":42763,"date":"2025-01-15T03:11:25","date_gmt":"2025-01-15T03:11:25","guid":{"rendered":"https:\/\/bazaar.express\/product\/mango-cream\/"},"modified":"2026-02-27T14:28:28","modified_gmt":"2026-02-27T14:28:28","slug":"mango-cream","status":"publish","type":"product","link":"https:\/\/bazaar.express\/pl\/produkt\/mango-cream\/","title":{"rendered":"Krem do twarzy i cia\u0142a Mango"},"content":{"rendered":"<h2 data-start=\"177\" data-end=\"263\">Krem Horus do twarzy i cia\u0142a z mango \u2013 g\u0142\u0119bokie nawil\u017cenie z mango, mas\u0142em shea i olejem kokosowym<\/h2>\n<p data-start=\"265\" data-end=\"742\">Od\u017cywiaj sk\u00f3r\u0119 codziennie obfitym nawil\u017ceniem <strong data-start=\"316\" data-end=\"349\">kremu Horus do twarzy i cia\u0142a z mango<\/strong> \u2014 bogata, kremowa formu\u0142a z naturalnym ekstraktem z mango, mas\u0142em shea, olejem kokosowym i witamin\u0105 E. Zaprojektowany do intensywnego nawil\u017cenia i zmi\u0119kczenia sk\u00f3ry, ten krem o\u017cywia zm\u0119czon\u0105, such\u0105 i matow\u0105 sk\u00f3r\u0119, przywracaj\u0105c jej blask i elastyczno\u015b\u0107. Bez wzgl\u0119du na to, czy chcesz zmi\u0119kczy\u0107 szorstkie obszary, zwi\u0119kszy\u0107 blask czy podarowa\u0107 sk\u00f3rze tropikaln\u0105 uczt\u0119, ten krem jest idealnym rozwi\u0105zaniem do samodzielnej piel\u0119gnacji twarzy i cia\u0142a.<\/p>\n<h3 data-start=\"749\" data-end=\"791\"> Moc ekstraktu z mango dla sk\u00f3ry<\/h3>\n<p data-start=\"793\" data-end=\"916\">Ekstrakt z mango to naturalny super\u017cywno\u015b\u0107 dla sk\u00f3ry. Bogaty w witaminy A, C i E, antyoksydanty oraz kwasy t\u0142uszczowe, pomaga:<\/p>\n<ul data-start=\"918\" data-end=\"1114\">\n<li data-start=\"918\" data-end=\"971\">\n<p data-start=\"920\" data-end=\"971\"><strong data-start=\"920\" data-end=\"938\">G\u0142\u0119boko nawil\u017ca\u0107<\/strong> sk\u00f3r\u0119 i zatrzymywa\u0107 wilgo\u0107.<\/p>\n<\/li>\n<li data-start=\"972\" data-end=\"1045\">\n<p data-start=\"974\" data-end=\"1045\"><strong data-start=\"974\" data-end=\"1000\">O\u017cywia\u0107 matw\u0105, such\u0105 sk\u00f3r\u0119<\/strong>, sprawiaj\u0105c, \u017ce wygl\u0105da ja\u015bniej i bardziej \u017cywo.<\/p>\n<\/li>\n<li data-start=\"1046\" data-end=\"1114\">\n<p data-start=\"1048\" data-end=\"1114\"><strong data-start=\"1048\" data-end=\"1069\">\u0141agodzi\u0107 podra\u017cnienia<\/strong> i dodawa\u0107 delikatny blask twarzy i cia\u0142a.<\/p>\n<\/li>\n<\/ul>\n<h3 data-start=\"1121\" data-end=\"1165\"> Mas\u0142o shea: Najlepszy nawil\u017cacz<\/h3>\n<p data-start=\"1167\" data-end=\"1207\">Mas\u0142o shea jest znane z umiej\u0119tno\u015bci:<\/p>\n<ul data-start=\"1209\" data-end=\"1388\">\n<li data-start=\"1209\" data-end=\"1264\">\n<p data-start=\"1211\" data-end=\"1264\"><strong data-start=\"1211\" data-end=\"1233\">Naprawia\u0107 i chroni\u0107<\/strong> such\u0105, pop\u0119kan\u0105 lub \u0142uszcz\u0105c\u0105 si\u0119 sk\u00f3r\u0119.<\/p>\n<\/li>\n<li data-start=\"1265\" data-end=\"1318\">\n<p data-start=\"1267\" data-end=\"1318\"><strong data-start=\"1267\" data-end=\"1294\">Przywraca\u0107 elastyczno\u015b\u0107 sk\u00f3ry<\/strong> i zmniejsza\u0107 szorstko\u015b\u0107.<\/p>\n<\/li>\n<li data-start=\"1319\" data-end=\"1388\">\n<p data-start=\"1321\" data-end=\"1388\"><strong data-start=\"1321\" data-end=\"1350\">Tworzy\u0107 barier\u0119 nawil\u017caj\u0105c\u0105<\/strong>, aby sk\u00f3ra pozosta\u0142a mi\u0119kka i elastyczna przez ca\u0142y dzie\u0144.<\/p>\n<\/li>\n<\/ul>\n<h3 data-start=\"1395\" data-end=\"1437\"> Witamina E: Codzienna ochrona sk\u00f3ry<\/h3>\n<p data-start=\"1439\" data-end=\"1474\">Witamina E odgrywa kluczow\u0105 rol\u0119 w:<\/p>\n<ul data-start=\"1476\" data-end=\"1696\">\n<li data-start=\"1476\" data-end=\"1549\">\n<p data-start=\"1478\" data-end=\"1549\"><strong data-start=\"1478\" data-end=\"1523\">Ochronie sk\u00f3ry przed uszkodzeniami \u015brodowiskowymi<\/strong>, takimi jak s\u0142o\u0144ce i zanieczyszczenia.<\/p>\n<\/li>\n<li data-start=\"1550\" data-end=\"1612\">\n<p data-start=\"1552\" data-end=\"1612\"><strong data-start=\"1552\" data-end=\"1586\">Zanikaniu blizn i rozst\u0119p\u00f3w<\/strong>, wyr\u00f3wnuj\u0105c koloryt sk\u00f3ry.<\/p>\n<\/li>\n<li data-start=\"1613\" data-end=\"1696\">\n<p data-start=\"1615\" data-end=\"1696\"><strong data-start=\"1615\" data-end=\"1642\">Od\u017cywianiu i regeneracji<\/strong> naturalnej bariery sk\u00f3ry dla m\u0142odego wygl\u0105du.<\/p>\n<\/li>\n<\/ul>\n<h3 data-start=\"1703\" data-end=\"1752\"> Olej kokosowy: Jedwabista sk\u00f3ra za ka\u017cdym razem<\/h3>\n<p data-start=\"1754\" data-end=\"1800\">Olej kokosowy dodaje koj\u0105cego akcentu, pomagaj\u0105c:<\/p>\n<ul data-start=\"1802\" data-end=\"1990\">\n<li data-start=\"1802\" data-end=\"1838\">\n<p data-start=\"1804\" data-end=\"1838\"><strong data-start=\"1804\" data-end=\"1835\">Zmi\u0119kcza\u0107 twarde lub suche miejsca<\/strong>.<\/p>\n<\/li>\n<li data-start=\"1839\" data-end=\"1916\">\n<p data-start=\"1841\" data-end=\"1916\"><strong data-start=\"1841\" data-end=\"1864\">Uspokaja\u0107 podra\u017cnion\u0105 sk\u00f3r\u0119<\/strong>, szczeg\u00f3lnie po goleniu lub na s\u0142o\u0144cu.<\/p>\n<\/li>\n<li data-start=\"1917\" data-end=\"1990\">\n<p data-start=\"1919\" data-end=\"1990\"><strong data-start=\"1919\" data-end=\"1960\">Pozostawia\u0107 jedwabiste, nieoblepiaj\u0105ce uczucie<\/strong> z naturalnie s\u0142odkim zapachem.<\/p>\n<\/li>\n<\/ul>\n<h3 data-start=\"1997\" data-end=\"2044\"> Jak stosowa\u0107 krem Horus do twarzy i cia\u0142a z mango<\/h3>\n<p data-start=\"2046\" data-end=\"2194\"><strong data-start=\"2046\" data-end=\"2059\">Do twarzy:<\/strong><br data-start=\"2059\" data-end=\"2062\" \/>Na\u0142\u00f3\u017c niewielk\u0105 ilo\u015b\u0107 na czyst\u0105 sk\u00f3r\u0119. Masuj delikatnie okr\u0119\u017cnymi ruchami, a\u017c si\u0119 wch\u0142onie. U\u017cywaj rano i wieczorem dla najlepszych efekt\u00f3w.<\/p>\n<p data-start=\"2196\" data-end=\"2346\"><strong data-start=\"2196\" data-end=\"2209\">Do cia\u0142a:<\/strong><br data-start=\"2209\" data-end=\"2212\" \/>Masa\u017cuj hojnie na cia\u0142o, szczeg\u00f3lnie na suche obszary jak \u0142okcie, kolana i pi\u0119ty. Ciesz si\u0119 mi\u0119kk\u0105, b\u0142yszcz\u0105c\u0105 sk\u00f3r\u0105 przez ca\u0142y dzie\u0144.<\/p>\n<h3 data-start=\"2353\" data-end=\"2389\"> Dlaczego wybra\u0107 krem Horus Mango?<\/h3>\n<ul data-start=\"2391\" data-end=\"2688\">\n<li data-start=\"2391\" data-end=\"2487\">\n<p data-start=\"2393\" data-end=\"2487\">\u2705 <strong data-start=\"2395\" data-end=\"2418\">Naturalne sk\u0142adniki<\/strong> \u2013 zawiera ekstrakt z mango, mas\u0142o shea, witamin\u0119 E i olej kokosowy.<\/p>\n<\/li>\n<li data-start=\"2488\" data-end=\"2553\">\n<p data-start=\"2490\" data-end=\"2553\">\u2705 <strong data-start=\"2492\" data-end=\"2521\">Wielozadaniowy nawil\u017cacz<\/strong> \u2013 odpowiedni do twarzy i cia\u0142a.<\/p>\n<\/li>\n<li data-start=\"2554\" data-end=\"2615\">\n<p data-start=\"2556\" data-end=\"2615\">\u2705 <strong data-start=\"2558\" data-end=\"2578\">Szybko si\u0119 wch\u0142ania<\/strong> \u2013 bogata tekstura, matowe wyko\u0144czenie.<\/p>\n<\/li>\n<li data-start=\"2616\" data-end=\"2688\">\n<p data-start=\"2618\" data-end=\"2688\">\u2705 <strong data-start=\"2620\" data-end=\"2637\">Zrobione w Egipcie<\/strong> \u2013 wysokiej jako\u015bci egipska receptura, godna zaufania.<\/p>\n<\/li>\n<\/ul>\n<h3 data-start=\"3003\" data-end=\"3026\"> Szczeg\u00f3\u0142y produktu:<\/h3>\n<ul data-start=\"3028\" data-end=\"3103\">\n<li data-start=\"3028\" data-end=\"3052\">\n<p data-start=\"3030\" data-end=\"3052\"><strong data-start=\"3030\" data-end=\"3043\">Pojemno\u015b\u0107:<\/strong> 330 ml<\/p>\n<\/li>\n<li data-start=\"3053\" data-end=\"3080\">\n<p data-start=\"3055\" data-end=\"3080\"><strong data-start=\"3055\" data-end=\"3072\">Producent:<\/strong> Horus<\/p>\n<\/li>\n<li data-start=\"3081\" data-end=\"3103\">\n<p data-start=\"3083\" data-end=\"3103\"><strong data-start=\"3083\" data-end=\"3095\">Wyprodukowano w:<\/strong> Egipcie<\/p>\n<\/li>\n<\/ul>\n<h2 data-start=\"3110\" data-end=\"3137\">\u015awie\u0107 naturalnie ka\u017cdego dnia<\/h2>\n<p data-start=\"3139\" data-end=\"3459\">Niech tropikalna moc mango i bogactwo mas\u0142a shea po\u0142\u0105cz\u0105 si\u0119 w idealnej harmonii, dostarczaj\u0105c sk\u00f3rze wszystkiego, czego potrzebuje do blasku. <strong data-start=\"3287\" data-end=\"3320\">Krem Horus do twarzy i cia\u0142a z mango<\/strong> to Tw\u00f3j niezawodny produkt do od\u017cywionej, nawil\u017conej i promiennej sk\u00f3ry. W\u0142\u0105cz go do codziennej rutyny piel\u0119gnacyjnej \u2013 Twoja sk\u00f3ra b\u0119dzie wdzi\u0119czna.<\/p>\n<p style=\"text-align: center;\">Dzi\u0119kujemy za zakupy w <em data-start=\"415\" data-end=\"431\"><a href=\"https:\/\/bazaar.express\/pl\/\">Bazaar Express<\/a><\/em> \u2013 ogromnie si\u0119 cieszymy, \u017ce jeste\u015b z nami!<\/p>\n<p style=\"text-align: center;\">Twoja droga do lepszej piel\u0119gnacji zaczyna si\u0119 tutaj \u2013 z <a href=\"https:\/\/bazaar.express\/product-category\/beauty-care\/\">Urod\u0105 i piel\u0119gnacj\u0105<\/a>, kt\u00f3rej mo\u017cesz zaufa\u0107.<\/p>\n","protected":false},"excerpt":{"rendered":"<h3>Krem Horus do twarzy i cia\u0142a z mango to bogaty, od\u017cywczy balsam z ekstraktem z mango, mas\u0142em shea, olejem kokosowym i witamin\u0105 E. Idealny do codziennego u\u017cytku, nawil\u017ca such\u0105 sk\u00f3r\u0119, przywraca blask i pozostawia twarz i cia\u0142o g\u0142adk\u0105 i od\u015bwie\u017con\u0105.<\/h3>\n","protected":false},"featured_media":42765,"comment_status":"open","ping_status":"closed","template":"","meta":[],"product_brand":[],"product_cat":[1192,1199],"product_tag":[1470,1466,1467],"class_list":{"0":"post-42763","1":"product","2":"type-product","3":"status-publish","4":"has-post-thumbnail","6":"product_cat-pielegnacja-urody","7":"product_cat-najlepsze-z-egiptu","8":"product_tag-olejek","9":"product_tag-pielegnacja-skory","10":"product_tag-pielegnacja-urody","11":"pa_l-xl-330ml","13":"first","14":"instock","15":"sale","16":"shipping-taxable","17":"purchasable","18":"product-type-simple"},"_links":{"self":[{"href":"https:\/\/bazaar.express\/pl\/wp-json\/wp\/v2\/product\/42763","targetHints":{"allow":["GET"]}}],"collection":[{"href":"https:\/\/bazaar.express\/pl\/wp-json\/wp\/v2\/product"}],"about":[{"href":"https:\/\/bazaar.express\/pl\/wp-json\/wp\/v2\/types\/product"}],"replies":[{"embeddable":true,"href":"https:\/\/bazaar.express\/pl\/wp-json\/wp\/v2\/comments?post=42763"}],"wp:featuredmedia":[{"embeddable":true,"href":"https:\/\/bazaar.express\/pl\/wp-json\/wp\/v2\/media\/42765"}],"wp:attachment":[{"href":"https:\/\/bazaar.express\/pl\/wp-json\/wp\/v2\/media?parent=42763"}],"wp:term":[{"taxonomy":"product_brand","embeddable":true,"href":"https:\/\/bazaar.express\/pl\/wp-json\/wp\/v2\/product_brand?post=42763"},{"taxonomy":"product_cat","embeddable":true,"href":"https:\/\/bazaar.express\/pl\/wp-json\/wp\/v2\/product_cat?post=42763"},{"taxonomy":"product_tag","embeddable":true,"href":"https:\/\/bazaar.express\/pl\/wp-json\/wp\/v2\/product_tag?post=42763"}],"curies":[{"name":"wp","href":"https:\/\/api.w.org\/{rel}","templated":true}]}}