{"id":42800,"date":"2024-11-29T15:37:09","date_gmt":"2024-11-29T15:37:09","guid":{"rendered":"https:\/\/bazaar.express\/product\/joint-cream\/"},"modified":"2026-03-02T11:20:24","modified_gmt":"2026-03-02T11:20:24","slug":"joint-cream","status":"publish","type":"product","link":"https:\/\/bazaar.express\/pl\/produkt\/joint-cream\/","title":{"rendered":"Naturalny krem na stawy \u2013 1kg"},"content":{"rendered":"<h2 data-start=\"305\" data-end=\"385\">Naturalny krem na stawy \u2013 Silna ulga z natury dla komfortowego ruchu \u2013 1kg<\/h2>\n<h3 data-start=\"387\" data-end=\"426\"> \u0141agodny dotyk dla Twoich staw\u00f3w<\/h3>\n<p data-start=\"428\" data-end=\"765\">Zm\u0119czony sztywno\u015bci\u0105, dyskomfortem lub ograniczon\u0105 ruchomo\u015bci\u0105? Odkryj <strong data-start=\"497\" data-end=\"520\">naturalny krem na stawy<\/strong> od <em data-start=\"526\" data-end=\"533\">Tnerh<\/em>, Twojego nowego towarzysza w dbaniu o stawy. Opracowany w Egipcie z 100% <strong data-start=\"602\" data-end=\"625\">naturalnych sk\u0142adnik\u00f3w<\/strong>, ten skuteczny i luksusowy krem przywraca elastyczno\u015b\u0107, zmniejsza zapalenie i poprawia og\u00f3lny komfort staw\u00f3w \u2013 naturalnie.<\/p>\n<h3 data-start=\"767\" data-end=\"811\"> Sk\u0142adniki w 100% naturalne, kt\u00f3rym mo\u017cesz zaufa\u0107<\/h3>\n<p data-start=\"813\" data-end=\"1058\">Starannie opracowany <strong data-start=\"837\" data-end=\"860\">naturalny krem na stawy<\/strong> \u0142\u0105czy korzy\u015bci <strong data-start=\"893\" data-end=\"903\">arniki<\/strong>, <strong data-start=\"905\" data-end=\"912\">MSM<\/strong>, <strong data-start=\"914\" data-end=\"929\">glukozaminy<\/strong> i <strong data-start=\"935\" data-end=\"947\">kurkumy<\/strong> z <strong data-start=\"953\" data-end=\"966\">aloesem<\/strong>, <strong data-start=\"968\" data-end=\"983\">mas\u0142em shea<\/strong> oraz leczniczymi <strong data-start=\"1001\" data-end=\"1019\">olejkami eterycznymi<\/strong>. Te sk\u0142adniki dzia\u0142aj\u0105 w harmonii, aby:<\/p>\n<ul data-start=\"1060\" data-end=\"1208\">\n<li data-start=\"1060\" data-end=\"1101\">\n<p data-start=\"1062\" data-end=\"1101\"><strong data-start=\"1062\" data-end=\"1101\">\u0141agodzi\u0107 b\u00f3l i zmniejsza\u0107 stan zapalny<\/strong><\/p>\n<\/li>\n<li data-start=\"1102\" data-end=\"1151\">\n<p data-start=\"1104\" data-end=\"1151\"><strong data-start=\"1104\" data-end=\"1151\">Wspomaga\u0107 regeneracj\u0119 chrz\u0105stek i wzmacnia\u0107 stawy<\/strong><\/p>\n<\/li>\n<li data-start=\"1152\" data-end=\"1208\">\n<p data-start=\"1154\" data-end=\"1208\"><strong data-start=\"1154\" data-end=\"1208\">Wspiera\u0107 d\u0142ugoterminow\u0105 elastyczno\u015b\u0107 i swobod\u0119 ruch\u00f3w<\/strong><\/p>\n<\/li>\n<\/ul>\n<p data-start=\"1210\" data-end=\"1324\">Niezale\u017cnie, czy jeste\u015b aktywny, w podesz\u0142ym wieku czy wracasz do formy po urazie, ten krem wspiera <strong data-start=\"1290\" data-end=\"1308\">zdrowie staw\u00f3w<\/strong> przy ka\u017cdym u\u017cyciu.<\/p>\n<h3 data-start=\"1326\" data-end=\"1368\"> Szybko wch\u0142aniaj\u0105ca si\u0119 i nieklej\u0105ca konsystencja<\/h3>\n<p data-start=\"1370\" data-end=\"1647\">W przeciwie\u0144stwie do syntetycznych alternatyw, nasza lekka formu\u0142a szybko si\u0119 wch\u0142ania, nie pozostawiaj\u0105c lepkiej ani t\u0142ustej warstwy. Idealna do u\u017cycia w ci\u0105gu dnia przed aktywno\u015bci\u0105 fizyczn\u0105 lub wieczorem, aby rozlu\u017ani\u0107 stawy podczas snu. Ciesz si\u0119 <strong data-start=\"1601\" data-end=\"1629\">g\u0142\u0119boko wnikaj\u0105c\u0105 ulg\u0105<\/strong> bez zabrudze\u0144.<\/p>\n<h3 data-start=\"1649\" data-end=\"1674\"> Dla kogo jest ten produkt?<\/h3>\n<ul data-start=\"1676\" data-end=\"1914\">\n<li data-start=\"1676\" data-end=\"1739\">\n<p data-start=\"1678\" data-end=\"1739\"><strong data-start=\"1678\" data-end=\"1709\">Atleci i mi\u0142o\u015bnicy fitnessu<\/strong> potrzebuj\u0105cy regeneracji po treningu<\/p>\n<\/li>\n<li data-start=\"1740\" data-end=\"1787\">\n<p data-start=\"1742\" data-end=\"1787\"><strong data-start=\"1742\" data-end=\"1753\">Seniorzy<\/strong> z problemami stawowymi zwi\u0105zanymi z wiekiem<\/p>\n<\/li>\n<li data-start=\"1788\" data-end=\"1839\">\n<p data-start=\"1790\" data-end=\"1839\"><strong data-start=\"1790\" data-end=\"1808\">Pracownicy biurowi<\/strong> zmagaj\u0105cy si\u0119 z powtarzalnym stresem<\/p>\n<\/li>\n<li data-start=\"1840\" data-end=\"1914\">\n<p data-start=\"1842\" data-end=\"1914\"><strong data-start=\"1842\" data-end=\"1852\">Wszyscy<\/strong>, kt\u00f3rzy szukaj\u0105 czystej, zio\u0142owej alternatywy dla syntetycznych krem\u00f3w na stawy<\/p>\n<\/li>\n<\/ul>\n<h3 data-start=\"1916\" data-end=\"1960\"> Dlaczego wybra\u0107 Naturalny Krem na Stawy Tnerh?<\/h3>\n<ul data-start=\"1962\" data-end=\"2181\">\n<li data-start=\"1962\" data-end=\"1998\">\n<p data-start=\"1964\" data-end=\"1998\"><strong data-start=\"1966\" data-end=\"1998\">100% naturalny i wolny od chemii<\/strong><\/p>\n<\/li>\n<li data-start=\"1999\" data-end=\"2025\">\n<p data-start=\"2001\" data-end=\"2025\"><strong data-start=\"2003\" data-end=\"2025\">Bezpieczny do codziennego u\u017cytku<\/strong><\/p>\n<\/li>\n<li data-start=\"2026\" data-end=\"2072\">\n<p data-start=\"2028\" data-end=\"2072\"><strong data-start=\"2030\" data-end=\"2047\">Wyprodukowany w Egipcie<\/strong> z wysokiej jako\u015bci lokalnych zi\u00f3\u0142<\/p>\n<\/li>\n<li data-start=\"2073\" data-end=\"2114\">\n<p data-start=\"2075\" data-end=\"2114\"><strong data-start=\"2077\" data-end=\"2114\">Polecany przez klient\u00f3w w ca\u0142ym Egipcie<\/strong><\/p>\n<\/li>\n<li data-start=\"2115\" data-end=\"2181\">\n<p data-start=\"2117\" data-end=\"2181\"><strong data-start=\"2119\" data-end=\"2136\">Du\u017cy s\u0142oik 1 kg<\/strong> \u2013 \u015awietna warto\u015b\u0107 dla rodzin i d\u0142ugoterminowego stosowania<\/p>\n<\/li>\n<\/ul>\n<h3 data-start=\"2496\" data-end=\"2513\"> Jak stosowa\u0107<\/h3>\n<p data-start=\"2515\" data-end=\"2701\">Na\u0142\u00f3\u017c obfit\u0105 ilo\u015b\u0107 <strong data-start=\"2542\" data-end=\"2565\">naturalnego kremu na stawy<\/strong> na czyst\u0105, such\u0105 sk\u00f3r\u0119 w dotkni\u0119tym obszarze. Masuj delikatnie, a\u017c ca\u0142kowicie si\u0119 wch\u0142onie. Stosuj <strong data-start=\"2650\" data-end=\"2665\">dwa razy dziennie<\/strong> \u2014 rano i wieczorem \u2014 dla najlepszych efekt\u00f3w.<\/p>\n<h2 data-start=\"2708\" data-end=\"2760\">\ud83d\uded2 Zainwestuj w naturaln\u0105 ulg\u0119. Poczuj r\u00f3\u017cnic\u0119.<\/h2>\n<p data-start=\"2762\" data-end=\"3028\">W <strong data-start=\"2765\" data-end=\"2783\">Bazaar Express<\/strong> z dum\u0105 oferujemy <strong data-start=\"2810\" data-end=\"2851\">sygnaturowy naturalny krem na stawy Tnerh<\/strong> \u2013 wysokiej jako\u015bci egipski produkt \u0142\u0105cz\u0105cy dawn\u0105 wiedz\u0119 botaniczn\u0105 z nowoczesnym dbaniem o zdrowie. Daj stawom opiek\u0119, na jak\u0105 zas\u0142uguj\u0105. W\u0142\u0105cz go do codziennej rutyny samo opieki.<\/p>\n<p data-start=\"3030\" data-end=\"3077\"><strong data-start=\"3030\" data-end=\"3077\">Wypr\u00f3buj dzisiaj \u2013 i zn\u00f3w poruszaj si\u0119 swobodnie.<\/strong><\/p>\n<p style=\"text-align: center;\">Dzi\u0119kujemy za zakupy w <em data-start=\"415\" data-end=\"431\"><a href=\"https:\/\/bazaar.express\/pl\/\">Bazaar Express<\/a><\/em> \u2013 cieszymy si\u0119, \u017ce jeste\u015b z nami!<\/p>\n<p style=\"text-align: center;\">Twoja droga do lepszej samo opieki zaczyna si\u0119 tutaj \u2014 z <a href=\"https:\/\/bazaar.express\/product-category\/beauty-care\/\">Urod\u0105 i Piel\u0119gnacj\u0105<\/a>, kt\u00f3rej mo\u017cesz zaufa\u0107.<\/p>\n","protected":false},"excerpt":{"rendered":"<h3 data-start=\"444\" data-end=\"700\">Naturalny krem na stawy Tnerh zapewnia szybk\u0105, koj\u0105c\u0105 ulg\u0119 dzi\u0119ki naturalnym egipskim sk\u0142adnikom. Idealny do redukcji dyskomfortu staw\u00f3w, poprawy ruchomo\u015bci i d\u0142ugoterminowej elastyczno\u015bci. Doskona\u0142y do codziennego u\u017cytku, bezpieczny dla wszystkich typ\u00f3w sk\u00f3ry. Du\u017cy s\u0142oik 1 kg.<\/h3>\n","protected":false},"featured_media":42803,"comment_status":"open","ping_status":"closed","template":"","meta":[],"product_brand":[],"product_cat":[1192,1193],"product_tag":[1569],"class_list":{"0":"post-42800","1":"product","2":"type-product","3":"status-publish","4":"has-post-thumbnail","6":"product_cat-pielegnacja-urody","7":"product_cat-lecznicze-oleje","8":"product_tag-krem-na-stawy","10":"first","11":"instock","12":"sale","13":"shipping-taxable","14":"purchasable","15":"product-type-simple"},"_links":{"self":[{"href":"https:\/\/bazaar.express\/pl\/wp-json\/wp\/v2\/product\/42800","targetHints":{"allow":["GET"]}}],"collection":[{"href":"https:\/\/bazaar.express\/pl\/wp-json\/wp\/v2\/product"}],"about":[{"href":"https:\/\/bazaar.express\/pl\/wp-json\/wp\/v2\/types\/product"}],"replies":[{"embeddable":true,"href":"https:\/\/bazaar.express\/pl\/wp-json\/wp\/v2\/comments?post=42800"}],"wp:featuredmedia":[{"embeddable":true,"href":"https:\/\/bazaar.express\/pl\/wp-json\/wp\/v2\/media\/42803"}],"wp:attachment":[{"href":"https:\/\/bazaar.express\/pl\/wp-json\/wp\/v2\/media?parent=42800"}],"wp:term":[{"taxonomy":"product_brand","embeddable":true,"href":"https:\/\/bazaar.express\/pl\/wp-json\/wp\/v2\/product_brand?post=42800"},{"taxonomy":"product_cat","embeddable":true,"href":"https:\/\/bazaar.express\/pl\/wp-json\/wp\/v2\/product_cat?post=42800"},{"taxonomy":"product_tag","embeddable":true,"href":"https:\/\/bazaar.express\/pl\/wp-json\/wp\/v2\/product_tag?post=42800"}],"curies":[{"name":"wp","href":"https:\/\/api.w.org\/{rel}","templated":true}]}}