{"id":42804,"date":"2024-11-29T14:57:20","date_gmt":"2024-11-29T14:57:20","guid":{"rendered":"https:\/\/bazaar.express\/product\/strawberry-shea\/"},"modified":"2026-02-06T21:57:30","modified_gmt":"2026-02-06T21:57:30","slug":"strawberry-shea","status":"publish","type":"product","link":"https:\/\/bazaar.express\/pl\/produkt\/strawberry-shea\/","title":{"rendered":"Krem z truskawkowego mas\u0142a shea"},"content":{"rendered":"<h2 data-start=\"218\" data-end=\"299\"><strong data-start=\"221\" data-end=\"299\">Krem z truskawkowego mas\u0142a shea Tnerh \u2013 G\u0142\u0119bokie nawil\u017cenie z naturalnym akcentem<\/strong><\/h2>\n<h3 data-start=\"301\" data-end=\"351\"><strong data-start=\"305\" data-end=\"351\">Intensywnie od\u017cywcza piel\u0119gnacja dla promiennej sk\u00f3ry<\/strong><\/h3>\n<p data-start=\"353\" data-end=\"712\">Uczy\u0144 swoj\u0105 sk\u00f3r\u0119 luksusow\u0105 piel\u0119gnacj\u0105, jakiej zas\u0142uguje, z <strong data-start=\"404\" data-end=\"436\">Kremem z truskawkowego mas\u0142a shea<\/strong> od <strong data-start=\"442\" data-end=\"451\">Tnerh<\/strong> \u2013 100% naturalnym egipskim produktem do piel\u0119gnacji sk\u00f3ry, znanym z wysokiej jako\u015bci formu\u0142y i s\u0142odkiego, d\u0142ugo utrzymuj\u0105cego si\u0119 zapachu. Przeznaczony do wszystkich typ\u00f3w sk\u00f3ry, ten krem z mas\u0142a shea zapewnia g\u0142\u0119bokie nawil\u017cenie i widoczn\u0105 regeneracj\u0119 \u2013 idealny dla suchej, wra\u017cliwej lub sk\u00f3ry nara\u017conej na s\u0142o\u0144ce.<\/p>\n<h3 data-start=\"719\" data-end=\"761\"><strong data-start=\"723\" data-end=\"761\">Co czyni mas\u0142o shea tak wyj\u0105tkowym?<\/strong><\/h3>\n<p data-start=\"763\" data-end=\"934\"><strong data-start=\"763\" data-end=\"778\">Mas\u0142o shea<\/strong> to jeden z najskuteczniejszych naturalnych sk\u0142adnik\u00f3w do piel\u0119gnacji sk\u00f3ry, bogaty w witaminy A i E, kwasy t\u0142uszczowe oraz naturalne antyoksydanty. Cenione za swoj\u0105 zdolno\u015b\u0107 do:<\/p>\n<ul data-start=\"936\" data-end=\"1415\">\n<li data-start=\"936\" data-end=\"1004\">\n<p data-start=\"938\" data-end=\"1004\"><strong data-start=\"941\" data-end=\"960\">G\u0142\u0119bokiego nawil\u017cania:<\/strong> zamyka wilgo\u0107, zapewniaj\u0105c g\u0142adk\u0105 i elastyczn\u0105 sk\u00f3r\u0119<\/p>\n<\/li>\n<li data-start=\"1005\" data-end=\"1083\">\n<p data-start=\"1007\" data-end=\"1083\"><strong data-start=\"1010\" data-end=\"1028\">Leczenia i kojenia:<\/strong> naturalnie leczy egzem\u0119, \u0142uszczyc\u0119 i stany zapalne<\/p>\n<\/li>\n<li data-start=\"1084\" data-end=\"1173\">\n<p data-start=\"1086\" data-end=\"1173\"><strong data-start=\"1088\" data-end=\"1114\">Redukcji oznak starzenia:<\/strong> zmniejsza rozst\u0119py, drobne zmarszczki i szorstko\u015b\u0107 sk\u00f3ry<\/p>\n<\/li>\n<li data-start=\"1174\" data-end=\"1258\">\n<p data-start=\"1176\" data-end=\"1258\"><strong data-start=\"1179\" data-end=\"1196\">\u0141agodzenia oparze\u0144 s\u0142onecznych:<\/strong> zapewnia szybk\u0105 ulg\u0119 i wspiera regeneracj\u0119 po ekspozycji na UV<\/p>\n<\/li>\n<li data-start=\"1259\" data-end=\"1339\">\n<p data-start=\"1261\" data-end=\"1339\"><strong data-start=\"1264\" data-end=\"1286\">Poprawy kolorytu sk\u00f3ry:<\/strong> rozja\u015bnia matowe miejsca i wyr\u00f3wnuje koloryt sk\u00f3ry<\/p>\n<\/li>\n<li data-start=\"1340\" data-end=\"1415\">\n<p data-start=\"1342\" data-end=\"1415\"><strong data-start=\"1345\" data-end=\"1367\">Naturalny zapach:<\/strong> lekki truskawkowy aromat od\u015bwie\u017ca zmys\u0142y<\/p>\n<\/li>\n<\/ul>\n<h3 data-start=\"1422\" data-end=\"1461\"><strong data-start=\"1426\" data-end=\"1461\">G\u0142\u00f3wne sk\u0142adniki naszej formu\u0142y<\/strong><\/h3>\n<ul data-start=\"1463\" data-end=\"1725\">\n<li data-start=\"1463\" data-end=\"1552\">\n<p data-start=\"1465\" data-end=\"1552\"><strong data-start=\"1465\" data-end=\"1493\">100% naturalne mas\u0142o shea<\/strong> \u2013 czyste, surowe i etycznie pozyskane dla maksymalnego nawil\u017cenia<\/p>\n<\/li>\n<li data-start=\"1553\" data-end=\"1639\">\n<p data-start=\"1555\" data-end=\"1639\"><strong data-start=\"1555\" data-end=\"1573\">Olej truskawkowy<\/strong> \u2013 bogaty w antyoksydanty, wspiera m\u0142od\u0105 tekstur\u0119 i blask sk\u00f3ry<\/p>\n<\/li>\n<li data-start=\"1640\" data-end=\"1725\">\n<p data-start=\"1642\" data-end=\"1725\"><strong data-start=\"1642\" data-end=\"1659\">Witaminy E i A<\/strong> \u2013 niezb\u0119dne dla elastyczno\u015bci, regeneracji sk\u00f3ry i d\u0142ugoterminowej ochrony<\/p>\n<\/li>\n<\/ul>\n<h3 data-start=\"1732\" data-end=\"1777\"><strong data-start=\"1736\" data-end=\"1777\">Dlaczego wybra\u0107 krem z mas\u0142a shea Tnerh?<\/strong><\/h3>\n<ul data-start=\"1779\" data-end=\"2102\">\n<li data-start=\"1779\" data-end=\"1839\">\n<p data-start=\"1781\" data-end=\"1839\"><strong data-start=\"1786\" data-end=\"1803\">Wyprodukowane w Egipcie<\/strong> z lokalnie pozyskanych sk\u0142adnik\u00f3w<\/p>\n<\/li>\n<li data-start=\"1840\" data-end=\"1901\">\n<p data-start=\"1842\" data-end=\"1901\"><strong data-start=\"1844\" data-end=\"1899\">Zatwierdzone przez Egipsk\u0105 Agencj\u0119 ds. Lek\u00f3w i Kosmetyk\u00f3w<\/strong><\/p>\n<\/li>\n<li data-start=\"1902\" data-end=\"1971\">\n<p data-start=\"1904\" data-end=\"1971\"><strong data-start=\"1907\" data-end=\"1923\">100% naturalne<\/strong> bez sztucznych dodatk\u00f3w ani konserwant\u00f3w<\/p>\n<\/li>\n<li data-start=\"1972\" data-end=\"2040\">\n<p data-start=\"1974\" data-end=\"2040\"><strong data-start=\"1977\" data-end=\"1994\">Lekka konsystencja<\/strong> szybko si\u0119 wch\u0142ania bez zapychania por\u00f3w<\/p>\n<\/li>\n<li data-start=\"2041\" data-end=\"2102\">\n<p data-start=\"2043\" data-end=\"2102\"><strong data-start=\"2046\" data-end=\"2073\">Bezpieczne dla wszystkich typ\u00f3w sk\u00f3ry<\/strong> \u2013 nadaje si\u0119 nawet dla dzieci<\/p>\n<\/li>\n<\/ul>\n<h3 data-start=\"2109\" data-end=\"2132\"><strong data-start=\"2113\" data-end=\"2132\">Szczeg\u00f3\u0142y produktu<\/strong><\/h3>\n<ul data-start=\"2134\" data-end=\"2352\">\n<li data-start=\"2134\" data-end=\"2158\">\n<p data-start=\"2136\" data-end=\"2158\"><strong data-start=\"2136\" data-end=\"2147\">Waga:<\/strong> 80 g<\/p>\n<\/li>\n<li data-start=\"2159\" data-end=\"2250\">\n<p data-start=\"2161\" data-end=\"2250\"><strong data-start=\"2161\" data-end=\"2171\">Zapach:<\/strong> naturalnie aromatyczny ciep\u0142ym zapachem mas\u0142a shea i s\u0142odkich truskawek<\/p>\n<\/li>\n<li data-start=\"2251\" data-end=\"2352\">\n<p data-start=\"2253\" data-end=\"2352\"><strong data-start=\"2253\" data-end=\"2263\">Stosowanie:<\/strong> idealne do codziennego nawil\u017cania \u2013 na\u0142\u00f3\u017c na czyst\u0105, such\u0105 sk\u00f3r\u0119 i masuj do pe\u0142nego wch\u0142oni\u0119cia<\/p>\n<\/li>\n<\/ul>\n<h2 data-start=\"2669\" data-end=\"2731\"><strong data-start=\"2672\" data-end=\"2731\">Podsumowanie: Dodaj naturalny akcent do swojej rutyny piel\u0119gnacyjnej<\/strong><\/h2>\n<p data-start=\"2733\" data-end=\"3096\"><strong data-start=\"2733\" data-end=\"2765\">Krem z truskawkowego mas\u0142a shea<\/strong> od <strong data-start=\"2769\" data-end=\"2778\">Tnerh<\/strong> to wi\u0119cej ni\u017c zwyk\u0142y nawil\u017cacz \u2013 to kompleksowe do\u015bwiadczenie piel\u0119gnacyjne. Od kojenia oparze\u0144 s\u0142onecznych po redukcj\u0119 zmarszczek, pot\u0119\u017cna formu\u0142a daje widoczne rezultaty przy ka\u017cdym u\u017cyciu. Piel\u0119gnuj sk\u00f3r\u0119 bogactwem <strong data-start=\"2993\" data-end=\"3008\">mas\u0142a shea<\/strong>, si\u0142\u0105 antyoksydant\u00f3w truskawek i pasj\u0105 naturalnego egipskiego rzemios\u0142a.<\/p>\n<p data-start=\"3098\" data-end=\"3207\"> Dodaj go do koszyka <strong data-start=\"3116\" data-end=\"3134\">Bazaar Express<\/strong> ju\u017c dzi\u015b i odkryj g\u0142adsz\u0105, ja\u015bniejsz\u0105 i g\u0142\u0119boko od\u017cywion\u0105 sk\u00f3r\u0119!<\/p>\n<p style=\"text-align: center;\">Dzi\u0119kujemy za zakupy w <em data-start=\"415\" data-end=\"431\"><a href=\"https:\/\/bazaar.express\/pl\/\">Bazaar Express<\/a><\/em> \u2013 cieszymy si\u0119, \u017ce jeste\u015b z nami!<\/p>\n<p style=\"text-align: center;\">Twoja droga do lepszej piel\u0119gnacji zaczyna si\u0119 tutaj \u2014 z <a href=\"https:\/\/bazaar.express\/product-category\/beauty-care\/\">Urod\u0105 i piel\u0119gnacj\u0105<\/a>, kt\u00f3rym mo\u017cesz zaufa\u0107.<\/p>\n","protected":false},"excerpt":{"rendered":"<h3 data-start=\"489\" data-end=\"744\">Krem z truskawkowego mas\u0142a shea Tnerh zapewnia g\u0142\u0119bokie nawil\u017cenie, koi podra\u017cnienia i wzmacnia blask sk\u00f3ry dzi\u0119ki mocy naturalnego mas\u0142a shea i oleju truskawkowego. Bogaty w witaminy A i E, idealny do zmi\u0119kczania, gojenia i rewitalizacji wszystkich typ\u00f3w sk\u00f3ry.<\/h3>\n","protected":false},"featured_media":42807,"comment_status":"open","ping_status":"closed","template":"","meta":[],"product_brand":[],"product_cat":[1192,1193],"product_tag":[1570],"class_list":{"0":"post-42804","1":"product","2":"type-product","3":"status-publish","4":"has-post-thumbnail","6":"product_cat-pielegnacja-urody","7":"product_cat-lecznicze-oleje","8":"product_tag-maslo-shea","10":"first","11":"instock","12":"sale","13":"shipping-taxable","14":"purchasable","15":"product-type-simple"},"_links":{"self":[{"href":"https:\/\/bazaar.express\/pl\/wp-json\/wp\/v2\/product\/42804","targetHints":{"allow":["GET"]}}],"collection":[{"href":"https:\/\/bazaar.express\/pl\/wp-json\/wp\/v2\/product"}],"about":[{"href":"https:\/\/bazaar.express\/pl\/wp-json\/wp\/v2\/types\/product"}],"replies":[{"embeddable":true,"href":"https:\/\/bazaar.express\/pl\/wp-json\/wp\/v2\/comments?post=42804"}],"wp:featuredmedia":[{"embeddable":true,"href":"https:\/\/bazaar.express\/pl\/wp-json\/wp\/v2\/media\/42807"}],"wp:attachment":[{"href":"https:\/\/bazaar.express\/pl\/wp-json\/wp\/v2\/media?parent=42804"}],"wp:term":[{"taxonomy":"product_brand","embeddable":true,"href":"https:\/\/bazaar.express\/pl\/wp-json\/wp\/v2\/product_brand?post=42804"},{"taxonomy":"product_cat","embeddable":true,"href":"https:\/\/bazaar.express\/pl\/wp-json\/wp\/v2\/product_cat?post=42804"},{"taxonomy":"product_tag","embeddable":true,"href":"https:\/\/bazaar.express\/pl\/wp-json\/wp\/v2\/product_tag?post=42804"}],"curies":[{"name":"wp","href":"https:\/\/api.w.org\/{rel}","templated":true}]}}