{"id":42811,"date":"2024-11-28T18:04:01","date_gmt":"2024-11-28T18:04:01","guid":{"rendered":"https:\/\/bazaar.express\/product\/collagen-2\/"},"modified":"2026-02-06T21:57:32","modified_gmt":"2026-02-06T21:57:32","slug":"collagen-2","status":"publish","type":"product","link":"https:\/\/bazaar.express\/pl\/produkt\/collagen-2\/","title":{"rendered":"Kolagen z orzech\u00f3w"},"content":{"rendered":"<h2 data-start=\"205\" data-end=\"270\">Odkryj promienn\u0105 sk\u00f3r\u0119 naturalnie: Moc kolagenu z orzech\u00f3w<\/h2>\n<p data-start=\"272\" data-end=\"686\">Zdrowa, promienna sk\u00f3ra zaczyna si\u0119 od wewn\u0105trz \u2013 kolagen odgrywa kluczow\u0105 rol\u0119. Jako jedno z najobficiej wyst\u0119puj\u0105cych bia\u0142ek w organizmie, kolagen wspiera elastyczno\u015b\u0107, j\u0119drno\u015b\u0107 i g\u0142adko\u015b\u0107 sk\u00f3ry. Czy wiesz, \u017ce bogate w sk\u0142adniki od\u017cywcze orzechy mog\u0105 naturalnie zwi\u0119kszy\u0107 produkcj\u0119 kolagenu w twoim ciele? Od migda\u0142\u00f3w, przez orzechy w\u0142oskie po nerkowce, orzechy s\u0105 pe\u0142ne witamin, minera\u0142\u00f3w i zdrowych t\u0142uszczy, kt\u00f3re od\u017cywiaj\u0105 sk\u00f3r\u0119 od wewn\u0105trz.<\/p>\n<p data-start=\"688\" data-end=\"827\">Poznajmy, jak orzechy mog\u0105 odmieni\u0107 twoj\u0105 sk\u00f3r\u0119 i dlaczego w\u0142\u0105czenie ich do codziennej rutyny mo\u017ce by\u0107 najlepsz\u0105 decyzj\u0105 w naturalnej piel\u0119gnacji sk\u00f3ry.<\/p>\n<h3 data-start=\"834\" data-end=\"879\">Czym jest kolagen i dlaczego jest tak wa\u017cny?<\/h3>\n<p data-start=\"881\" data-end=\"1153\">Kolagen to bia\u0142ko strukturalne, kt\u00f3re spaja sk\u00f3r\u0119, stawy i ko\u015bci. To ono nadaje m\u0142odej sk\u00f3rze j\u0119drno\u015b\u0107 i spr\u0119\u017cysto\u015b\u0107. Jednak naturalna produkcja kolagenu maleje z wiekiem \u2013 zw\u0142aszcza po 25. roku \u017cycia \u2013 prowadz\u0105c do zmarszczek, drobnych linii i obwis\u0142o\u015bci.<\/p>\n<p data-start=\"1155\" data-end=\"1350\">Stresory \u015brodowiskowe, takie jak promieniowanie UV, palenie i z\u0142a dieta, przyspieszaj\u0105 rozk\u0142ad kolagenu. Dlatego \u017cywno\u015b\u0107 wspomagaj\u0105ca kolagen, jak orzechy, jest niezb\u0119dna do utrzymania \u017cywotnej, m\u0142odej sk\u00f3ry.<\/p>\n<h3 data-start=\"1357\" data-end=\"1400\">Jak orzechy pomagaj\u0105 zwi\u0119ksza\u0107 produkcj\u0119 kolagenu<\/h3>\n<p data-start=\"1402\" data-end=\"1468\">Orzechy to wi\u0119cej ni\u017c smaczne przek\u0105ski \u2013 to sprzymierze\u0144cy kolagenu.<\/p>\n<ul data-start=\"1470\" data-end=\"1730\">\n<li data-start=\"1470\" data-end=\"1552\">\n<p data-start=\"1472\" data-end=\"1552\"><strong data-start=\"1472\" data-end=\"1483\">Migda\u0142y<\/strong> s\u0105 bogate w witamin\u0119 E i mied\u017a, obie kluczowe dla tworzenia kolagenu.<\/p>\n<\/li>\n<li data-start=\"1553\" data-end=\"1650\">\n<p data-start=\"1555\" data-end=\"1650\"><strong data-start=\"1555\" data-end=\"1566\">Orzechy w\u0142oskie<\/strong> dostarczaj\u0105 pot\u0119\u017cnego \u017ar\u00f3d\u0142a kwas\u00f3w omega-3 i antyoksydant\u00f3w spowalniaj\u0105cych starzenie sk\u00f3ry.<\/p>\n<\/li>\n<li data-start=\"1651\" data-end=\"1730\">\n<p data-start=\"1653\" data-end=\"1730\"><strong data-start=\"1653\" data-end=\"1664\">Nerkowce<\/strong> dostarczaj\u0105 cynku i magnezu, g\u0142\u00f3wnych kofaktor\u00f3w syntezy kolagenu.<\/p>\n<\/li>\n<\/ul>\n<p data-start=\"1732\" data-end=\"1853\">Razem te sk\u0142adniki od\u017cywcze wspieraj\u0105 zdrow\u0105 regeneracj\u0119 sk\u00f3ry, redukuj\u0105 stres oksydacyjny i utrzymuj\u0105 sk\u00f3r\u0119 promienn\u0105.<\/p>\n<h3 data-start=\"1860\" data-end=\"1905\">Sk\u0142adniki od\u017cywcze z orzech\u00f3w wspomagaj\u0105ce kolagen<\/h3>\n<p data-start=\"1907\" data-end=\"1959\">Oto sk\u0142adniki kochane przez sk\u00f3r\u0119 w orzechach:<\/p>\n<ul data-start=\"1961\" data-end=\"2325\">\n<li data-start=\"1961\" data-end=\"2042\">\n<p data-start=\"1963\" data-end=\"2042\"><strong data-start=\"1963\" data-end=\"1976\">Witamina E<\/strong>: Pot\u0119\u017cny antyoksydant chroni\u0105cy sk\u00f3r\u0119 przed uszkodzeniami oksydacyjnymi.<\/p>\n<\/li>\n<li data-start=\"2043\" data-end=\"2125\">\n<p data-start=\"2045\" data-end=\"2125\"><strong data-start=\"2045\" data-end=\"2055\">Mied\u017a<\/strong>: Niezb\u0119dna do sieciowania kolagenu, nadaj\u0105ca sk\u00f3rze wytrzyma\u0142o\u015b\u0107.<\/p>\n<\/li>\n<li data-start=\"2126\" data-end=\"2188\">\n<p data-start=\"2128\" data-end=\"2188\"><strong data-start=\"2128\" data-end=\"2136\">Cynk<\/strong>: Wspomaga napraw\u0119 tkanek i kontrol\u0119 zapalenia.<\/p>\n<\/li>\n<li data-start=\"2189\" data-end=\"2260\">\n<p data-start=\"2191\" data-end=\"2260\"><strong data-start=\"2191\" data-end=\"2214\">Kwasy t\u0142uszczowe omega-3<\/strong>: Poprawiaj\u0105 barier\u0119 sk\u00f3rn\u0105 i nawil\u017cenie.<\/p>\n<\/li>\n<li data-start=\"2261\" data-end=\"2325\">\n<p data-start=\"2263\" data-end=\"2325\"><strong data-start=\"2263\" data-end=\"2275\">Selen<\/strong>: Walczy z uszkodzeniami oksydacyjnymi i wspiera elastyczno\u015b\u0107.<\/p>\n<\/li>\n<\/ul>\n<p data-start=\"2327\" data-end=\"2414\">Ten unikalny profil od\u017cywczy czyni orzechy kompletnym naturalnym zestawem do piel\u0119gnacji sk\u00f3ry.<\/p>\n<h3 data-start=\"2421\" data-end=\"2477\">\u0141atwe sposoby dodania orzech\u00f3w wspomagaj\u0105cych kolagen do diety<\/h3>\n<p data-start=\"2479\" data-end=\"2565\">Nie musisz wprowadza\u0107 du\u017cych zmian w stylu \u017cycia, aby cieszy\u0107 si\u0119 korzy\u015bciami kolagenowymi orzech\u00f3w:<\/p>\n<ul data-start=\"2567\" data-end=\"2797\">\n<li data-start=\"2567\" data-end=\"2612\">\n<p data-start=\"2569\" data-end=\"2612\">Przek\u0105sjaj codziennie gar\u015b\u0107 surowych mieszanych orzech\u00f3w.<\/p>\n<\/li>\n<li data-start=\"2613\" data-end=\"2680\">\n<p data-start=\"2615\" data-end=\"2680\">Dodawaj posiekane migda\u0142y lub orzechy w\u0142oskie do porannej owsianki lub jogurtu.<\/p>\n<\/li>\n<li data-start=\"2681\" data-end=\"2744\">\n<p data-start=\"2683\" data-end=\"2744\">Blenduj nerkowce w smoothie dla kremowego przysmaku korzystnego dla sk\u00f3ry.<\/p>\n<\/li>\n<li data-start=\"2745\" data-end=\"2797\">\n<p data-start=\"2747\" data-end=\"2797\">Posypuj sa\u0142atki nasionami dyni lub p\u0142atkami migda\u0142owymi.<\/p>\n<\/li>\n<\/ul>\n<p data-start=\"2799\" data-end=\"2913\">Regularno\u015b\u0107 jest kluczem \u2013 w\u0142\u0105cz orzechy do diety, aby wspiera\u0107 d\u0142ugoterminow\u0105 produkcj\u0119 kolagenu i zdrowie sk\u00f3ry.<\/p>\n<h3 data-start=\"2920\" data-end=\"2969\">Uzupe\u0142niaj\u0105ce produkty super\u0142adowane kolagenem<\/h3>\n<p data-start=\"2971\" data-end=\"3044\">Aby zmaksymalizowa\u0107 syntez\u0119 kolagenu, \u0142\u0105cz orzechy z tymi bogatymi w sk\u0142adniki od\u017cywcze produktami:<\/p>\n<ul data-start=\"3046\" data-end=\"3333\">\n<li data-start=\"3046\" data-end=\"3118\">\n<p data-start=\"3048\" data-end=\"3118\"><strong data-start=\"3048\" data-end=\"3065\">Owoce cytrusowe<\/strong>: Bogate w witamin\u0119 C, niezb\u0119dn\u0105 do budowy kolagenu.<\/p>\n<\/li>\n<li data-start=\"3119\" data-end=\"3190\">\n<p data-start=\"3121\" data-end=\"3190\"><strong data-start=\"3121\" data-end=\"3137\">Li\u015bciaste zielone warzywa<\/strong>: Szpinak i jarmu\u017c dodaj\u0105 ro\u015blinnych wspomagaczy kolagenu.<\/p>\n<\/li>\n<li data-start=\"3191\" data-end=\"3264\">\n<p data-start=\"3193\" data-end=\"3264\"><strong data-start=\"3193\" data-end=\"3207\">Ros\u00f3\u0142 z ko\u015bci<\/strong>: Zawiera naturalne peptydy kolagenowe dla elastyczno\u015bci sk\u00f3ry.<\/p>\n<\/li>\n<li data-start=\"3265\" data-end=\"3333\">\n<p data-start=\"3267\" data-end=\"3333\"><strong data-start=\"3267\" data-end=\"3278\">Jagody<\/strong>: Bogate w antyoksydanty chroni\u0105ce istniej\u0105cy kolagen.<\/p>\n<\/li>\n<\/ul>\n<p data-start=\"3335\" data-end=\"3429\">Po\u0142\u0105czenie ich z orzechami wzmacnia rezultaty dla holistycznego podej\u015bcia do odm\u0142adzania sk\u00f3ry.<\/p>\n<h3 data-start=\"3436\" data-end=\"3493\">Rzeczywiste korzy\u015bci: Co kolagen z orzech\u00f3w mo\u017ce zrobi\u0107 dla Ciebie<\/h3>\n<p data-start=\"3495\" data-end=\"3566\">W\u0142\u0105czone do zr\u00f3wnowa\u017conego stylu \u017cycia, sk\u0142adniki od\u017cywcze z orzech\u00f3w mog\u0105:<\/p>\n<ul data-start=\"3568\" data-end=\"3773\">\n<li data-start=\"3568\" data-end=\"3606\">\n<p data-start=\"3570\" data-end=\"3606\">Poprawi\u0107 elastyczno\u015b\u0107 i j\u0119drno\u015b\u0107 sk\u00f3ry<\/p>\n<\/li>\n<li data-start=\"3607\" data-end=\"3657\">\n<p data-start=\"3609\" data-end=\"3657\">Zmniejszy\u0107 widoczno\u015b\u0107 drobnych linii i zmarszczek<\/p>\n<\/li>\n<li data-start=\"3658\" data-end=\"3689\">\n<p data-start=\"3660\" data-end=\"3689\">Zwi\u0119kszy\u0107 nawil\u017cenie i blask sk\u00f3ry<\/p>\n<\/li>\n<li data-start=\"3690\" data-end=\"3724\">\n<p data-start=\"3692\" data-end=\"3724\">Wspiera\u0107 szybsz\u0105 regeneracj\u0119 sk\u00f3ry<\/p>\n<\/li>\n<li data-start=\"3725\" data-end=\"3773\">\n<p data-start=\"3727\" data-end=\"3773\">Chroni\u0107 przed przedwczesnym starzeniem i uszkodzeniami s\u0142onecznymi<\/p>\n<\/li>\n<\/ul>\n<p data-start=\"3775\" data-end=\"3905\">Te korzy\u015bci czyni\u0105 orzechy naturalnym rozwi\u0105zaniem dla m\u0142odej, promiennej sk\u00f3ry \u2013 bez syntetycznych suplement\u00f3w czy agresywnych krem\u00f3w.<\/p>\n<h2 data-start=\"4254\" data-end=\"4301\">Ostatnie my\u015bli: Pozw\u00f3l naturze przywr\u00f3ci\u0107 blask<\/h2>\n<p data-start=\"4303\" data-end=\"4551\">Wykorzystanie mocy kolagenu poprzez ca\u0142e produkty spo\u017cywcze jak orzechy to inteligentny i zr\u00f3wnowa\u017cony spos\u00f3b na utrzymanie pi\u0119kna sk\u00f3ry. Bogate w sk\u0142adniki wspieraj\u0105ce sk\u00f3r\u0119, orzechy s\u0105 \u0142atwym dodatkiem do codziennej rutyny i dostarczaj\u0105 widocznych, trwa\u0142ych rezultat\u00f3w.<\/p>\n<p data-start=\"4553\" data-end=\"4804\">W <strong data-start=\"4556\" data-end=\"4574\">Bazaar Express<\/strong> wierzymy w lecznicz\u0105 moc natury. Bez wzgl\u0119du na to, czy eksplorujesz nasz\u0105 gam\u0119 <strong data-start=\"4648\" data-end=\"4677\">naturalnej piel\u0119gnacji kolagenowej<\/strong>, czy dodajesz wysokiej jako\u015bci orzechy do planu wellness, wybierasz produkty, kt\u00f3re naprawd\u0119 od\u017cywiaj\u0105 cia\u0142o od wewn\u0105trz.<\/p>\n<p style=\"text-align: center;\">Dzi\u0119kujemy za zakupy w <em data-start=\"415\" data-end=\"431\"><a href=\"https:\/\/bazaar.express\/pl\/\">Bazaar Express<\/a><\/em> \u2013 cieszymy si\u0119, \u017ce jeste\u015b z nami!<\/p>\n<p style=\"text-align: center;\">Twoja podr\u00f3\u017c ku lepszej opiece nad sob\u0105 zaczyna si\u0119 tutaj \u2014 z <a href=\"https:\/\/bazaar.express\/product-category\/beauty-care\/\">Beauty &#038; Care<\/a>, kt\u00f3rym mo\u017cesz zaufa\u0107.<\/p>\n","protected":false},"excerpt":{"rendered":"<h3 data-start=\"413\" data-end=\"660\">Popraw blask sk\u00f3ry naturalnie dzi\u0119ki bogatym w kolagen sk\u0142adnikom z orzech\u00f3w. Ten kompleksowy przewodnik pokazuje, jak migda\u0142y, orzechy w\u0142oskie i nerkowce pomagaj\u0105 przywr\u00f3ci\u0107 elastyczno\u015b\u0107, zmniejszy\u0107 zmarszczki i wspiera\u0107 d\u0142ugotrwa\u0142e zdrowie sk\u00f3ry \u2014 naturalnie i smacznie.<\/h3>\n","protected":false},"featured_media":42814,"comment_status":"open","ping_status":"closed","template":"","meta":[],"product_brand":[],"product_cat":[1192],"product_tag":[1572],"class_list":{"0":"post-42811","1":"product","2":"type-product","3":"status-publish","4":"has-post-thumbnail","6":"product_cat-pielegnacja-urody","7":"product_tag-kolagen-z-orzechow","9":"first","10":"instock","11":"sale","12":"shipping-taxable","13":"purchasable","14":"product-type-simple"},"_links":{"self":[{"href":"https:\/\/bazaar.express\/pl\/wp-json\/wp\/v2\/product\/42811","targetHints":{"allow":["GET"]}}],"collection":[{"href":"https:\/\/bazaar.express\/pl\/wp-json\/wp\/v2\/product"}],"about":[{"href":"https:\/\/bazaar.express\/pl\/wp-json\/wp\/v2\/types\/product"}],"replies":[{"embeddable":true,"href":"https:\/\/bazaar.express\/pl\/wp-json\/wp\/v2\/comments?post=42811"}],"wp:featuredmedia":[{"embeddable":true,"href":"https:\/\/bazaar.express\/pl\/wp-json\/wp\/v2\/media\/42814"}],"wp:attachment":[{"href":"https:\/\/bazaar.express\/pl\/wp-json\/wp\/v2\/media?parent=42811"}],"wp:term":[{"taxonomy":"product_brand","embeddable":true,"href":"https:\/\/bazaar.express\/pl\/wp-json\/wp\/v2\/product_brand?post=42811"},{"taxonomy":"product_cat","embeddable":true,"href":"https:\/\/bazaar.express\/pl\/wp-json\/wp\/v2\/product_cat?post=42811"},{"taxonomy":"product_tag","embeddable":true,"href":"https:\/\/bazaar.express\/pl\/wp-json\/wp\/v2\/product_tag?post=42811"}],"curies":[{"name":"wp","href":"https:\/\/api.w.org\/{rel}","templated":true}]}}