{"id":42840,"date":"2025-02-16T16:04:58","date_gmt":"2025-02-16T16:04:58","guid":{"rendered":"https:\/\/bazaar.express\/product\/natural-pain-relief\/"},"modified":"2026-02-06T21:57:33","modified_gmt":"2026-02-06T21:57:33","slug":"natural-pain-relief","status":"publish","type":"product","link":"https:\/\/bazaar.express\/pl\/produkt\/natural-pain-relief\/","title":{"rendered":"Naturalna ulga w b\u00f3lu"},"content":{"rendered":"<h2 data-start=\"275\" data-end=\"324\">Naturalna ulga w b\u00f3lu z kremem Horus Colocynth<\/h2>\n<p data-start=\"326\" data-end=\"766\">Szukasz szybkodzia\u0142aj\u0105cego, ca\u0142kowicie naturalnego rozwi\u0105zania na b\u00f3l mi\u0119\u015bni i staw\u00f3w? <strong data-start=\"408\" data-end=\"433\">Krem Horus Colocynth<\/strong> to mocny preparat zio\u0142owy, kt\u00f3ry \u0142agodzi dyskomfort, zmniejsza zapalenia i przywraca ruchomo\u015b\u0107 \u2013 bez szkodliwych chemikali\u00f3w. Ta unikalna formu\u0142a \u0142\u0105czy kolcytn\u0119 (gorzki arbuz) z mieszank\u0105 olejk\u00f3w eterycznych, takich jak eukaliptus, mi\u0119ta pieprzowa i go\u017adziki, tworz\u0105c jeden z najskuteczniejszych <strong data-start=\"721\" data-end=\"751\">naturalnych krem\u00f3w przeciwb\u00f3lowych<\/strong> dost\u0119pnych na rynku.<\/p>\n<h3 data-start=\"768\" data-end=\"818\">Co sprawia, \u017ce krem Horus Colocynth jest tak skuteczny?<\/h3>\n<p data-start=\"820\" data-end=\"980\">Nasz krem wykracza poza tradycyjn\u0105 ulg\u0119 w b\u00f3lu, \u0142\u0105cz\u0105c staro\u017cytn\u0105 wiedz\u0119 zio\u0142ow\u0105 z nowoczesn\u0105 aplikacj\u0105. Ka\u017cdy sk\u0142adnik zosta\u0142 wybrany ze wzgl\u0119du na udowodnione w\u0142a\u015bciwo\u015bci:<\/p>\n<ul data-start=\"982\" data-end=\"1087\">\n<li data-start=\"982\" data-end=\"1008\">\n<p data-start=\"984\" data-end=\"1008\">Redukuje b\u00f3l mi\u0119\u015bni<\/p>\n<\/li>\n<li data-start=\"1009\" data-end=\"1032\">\n<p data-start=\"1011\" data-end=\"1032\">Poprawia kr\u0105\u017cenie<\/p>\n<\/li>\n<li data-start=\"1033\" data-end=\"1055\">\n<p data-start=\"1035\" data-end=\"1055\">Rozlu\u017ania sztywne stawy<\/p>\n<\/li>\n<li data-start=\"1056\" data-end=\"1087\">\n<p data-start=\"1058\" data-end=\"1087\">\u0141agodzi napi\u0119cie g\u0142\u0119bokich tkanek<\/p>\n<\/li>\n<\/ul>\n<p data-start=\"1089\" data-end=\"1267\">Niezale\u017cnie, czy jeste\u015b sportowcem po treningu, masz przewlek\u0142y b\u00f3l plec\u00f3w czy po prostu jeste\u015b obola\u0142y po d\u0142ugim dniu, krem Horus Colocynth zapewnia g\u0142\u0119bok\u0105, naturaln\u0105 ulg\u0119.<\/p>\n<h3 data-start=\"1269\" data-end=\"1310\">G\u0142\u00f3wne zalety kremu Horus Colocynth<\/h3>\n<h4 data-start=\"1312\" data-end=\"1359\">\u2714 Silne sk\u0142adniki przeciwzapalne<\/h4>\n<p data-start=\"1360\" data-end=\"1653\">Ten naturalny krem na b\u00f3l mi\u0119\u015bni zawiera <strong data-start=\"1400\" data-end=\"1421\">ekstrakt z kolcytny<\/strong>, tradycyjny \u015brodek zio\u0142owy znany z w\u0142a\u015bciwo\u015bci przeciwzapalnych i przeciwb\u00f3lowych. Dzia\u0142a synergicznie z <strong data-start=\"1537\" data-end=\"1579\">ga\u0142k\u0105 muszkato\u0142ow\u0105, go\u017adzikami, koprem w\u0142oskim, kmieniem, cynamonem<\/strong> oraz <strong data-start=\"1585\" data-end=\"1603\">olejkiem mi\u0119towym<\/strong>, tworz\u0105c rozgrzewaj\u0105cy, koj\u0105cy efekt na ciele.<\/p>\n<h4 data-start=\"1655\" data-end=\"1703\">\u2714 Szybkie wch\u0142anianie bez t\u0142ustej warstwy<\/h4>\n<p data-start=\"1704\" data-end=\"1928\">W przeciwie\u0144stwie do wielu syntetycznych krem\u00f3w na mi\u0119\u015bnie, kt\u00f3re pozostawiaj\u0105 lepki film, krem Horus szybko si\u0119 wch\u0142ania i nie jest t\u0142usty. Jego lekka konsystencja umo\u017cliwia g\u0142\u0119bokie wnikanie w sk\u00f3r\u0119, zapewniaj\u0105c szybk\u0105 ulg\u0119 w b\u00f3lu i zapaleniach.<\/p>\n<h4 data-start=\"1930\" data-end=\"1977\">\u2714 Skuteczny na wiele dolegliwo\u015bci b\u00f3lowych<\/h4>\n<p data-start=\"1978\" data-end=\"1997\">Stosuj ten krem na:<\/p>\n<ul data-start=\"1999\" data-end=\"2133\">\n<li data-start=\"1999\" data-end=\"2018\">\n<p data-start=\"2001\" data-end=\"2018\">B\u00f3l mi\u0119\u015bni<\/p>\n<\/li>\n<li data-start=\"2019\" data-end=\"2033\">\n<p data-start=\"2021\" data-end=\"2033\">B\u00f3l staw\u00f3w<\/p>\n<\/li>\n<li data-start=\"2034\" data-end=\"2061\">\n<p data-start=\"2036\" data-end=\"2061\">Sztywno\u015b\u0107 plec\u00f3w i szyi<\/p>\n<\/li>\n<li data-start=\"2062\" data-end=\"2074\">\n<p data-start=\"2064\" data-end=\"2074\">Rwa kulszowa<\/p>\n<\/li>\n<li data-start=\"2075\" data-end=\"2088\">\n<p data-start=\"2077\" data-end=\"2088\">Artretyzm<\/p>\n<\/li>\n<li data-start=\"2089\" data-end=\"2133\">\n<p data-start=\"2091\" data-end=\"2133\">Naci\u0105gni\u0119cia, siniaki i regeneracja potreningowa<\/p>\n<\/li>\n<\/ul>\n<p data-start=\"2135\" data-end=\"2219\">Mo\u017cna go r\u00f3wnie\u017c nanosi\u0107 na czo\u0142o w celu z\u0142agodzenia lekkiego b\u00f3lu g\u0142owy (unika\u0107 kontaktu z oczami).<\/p>\n<h4 data-start=\"2221\" data-end=\"2278\">\u2714 Naturalna alternatywa dla Bengay i podobnych produkt\u00f3w<\/h4>\n<p data-start=\"2279\" data-end=\"2540\">W przeciwie\u0144stwie do krem\u00f3w miejscowych opartych na <strong data-start=\"2314\" data-end=\"2325\">mentolu<\/strong>, <strong data-start=\"2327\" data-end=\"2348\">salicylanie metylu<\/strong> lub syntetycznym kamforze, krem Horus Colocynth zapewnia <strong data-start=\"2403\" data-end=\"2447\">naturaln\u0105 ulg\u0119 w b\u00f3lu bez skutk\u00f3w ubocznych<\/strong>. To doskona\u0142y wyb\u00f3r dla os\u00f3b z wra\u017cliw\u0105 sk\u00f3r\u0105 lub szukaj\u0105cych czystego, ro\u015blinnego rozwi\u0105zania.<\/p>\n<h4 data-start=\"2542\" data-end=\"2587\">\u2714 Polecany przez sportowc\u00f3w i bezpieczny do codziennego stosowania<\/h4>\n<p data-start=\"2588\" data-end=\"2802\">Niezale\u017cnie, czy jeste\u015b profesjonalnym sportowcem, weekendowym wojownikiem czy masz codzienne dolegliwo\u015bci, ten krem jest bezpieczny do cz\u0119stego u\u017cywania. Jest delikatny dla sk\u00f3ry, idealny do d\u0142ugoterminowej piel\u0119gnacji i zapobiegania urazom.<\/p>\n<h3 data-start=\"2809\" data-end=\"2847\">Jak stosowa\u0107 krem Horus na ulg\u0119 w b\u00f3lu<\/h3>\n<ol data-start=\"2849\" data-end=\"3137\">\n<li data-start=\"2849\" data-end=\"2909\">\n<p data-start=\"2852\" data-end=\"2909\"><strong data-start=\"2852\" data-end=\"2861\">Na\u0142\u00f3\u017c<\/strong> cienk\u0105 warstw\u0119 na bol\u0105ce lub dotkni\u0119te miejsce.<\/p>\n<\/li>\n<li data-start=\"2910\" data-end=\"2996\">\n<p data-start=\"2913\" data-end=\"2996\"><strong data-start=\"2913\" data-end=\"2924\">Wmasuj<\/strong> delikatnie okr\u0119\u017cnymi ruchami przez oko\u0142o 10 minut, a\u017c do pe\u0142nego wch\u0142oni\u0119cia.<\/p>\n<\/li>\n<li data-start=\"2997\" data-end=\"3044\">\n<p data-start=\"3000\" data-end=\"3044\"><strong data-start=\"3000\" data-end=\"3019\">Stosuj dwa razy dziennie<\/strong> dla sta\u0142ej ulgi.<\/p>\n<\/li>\n<li data-start=\"3045\" data-end=\"3137\">\n<p data-start=\"3048\" data-end=\"3137\">Dla najlepszych rezultat\u00f3w przykryj miejsce, aby zachowa\u0107 ciep\u0142o, lub u\u017cyj poduszki grzewczej po aplikacji.<\/p>\n<\/li>\n<\/ol>\n<p data-start=\"3139\" data-end=\"3220\"><strong data-start=\"3139\" data-end=\"3147\">Uwaga<\/strong>: Przy b\u00f3lach g\u0142owy na\u0142\u00f3\u017c ma\u0142\u0105 ilo\u015b\u0107 na skronie, z dala od oczu.<\/p>\n<h3 data-start=\"3227\" data-end=\"3246\">Szczeg\u00f3\u0142y produktu<\/h3>\n<ul data-start=\"3248\" data-end=\"3581\">\n<li data-start=\"3248\" data-end=\"3318\">\n<p data-start=\"3250\" data-end=\"3318\"><strong data-start=\"3250\" data-end=\"3266\">Nazwa produktu<\/strong>: Krem Horus Colocynth na b\u00f3l mi\u0119\u015bni i staw\u00f3w<\/p>\n<\/li>\n<li data-start=\"3319\" data-end=\"3433\">\n<p data-start=\"3321\" data-end=\"3433\"><strong data-start=\"3321\" data-end=\"3340\">G\u0142\u00f3wne sk\u0142adniki<\/strong>: Kolcytna, ga\u0142ka muszkato\u0142owa, eukaliptus, go\u017adzik, cynamon, kmin, koper w\u0142oski, mi\u0119ta pieprzowa, olej z pestek winogron<\/p>\n<\/li>\n<li data-start=\"3434\" data-end=\"3452\">\n<p data-start=\"3436\" data-end=\"3452\"><strong data-start=\"3436\" data-end=\"3444\">Pojemno\u015b\u0107<\/strong>: 145 g<\/p>\n<\/li>\n<li data-start=\"3453\" data-end=\"3482\">\n<p data-start=\"3455\" data-end=\"3482\"><strong data-start=\"3455\" data-end=\"3465\">Pochodzenie<\/strong>: Wyprodukowano w Egipcie<\/p>\n<\/li>\n<li data-start=\"3483\" data-end=\"3510\">\n<p data-start=\"3485\" data-end=\"3510\"><strong data-start=\"3485\" data-end=\"3501\">Producent<\/strong>: Horus<\/p>\n<\/li>\n<li data-start=\"3511\" data-end=\"3581\">\n<p data-start=\"3513\" data-end=\"3581\"><strong data-start=\"3513\" data-end=\"3520\">Stosowanie<\/strong>: Tylko zewn\u0119trznie. Unika\u0107 kontaktu z oczami. Nie owijaj ciasno.<\/p>\n<\/li>\n<\/ul>\n<h3 data-start=\"3588\" data-end=\"3613\">Dlaczego klienci go uwielbiaj\u0105<\/h3>\n<p data-start=\"3615\" data-end=\"3949\">Krem Horus Colocynth to nie zwyk\u0142y balsam na mi\u0119\u015bnie \u2013 to <strong data-start=\"3677\" data-end=\"3702\">terapeutyczny preparat<\/strong> zaufany przez tysi\u0105ce os\u00f3b dla naturalnej, celowanej ulgi w b\u00f3lu. Dzi\u0119ki unikalnej mieszance ro\u015blin, ten krem pomaga przywr\u00f3ci\u0107 <strong data-start=\"3821\" data-end=\"3854\">ruchomo\u015b\u0107, zmniejszy\u0107 zapalenia<\/strong> i wspiera\u0107 <strong data-start=\"3868\" data-end=\"3893\">regeneracj\u0119 potreningow\u0105<\/strong> lub <strong data-start=\"3897\" data-end=\"3920\">ulg\u0119 w b\u00f3lu przewlek\u0142ym<\/strong> \u2013 naturalnie i skutecznie.<\/p>\n<h2 data-start=\"4136\" data-end=\"4181\">Poczuj naturaln\u0105 r\u00f3\u017cnic\u0119 \u2013 Zam\u00f3w dzisiaj!<\/h2>\n<p data-start=\"4183\" data-end=\"4400\">Je\u015bli zmagasz si\u0119 z codziennym b\u00f3lem lub potrzebujesz \u015brodka po treningu, krem Horus Colocynth to twoje rozwi\u0105zanie na bezpieczn\u0105, mocn\u0105 i naturaln\u0105 ulg\u0119.<\/p>\n<p data-start=\"4183\" data-end=\"4400\"><strong>Wypr\u00f3buj dzisiaj i poczuj komfort, jakiego zas\u0142uguje twoje cia\u0142o.<\/strong><\/p>\n<p style=\"text-align: center;\">Dzi\u0119kujemy za zakupy w <em data-start=\"415\" data-end=\"431\"><a href=\"https:\/\/bazaar.express\/pl\/\">Bazaar Express<\/a><\/em> \u2013 bardzo si\u0119 cieszymy, \u017ce jeste\u015b z nami!<\/p>\n<p style=\"text-align: center;\">Twoja droga do lepszej samo opieki zaczyna si\u0119 tutaj \u2013 z <a href=\"https:\/\/bazaar.express\/product-category\/beauty-care\/\">Beauty &#038; Care<\/a>, \u043a\u043e\u0442\u043e\u0440\u043e\u043c\u0443 ufasz.<\/p>\n","protected":false},"excerpt":{"rendered":"<h3 data-start=\"487\" data-end=\"647\">Do\u015bwiadcz szybkiej, naturalnej ulgi z kremem Horus Colocynth. Wzbogacony kolcytn\u0105, eukaliptusem i olejkami go\u017adzikowymi dla ukojenia obola\u0142ych mi\u0119\u015bni, staw\u00f3w i stan\u00f3w zapalnych.<\/h3>\n","protected":false},"featured_media":42842,"comment_status":"open","ping_status":"closed","template":"","meta":[],"product_brand":[],"product_cat":[1192],"product_tag":[1473,1465,1470],"class_list":{"0":"post-42840","1":"product","2":"type-product","3":"status-publish","4":"has-post-thumbnail","6":"product_cat-pielegnacja-urody","7":"product_tag-masaz","8":"product_tag-naturalny-olej","9":"product_tag-olejek","11":"first","12":"instock","13":"sale","14":"shipping-taxable","15":"purchasable","16":"product-type-simple"},"_links":{"self":[{"href":"https:\/\/bazaar.express\/pl\/wp-json\/wp\/v2\/product\/42840","targetHints":{"allow":["GET"]}}],"collection":[{"href":"https:\/\/bazaar.express\/pl\/wp-json\/wp\/v2\/product"}],"about":[{"href":"https:\/\/bazaar.express\/pl\/wp-json\/wp\/v2\/types\/product"}],"replies":[{"embeddable":true,"href":"https:\/\/bazaar.express\/pl\/wp-json\/wp\/v2\/comments?post=42840"}],"wp:featuredmedia":[{"embeddable":true,"href":"https:\/\/bazaar.express\/pl\/wp-json\/wp\/v2\/media\/42842"}],"wp:attachment":[{"href":"https:\/\/bazaar.express\/pl\/wp-json\/wp\/v2\/media?parent=42840"}],"wp:term":[{"taxonomy":"product_brand","embeddable":true,"href":"https:\/\/bazaar.express\/pl\/wp-json\/wp\/v2\/product_brand?post=42840"},{"taxonomy":"product_cat","embeddable":true,"href":"https:\/\/bazaar.express\/pl\/wp-json\/wp\/v2\/product_cat?post=42840"},{"taxonomy":"product_tag","embeddable":true,"href":"https:\/\/bazaar.express\/pl\/wp-json\/wp\/v2\/product_tag?post=42840"}],"curies":[{"name":"wp","href":"https:\/\/api.w.org\/{rel}","templated":true}]}}