{"id":42846,"date":"2025-02-15T21:57:50","date_gmt":"2025-02-15T21:57:50","guid":{"rendered":"https:\/\/bazaar.express\/product\/gold-cartouche\/"},"modified":"2026-02-06T21:57:35","modified_gmt":"2026-02-06T21:57:35","slug":"gold-cartouche","status":"publish","type":"product","link":"https:\/\/bazaar.express\/pl\/produkt\/gold-cartouche\/","title":{"rendered":"Naszyjnik z z\u0142otym kartuszem \u2013 spersonalizowany 18K"},"content":{"rendered":"<h2 data-start=\"312\" data-end=\"373\">Naszyjnik z z\u0142otym kartuszem \u2013 spersonalizowany egipski wisiorek z imieniem 18K<\/h2>\n<h3 data-start=\"375\" data-end=\"441\">No\u015b swoje imi\u0119 w z\u0142ocie \u2013 inspirowane staro\u017cytn\u0105 egipsk\u0105 kr\u00f3lewsko\u015bci\u0105<\/h3>\n<p data-start=\"443\" data-end=\"853\">Wkrocz do historii z <strong data-start=\"468\" data-end=\"495\">naszyjnikiem z z\u0142otym kartuszem<\/strong> r\u0119cznie wykonanym z czystego litego z\u0142ota 18K. Inspirowany \u015bwi\u0119tymi symbolami staro\u017cytnego Egiptu, ten spersonalizowany wisiorek z imieniem pozwala nosi\u0107 swoje imi\u0119 lub imi\u0119 bliskiej osoby wygrawerowane w <strong data-start=\"677\" data-end=\"714\">hieroglifach, arabskim lub angielskim<\/strong>. Symbol to\u017csamo\u015bci, ochrony i ponadczasowej elegancji, ten niestandardowy naszyjnik jest zar\u00f3wno modnym o\u015bwiadczeniem, jak i fragmentem kulturowego dziedzictwa.<\/p>\n<h3 data-start=\"855\" data-end=\"907\">Symbolika egipskiego kartusza<\/h3>\n<p data-start=\"909\" data-end=\"1181\">W staro\u017cytnym Egipcie kartusz by\u0142 owaln\u0105 ramk\u0105 otaczaj\u0105c\u0105 imi\u0119 faraona, wierzono, \u017ce <strong data-start=\"1003\" data-end=\"1042\">chroni jego to\u017csamo\u015b\u0107 na wieczno\u015b\u0107<\/strong>. Dzi\u015b noszenie naszyjnika z kartuszem to pi\u0119kny spos\u00f3b na uhonorowanie tej symboliki \u2013 \u0142\u0105cz\u0105cy twoje imi\u0119 z moc\u0105, ochron\u0105 i dziedzictwem.<\/p>\n<p data-start=\"1183\" data-end=\"1256\">To wi\u0119cej ni\u017c bi\u017cuteria. To osobisty talizman wykonany z historii.<\/p>\n<h3 data-start=\"1258\" data-end=\"1309\">Dlaczego wybra\u0107 nasz naszyjnik z egipskim imieniem ze z\u0142ota 18K?<\/h3>\n<ul data-start=\"1311\" data-end=\"1854\">\n<li data-start=\"1311\" data-end=\"1399\">\n<p data-start=\"1313\" data-end=\"1399\">\u2714 <strong data-start=\"1315\" data-end=\"1338\">100% lite z\u0142oto 18K<\/strong> \u2013 premium jako\u015b\u0107, trwa\u0142e i z oznaczeniem pr\u00f3by autentyczno\u015bci.<\/p>\n<\/li>\n<li data-start=\"1400\" data-end=\"1494\">\n<p data-start=\"1402\" data-end=\"1494\">\u2714 <strong data-start=\"1404\" data-end=\"1428\">R\u0119cznie wykonane w Egipcie<\/strong> \u2013 wykonane przez utalentowanych egipskich jubiler\u00f3w z g\u0142\u0119bok\u0105 wiedz\u0105 kulturow\u0105.<\/p>\n<\/li>\n<li data-start=\"1495\" data-end=\"1607\">\n<p data-start=\"1497\" data-end=\"1607\">\u2714 <strong data-start=\"1499\" data-end=\"1528\">Niestandardowe inskrypcje<\/strong> \u2013 wybierz swoje imi\u0119 w staro\u017cytnych hieroglifach, arabskim pi\u015bmie lub nowoczesnym angielskim.<\/p>\n<\/li>\n<li data-start=\"1608\" data-end=\"1716\">\n<p data-start=\"1610\" data-end=\"1716\">\u2714 <strong data-start=\"1612\" data-end=\"1641\">Autentyczny kulturowy projekt<\/strong> \u2013 g\u0142\u0119boko znacz\u0105cy prezent lub pami\u0105tka bogata historycznym znaczeniem.<\/p>\n<\/li>\n<li data-start=\"1717\" data-end=\"1854\">\n<p data-start=\"1719\" data-end=\"1854\">\u2714 <strong data-start=\"1721\" data-end=\"1747\">Eleganckie opakowanie na prezent<\/strong> \u2013 dostarczane w luksusowym pude\u0142ku, gotowe do wr\u0119czenia na urodziny, rocznice, dyplomy lub prezenty dziedzictwa.<\/p>\n<\/li>\n<\/ul>\n<h3 data-start=\"1856\" data-end=\"1917\">Certyfikowane przez Egipski Urz\u0105d Pr\u00f3by i Analizy<\/h3>\n<p data-start=\"1919\" data-end=\"2237\">Ka\u017cdy naszyjnik zawiera <strong data-start=\"1945\" data-end=\"2024\">oficjalny certyfikat wydany przez Egipski Urz\u0105d Pr\u00f3by i Analizy<\/strong>.<\/p>\n<p data-start=\"1919\" data-end=\"2237\">Ten certyfikat weryfikuje <strong data-start=\"2056\" data-end=\"2083\">dok\u0142adn\u0105 czysto\u015b\u0107 z\u0142ota (18K)<\/strong> oraz <strong data-start=\"2092\" data-end=\"2110\">precyzyjn\u0105 wag\u0119<\/strong> twojego wyrobu. To gwarancja <strong data-start=\"2149\" data-end=\"2198\">autentyczno\u015bci, przejrzysto\u015bci i trwa\u0142ej warto\u015bci<\/strong> \u2014 piecz\u0119\u0107 zaufania z ka\u017cdym zakupem.<\/p>\n<h3 data-start=\"2239\" data-end=\"2258\">Szczeg\u00f3\u0142y produktu<\/h3>\n<ul data-start=\"2260\" data-end=\"2838\">\n<li data-start=\"2260\" data-end=\"2322\">\n<p data-start=\"2262\" data-end=\"2322\"><strong data-start=\"2262\" data-end=\"2274\">Materia\u0142<\/strong>: Czyste lite z\u0142oto 18K (certyfikowane i z pr\u00f3b\u0105)<\/p>\n<\/li>\n<li data-start=\"2323\" data-end=\"2406\">\n<p data-start=\"2325\" data-end=\"2406\"><strong data-start=\"2325\" data-end=\"2346\">Opcje grawerunku<\/strong>: Niestandardowe imiona lub s\u0142owa w hieroglifach, arabskim lub angielskim<\/p>\n<\/li>\n<li data-start=\"2407\" data-end=\"2472\">\n<p data-start=\"2409\" data-end=\"2472\"><strong data-start=\"2409\" data-end=\"2425\">Rozmiar wisiorka<\/strong>: R\u00f3\u017cni si\u0119 w zale\u017cno\u015bci od imienia (zazwyczaj od 32 mm do 58 mm)<\/p>\n<\/li>\n<li data-start=\"2473\" data-end=\"2566\">\n<p data-start=\"2475\" data-end=\"2566\"><strong data-start=\"2475\" data-end=\"2493\">Opcje projektowe<\/strong>: Dost\u0119pny jako jednostronny, dwustronny lub nawet tr\u00f3jstronny kartusz<\/p>\n<\/li>\n<li data-start=\"2567\" data-end=\"2643\">\n<p data-start=\"2569\" data-end=\"2643\"><strong data-start=\"2569\" data-end=\"2582\">Opakowanie<\/strong>: W eleganckim pude\u0142ku prezentowym, idealnym na specjalne okazje<\/p>\n<\/li>\n<li data-start=\"2644\" data-end=\"2713\">\n<p data-start=\"2646\" data-end=\"2713\"><strong data-start=\"2646\" data-end=\"2655\">\u0141a\u0144cuch<\/strong>: Nie w zestawie (pasuj\u0105ce \u0142a\u0144cuchy ze z\u0142ota dost\u0119pne osobno)<\/p>\n<\/li>\n<li data-start=\"2714\" data-end=\"2838\">\n<p data-start=\"2716\" data-end=\"2838\"><strong data-start=\"2716\" data-end=\"2726\">Pochodzenie<\/strong>: R\u0119cznie wykonane w Kairze, Egipt \u2013 wytwarzane w historycznych targach jubilerskich, w tym s\u0142ynnym bazarze Khan el-Khalili<\/p>\n<\/li>\n<\/ul>\n<h3 data-start=\"3160\" data-end=\"3197\">Dla kogo jest idealny ten naszyjnik?<\/h3>\n<ul data-start=\"3199\" data-end=\"3530\">\n<li data-start=\"3199\" data-end=\"3272\">\n<p data-start=\"3201\" data-end=\"3272\">Osoby poszukuj\u0105ce <strong data-start=\"3218\" data-end=\"3246\">unikalnego spersonalizowanego prezentu<\/strong> z g\u0142\u0119bi\u0105 i elegancj\u0105<\/p>\n<\/li>\n<li data-start=\"3273\" data-end=\"3325\">\n<p data-start=\"3275\" data-end=\"3325\">Fani <strong data-start=\"3283\" data-end=\"3311\">staro\u017cytnej kultury egipskiej<\/strong> i symboliki<\/p>\n<\/li>\n<li data-start=\"3326\" data-end=\"3393\">\n<p data-start=\"3328\" data-end=\"3393\"><strong data-start=\"3328\" data-end=\"3347\">Mi\u0142o\u015bnicy dziedzictwa<\/strong> i osoby celebruj\u0105ce swoj\u0105 egipsk\u0105 to\u017csamo\u015b\u0107<\/p>\n<\/li>\n<li data-start=\"3394\" data-end=\"3456\">\n<p data-start=\"3396\" data-end=\"3456\">Ludzie szukaj\u0105cy <strong data-start=\"3415\" data-end=\"3456\">luksusowej bi\u017cuterii z histori\u0105<\/strong><\/p>\n<\/li>\n<li data-start=\"3457\" data-end=\"3530\">\n<p data-start=\"3459\" data-end=\"3530\">Klienci poszukuj\u0105cy <strong data-start=\"3474\" data-end=\"3502\">r\u0119cznie robionej z\u0142otej bi\u017cuterii<\/strong> z oficjalnym certyfikatem<\/p>\n<\/li>\n<\/ul>\n<h3 data-start=\"3532\" data-end=\"3558\">Uczy\u0144 go swoim wyj\u0105tkowym<\/h3>\n<p data-start=\"3560\" data-end=\"3825\">Niezale\u017cnie, czy czcisz swoje korzenie, okazujesz mi\u0142o\u015b\u0107 komu\u015b bliskiemu czy dodajesz co\u015b ponadczasowego do kolekcji bi\u017cuterii, ten naszyjnik z hieroglifami ze z\u0142ota 18K to doskona\u0142e po\u0142\u0105czenie znaczenia i pi\u0119kna. Mo\u017cesz nawet zam\u00f3wi\u0107 unikalne elementy wzornicze, takie jak:<\/p>\n<ul data-start=\"3827\" data-end=\"3900\">\n<li data-start=\"3827\" data-end=\"3842\">\n<p data-start=\"3829\" data-end=\"3842\">Obramowanie skarabeusza<\/p>\n<\/li>\n<li data-start=\"3843\" data-end=\"3865\">\n<p data-start=\"3845\" data-end=\"3865\">Akcenty kwiatu lotosu<\/p>\n<\/li>\n<li data-start=\"3866\" data-end=\"3900\">\n<p data-start=\"3868\" data-end=\"3900\">Otwarte lub zaokr\u0105glone kszta\u0142ty kartusza<\/p>\n<\/li>\n<\/ul>\n<p data-start=\"3902\" data-end=\"3986\">Ka\u017cdy egzemplarz to <strong data-start=\"3918\" data-end=\"3944\">jedyny w swoim rodzaju wytw\u00f3r<\/strong>, stworzony z pasj\u0105, precyzj\u0105 i dum\u0105.<\/p>\n<h3 data-start=\"3993\" data-end=\"4063\">Posiadaj kawa\u0142ek historii \u2013 zam\u00f3w sw\u00f3j egipski z\u0142oty kartusz ju\u017c dzi\u015b!<\/h3>\n<p data-start=\"4065\" data-end=\"4298\">\u015awi\u0119tuj swoje imi\u0119 w j\u0119zyku faraon\u00f3w. Ten spersonalizowany naszyjnik z kartuszem ze z\u0142ota 18K to wi\u0119cej ni\u017c luksus \u2013 to dziedzictwo. Poparty <strong data-start=\"4199\" data-end=\"4234\">oficjalnym certyfikatem egipskim<\/strong>, to prawdziwy skarb \u0142\u0105cz\u0105cy przesz\u0142o\u015b\u0107 z twoj\u0105 tera\u017aniejszo\u015bci\u0105.<\/p>\n<p data-start=\"4300\" data-end=\"4404\"><strong data-start=\"4302\" data-end=\"4334\">Autentyczny. Elegancki. Wieczny.<\/strong><br data-start=\"4334\" data-end=\"4337\" \/><strong data-start=\"4340\" data-end=\"4404\">Kup teraz i no\u015b ducha staro\u017cytnego Egiptu w czystym z\u0142ocie!<\/strong><\/p>\n<p style=\"text-align: center;\">Dzi\u0119kujemy za zakupy w <em data-start=\"415\" data-end=\"431\"><a href=\"https:\/\/bazaar.express\/pl\/\">Bazaar Express<\/a><\/em> \u2013 jeste\u015bmy zachwyceni, \u017ce jeste\u015b z nami!<\/p>\n<p style=\"text-align: center;\">Odkryj urok dawnej sztuki w naszej kolekcji <a href=\"https:\/\/bazaar.express\/product-category\/egyptian-treasures\/\">Egipskich Skarb\u00f3w<\/a>.<\/p>\n","protected":false},"excerpt":{"rendered":"<h3 data-start=\"78\" data-end=\"384\">Spersonalizowany naszyjnik z z\u0142otym kartuszem 18K, r\u0119cznie wykonany w Egipcie i wygrawerowany twoim imieniem w hieroglifach, arabskim lub angielskim. Zawiera oficjalny certyfikat z Egipskiego Urz\u0119du Pr\u00f3by i Analizy dla wagi i czysto\u015bci z\u0142ota. Ponadczasowy element dziedzictwa i elegancji.<\/h3>\n","protected":false},"featured_media":42851,"comment_status":"open","ping_status":"closed","template":"","meta":[],"product_brand":[],"product_cat":[1197],"product_tag":[1545],"class_list":{"0":"post-42846","1":"product","2":"type-product","3":"status-publish","4":"has-post-thumbnail","6":"product_cat-egipskie-skarby","7":"product_tag-pamiatki","9":"first","10":"instock","11":"shipping-taxable","12":"purchasable","13":"product-type-simple"},"_links":{"self":[{"href":"https:\/\/bazaar.express\/pl\/wp-json\/wp\/v2\/product\/42846","targetHints":{"allow":["GET"]}}],"collection":[{"href":"https:\/\/bazaar.express\/pl\/wp-json\/wp\/v2\/product"}],"about":[{"href":"https:\/\/bazaar.express\/pl\/wp-json\/wp\/v2\/types\/product"}],"replies":[{"embeddable":true,"href":"https:\/\/bazaar.express\/pl\/wp-json\/wp\/v2\/comments?post=42846"}],"wp:featuredmedia":[{"embeddable":true,"href":"https:\/\/bazaar.express\/pl\/wp-json\/wp\/v2\/media\/42851"}],"wp:attachment":[{"href":"https:\/\/bazaar.express\/pl\/wp-json\/wp\/v2\/media?parent=42846"}],"wp:term":[{"taxonomy":"product_brand","embeddable":true,"href":"https:\/\/bazaar.express\/pl\/wp-json\/wp\/v2\/product_brand?post=42846"},{"taxonomy":"product_cat","embeddable":true,"href":"https:\/\/bazaar.express\/pl\/wp-json\/wp\/v2\/product_cat?post=42846"},{"taxonomy":"product_tag","embeddable":true,"href":"https:\/\/bazaar.express\/pl\/wp-json\/wp\/v2\/product_tag?post=42846"}],"curies":[{"name":"wp","href":"https:\/\/api.w.org\/{rel}","templated":true}]}}