{"id":42866,"date":"2025-02-11T01:46:40","date_gmt":"2025-02-11T01:46:40","guid":{"rendered":"https:\/\/bazaar.express\/product\/egypt-cartouche-2\/"},"modified":"2026-02-06T21:57:36","modified_gmt":"2026-02-06T21:57:36","slug":"egypt-cartouche-2","status":"publish","type":"product","link":"https:\/\/bazaar.express\/pl\/produkt\/egypt-cartouche-2\/","title":{"rendered":"Naszyjnik z egipskim kartuszem 925"},"content":{"rendered":"<h2 data-start=\"205\" data-end=\"291\">Naszyjnik z kartuszem egipskim \u2013 Indywidualnie r\u0119cznie robiony wisiorek z srebra sterling 925 z hieroglifami<\/h2>\n<p data-start=\"293\" data-end=\"683\">No\u015b kawa\u0142ek staro\u017cytnego Egiptu dzi\u0119ki temu <strong data-start=\"343\" data-end=\"396\">czystemu naszyjnikowi z kartuszem egipskim ze srebra sterling 925<\/strong>. Wykonany r\u0119cznie przez do\u015bwiadczonych egipskich rzemie\u015blnik\u00f3w w Kairze, ten spersonalizowany wisiorek z imieniem zawiera wybrane przez Ciebie imi\u0119 w <strong data-start=\"503\" data-end=\"540\">hieroglifach, po arabsku lub angielsku<\/strong>. \u015awi\u0119ty symbol ochrony i to\u017csamo\u015bci \u2013 kartusz \u0142\u0105czy Ci\u0119 z ponadczasowymi tradycjami faraon\u00f3w i magi\u0105 Nilu.<\/p>\n<p data-start=\"685\" data-end=\"874\">Certyfikowany przez <strong data-start=\"702\" data-end=\"746\">Egyptian Assay and Hallmarking Authority<\/strong>, ka\u017cdy egzemplarz zawiera oficjaln\u0105 stempel z informacj\u0105 o wadze i czysto\u015bci srebra, gwarantuj\u0105c autentyczno\u015b\u0107 i buduj\u0105c zaufanie klient\u00f3w.<\/p>\n<h3 data-start=\"881\" data-end=\"926\">Znaczenie egipskiego kartusza<\/h3>\n<p data-start=\"928\" data-end=\"1236\">Kartusz by\u0142 symbolem wiecznej ochrony w staro\u017cytnym Egipcie, stosowanym przez royalty do otaczania ich imion p\u0119tl\u0105 symbolizuj\u0105c\u0105 wieczn\u0105 \u015bcie\u017ck\u0119 boga s\u0142o\u0144ca Ra. Uwa\u017cano, \u017ce imi\u0119 umieszczone wewn\u0105trz kartusza b\u0119dzie chronione na wieczno\u015b\u0107, nadaj\u0105c nosz\u0105cemu nie\u015bmiertelno\u015b\u0107 i duchowe bezpiecze\u0144stwo.<\/p>\n<p data-start=\"1238\" data-end=\"1379\">Nosz\u0105c swoje imi\u0119 w hieroglifach, nie tylko czcisz swoj\u0105 to\u017csamo\u015b\u0107, ale tak\u017ce przekazujesz g\u0142\u0119bok\u0105 spu\u015bcizn\u0119 kulturow\u0105 licz\u0105c\u0105 tysi\u0105ce lat.<\/p>\n<h3 data-start=\"1386\" data-end=\"1442\">Dlaczego wybra\u0107 nasz naszyjnik z czystego srebra i egipskim kartuszem?<\/h3>\n<ul data-start=\"1444\" data-end=\"2153\">\n<li data-start=\"1444\" data-end=\"1540\">\n<p data-start=\"1446\" data-end=\"1540\"><strong data-start=\"1446\" data-end=\"1472\">100% r\u0119cznie robiony w Egipcie<\/strong> \u2013 Wykonany na historycznym targu Khan El Khalili przez lokalnych rzemie\u015blnik\u00f3w.<\/p>\n<\/li>\n<li data-start=\"1541\" data-end=\"1632\">\n<p data-start=\"1543\" data-end=\"1632\"><strong data-start=\"1543\" data-end=\"1572\">Solidne srebro sterling 925<\/strong> \u2013 Bez pow\u0142ok, bez wype\u0142niaczy \u2013 tylko autentyczne, pr\u00f3bowane srebro.<\/p>\n<\/li>\n<li data-start=\"1633\" data-end=\"1737\">\n<p data-start=\"1635\" data-end=\"1737\"><strong data-start=\"1635\" data-end=\"1659\">Spersonalizowany dla Ciebie<\/strong> \u2013 Grawerowany do 12 znak\u00f3w w <strong data-start=\"1699\" data-end=\"1736\">hieroglifach, po arabsku lub angielsku<\/strong>.<\/p>\n<\/li>\n<li data-start=\"1738\" data-end=\"1849\">\n<p data-start=\"1740\" data-end=\"1849\"><strong data-start=\"1740\" data-end=\"1767\">Gwarancja autentyczno\u015bci<\/strong> \u2013 Zawiera oficjalny certyfikat pr\u00f3by z informacjami o czysto\u015bci i wadze srebra.<\/p>\n<\/li>\n<li data-start=\"1850\" data-end=\"1955\">\n<p data-start=\"1852\" data-end=\"1955\"><strong data-start=\"1852\" data-end=\"1875\">Opcja dwustronna<\/strong> \u2013 Dodaj symboliczne egipskie ikony na rewersie (Oko Horusa, Ankh, Lotos itp.).<\/p>\n<\/li>\n<li data-start=\"1956\" data-end=\"2057\">\n<p data-start=\"1958\" data-end=\"2057\"><strong data-start=\"1958\" data-end=\"1976\">Z \u0142a\u0144cuszkiem<\/strong> \u2013 W zestawie pasuj\u0105cy \u0142a\u0144cuszek ze srebra 925, gotowy do noszenia.<\/p>\n<\/li>\n<li data-start=\"2058\" data-end=\"2153\">\n<p data-start=\"2060\" data-end=\"2153\"><strong data-start=\"2060\" data-end=\"2077\">Kulturowy prezent<\/strong> \u2013 Idealny dla mi\u0142o\u015bnik\u00f3w historii, dziedzictwa lub spersonalizowanej bi\u017cuterii rzemie\u015blniczej.<\/p>\n<\/li>\n<\/ul>\n<h3 data-start=\"2160\" data-end=\"2179\">Szczeg\u00f3\u0142y produktu<\/h3>\n<ul data-start=\"2181\" data-end=\"2656\">\n<li data-start=\"2181\" data-end=\"2236\">\n<p data-start=\"2183\" data-end=\"2236\"><strong data-start=\"2183\" data-end=\"2196\">Materia\u0142:<\/strong> 100% srebro sterling 925 (bez pow\u0142oki)<\/p>\n<\/li>\n<li data-start=\"2237\" data-end=\"2321\">\n<p data-start=\"2239\" data-end=\"2321\"><strong data-start=\"2239\" data-end=\"2256\">Rozmiar wisiorka:<\/strong> Ok. 30\u201355 mm (wysoko\u015b\u0107 zale\u017cy od d\u0142ugo\u015bci imienia), ok. 10 mm szeroko\u015bci<\/p>\n<\/li>\n<li data-start=\"2322\" data-end=\"2377\">\n<p data-start=\"2324\" data-end=\"2377\"><strong data-start=\"2324\" data-end=\"2335\">Waga:<\/strong> Ok. 14 g (wisiorek), 17 g (z \u0142a\u0144cuszkiem)<\/p>\n<\/li>\n<li data-start=\"2378\" data-end=\"2440\">\n<p data-start=\"2380\" data-end=\"2440\"><strong data-start=\"2380\" data-end=\"2404\">J\u0119zyki grawerunku:<\/strong> Hieroglify, arabski lub angielski<\/p>\n<\/li>\n<li data-start=\"2441\" data-end=\"2514\">\n<p data-start=\"2443\" data-end=\"2514\"><strong data-start=\"2443\" data-end=\"2461\">Opcje \u0142a\u0144cuszka:<\/strong> W zestawie \u0142a\u0144cuszek ze srebra sterling (wybierz 18&#8243; lub 20&#8243;)<\/p>\n<\/li>\n<li data-start=\"2515\" data-end=\"2585\">\n<p data-start=\"2517\" data-end=\"2585\"><strong data-start=\"2517\" data-end=\"2531\">Opakowanie:<\/strong> Eleganckie drewniane pude\u0142ko prezentowe z szmatk\u0105 do polerowania srebra<\/p>\n<\/li>\n<li data-start=\"2586\" data-end=\"2656\">\n<p data-start=\"2588\" data-end=\"2656\"><strong data-start=\"2588\" data-end=\"2606\">Certyfikat:<\/strong> Oficjalna egipska pr\u00f3ba (stempel rz\u0105dowy)<\/p>\n<\/li>\n<\/ul>\n<h3 data-start=\"2663\" data-end=\"2696\">Jak spersonalizowa\u0107 zam\u00f3wienie<\/h3>\n<ol data-start=\"2698\" data-end=\"3044\">\n<li data-start=\"2698\" data-end=\"2774\">\n<p data-start=\"2701\" data-end=\"2774\"><strong data-start=\"2701\" data-end=\"2720\">Wybierz imi\u0119<\/strong> \u2013 Podaj imi\u0119 do grawerunku (maks. 12 znak\u00f3w).<\/p>\n<\/li>\n<li data-start=\"2775\" data-end=\"2838\">\n<p data-start=\"2778\" data-end=\"2838\"><strong data-start=\"2778\" data-end=\"2801\">Wybierz j\u0119zyk<\/strong> \u2013 Hieroglify, arabski lub angielski.<\/p>\n<\/li>\n<li data-start=\"2839\" data-end=\"2980\">\n<p data-start=\"2842\" data-end=\"2901\"><strong data-start=\"2842\" data-end=\"2866\">Opcjonalny wz\u00f3r z ty\u0142u<\/strong> \u2013 Dodaj staro\u017cytne egipskie ikony, takie jak:<\/p>\n<ul data-start=\"2905\" data-end=\"2980\">\n<li data-start=\"2905\" data-end=\"2919\">\n<p data-start=\"2907\" data-end=\"2919\">Oko Horusa<\/p>\n<\/li>\n<li data-start=\"2923\" data-end=\"2943\">\n<p data-start=\"2925\" data-end=\"2943\">Ankh (klucz \u017cycia)<\/p>\n<\/li>\n<li data-start=\"2947\" data-end=\"2962\">\n<p data-start=\"2949\" data-end=\"2962\">Skarabusz<\/p>\n<\/li>\n<li data-start=\"2966\" data-end=\"2980\">\n<p data-start=\"2968\" data-end=\"2980\">Lotos<\/p>\n<\/li>\n<\/ul>\n<\/li>\n<li data-start=\"2981\" data-end=\"3044\">\n<p data-start=\"2984\" data-end=\"3044\"><strong data-start=\"2984\" data-end=\"3000\">D\u0142ugo\u015b\u0107 \u0142a\u0144cuszka<\/strong> \u2013 Wybierz preferowan\u0105 d\u0142ugo\u015b\u0107 \u0142a\u0144cuszka (18&#8243; lub 20&#8243;).<\/p>\n<\/li>\n<\/ol>\n<p data-start=\"3046\" data-end=\"3138\">Ka\u017cdy naszyjnik jest robiony na zam\u00f3wienie. Prosimy o 3\u20135 dni roboczych na grawerunek przed wysy\u0142k\u0105.<\/p>\n<h3 data-start=\"3145\" data-end=\"3189\">Historyczne znaczenie kartusza<\/h3>\n<p data-start=\"3191\" data-end=\"3473\">U\u017cywany przez w\u0142adc\u00f3w takich jak <strong data-start=\"3211\" data-end=\"3226\">Tutanchamon<\/strong>, <strong data-start=\"3228\" data-end=\"3241\">Ramses II<\/strong> i <strong data-start=\"3247\" data-end=\"3260\">Kleopatra<\/strong>, kartusz symbolizowa\u0142 ich kr\u00f3lewsk\u0105 w\u0142adz\u0119 i ochron\u0119 przed z\u0142em. Owalny kszta\u0142t reprezentowa\u0142 wszech\u015bwiat i wieczysty cykl s\u0142o\u0144ca, zapewniaj\u0105c, \u017ce imi\u0119 w nim \u017cyje wiecznie w za\u015bwiatach.<\/p>\n<p data-start=\"3475\" data-end=\"3709\">Dzi\u0119ki <strong data-start=\"3489\" data-end=\"3506\">Kamieniowi z Rosetty<\/strong>, odkrytemu w 1799 r., tajemnica hieroglif\u00f3w kartusza zosta\u0142a odkryta, ujawniaj\u0105c imiona, tytu\u0142y i wiadomo\u015bci utracone w czasie. Ten wisiorek to nie tylko bi\u017cuteria \u2013 to most do staro\u017cytnego \u015bwiata.<\/p>\n<h3 data-start=\"4080\" data-end=\"4109\">Instrukcje piel\u0119gnacji bi\u017cuterii<\/h3>\n<p data-start=\"4111\" data-end=\"4148\">Aby zachowa\u0107 naszyjnik ze srebra 925:<\/p>\n<ul data-start=\"4150\" data-end=\"4317\">\n<li data-start=\"4150\" data-end=\"4198\">\n<p data-start=\"4152\" data-end=\"4198\">Przechowuj w suchym, szczelnym pude\u0142ku lub woreczku na bi\u017cuteri\u0119.<\/p>\n<\/li>\n<li data-start=\"4199\" data-end=\"4251\">\n<p data-start=\"4201\" data-end=\"4251\">Unikaj kontaktu z wod\u0105, perfumami i chemikaliami.<\/p>\n<\/li>\n<li data-start=\"4252\" data-end=\"4317\">\n<p data-start=\"4254\" data-end=\"4317\">Czy\u015b\u0107 do\u0142\u0105czon\u0105 szmatk\u0105 do polerowania lub \u0142agodnym myd\u0142em i wod\u0105.<\/p>\n<\/li>\n<\/ul>\n<h3 data-start=\"4324\" data-end=\"4364\">Posiadaj symbol wieczno\u015bci \u2013 Zam\u00f3w teraz<\/h3>\n<p data-start=\"4366\" data-end=\"4644\">Ten <strong data-start=\"4371\" data-end=\"4415\">naszyjnik z kartuszem egipskim ze srebra sterling<\/strong> to ponadczasowy symbol to\u017csamo\u015bci, ochrony i dumy historycznej. Bez wzgl\u0119du na to, czy celebrujesz dziedzictwo, obdarowujesz blisk\u0105 osob\u0119 czy po prostu poci\u0105ga Ci\u0119 staro\u017cytna sztuka egipska, ten egzemplarz czci przesz\u0142o\u015b\u0107 i wzmacnia tera\u017aniejszo\u015b\u0107.<\/p>\n<p data-start=\"4646\" data-end=\"4700\"><strong data-start=\"4646\" data-end=\"4700\">Zam\u00f3w sw\u00f3j ju\u017c dzi\u015b i no\u015b imi\u0119 jak kr\u00f3lewskie.<\/strong><\/p>\n<p style=\"text-align: center;\">Dzi\u0119kujemy za zakupy w <em data-start=\"415\" data-end=\"431\"><a href=\"https:\/\/bazaar.express\/pl\/\">Bazaar Express<\/a><\/em> \u2013 cieszymy si\u0119, \u017ce jeste\u015b z nami!<\/p>\n<p style=\"text-align: center;\">Odkryj urok staro\u017cytnej sztuki w naszej kolekcji <a href=\"https:\/\/bazaar.express\/product-category\/egyptian-treasures\/\">Egyptian Treasures<\/a>.<\/p>\n","protected":false},"excerpt":{"rendered":"<h3 data-start=\"415\" data-end=\"642\">Indywidualnie r\u0119cznie robiony egipski naszyjnik z kartuszem z czystego srebra sterling 925. Grawerowany imieniem w hieroglifach, po arabsku lub angielsku. W zestawie certyfikat pr\u00f3by i pasuj\u0105cy \u0142a\u0144cuszek srebrny. Wykonany w Egipcie.<\/h3>\n","protected":false},"featured_media":42869,"comment_status":"open","ping_status":"closed","template":"","meta":[],"product_brand":[],"product_cat":[1197],"product_tag":[1545],"class_list":{"0":"post-42866","1":"product","2":"type-product","3":"status-publish","4":"has-post-thumbnail","6":"product_cat-egipskie-skarby","7":"product_tag-pamiatki","9":"first","10":"instock","11":"sale","12":"shipping-taxable","13":"purchasable","14":"product-type-simple"},"_links":{"self":[{"href":"https:\/\/bazaar.express\/pl\/wp-json\/wp\/v2\/product\/42866","targetHints":{"allow":["GET"]}}],"collection":[{"href":"https:\/\/bazaar.express\/pl\/wp-json\/wp\/v2\/product"}],"about":[{"href":"https:\/\/bazaar.express\/pl\/wp-json\/wp\/v2\/types\/product"}],"replies":[{"embeddable":true,"href":"https:\/\/bazaar.express\/pl\/wp-json\/wp\/v2\/comments?post=42866"}],"wp:featuredmedia":[{"embeddable":true,"href":"https:\/\/bazaar.express\/pl\/wp-json\/wp\/v2\/media\/42869"}],"wp:attachment":[{"href":"https:\/\/bazaar.express\/pl\/wp-json\/wp\/v2\/media?parent=42866"}],"wp:term":[{"taxonomy":"product_brand","embeddable":true,"href":"https:\/\/bazaar.express\/pl\/wp-json\/wp\/v2\/product_brand?post=42866"},{"taxonomy":"product_cat","embeddable":true,"href":"https:\/\/bazaar.express\/pl\/wp-json\/wp\/v2\/product_cat?post=42866"},{"taxonomy":"product_tag","embeddable":true,"href":"https:\/\/bazaar.express\/pl\/wp-json\/wp\/v2\/product_tag?post=42866"}],"curies":[{"name":"wp","href":"https:\/\/api.w.org\/{rel}","templated":true}]}}