{"id":42890,"date":"2025-02-10T01:54:30","date_gmt":"2025-02-10T01:54:30","guid":{"rendered":"https:\/\/bazaar.express\/product\/cartouche-2\/"},"modified":"2026-02-06T21:57:41","modified_gmt":"2026-02-06T21:57:41","slug":"cartouche-2","status":"publish","type":"product","link":"https:\/\/bazaar.express\/pl\/produkt\/cartouche-2\/","title":{"rendered":"Kartusz personalizowany"},"content":{"rendered":"<h2 data-start=\"249\" data-end=\"329\">Personalizowany kartusz \u2013 wisiorek ze srebra 925 r\u0119cznie wykonany w Egipcie<\/h2>\n<p data-start=\"331\" data-end=\"693\">Do\u015bwiadcz ponadczasowej elegancji staro\u017cytnego Egiptu z naszym personalizowanym wisiorem kartusza ze srebra 925. Ten r\u0119cznie wykonany element bi\u017cuterii to wi\u0119cej ni\u017c tabliczka z imieniem \u2014 to historyczny symbol to\u017csamo\u015bci, ochrony i dziedzictwa. Kartusz, owalny kszta\u0142t otaczaj\u0105cy imiona faraon\u00f3w, mia\u0142 chroni\u0107 dusz\u0119 i zachowa\u0107 imi\u0119 na wieczno\u015b\u0107.<\/p>\n<p data-start=\"695\" data-end=\"999\">Z imieniem wygrawerowanym w autentycznych egipskich hieroglifach, po arabsku lub angielsku, ten personalizowany wisiorek oferuje osobiste po\u0142\u0105czenie z histori\u0105. No\u015b go dla mody, znaczenia duchowego lub kulturowego docenienia \u2014 kartusz symbolizuje ponadczasowe pi\u0119kno i si\u0142\u0119.<\/p>\n<h3 data-start=\"1001\" data-end=\"1025\">Czym jest kartusz?<\/h3>\n<p data-start=\"1027\" data-end=\"1435\">W staro\u017cytnym Egipcie kartusz (r\u00f3wnie\u017c pisany \u201ekartouch\u201d lub \u201ekartus\u201d) by\u0142 owalnym kszta\u0142tem z poziom\u0105 lini\u0105 na jednym ko\u0144cu, otaczaj\u0105cym imi\u0119 postaci kr\u00f3lewskiej. Symbolizowa\u0142 ochron\u0119, \u017cycie wieczne i bosk\u0105 moc. Faraonowie u\u017cywali kartuszy do identyfikacji w \u017cyciu i za\u015bwiatach. Ten \u015bwi\u0119ty symbol chroni\u0142 przed z\u0142em i zapewnia\u0142 przetrwanie imienia przez pokolenia.<\/p>\n<p data-start=\"1437\" data-end=\"1567\">Dzi\u015b personalizowany kartusz kontynuuje to dziedzictwo, \u0142\u0105cz\u0105c histori\u0119, symbolik\u0119 i styl w jedno znacz\u0105ce akcesorium.<\/p>\n<h3 data-start=\"1569\" data-end=\"1615\">Dlaczego wybra\u0107 nasz egipski wisiorek z kartuszem?<\/h3>\n<ul data-start=\"1617\" data-end=\"2236\">\n<li data-start=\"1617\" data-end=\"1759\">\n<p data-start=\"1619\" data-end=\"1759\"><strong data-start=\"1619\" data-end=\"1655\">Autentyczne egipskie rzemios\u0142o<\/strong>: Ka\u017cdy wisiorek r\u0119cznie wykonany przez do\u015bwiadczonych egipskich jubiler\u00f3w tradycyjnymi technikami.<\/p>\n<\/li>\n<li data-start=\"1760\" data-end=\"1863\">\n<p data-start=\"1762\" data-end=\"1863\"><strong data-start=\"1762\" data-end=\"1782\">Materia\u0142 premium<\/strong>: Z prawdziwego srebra 925 dla trwa\u0142ego, eleganckiego wyko\u0144czenia.<\/p>\n<\/li>\n<li data-start=\"1864\" data-end=\"2016\">\n<p data-start=\"1866\" data-end=\"2016\"><strong data-start=\"1866\" data-end=\"1892\">Personalizowany grawerunek<\/strong>: Spersonalizuj imieniem (do 9 liter) w hieroglifach, arabskim lub angielskim \u2014 przet\u0142umaczone przez ekspert\u00f3w.<\/p>\n<\/li>\n<li data-start=\"2017\" data-end=\"2131\">\n<p data-start=\"2019\" data-end=\"2131\"><strong data-start=\"2019\" data-end=\"2041\">Symboliczny i stylowy<\/strong>: Nowoczesny akcent z pradawnym znaczeniem duchowym \u2014 idealny na ka\u017cd\u0105 okazj\u0119.<\/p>\n<\/li>\n<li data-start=\"2132\" data-end=\"2236\">\n<p data-start=\"2134\" data-end=\"2236\"><strong data-start=\"2134\" data-end=\"2155\">Oficjalna pr\u00f3ba<\/strong>: Stemplowany przez rz\u0105d egipski dla gwarancji autentyczno\u015bci i czysto\u015bci srebra.<\/p>\n<\/li>\n<\/ul>\n<h3 data-start=\"2238\" data-end=\"2257\">Szczeg\u00f3\u0142y produktu<\/h3>\n<ul data-start=\"2259\" data-end=\"2628\">\n<li data-start=\"2259\" data-end=\"2302\">\n<p data-start=\"2261\" data-end=\"2302\"><strong data-start=\"2261\" data-end=\"2273\">Materia\u0142<\/strong>: Lite srebro 925<\/p>\n<\/li>\n<li data-start=\"2303\" data-end=\"2384\">\n<p data-start=\"2305\" data-end=\"2384\"><strong data-start=\"2305\" data-end=\"2326\">Opcje grawerunku<\/strong>: Hieroglify, arabski lub angielski (do 9 znak\u00f3w)<\/p>\n<\/li>\n<li data-start=\"2385\" data-end=\"2478\">\n<p data-start=\"2387\" data-end=\"2478\"><strong data-start=\"2387\" data-end=\"2403\">Rozmiar wisiorka<\/strong>: Zale\u017cny od d\u0142ugo\u015bci imienia (\u015brednio 5,1 cm \/ 2 cale)<\/p>\n<\/li>\n<li data-start=\"2479\" data-end=\"2535\">\n<p data-start=\"2481\" data-end=\"2535\"><strong data-start=\"2481\" data-end=\"2491\">Wyko\u0144czenie<\/strong>: B\u0142yszcz\u0105ce srebro lub oksydowane (antykiem stylizowane)<\/p>\n<\/li>\n<li data-start=\"2536\" data-end=\"2573\">\n<p data-start=\"2538\" data-end=\"2573\"><strong data-start=\"2538\" data-end=\"2547\">Kszta\u0142t<\/strong>: Klasyczny owalny kartusz<\/p>\n<\/li>\n<li data-start=\"2574\" data-end=\"2628\">\n<p data-start=\"2576\" data-end=\"2628\"><strong data-start=\"2576\" data-end=\"2586\">\u0141a\u0144cuszki<\/strong>: Sprzedawane osobno (dost\u0119pne w sklepie)<\/p>\n<\/li>\n<\/ul>\n<h3 data-start=\"2630\" data-end=\"2667\">Jak spersonalizowa\u0107 kartusz<\/h3>\n<p data-start=\"2669\" data-end=\"2709\">Sk\u0142adaj\u0105c zam\u00f3wienie, podaj:<\/p>\n<ul data-start=\"2710\" data-end=\"2805\">\n<li data-start=\"2710\" data-end=\"2748\">\n<p data-start=\"2712\" data-end=\"2748\">Imi\u0119 lub s\u0142owo do grawerunku<\/p>\n<\/li>\n<li data-start=\"2749\" data-end=\"2805\">\n<p data-start=\"2751\" data-end=\"2805\">Wybrany j\u0119zyk: hieroglify, arabski lub angielski<\/p>\n<\/li>\n<\/ul>\n<p data-start=\"2807\" data-end=\"3045\">Opcjonalnie: Dodaj symbole egipskie jak Ankh (\u017cycie), Skarab (odrodzenie), Oko Horusa (ochrona), skrzydlata Izyda (magia), Lilia (czysto\u015b\u0107) lub Nefertiti (kr\u00f3lewsko\u015b\u0107) \u2014 ka\u017cdy dodaje znaczenie wisiorkowi.<\/p>\n<h3 data-start=\"3467\" data-end=\"3507\">Znacz\u0105cy prezent z pradawn\u0105 moc\u0105<\/h3>\n<p data-start=\"3509\" data-end=\"3762\">W eleganckim pude\u0142ku jubilerskim, personalizowany kartusz to przemy\u015blany symboliczny prezent na urodziny, rocznice, dyplomy czy specjalne okazje. Idealny dla mi\u0142o\u015bnik\u00f3w historii, mitologii lub duchowej bi\u017cuterii.<\/p>\n<p data-start=\"3764\" data-end=\"4024\">Owalny kszta\u0142t kartusza pochodzi od \u201epier\u015bcienia shen\u201d, hieroglifu oznaczaj\u0105cego wieczno\u015b\u0107 i ca\u0142o\u015b\u0107. Jak Ramses II i Tutanchamon, uwiecznij imi\u0119 w \u015bwi\u0119tej ramie.<\/p>\n<p data-start=\"4026\" data-end=\"4100\">To wi\u0119cej ni\u017c naszyjnik \u2014 to dziedzictwo i moc.<\/p>\n<h3 data-start=\"4102\" data-end=\"4129\">No\u015b histori\u0119<\/h3>\n<p data-start=\"4131\" data-end=\"4297\">Wygraweruj imi\u0119 w formie faraon\u00f3w. Egipski kartusz personalizowany to dziedzictwo, nie tylko moda.<\/p>\n<p data-start=\"4299\" data-end=\"4400\">Zam\u00f3w wisiorek i no\u015b to\u017csamo\u015b\u0107 z dum\u0105, stylem i pradawn\u0105 si\u0142\u0105.<\/p>\n","protected":false},"excerpt":{"rendered":"<h3 data-start=\"440\" data-end=\"716\">Posiadaj kawa\u0142ek staro\u017cytnego Egiptu z r\u0119cznie wykonanym wisiorem kartusza ze srebra 925. Personalizowany imieniem w hieroglifach, arabskim lub angielskim, \u0142\u0105czy dziedzictwo z nowoczesnym stylem. Z Egiptu, stemplowany autentyczno\u015bci\u0105.<\/h3>\n","protected":false},"featured_media":42892,"comment_status":"open","ping_status":"closed","template":"","meta":[],"product_brand":[],"product_cat":[1197,1201,1199],"product_tag":[1545],"class_list":{"0":"post-42890","1":"product","2":"type-product","3":"status-publish","4":"has-post-thumbnail","6":"product_cat-egipskie-skarby","7":"product_cat-gorace-okazje","8":"product_cat-najlepsze-z-egiptu","9":"product_tag-pamiatki","11":"first","12":"instock","13":"sale","14":"shipping-taxable","15":"purchasable","16":"product-type-simple"},"_links":{"self":[{"href":"https:\/\/bazaar.express\/pl\/wp-json\/wp\/v2\/product\/42890","targetHints":{"allow":["GET"]}}],"collection":[{"href":"https:\/\/bazaar.express\/pl\/wp-json\/wp\/v2\/product"}],"about":[{"href":"https:\/\/bazaar.express\/pl\/wp-json\/wp\/v2\/types\/product"}],"replies":[{"embeddable":true,"href":"https:\/\/bazaar.express\/pl\/wp-json\/wp\/v2\/comments?post=42890"}],"wp:featuredmedia":[{"embeddable":true,"href":"https:\/\/bazaar.express\/pl\/wp-json\/wp\/v2\/media\/42892"}],"wp:attachment":[{"href":"https:\/\/bazaar.express\/pl\/wp-json\/wp\/v2\/media?parent=42890"}],"wp:term":[{"taxonomy":"product_brand","embeddable":true,"href":"https:\/\/bazaar.express\/pl\/wp-json\/wp\/v2\/product_brand?post=42890"},{"taxonomy":"product_cat","embeddable":true,"href":"https:\/\/bazaar.express\/pl\/wp-json\/wp\/v2\/product_cat?post=42890"},{"taxonomy":"product_tag","embeddable":true,"href":"https:\/\/bazaar.express\/pl\/wp-json\/wp\/v2\/product_tag?post=42890"}],"curies":[{"name":"wp","href":"https:\/\/api.w.org\/{rel}","templated":true}]}}