{"id":42911,"date":"2025-02-02T00:31:48","date_gmt":"2025-02-02T00:31:48","guid":{"rendered":"https:\/\/bazaar.express\/product\/toothpaste\/"},"modified":"2026-05-03T00:45:34","modified_gmt":"2026-05-03T00:45:34","slug":"toothpaste","status":"publish","type":"product","link":"https:\/\/bazaar.express\/pl\/produkt\/toothpaste\/","title":{"rendered":"Pasta do z\u0119b\u00f3w z w\u0119glem drzewnym"},"content":{"rendered":"<hr data-start=\"200\" data-end=\"203\" \/>\n<h2 data-start=\"205\" data-end=\"276\">Pasta do z\u0119b\u00f3w z w\u0119glem drzewnym \u2013 Naturalne wybielanie z\u0119b\u00f3w z Dabur Herbal 140g<\/h2>\n<h3 data-start=\"278\" data-end=\"321\">Naturalne rozwi\u0105zanie dla ja\u015bniejszego u\u015bmiechu<\/h3>\n<p data-start=\"323\" data-end=\"682\">Szukasz skutecznego i delikatnego sposobu na naturalne wybielanie z\u0119b\u00f3w? <strong data-start=\"395\" data-end=\"456\">Pasta wybielaj\u0105ca Dabur Herbal z aktywnym w\u0119glem drzewnym<\/strong> to doskona\u0142y wyb\u00f3r. Wzbogacona o skuteczne ekstrakty zio\u0142owe i aktywny w\u0119giel drzewny, ta pasta zapewnia <strong data-start=\"565\" data-end=\"625\">g\u0142\u0119bokie czyszczenie, usuwanie plam i d\u0142ugotrwa\u0142\u0105 \u015bwie\u017co\u015b\u0107<\/strong> bez szkodliwych chemikali\u00f3w, takich jak fluor czy parabeny.<\/p>\n<p data-start=\"684\" data-end=\"905\">Niezale\u017cnie od tego, czy zmagasz si\u0119 z za\u017c\u00f3\u0142ceniem od kawy, herbaty, palenia tytoniu czy codziennego \u017cycia, ta pasta pomaga przywr\u00f3ci\u0107 naturaln\u0105 biel Twojego u\u015bmiechu w spos\u00f3b bezpieczny i delikatny \u2013 idealna do codziennego u\u017cytku dla ca\u0142ej rodziny.<\/p>\n<h3 data-start=\"912\" data-end=\"960\">Co czyni past\u0119 z w\u0119glem drzewnym tak skuteczn\u0105?<\/h3>\n<p data-start=\"962\" data-end=\"1232\">Aktywny w\u0119giel drzewny jest znany z <strong data-start=\"1003\" data-end=\"1028\">wysokiej zdolno\u015bci absorpcyjnej<\/strong>, co czyni go kluczowym sk\u0142adnikiem produkt\u00f3w detoksykuj\u0105cych i g\u0142\u0119boko oczyszczaj\u0105cych. W piel\u0119gnacji jamy ustnej w\u0119giel wi\u0105\u017ce si\u0119 z p\u0142ytk\u0105 naz\u0119bn\u0105, cz\u0105stkami jedzenia i powierzchniowymi plamami na z\u0119bach \u2013 pomagaj\u0105c je usun\u0105\u0107 bez uszkadzania szkliwa z\u0119b\u00f3w.<\/p>\n<p data-start=\"1234\" data-end=\"1398\">W po\u0142\u0105czeniu z <strong data-start=\"1246\" data-end=\"1277\">naturalnymi zio\u0142ami antybakteryjnymi<\/strong>, ta pasta wykracza poza wybielanie, <strong data-start=\"1320\" data-end=\"1360\">poprawiaj\u0105c zdrowie dzi\u0105se\u0142 i zapobiegaj\u0105c pr\u00f3chnicy<\/strong>, oraz zapewniaj\u0105c \u015bwie\u017co\u015b\u0107 oddechu przez ca\u0142y dzie\u0144.<\/p>\n<h3 data-start=\"1405\" data-end=\"1457\">G\u0142\u00f3wne zalety pasty do z\u0119b\u00f3w z w\u0119glem drzewnym Dabur Herbal<\/h3>\n<h4 data-start=\"1459\" data-end=\"1491\">\u2714 Naturalne wybielanie z\u0119b\u00f3w<\/h4>\n<p data-start=\"1492\" data-end=\"1623\">W\u0119giel pomaga usuwa\u0107 powierzchniowe plamy i rozja\u015bnia\u0107 z\u0119by, sprawiaj\u0105c, \u017ce u\u015bmiech staje si\u0119 widocznie bielszy bez u\u017cycia \u015brodk\u00f3w wybielaj\u0105cych.<\/p>\n<h4 data-start=\"1625\" data-end=\"1658\">\u2714 Walczy z p\u0142ytk\u0105 naz\u0119bn\u0105 i bakteriami<\/h4>\n<p data-start=\"1659\" data-end=\"1755\">Jej zio\u0142owa formu\u0142a zwalcza bakterie powoduj\u0105ce nieprzyjemny zapach, redukuje nagromadzenie p\u0142ytki naz\u0119bnej i wspiera zdrowie dzi\u0105se\u0142.<\/p>\n<h4 data-start=\"1757\" data-end=\"1793\">\u2714 Bez fluoru, bezpieczna formu\u0142a<\/h4>\n<p data-start=\"1794\" data-end=\"1941\">Wolna od fluoru, paraben\u00f3w i syntetycznych barwnik\u00f3w \u2013 idealna dla os\u00f3b z nadwra\u017cliwo\u015bci\u0105 i tych preferuj\u0105cych naturalny styl \u017cycia.<\/p>\n<h4 data-start=\"1943\" data-end=\"1968\">\u2714 Zio\u0142owa piel\u0119gnacja jamy ustnej<\/h4>\n<p data-start=\"1969\" data-end=\"2093\">Zawiera korzystne zio\u0142a takie jak olejek go\u017adzikowy, mi\u0119ta i cytryna, kt\u00f3re wzmacniaj\u0105 z\u0119by, \u0142agodz\u0105 dzi\u0105s\u0142a i zapewniaj\u0105 od\u015bwie\u017caj\u0105cy smak.<\/p>\n<h4 data-start=\"2095\" data-end=\"2123\">\u2714 Zapobiega nie\u015bwie\u017cemu oddechowi<\/h4>\n<p data-start=\"2124\" data-end=\"2240\">W\u0119giel i zio\u0142a wsp\u00f3lnie zwalczaj\u0105 halitoz\u0119 (nie\u015bwie\u017cy oddech), utrzymuj\u0105c jam\u0119 ustn\u0105 w czysto\u015bci i pewno\u015b\u0107 siebie na wysokim poziomie.<\/p>\n<h4 data-start=\"2242\" data-end=\"2273\">\u2714 Nadaje si\u0119 do codziennego u\u017cytku<\/h4>\n<p data-start=\"2274\" data-end=\"2372\">Bezpieczna i delikatna do stosowania dwa razy dziennie, zapewnia d\u0142ugoterminowe rezultaty bez wywo\u0142ywania nadwra\u017cliwo\u015bci z\u0119b\u00f3w.<\/p>\n<h3 data-start=\"2379\" data-end=\"2419\">Jak stosowa\u0107 past\u0119 do z\u0119b\u00f3w z w\u0119glem drzewnym Dabur<\/h3>\n<ol data-start=\"2421\" data-end=\"2609\">\n<li data-start=\"2421\" data-end=\"2472\">\n<p data-start=\"2424\" data-end=\"2472\"><strong data-start=\"2424\" data-end=\"2452\">Nanie\u015b ilo\u015b\u0107 wielko\u015bci ziarnka grochu<\/strong> na szczoteczk\u0119 do z\u0119b\u00f3w.<\/p>\n<\/li>\n<li data-start=\"2473\" data-end=\"2533\">\n<p data-start=\"2476\" data-end=\"2533\"><strong data-start=\"2476\" data-end=\"2496\">Szczotkuj dok\u0142adnie<\/strong> ruchami okr\u0119\u017cnymi przez 2\u20133 minuty.<\/p>\n<\/li>\n<li data-start=\"2534\" data-end=\"2609\">\n<p data-start=\"2537\" data-end=\"2609\"><strong data-start=\"2537\" data-end=\"2551\">Dok\u0142adnie wyp\u0142ucz<\/strong> i ciesz si\u0119 trwa\u0142\u0105 \u015bwie\u017co\u015bci\u0105 oraz widocznie ja\u015bniejszym u\u015bmiechem.<\/p>\n<\/li>\n<\/ol>\n<p data-start=\"2611\" data-end=\"2690\">Stosuj dwa razy dziennie \u2013 rano i wieczorem \u2013 dla najlepszych efekt\u00f3w wybielaj\u0105cych i oczyszczaj\u0105cych.<\/p>\n<h3 data-start=\"2697\" data-end=\"2719\">Dla kogo jest przeznaczona?<\/h3>\n<ul data-start=\"2721\" data-end=\"3001\">\n<li data-start=\"2721\" data-end=\"2772\">\n<p data-start=\"2723\" data-end=\"2772\">Pij\u0105cy kaw\u0119 i herbat\u0119, kt\u00f3rzy chc\u0105 zredukowa\u0107 plamy<\/p>\n<\/li>\n<li data-start=\"2773\" data-end=\"2826\">\n<p data-start=\"2775\" data-end=\"2826\">Palacze chc\u0105cy naturalnie rozja\u015bni\u0107 z\u0119by<\/p>\n<\/li>\n<li data-start=\"2827\" data-end=\"2883\">\n<p data-start=\"2829\" data-end=\"2883\">Osoby z wra\u017cliwymi z\u0119bami unikaj\u0105ce agresywnych chemikali\u00f3w<\/p>\n<\/li>\n<li data-start=\"2884\" data-end=\"2939\">\n<p data-start=\"2886\" data-end=\"2939\">Osoby dbaj\u0105ce o zdrowie preferuj\u0105ce zio\u0142ow\u0105 piel\u0119gnacj\u0119<\/p>\n<\/li>\n<li data-start=\"2940\" data-end=\"3001\">\n<p data-start=\"2942\" data-end=\"3001\">Doro\u015bli i nastolatki (nie zaleca si\u0119 dla dzieci poni\u017cej 6. roku \u017cycia)<\/p>\n<\/li>\n<\/ul>\n<h3 data-start=\"3316\" data-end=\"3367\">Dlaczego wybra\u0107 past\u0119 wybielaj\u0105c\u0105 z w\u0119glem drzewnym Dabur?<\/h3>\n<p data-start=\"3369\" data-end=\"3686\">Wsparta d\u0142ugoletni\u0105 reputacj\u0105 Dabur w dziedzinie naturalnej opieki zdrowotnej, ta pasta \u0142\u0105czy <strong data-start=\"3458\" data-end=\"3514\">dawne m\u0105dro\u015bci zio\u0142owe z nowoczesnymi wymaganiami higieny jamy ustnej<\/strong>. To wi\u0119cej ni\u017c zwyk\u0142y produkt kosmetyczny \u2013 to kompleksowe rozwi\u0105zanie stomatologiczne wspieraj\u0105ce <strong data-start=\"3606\" data-end=\"3653\">czyste z\u0119by, zdrowe dzi\u0105s\u0142a i \u015bwie\u017cy oddech<\/strong> bez \u017cadnych kompromis\u00f3w w zakresie bezpiecze\u0144stwa.<\/p>\n<p data-start=\"3688\" data-end=\"3845\">Czy zaczynasz dzie\u0144, czy szykujesz si\u0119 na wieczorne wyj\u015bcie, <strong data-start=\"3751\" data-end=\"3802\">Pasta wybielaj\u0105ca Dabur Herbal z w\u0119glem drzewnym<\/strong> pomo\u017ce Ci u\u015bmiecha\u0107 si\u0119 z pewno\u015bci\u0105 siebie \u2013 naturalnie.<\/p>\n<p style=\"text-align: center;\">Dzi\u0119kujemy za zakupy w <em data-start=\"415\" data-end=\"431\"><a href=\"https:\/\/bazaar.express\/pl\/\">Bazaar Express<\/a><\/em> \u2013 z przyjemno\u015bci\u0105 Ci\u0119 obs\u0142ugujemy!<\/p>\n<p style=\"text-align: center;\">Twoja podr\u00f3\u017c ku lepszej samo-piel\u0119gnacji zaczyna si\u0119 tutaj \u2014 z <a href=\"https:\/\/bazaar.express\/product-category\/beauty-care\/\">Urod\u0105 i piel\u0119gnacj\u0105<\/a>, kt\u00f3rym mo\u017cesz zaufa\u0107.<\/p>\n","protected":false},"excerpt":{"rendered":"<h3>Osi\u0105gnij ja\u015bniejszy, \u015bwie\u017cszy u\u015bmiech dzi\u0119ki pa\u015bcie do z\u0119b\u00f3w z w\u0119glem drzewnym Dabur Herbal. Ta 140 g formu\u0142a bez fluoru wykorzystuje aktywny w\u0119giel drzewny i zio\u0142a do wybielania z\u0119b\u00f3w, redukcji p\u0142ytki naz\u0119bnej i pozostawiania czystego, \u015bwie\u017cego oddechu \u2013 bez agresywnych chemikali\u00f3w.<\/h3>\n","protected":false},"featured_media":42914,"comment_status":"open","ping_status":"closed","template":"","meta":[],"product_brand":[],"product_cat":[1192,1199],"product_tag":[1466,1467,1472],"class_list":{"0":"post-42911","1":"product","2":"type-product","3":"status-publish","4":"has-post-thumbnail","6":"product_cat-pielegnacja-urody","7":"product_cat-najlepsze-z-egiptu","8":"product_tag-pielegnacja-skory","9":"product_tag-pielegnacja-urody","10":"product_tag-zdrowotna","12":"first","13":"instock","14":"shipping-taxable","15":"purchasable","16":"product-type-simple"},"_links":{"self":[{"href":"https:\/\/bazaar.express\/pl\/wp-json\/wp\/v2\/product\/42911","targetHints":{"allow":["GET"]}}],"collection":[{"href":"https:\/\/bazaar.express\/pl\/wp-json\/wp\/v2\/product"}],"about":[{"href":"https:\/\/bazaar.express\/pl\/wp-json\/wp\/v2\/types\/product"}],"replies":[{"embeddable":true,"href":"https:\/\/bazaar.express\/pl\/wp-json\/wp\/v2\/comments?post=42911"}],"wp:featuredmedia":[{"embeddable":true,"href":"https:\/\/bazaar.express\/pl\/wp-json\/wp\/v2\/media\/42914"}],"wp:attachment":[{"href":"https:\/\/bazaar.express\/pl\/wp-json\/wp\/v2\/media?parent=42911"}],"wp:term":[{"taxonomy":"product_brand","embeddable":true,"href":"https:\/\/bazaar.express\/pl\/wp-json\/wp\/v2\/product_brand?post=42911"},{"taxonomy":"product_cat","embeddable":true,"href":"https:\/\/bazaar.express\/pl\/wp-json\/wp\/v2\/product_cat?post=42911"},{"taxonomy":"product_tag","embeddable":true,"href":"https:\/\/bazaar.express\/pl\/wp-json\/wp\/v2\/product_tag?post=42911"}],"curies":[{"name":"wp","href":"https:\/\/api.w.org\/{rel}","templated":true}]}}