{"id":42915,"date":"2025-01-27T01:33:40","date_gmt":"2025-01-27T01:33:40","guid":{"rendered":"https:\/\/bazaar.express\/product\/alabaster-candle-2\/"},"modified":"2026-02-06T21:57:46","modified_gmt":"2026-02-06T21:57:46","slug":"alabaster-candle-2","status":"publish","type":"product","link":"https:\/\/bazaar.express\/pl\/produkt\/alabaster-candle-2\/","title":{"rendered":"R\u0119czna \u015bwieca z alabastru"},"content":{"rendered":"<h2 data-start=\"350\" data-end=\"423\">\u015awieca z alabastru: o\u015bwietl swoj\u0105 przestrze\u0144 naturaln\u0105 egipsk\u0105 elegancj\u0105<\/h2>\n<h3 data-start=\"425\" data-end=\"466\">Po\u0142\u0105czenie sztuki, \u015bwiat\u0142a i tradycji<\/h3>\n<p data-start=\"468\" data-end=\"867\">Wprowad\u017a ponadczasowy urok i spokojn\u0105 atmosfer\u0119 do swojego domu dzi\u0119ki naszej <strong data-start=\"534\" data-end=\"563\">r\u0119cznie robionej \u015bwiecy z alabastru<\/strong>. Wykuta z 100% naturalnego egipskiego alabastru, ka\u017cda sztuka odzwierciedla staro\u017cytn\u0105 sztuk\u0119 egipskich rzemie\u015blnik\u00f3w. Ta \u015bwieca robi wi\u0119cej ni\u017c tylko o\u015bwietla pok\u00f3j \u2013 zmienia go. Z jej delikatnie \u015bwiec\u0105cymi odcieniami i misternymi wzorami kamienia przekszta\u0142ca codzienne przestrzenie w sanktuaria spokoju i pi\u0119kna.<\/p>\n<p data-start=\"869\" data-end=\"1041\">Niezale\u017cnie od tego, czy szukasz uspokajaj\u0105cego elementu centralnego czy wyj\u0105tkowego prezentu, \u015bwieca z alabastru to idealne po\u0142\u0105czenie <strong data-start=\"986\" data-end=\"1006\">naturalnego materia\u0142u<\/strong>, tradycji i funkcjonalnego wzornictwa.<\/p>\n<h3 data-start=\"1048\" data-end=\"1083\">Dlaczego wybra\u0107 \u015bwiec\u0119 z alabastru?<\/h3>\n<p data-start=\"1085\" data-end=\"1332\">Wykonana z prawdziwego egipskiego alabastru \u2013 jednego z najbardziej cenionych naturalnych kamieni na \u015bwiecie \u2013 ta \u015bwieca wyr\u00f3\u017cnia si\u0119 form\u0105 i funkcjonalno\u015bci\u0105. Ka\u017cda sztuka jest starannie uformowana i wypolerowana przez do\u015bwiadczonych rzemie\u015blnik\u00f3w, dzi\u0119ki czemu \u017cadne dwie \u015bwiece nie s\u0105 takie same.<\/p>\n<p data-start=\"1334\" data-end=\"1375\"><strong data-start=\"1334\" data-end=\"1375\">G\u0142\u00f3wne zalety \u015bwiecy z alabastru:<\/strong><\/p>\n<ul data-start=\"1377\" data-end=\"1905\">\n<li data-start=\"1377\" data-end=\"1521\">\n<p data-start=\"1379\" data-end=\"1521\"><strong data-start=\"1379\" data-end=\"1415\">Autentyczne egipskie rzemios\u0142o<\/strong><br data-start=\"1415\" data-end=\"1418\" \/>Ka\u017cda \u015bwieca jest r\u0119cznie formowana w Egipcie przy u\u017cyciu tradycyjnych technik przekazywanych przez pokolenia.<\/p>\n<\/li>\n<li data-start=\"1523\" data-end=\"1640\">\n<p data-start=\"1525\" data-end=\"1640\"><strong data-start=\"1525\" data-end=\"1553\">Wysokiej jako\u015bci naturalny materia\u0142<\/strong><br data-start=\"1553\" data-end=\"1556\" \/>Wykonana w 100% z czystego alabastru, znanego z g\u0142adkiej powierzchni i prze\u015bwituj\u0105cego pi\u0119kna.<\/p>\n<\/li>\n<li data-start=\"1642\" data-end=\"1792\">\n<p data-start=\"1644\" data-end=\"1792\"><strong data-start=\"1644\" data-end=\"1669\">Estetyczna wszechstronno\u015b\u0107<\/strong><br data-start=\"1669\" data-end=\"1672\" \/>Dost\u0119pna w <strong data-start=\"1687\" data-end=\"1712\">\u017c\u00f3\u0142tym, czerwonym i niebieskim<\/strong>, te warianty kolorystyczne pasuj\u0105 do nowoczesnych, rustykalnych lub klasycznych aran\u017cacji wn\u0119trz.<\/p>\n<\/li>\n<li data-start=\"1794\" data-end=\"1905\">\n<p data-start=\"1796\" data-end=\"1905\"><strong data-start=\"1796\" data-end=\"1819\">Funkcjonalna elegancja<\/strong><br data-start=\"1819\" data-end=\"1822\" \/>Emituje delikatne, ciep\u0142e \u015bwiat\u0142o idealne do stworzenia romantycznej, przytulnej lub medytacyjnej atmosfery.<\/p>\n<\/li>\n<\/ul>\n<h3 data-start=\"1912\" data-end=\"1942\">Rozmiary i wymiary produktu<\/h3>\n<p data-start=\"1944\" data-end=\"2001\">Oferujemy dwa wszechstronne rozmiary dostosowane do r\u00f3\u017cnych potrzeb dekoracyjnych:<\/p>\n<ul data-start=\"2003\" data-end=\"2182\">\n<li data-start=\"2003\" data-end=\"2089\">\n<p data-start=\"2005\" data-end=\"2089\"><strong data-start=\"2005\" data-end=\"2021\">Du\u017ca \u015bwieca<\/strong><br data-start=\"2021\" data-end=\"2024\" \/>Waga: ~1 kg<br data-start=\"2039\" data-end=\"2042\" \/>Wymiary: 10 cm (wysoko\u015b\u0107) x 10 cm (\u015brednica)<\/p>\n<\/li>\n<li data-start=\"2091\" data-end=\"2182\">\n<p data-start=\"2093\" data-end=\"2182\"><strong data-start=\"2093\" data-end=\"2111\">\u015arednia \u015bwieca<\/strong><br data-start=\"2111\" data-end=\"2114\" \/>Waga: ~530 g<br data-start=\"2134\" data-end=\"2137\" \/>Wymiary: 8 cm (wysoko\u015b\u0107) x 8 cm (\u015brednica)<\/p>\n<\/li>\n<\/ul>\n<p data-start=\"2184\" data-end=\"2291\">Te rozmiary sprawiaj\u0105, \u017ce idealnie nadaj\u0105 si\u0119 na stoliki kawowe, szafki nocne, do spa i o\u015bwietlenia ambientowego w restauracjach.<\/p>\n<h3 data-start=\"2298\" data-end=\"2336\">Warianty kolorystyczne do ka\u017cdego nastroju<\/h3>\n<ul data-start=\"2338\" data-end=\"2573\">\n<li data-start=\"2338\" data-end=\"2415\">\n<p data-start=\"2340\" data-end=\"2415\"><strong data-start=\"2340\" data-end=\"2350\">\u017b\u00f3\u0142ty<\/strong> \u2013 wnosi z\u0142ocisty blask i przytulne ciep\u0142o do ka\u017cdego otoczenia.<\/p>\n<\/li>\n<li data-start=\"2416\" data-end=\"2480\">\n<p data-start=\"2418\" data-end=\"2480\"><strong data-start=\"2418\" data-end=\"2425\">Czerwony<\/strong> \u2013 dodaje energii i romantycznego uroku do Twojej przestrzeni.<\/p>\n<\/li>\n<li data-start=\"2481\" data-end=\"2573\">\n<p data-start=\"2483\" data-end=\"2573\"><strong data-start=\"2483\" data-end=\"2491\">Niebieski<\/strong> \u2013 budzi spok\u00f3j i relaks, idealny do cichych zak\u0105tk\u00f3w lub stref medytacyjnych.<\/p>\n<\/li>\n<\/ul>\n<p data-start=\"2575\" data-end=\"2709\">Odcie\u0144 ka\u017cdej \u015bwiecy pi\u0119knie wsp\u00f3\u0142gra z naturalnymi \u017cy\u0142kami i marmurkowaniem alabastru, czyni\u0105c j\u0105 unikalnym i stylowym elementem dekoracyjnym.<\/p>\n<h3 data-start=\"2716\" data-end=\"2740\">Luksus z my\u015bl\u0105 o \u015brodowisku<\/h3>\n<p data-start=\"2742\" data-end=\"2972\">Nasza \u015bwieca z alabastru jest nie tylko pi\u0119kna, lecz tak\u017ce zr\u00f3wnowa\u017cona. Wybieraj\u0105c produkt z <strong data-start=\"2839\" data-end=\"2856\">naturalnego kamienia<\/strong> r\u0119cznie wykonany, dokonujesz wyboru przyjaznego dla \u015brodowiska, wspieraj\u0105c egipskich rzemie\u015blnik\u00f3w.<\/p>\n<h3 data-start=\"2979\" data-end=\"2993\">Idealna do:<\/h3>\n<ul data-start=\"2995\" data-end=\"3293\">\n<li data-start=\"2995\" data-end=\"3085\">\n<p data-start=\"2997\" data-end=\"3085\"><strong data-start=\"2997\" data-end=\"3020\">Dekoracji wn\u0119trz<\/strong> \u2013 podnie\u015b elegancj\u0119 sypialni, salon\u00f3w i przedpokoi.<\/p>\n<\/li>\n<li data-start=\"3086\" data-end=\"3187\">\n<p data-start=\"3088\" data-end=\"3187\"><strong data-start=\"3088\" data-end=\"3107\">Niezapomnianych prezent\u00f3w<\/strong> \u2013 serdeczny wyb\u00f3r na urodziny, parapet\u00f3wki, rocznice i wesela.<\/p>\n<\/li>\n<li data-start=\"3188\" data-end=\"3293\">\n<p data-start=\"3190\" data-end=\"3293\"><strong data-start=\"3190\" data-end=\"3215\">Profesjonalnej atmosfery<\/strong> \u2013 popraw nastr\u00f3j w eleganckich restauracjach, spa, hotelach lub centrach wellness.<\/p>\n<\/li>\n<\/ul>\n<h3 data-start=\"3300\" data-end=\"3349\">Jak u\u017cywa\u0107 i piel\u0119gnowa\u0107 \u015bwiec\u0119 z alabastru<\/h3>\n<ul data-start=\"3351\" data-end=\"3552\">\n<li data-start=\"3351\" data-end=\"3393\">\n<p data-start=\"3353\" data-end=\"3393\">U\u017cywaj na odpornej na ciep\u0142o i stabilnej powierzchni.<\/p>\n<\/li>\n<li data-start=\"3394\" data-end=\"3462\">\n<p data-start=\"3396\" data-end=\"3462\">Oczy\u015b\u0107 mi\u0119kk\u0105, such\u0105 szmatk\u0105, aby zachowa\u0107 po\u0142ysk kamienia.<\/p>\n<\/li>\n<li data-start=\"3463\" data-end=\"3552\">\n<p data-start=\"3465\" data-end=\"3552\">Do d\u0142u\u017cszego u\u017cytkowania wstaw \u015bwiec\u0119 LED na baterie lub do wielokrotnego nape\u0142niania.<\/p>\n<\/li>\n<\/ul>\n<h2 data-start=\"3876\" data-end=\"3934\">Ko\u0144cowe my\u015bli: celebruj rzemios\u0142o ka\u017cdym blaskiem<\/h2>\n<p data-start=\"3936\" data-end=\"4189\">Ka\u017cda <strong data-start=\"3941\" data-end=\"3961\">\u015bwieca z alabastru<\/strong> to dzie\u0142o sztuki \u2013 <strong data-start=\"3979\" data-end=\"4000\">r\u0119cznie robiona w Egipcie<\/strong> z naturalnego kamienia uformowanego przez tysi\u0105clecia. Jej elegancka obecno\u015b\u0107 czyni j\u0105 czym\u015b wi\u0119cej ni\u017c \u015bwiec\u0105: tematem do rozmowy, symbolem naturalnego luksusu i \u017ar\u00f3d\u0142em koj\u0105cego \u015bwiat\u0142a.<\/p>\n<p data-start=\"4191\" data-end=\"4381\">Niezale\u017cnie, czy dekorujesz dom, dajesz przemy\u015blany prezent czy kreujesz atmosfer\u0119 dla go\u015bci, ta \u015bwieca podnosi ka\u017cd\u0105 przestrze\u0144 delikatnym blaskiem i ponadczasowym urokiem.<\/p>\n<p data-start=\"4383\" data-end=\"4496\"><strong data-start=\"4383\" data-end=\"4413\">Kup teraz w Bazaar Express<\/strong> i sprowad\u017a do domu ciep\u0142\u0105 dusz\u0119 Egiptu \u2013 <strong data-start=\"4452\" data-end=\"4496\">jedn\u0105 r\u0119cznie robion\u0105 \u015bwiec\u0119 z alabastru po drugiej.<\/strong><\/p>\n<p style=\"text-align: center;\">Dzi\u0119kujemy za zakupy w <em data-start=\"415\" data-end=\"431\"><a href=\"https:\/\/bazaar.express\/pl\/\">Bazaar Express<\/a><\/em> \u2013 bardzo si\u0119 cieszymy, \u017ce jeste\u015b z nami!<\/p>\n<p style=\"text-align: center;\">Odkryj urok staro\u017cytnego rzemios\u0142a z nasz\u0105 kolekcj\u0105 <a href=\"https:\/\/bazaar.express\/product-category\/egyptian-treasures\/\">Egyptian Treasures<\/a>.<\/p>\n","protected":false},"excerpt":{"rendered":"<h3 data-start=\"533\" data-end=\"688\">Wykonana w 100% z naturalnego egipskiego alabastru, ta r\u0119cznie robiona \u015bwieca \u0142\u0105czy tradycj\u0119 i elegancj\u0119. Dost\u0119pna w czerwonym, \u017c\u00f3\u0142tym i niebieskim do ka\u017cdego otoczenia.<\/h3>\n","protected":false},"featured_media":42919,"comment_status":"open","ping_status":"closed","template":"","meta":[],"product_brand":[],"product_cat":[1197],"product_tag":[1545,1589],"class_list":{"0":"post-42915","1":"product","2":"type-product","3":"status-publish","4":"has-post-thumbnail","6":"product_cat-egipskie-skarby","7":"product_tag-pamiatki","8":"product_tag-prezenty","10":"first","11":"instock","12":"shipping-taxable","13":"purchasable","14":"product-type-variable"},"_links":{"self":[{"href":"https:\/\/bazaar.express\/pl\/wp-json\/wp\/v2\/product\/42915","targetHints":{"allow":["GET"]}}],"collection":[{"href":"https:\/\/bazaar.express\/pl\/wp-json\/wp\/v2\/product"}],"about":[{"href":"https:\/\/bazaar.express\/pl\/wp-json\/wp\/v2\/types\/product"}],"replies":[{"embeddable":true,"href":"https:\/\/bazaar.express\/pl\/wp-json\/wp\/v2\/comments?post=42915"}],"wp:featuredmedia":[{"embeddable":true,"href":"https:\/\/bazaar.express\/pl\/wp-json\/wp\/v2\/media\/42919"}],"wp:attachment":[{"href":"https:\/\/bazaar.express\/pl\/wp-json\/wp\/v2\/media?parent=42915"}],"wp:term":[{"taxonomy":"product_brand","embeddable":true,"href":"https:\/\/bazaar.express\/pl\/wp-json\/wp\/v2\/product_brand?post=42915"},{"taxonomy":"product_cat","embeddable":true,"href":"https:\/\/bazaar.express\/pl\/wp-json\/wp\/v2\/product_cat?post=42915"},{"taxonomy":"product_tag","embeddable":true,"href":"https:\/\/bazaar.express\/pl\/wp-json\/wp\/v2\/product_tag?post=42915"}],"curies":[{"name":"wp","href":"https:\/\/api.w.org\/{rel}","templated":true}]}}