{"id":42951,"date":"2025-01-26T18:19:50","date_gmt":"2025-01-26T18:19:50","guid":{"rendered":"https:\/\/bazaar.express\/product\/candle-set\/"},"modified":"2026-02-06T21:57:49","modified_gmt":"2026-02-06T21:57:49","slug":"candle-set","status":"publish","type":"product","link":"https:\/\/bazaar.express\/pl\/produkt\/candle-set\/","title":{"rendered":"Zestaw \u015bwiec"},"content":{"rendered":"<h2 data-start=\"225\" data-end=\"311\">Zestaw \u015bwiec \u2013 Lampy i podstawki pod \u015bwiece w kszta\u0142cie czerwonych piramid z alabastru | R\u0119czna egipska dekoracja<\/h2>\n<h3 data-start=\"313\" data-end=\"366\">O\u015bwietl swoj\u0105 przestrze\u0144 histori\u0105 i elegancj\u0105<\/h3>\n<p data-start=\"367\" data-end=\"712\">Wprowad\u017a ponadczasow\u0105 majestatyczno\u015b\u0107 staro\u017cytnego Egiptu do swojego domu dzi\u0119ki <strong data-start=\"435\" data-end=\"479\">Zestawowi lamp i \u015bwiec z czerwonych piramid alabastrowych<\/strong>. R\u0119cznie wykonany w Egipcie przez do\u015bwiadczonych rzemie\u015blnik\u00f3w, ten imponuj\u0105cy trzyelementowy zestaw oddaje ho\u0142d legendarnym Piramidom Giza \u2013 Chufu, Chafre i Menkaure \u2013 jednocze\u015bnie oferuj\u0105c mi\u0119kkie, ciep\u0142e \u015bwiat\u0142o dodaj\u0105ce ciep\u0142a i wyrafinowania ka\u017cdemu pomieszczeniu.<\/p>\n<p data-start=\"714\" data-end=\"991\">Ka\u017cda lampa jest wykonana z wysokiej jako\u015bci czerwonego alabastru, cenionego za subteln\u0105 prze\u017aroczysto\u015b\u0107 i naturalne us\u0142ojenie. Nadaj\u0105 si\u0119 jako o\u015bwietlenie ambientowe, podstawki pod \u015bwiece lub efektowne elementy dekoracyjne \u2013 te lampy w kszta\u0142cie piramid idealnie \u0142\u0105cz\u0105 histori\u0119, rzemios\u0142o i styl.<\/p>\n<h3 data-start=\"998\" data-end=\"1051\">Dlaczego wybra\u0107 Zestaw \u015bwiec z czerwonych piramid alabastrowych?<\/h3>\n<h4 data-start=\"1053\" data-end=\"1096\">Inspirowane majestatem staro\u017cytnego Egiptu<\/h4>\n<p data-start=\"1097\" data-end=\"1305\">Ten zestaw czerpie bezpo\u015brednio z ikonicznej architektury Wielkich Piramid. Jest symbolicznym i artystycznym ho\u0142dem dla jednej z najwi\u0119kszych cywilizacji \u015bwiata, oddaj\u0105cym zar\u00f3wno form\u0119, jak i dziedzictwo kulturowe.<\/p>\n<h4 data-start=\"1307\" data-end=\"1337\">Mi\u0119kkie, ciep\u0142e czerwone \u015bwiat\u0142o<\/h4>\n<p data-start=\"1338\" data-end=\"1507\">Czerwony alabaster emituje ciep\u0142e, atmosferyczne \u015bwiat\u0142o po zapaleniu \u2013 idealne na przytulne wieczory, romantyczne kolacje, przestrzenie duchowe lub po prostu do uatrakcyjnienia aran\u017cacji domu.<\/p>\n<h4 data-start=\"1509\" data-end=\"1548\">R\u0119cznie wykonane przez egipskich rzemie\u015blnik\u00f3w<\/h4>\n<p data-start=\"1549\" data-end=\"1736\">Ka\u017cdy element jest starannie rze\u017abiony r\u0119cznie w Egipcie, czyni\u0105c ka\u017cd\u0105 lamp\u0119 unikatowym dzie\u0142em. Rzemios\u0142o odzwierciedla wieki tradycji rze\u017abienia w kamieniu, przekazywanej z pokolenia na pokolenie.<\/p>\n<h4 data-start=\"1738\" data-end=\"1758\">Wszechstronne zastosowanie<\/h4>\n<p data-start=\"1759\" data-end=\"1979\">U\u017cywaj tych element\u00f3w jako lamp ambientowych, dekoracyjnych rze\u017ab lub podstawek pod \u015bwiece. Nadaj\u0105 si\u0119 do dom\u00f3w, spa, hoteli lub wn\u0119trz o tematyce dziedzictwa. Ich ciep\u0142e \u015bwiat\u0142o i historyczny urok czyni\u0105 je zar\u00f3wno funkcjonalnymi, jak i ozdobnymi.<\/p>\n<h4 data-start=\"1981\" data-end=\"2005\">Idealny pomys\u0142 na prezent<\/h4>\n<p data-start=\"2006\" data-end=\"2148\">Szukasz zapadaj\u0105cego w pami\u0119\u0107 prezentu? Ten zestaw to doskona\u0142y wyb\u00f3r dla mi\u0142o\u015bnik\u00f3w historii, podr\u00f3\u017cy po \u015bwiecie, staro\u017cytnej sztuki lub unikatowej r\u0119kodzie\u0142o do domu.<\/p>\n<h3 data-start=\"2155\" data-end=\"2181\">Specyfikacja produktu<\/h3>\n<h4 data-start=\"2183\" data-end=\"2209\">\ud83d\udd3a Du\u017ca piramida lampa<\/h4>\n<ul data-start=\"2210\" data-end=\"2299\">\n<li data-start=\"2210\" data-end=\"2240\">\n<p data-start=\"2212\" data-end=\"2240\"><strong data-start=\"2212\" data-end=\"2223\">Waga:<\/strong> Ok. 1018 g<\/p>\n<\/li>\n<li data-start=\"2241\" data-end=\"2262\">\n<p data-start=\"2243\" data-end=\"2262\"><strong data-start=\"2243\" data-end=\"2254\">Wysoko\u015b\u0107:<\/strong> 14 cm<\/p>\n<\/li>\n<li data-start=\"2263\" data-end=\"2299\">\n<p data-start=\"2265\" data-end=\"2299\"><strong data-start=\"2265\" data-end=\"2285\">Wymiary podstawy:<\/strong> 13 cm x 13 cm<\/p>\n<\/li>\n<\/ul>\n<h4 data-start=\"2301\" data-end=\"2328\">\ud83d\udd3a \u015arednia piramida lampa<\/h4>\n<ul data-start=\"2329\" data-end=\"2417\">\n<li data-start=\"2329\" data-end=\"2358\">\n<p data-start=\"2331\" data-end=\"2358\"><strong data-start=\"2331\" data-end=\"2342\">Waga:<\/strong> Ok. 584 g<\/p>\n<\/li>\n<li data-start=\"2359\" data-end=\"2380\">\n<p data-start=\"2361\" data-end=\"2380\"><strong data-start=\"2361\" data-end=\"2372\">Wysoko\u015b\u0107:<\/strong> 12 cm<\/p>\n<\/li>\n<li data-start=\"2381\" data-end=\"2417\">\n<p data-start=\"2383\" data-end=\"2417\"><strong data-start=\"2383\" data-end=\"2403\">Wymiary podstawy:<\/strong> 10 cm x 10 cm<\/p>\n<\/li>\n<\/ul>\n<h4 data-start=\"2419\" data-end=\"2445\">\ud83d\udd3a Ma\u0142a piramida lampa<\/h4>\n<ul data-start=\"2446\" data-end=\"2605\">\n<li data-start=\"2446\" data-end=\"2475\">\n<p data-start=\"2448\" data-end=\"2475\"><strong data-start=\"2448\" data-end=\"2459\">Waga:<\/strong> Ok. 395 g<\/p>\n<\/li>\n<li data-start=\"2476\" data-end=\"2497\">\n<p data-start=\"2478\" data-end=\"2497\"><strong data-start=\"2478\" data-end=\"2489\">Wysoko\u015b\u0107:<\/strong> 10 cm<\/p>\n<\/li>\n<li data-start=\"2498\" data-end=\"2532\">\n<p data-start=\"2500\" data-end=\"2532\"><strong data-start=\"2500\" data-end=\"2520\">Wymiary podstawy:<\/strong> 9 cm x 9 cm<\/p>\n<\/li>\n<li data-start=\"2534\" data-end=\"2575\">\n<p data-start=\"2536\" data-end=\"2575\"><strong data-start=\"2536\" data-end=\"2549\">Materia\u0142:<\/strong> Naturalny kamie\u0144 alabastrowy<\/p>\n<\/li>\n<li data-start=\"2576\" data-end=\"2605\">\n<p data-start=\"2578\" data-end=\"2605\"><strong data-start=\"2578\" data-end=\"2594\">R\u0119cznie wykonane w:<\/strong> Egipt \ud83c\uddea\ud83c\uddec<\/p>\n<\/li>\n<\/ul>\n<h3 data-start=\"2872\" data-end=\"2912\">Wprowad\u017a staro\u017cytny Egipt do swojego domu<\/h3>\n<p data-start=\"2913\" data-end=\"3237\"><strong data-start=\"2917\" data-end=\"2961\">Zestaw lamp i \u015bwiec z czerwonych piramid alabastrowych<\/strong> to co\u015b wi\u0119cej ni\u017c dekoracja domu \u2013 to kawa\u0142ek historii, kt\u00f3ry mo\u017cesz trzyma\u0107 w r\u0119ku. Dodaj go do swojego domu, aby cieszy\u0107 si\u0119 delikatnym \u015bwiat\u0142em i kulturowym urokiem r\u0119cznie wykonanej egipskiej sztuki. Niezale\u017cnie od tego, czy dla siebie, czy jako przemy\u015blany prezent, ten zestaw wnosi elegancj\u0119, ciep\u0142o i staro\u017cytne pi\u0119kno do ka\u017cdej przestrzeni.<\/p>\n<p data-start=\"3239\" data-end=\"3305\"><strong data-start=\"3239\" data-end=\"3305\">Zam\u00f3w teraz i o\u015bwietl sw\u00f3j dom dziedzictwem faraon\u00f3w.<\/strong><\/p>\n<p style=\"text-align: center;\">Dzi\u0119kujemy za zakupy w <em data-start=\"415\" data-end=\"431\"><a href=\"https:\/\/bazaar.express\/pl\/\">Bazaar Express<\/a><\/em> \u2013 cieszymy si\u0119, \u017ce jeste\u015b z nami!<\/p>\n<p style=\"text-align: center;\">Odkryj urok staro\u017cytnej sztuki z nasz\u0105 kolekcj\u0105 <a href=\"https:\/\/bazaar.express\/product-category\/egyptian-treasures\/\">Egipskich Skarb\u00f3w<\/a>.<\/p>\n","protected":false},"excerpt":{"rendered":"<h3 data-start=\"477\" data-end=\"712\"><strong data-start=\"477\" data-end=\"502\">Mi\u0142o\u015bnicy \u015bwiec, radujcie si\u0119<\/strong> \u2013 ten Zestaw \u015bwiec z czerwonych piramid alabastrowych to co\u015b wi\u0119cej ni\u017c o\u015bwietlenie; to ho\u0142d dla dziedzictwa Egiptu. R\u0119cznie wykonany z \u015bwiec\u0105cego czerwonego alabastru, ka\u017cda cz\u0119\u015b\u0107 o\u015bwietla Twoj\u0105 przestrze\u0144 ciep\u0142em, urokiem i historycznym pi\u0119knem.<\/h3>\n","protected":false},"featured_media":42955,"comment_status":"open","ping_status":"closed","template":"","meta":[],"product_brand":[],"product_cat":[1197],"product_tag":[1545,1589],"class_list":{"0":"post-42951","1":"product","2":"type-product","3":"status-publish","4":"has-post-thumbnail","6":"product_cat-egipskie-skarby","7":"product_tag-pamiatki","8":"product_tag-prezenty","10":"first","11":"instock","12":"shipping-taxable","13":"purchasable","14":"product-type-simple"},"_links":{"self":[{"href":"https:\/\/bazaar.express\/pl\/wp-json\/wp\/v2\/product\/42951","targetHints":{"allow":["GET"]}}],"collection":[{"href":"https:\/\/bazaar.express\/pl\/wp-json\/wp\/v2\/product"}],"about":[{"href":"https:\/\/bazaar.express\/pl\/wp-json\/wp\/v2\/types\/product"}],"replies":[{"embeddable":true,"href":"https:\/\/bazaar.express\/pl\/wp-json\/wp\/v2\/comments?post=42951"}],"wp:featuredmedia":[{"embeddable":true,"href":"https:\/\/bazaar.express\/pl\/wp-json\/wp\/v2\/media\/42955"}],"wp:attachment":[{"href":"https:\/\/bazaar.express\/pl\/wp-json\/wp\/v2\/media?parent=42951"}],"wp:term":[{"taxonomy":"product_brand","embeddable":true,"href":"https:\/\/bazaar.express\/pl\/wp-json\/wp\/v2\/product_brand?post=42951"},{"taxonomy":"product_cat","embeddable":true,"href":"https:\/\/bazaar.express\/pl\/wp-json\/wp\/v2\/product_cat?post=42951"},{"taxonomy":"product_tag","embeddable":true,"href":"https:\/\/bazaar.express\/pl\/wp-json\/wp\/v2\/product_tag?post=42951"}],"curies":[{"name":"wp","href":"https:\/\/api.w.org\/{rel}","templated":true}]}}