{"id":42958,"date":"2025-01-26T18:00:23","date_gmt":"2025-01-26T18:00:23","guid":{"rendered":"https:\/\/bazaar.express\/product\/candle-set-2\/"},"modified":"2026-02-06T21:57:50","modified_gmt":"2026-02-06T21:57:50","slug":"candle-set-2","status":"publish","type":"product","link":"https:\/\/bazaar.express\/pl\/produkt\/candle-set-2\/","title":{"rendered":"Zestaw \u015bwiec"},"content":{"rendered":"<h2 data-start=\"301\" data-end=\"367\"><strong>Zestaw \u015bwiec \u2013 Niebieskie alabastrowe lampy-piramidy r\u0119cznie robione w Egipcie<\/strong><\/h2>\n<h3 data-start=\"369\" data-end=\"424\">Wprowad\u017a staro\u017cytne pi\u0119kno i nowoczesne ciep\u0142o do swojego domu<\/h3>\n<p data-start=\"426\" data-end=\"872\">Ozd\u00f3b swoje wn\u0119trze <strong data-start=\"457\" data-end=\"495\">zestawem \u015bwiec z niebieskiego alabastru w kszta\u0142cie piramid<\/strong> \u2013 r\u0119cznie wykonan\u0105 kolekcj\u0105 eleganckich lamp-piramid inspirowanych legendarnymi piramidami Gizy. Zaprojektowane tak, by odzwierciedla\u0107 architektoniczn\u0105 genialno\u015b\u0107 Chufu, Chafre i Menkaure, te wyj\u0105tkowe lampy na \u015bwiece \u0142\u0105cz\u0105 dziedzictwo kulturowe z ponadczasow\u0105 elegancj\u0105. \u015awietne jako o\u015bwietlenie ambientowe lub efektowna ozdoba sto\u0142u \u2013 dodaj\u0105 ciep\u0142a, wyrafinowania i historii ka\u017cdemu pomieszczeniu.<\/p>\n<h3 data-start=\"874\" data-end=\"921\">R\u0119cznie wykonane z autentycznego egipskiego alabastru<\/h3>\n<p data-start=\"923\" data-end=\"1231\">Wprawni egipscy rzemie\u015blnicy precyzyjnie rze\u017abi\u0105 ka\u017cd\u0105 piramid\u0119 z wysokiej jako\u015bci <strong data-start=\"994\" data-end=\"1012\">niebieskiego alabastru<\/strong> \u2013 p\u00f3\u0142przezroczystego kamienia cenionego za delikatny blask i naturalne wzory. Gdy zapalisz \u015bwiec\u0119 w \u015brodku, wydobywa si\u0119 koj\u0105ce \u015bwiat\u0142o ambientowe, kt\u00f3re natychmiast ociepla przestrze\u0144 i podkre\u015bla unikalne us\u0142ojenie kamienia.<\/p>\n<h3 data-start=\"1233\" data-end=\"1281\">Dlaczego wybra\u0107 zestaw lamp-piramid na \u015bwiece z niebieskiego alabastru?<\/h3>\n<ul data-start=\"1283\" data-end=\"1939\">\n<li data-start=\"1283\" data-end=\"1408\">\n<p data-start=\"1285\" data-end=\"1408\"><strong data-start=\"1285\" data-end=\"1319\">Inspirowane piramidami w Gizie:<\/strong> Te \u015bwieczniki oddaj\u0105 majestatyczn\u0105 form\u0119 najbardziej ikonicznych staro\u017cytnych zabytk\u00f3w Egiptu.<\/p>\n<\/li>\n<li data-start=\"1409\" data-end=\"1533\">\n<p data-start=\"1411\" data-end=\"1533\"><strong data-start=\"1411\" data-end=\"1439\">Autentyczne rzemios\u0142o:<\/strong> Ka\u017cdy egzemplarz jest r\u0119cznie robiony w Egipcie przez rzemie\u015blnik\u00f3w z wieloletni\u0105 tradycj\u0105 rze\u017abienia w alabastrze.<\/p>\n<\/li>\n<li data-start=\"1534\" data-end=\"1693\">\n<p data-start=\"1536\" data-end=\"1693\"><strong data-start=\"1536\" data-end=\"1567\">Wielofunkcyjne o\u015bwietlenie i dekoracja:<\/strong> Idealne jako \u015bwieczniki, lampy akcentuj\u0105ce lub dekoracje do salon\u00f3w, sypialni, biur czy na specjalne okazje.<\/p>\n<\/li>\n<li data-start=\"1694\" data-end=\"1817\">\n<p data-start=\"1696\" data-end=\"1817\"><strong data-start=\"1696\" data-end=\"1717\">Elegancki niebieski odcie\u0144:<\/strong> Delikatny niebieski kolor wnosi spok\u00f3j i urok, pasuj\u0105c do wn\u0119trz wsp\u00f3\u0142czesnych i tradycyjnych.<\/p>\n<\/li>\n<li data-start=\"1818\" data-end=\"1939\">\n<p data-start=\"1820\" data-end=\"1939\"><strong data-start=\"1820\" data-end=\"1841\">Pomys\u0142 na wyj\u0105tkowy prezent:<\/strong> Doskona\u0142y upominek dla mi\u0142o\u015bnik\u00f3w historii, kultury egipskiej, wyrafinowanych dekoracji lub r\u0119kodzie\u0142a o\u015bwietleniowego.<\/p>\n<\/li>\n<\/ul>\n<h3 data-start=\"1941\" data-end=\"1967\">Specyfikacja produktu<\/h3>\n<h4 data-start=\"1969\" data-end=\"2000\">Du\u017ca piramidowa lampa na \u015bwiec\u0119:<\/h4>\n<ul data-start=\"2001\" data-end=\"2087\">\n<li data-start=\"2001\" data-end=\"2031\">\n<p data-start=\"2003\" data-end=\"2031\"><strong data-start=\"2003\" data-end=\"2022\">Przybli\u017cona waga:<\/strong> 1023 g<\/p>\n<\/li>\n<li data-start=\"2032\" data-end=\"2053\">\n<p data-start=\"2034\" data-end=\"2053\"><strong data-start=\"2034\" data-end=\"2045\">Wysoko\u015b\u0107:<\/strong> 14 cm<\/p>\n<\/li>\n<li data-start=\"2054\" data-end=\"2087\">\n<p data-start=\"2056\" data-end=\"2087\"><strong data-start=\"2056\" data-end=\"2071\">Wymiary:<\/strong> 13 cm x 13 cm<\/p>\n<\/li>\n<\/ul>\n<h4 data-start=\"2089\" data-end=\"2121\">\u015arednia piramidowa lampa na \u015bwiec\u0119:<\/h4>\n<ul data-start=\"2122\" data-end=\"2207\">\n<li data-start=\"2122\" data-end=\"2151\">\n<p data-start=\"2124\" data-end=\"2151\"><strong data-start=\"2124\" data-end=\"2143\">Przybli\u017cona waga:<\/strong> 509 g<\/p>\n<\/li>\n<li data-start=\"2152\" data-end=\"2173\">\n<p data-start=\"2154\" data-end=\"2173\"><strong data-start=\"2154\" data-end=\"2165\">Wysoko\u015b\u0107:<\/strong> 12 cm<\/p>\n<\/li>\n<li data-start=\"2174\" data-end=\"2207\">\n<p data-start=\"2176\" data-end=\"2207\"><strong data-start=\"2176\" data-end=\"2191\">Wymiary:<\/strong> 10 cm x 10 cm<\/p>\n<\/li>\n<\/ul>\n<h4 data-start=\"2209\" data-end=\"2240\">Ma\u0142a piramidowa lampa na \u015bwiec\u0119:<\/h4>\n<ul data-start=\"2241\" data-end=\"2401\">\n<li data-start=\"2241\" data-end=\"2270\">\n<p data-start=\"2243\" data-end=\"2270\"><strong data-start=\"2243\" data-end=\"2262\">Przybli\u017cona waga:<\/strong> 415 g<\/p>\n<\/li>\n<li data-start=\"2271\" data-end=\"2292\">\n<p data-start=\"2273\" data-end=\"2292\"><strong data-start=\"2273\" data-end=\"2284\">Wysoko\u015b\u0107:<\/strong> 10 cm<\/p>\n<\/li>\n<li data-start=\"2293\" data-end=\"2324\">\n<p data-start=\"2295\" data-end=\"2324\"><strong data-start=\"2295\" data-end=\"2310\">Wymiary:<\/strong> 9 cm x 9 cm<\/p>\n<\/li>\n<li data-start=\"2326\" data-end=\"2367\">\n<p data-start=\"2328\" data-end=\"2367\"><strong data-start=\"2328\" data-end=\"2341\">Materia\u0142:<\/strong> Naturalny kamie\u0144 alabastrowy<\/p>\n<\/li>\n<li data-start=\"2368\" data-end=\"2401\">\n<p data-start=\"2370\" data-end=\"2401\"><strong data-start=\"2370\" data-end=\"2381\">Pochodzenie:<\/strong> R\u0119cznie robione w Egipcie<\/p>\n<\/li>\n<\/ul>\n<h3 data-start=\"2403\" data-end=\"2465\">\u015awiat\u0142o \u015bwiec z histori\u0105 \u2013 wyraz sztuki i atmosfery<\/h3>\n<p data-start=\"2467\" data-end=\"2799\"><strong data-start=\"2471\" data-end=\"2508\">Zestaw \u015bwiec z niebieskiego alabastru w kszta\u0142cie piramid<\/strong> to co\u015b wi\u0119cej ni\u017c o\u015bwietlenie \u2013 to transformacja. Gdy \u015bwiat\u0142o \u015bwiecy prze\u015bwieca przez r\u0119cznie rze\u017abiony kamie\u0144, poczujesz wi\u0119\u017a z bogat\u0105 przesz\u0142o\u015bci\u0105 Egiptu. Wy\u015bwietlane pojedynczo lub w zestawie, te lampy tworz\u0105 niezapomnian\u0105 atmosfer\u0119 \u0142\u0105cz\u0105c\u0105 luksus, rzemios\u0142o i g\u0142\u0119bi\u0119 kulturow\u0105.<\/p>\n<h3 data-start=\"156\" data-end=\"206\"><strong data-start=\"160\" data-end=\"206\">\u015awiat\u0142o \u015bwiec \u0142\u0105cz\u0105ce przesz\u0142o\u015b\u0107 i tera\u017aniejszo\u015b\u0107<\/strong><\/h3>\n<p data-start=\"208\" data-end=\"573\">Wprowad\u017a ponadczasowy urok do swojej przestrzeni dzi\u0119ki <strong data-start=\"254\" data-end=\"291\">zestawowi \u015bwiec z niebieskiego alabastru w kszta\u0142cie piramid<\/strong> \u2013 r\u0119cznie wykonanemu ho\u0142dowi dla chwalebnej przesz\u0142o\u015bci Egiptu i pi\u0119kny dodatek do nowoczesnych wn\u0119trz. Je\u015bli cenisz wyrafinowany design, ambientowe o\u015bwietlenie lub kolekcje kulturowe, ten unikalny zestaw oferuje elegancj\u0119, ciep\u0142o i histori\u0119 w jednej stylowej oprawie.<\/p>\n<p data-start=\"575\" data-end=\"737\">Nie przegap okazji posiadania r\u0119cznie robionej egipskiej sztuki.<br data-start=\"637\" data-end=\"640\" \/><strong data-start=\"640\" data-end=\"679\">Zam\u00f3w sw\u00f3j zestaw \u015bwiec-piramid ju\u017c dzi\u015b<\/strong> i pozw\u00f3l, by tw\u00f3j dom rozb\u0142ysn\u0105\u0142 duchem staro\u017cytnego pi\u0119kna.<\/p>\n<p style=\"text-align: center;\">Dzi\u0119kujemy za zakupy w <em data-start=\"415\" data-end=\"431\"><a href=\"https:\/\/bazaar.express\/pl\/\">Bazaar Express<\/a><\/em> \u2013 cieszymy si\u0119, \u017ce jeste\u015b z nami!<\/p>\n<p style=\"text-align: center;\">Odkryj urok staro\u017cytnej sztuki w naszej kolekcji <a href=\"https:\/\/bazaar.express\/product-category\/egyptian-treasures\/\">Egipskie skarby<\/a>.<\/p>\n","protected":false},"excerpt":{"rendered":"<h3 data-start=\"418\" data-end=\"673\">O\u015bwietl sw\u00f3j dom zestawem \u015bwiec z niebieskiego alabastru w kszta\u0142cie piramid \u2013 r\u0119cznie robionym w Egipcie i inspirowanym ikonicznymi piramidami Gizy. Wykonane z naturalnego niebieskiego alabastru, te \u015bwieczniki rzucaj\u0105 ciep\u0142e, ambientowe \u015bwiat\u0142o \u0142\u0105cz\u0105ce staro\u017cytny urok z nowoczesnym stylem.<\/h3>\n","protected":false},"featured_media":42964,"comment_status":"open","ping_status":"closed","template":"","meta":[],"product_brand":[],"product_cat":[1197],"product_tag":[1545,1589],"class_list":{"0":"post-42958","1":"product","2":"type-product","3":"status-publish","4":"has-post-thumbnail","6":"product_cat-egipskie-skarby","7":"product_tag-pamiatki","8":"product_tag-prezenty","10":"first","11":"instock","12":"shipping-taxable","13":"purchasable","14":"product-type-simple"},"_links":{"self":[{"href":"https:\/\/bazaar.express\/pl\/wp-json\/wp\/v2\/product\/42958","targetHints":{"allow":["GET"]}}],"collection":[{"href":"https:\/\/bazaar.express\/pl\/wp-json\/wp\/v2\/product"}],"about":[{"href":"https:\/\/bazaar.express\/pl\/wp-json\/wp\/v2\/types\/product"}],"replies":[{"embeddable":true,"href":"https:\/\/bazaar.express\/pl\/wp-json\/wp\/v2\/comments?post=42958"}],"wp:featuredmedia":[{"embeddable":true,"href":"https:\/\/bazaar.express\/pl\/wp-json\/wp\/v2\/media\/42964"}],"wp:attachment":[{"href":"https:\/\/bazaar.express\/pl\/wp-json\/wp\/v2\/media?parent=42958"}],"wp:term":[{"taxonomy":"product_brand","embeddable":true,"href":"https:\/\/bazaar.express\/pl\/wp-json\/wp\/v2\/product_brand?post=42958"},{"taxonomy":"product_cat","embeddable":true,"href":"https:\/\/bazaar.express\/pl\/wp-json\/wp\/v2\/product_cat?post=42958"},{"taxonomy":"product_tag","embeddable":true,"href":"https:\/\/bazaar.express\/pl\/wp-json\/wp\/v2\/product_tag?post=42958"}],"curies":[{"name":"wp","href":"https:\/\/api.w.org\/{rel}","templated":true}]}}