{"id":42992,"date":"2025-01-25T23:15:15","date_gmt":"2025-01-25T23:15:15","guid":{"rendered":"https:\/\/bazaar.express\/product\/vase-3\/"},"modified":"2026-02-06T21:57:53","modified_gmt":"2026-02-06T21:57:53","slug":"vase-3","status":"publish","type":"product","link":"https:\/\/bazaar.express\/pl\/produkt\/vase-3\/","title":{"rendered":"Wazony"},"content":{"rendered":"<h2 data-start=\"268\" data-end=\"330\">Wazon ponadczasowej egipskiej elegancji \u2013 r\u0119czna sztuka z alabastru<\/h2>\n<h3 data-start=\"332\" data-end=\"395\">Odkryj pi\u0119kno r\u0119cznie wykonanych egipskich wazon\u00f3w z alabastru<\/h3>\n<p data-start=\"397\" data-end=\"790\">Wprowad\u017a ducha staro\u017cytnego Egiptu do swojego domu dzi\u0119ki temu <strong data-start=\"456\" data-end=\"483\">r\u0119cznie wykonanemu wazonowi z alabastru<\/strong>, niepowtarzalnemu dzie\u0142u sztuki wyrze\u017abionemu przez wprawionych egipskich rzemie\u015blnik\u00f3w. Wykonany w 100% z naturalnego kamienia alabastrowego, ka\u017cdy wazon to prawdziwe arcydzie\u0142o \u2013 stworzone z precyzj\u0105, histori\u0105 i dum\u0105. Niewa\u017cne, czy u\u017cyjesz go jako centralnego elementu, prezentu czy dekoracji, ten elegancki wazon doda ponadczasowego wyrafinowania ka\u017cdemu wn\u0119trzu.<\/p>\n<h3 data-start=\"792\" data-end=\"833\">Dziedzictwo rzemios\u0142a i kultury<\/h3>\n<p data-start=\"835\" data-end=\"1225\">S\u0142owo \u201ealabaster\u201d pochodzi ze staroegipskiego miasta <strong data-start=\"896\" data-end=\"910\">Alabastron<\/strong>, gdzie po raz pierwszy wydobywano ten pi\u0119kny prze\u015bwituj\u0105cy kamie\u0144. U\u017cywany od czas\u00f3w faraon\u00f3w, alabaster ceniono za g\u0142adk\u0105 faktur\u0119 i ciep\u0142y blask. Dzi\u015b rzemie\u015blnicy w pobli\u017cu <strong data-start=\"1087\" data-end=\"1110\">Doliny Kr\u00f3l\u00f3w<\/strong> kontynuuj\u0105 t\u0119 wiekow\u0105 tradycj\u0119, przekszta\u0142caj\u0105c surowy kamie\u0144 w osza\u0142amiaj\u0105ce wazony zachowuj\u0105ce artystyczne dziedzictwo Egiptu.<\/p>\n<p data-start=\"1227\" data-end=\"1431\">Ka\u017cdy wazon jest r\u0119cznie rze\u017abiony i polerowany przez kilka dni, co podkre\u015bla unikalne naturalne \u017cy\u0142y i wariacje kolorystyczne kamienia. \u017baden dwa nie s\u0105 takie same \u2013 Tw\u00f3j wazon jest r\u00f3wnie wyj\u0105tkowy jak historia, kt\u00f3r\u0105 reprezentuje.<\/p>\n<h3 data-start=\"1433\" data-end=\"1468\">Dlaczego wybra\u0107 ten wazon z alabastru?<\/h3>\n<ul data-start=\"1470\" data-end=\"2084\">\n<li data-start=\"1470\" data-end=\"1594\">\n<p data-start=\"1472\" data-end=\"1594\"><strong data-start=\"1472\" data-end=\"1505\">100% naturalny kamie\u0144 alabastrowy:<\/strong> Odpowiednio pozyskany z g\u00f3r Egiptu i wykonany bez syntetycznych materia\u0142\u00f3w.<\/p>\n<\/li>\n<li data-start=\"1595\" data-end=\"1730\">\n<p data-start=\"1597\" data-end=\"1730\"><strong data-start=\"1597\" data-end=\"1624\">Autentycznie r\u0119cznie robiony:<\/strong> Ka\u017cdy egzemplarz rze\u017abiony r\u0119cznie tradycyjnymi metodami przekazywanymi przez pokolenia egipskich rzemie\u015blnik\u00f3w.<\/p>\n<\/li>\n<li data-start=\"1731\" data-end=\"1844\">\n<p data-start=\"1733\" data-end=\"1844\"><strong data-start=\"1733\" data-end=\"1756\">Niepowtarzalnie pi\u0119kny:<\/strong> Naturalne pasma i wiry alabastru czyni\u0105 ka\u017cdy wazon indywidualnym dzie\u0142em sztuki.<\/p>\n<\/li>\n<li data-start=\"1845\" data-end=\"1979\">\n<p data-start=\"1847\" data-end=\"1979\"><strong data-start=\"1847\" data-end=\"1875\">Dekoracyjny &#038; funkcjonalny:<\/strong> U\u017cyj go do bukiet\u00f3w kwiatowych, jako rze\u017abiarskiego centralnego punktu lub by podnie\u015b\u0107 aran\u017cacj\u0119 wn\u0119trz.<\/p>\n<\/li>\n<li data-start=\"1980\" data-end=\"2084\">\n<p data-start=\"1982\" data-end=\"2084\"><strong data-start=\"1982\" data-end=\"2009\">Historia w ka\u017cdej krzywiznie:<\/strong> To nie tylko wazon \u2013 to o\u017cywiony fragment dziedzictwa kulturowego.<\/p>\n<\/li>\n<\/ul>\n<h3 data-start=\"2086\" data-end=\"2145\">Dost\u0119pne rozmiary \u2013 wybierz idealny do swojej przestrzeni<\/h3>\n<div class=\"_tableContainer_16hzy_1\">\n<div class=\"_tableWrapper_16hzy_14 group flex w-fit flex-col-reverse\" tabindex=\"-1\">\n<table class=\"w-fit min-w-(--thread-content-width)\" data-start=\"2147\" data-end=\"2482\">\n<thead data-start=\"2147\" data-end=\"2194\">\n<tr data-start=\"2147\" data-end=\"2194\">\n<th data-start=\"2147\" data-end=\"2167\" data-col-size=\"sm\">Rozmiar<\/th>\n<th data-start=\"2167\" data-end=\"2184\" data-col-size=\"sm\">Przybli\u017cona waga<\/th>\n<th data-start=\"2184\" data-end=\"2194\" data-col-size=\"sm\">Wysoko\u015b\u0107<\/th>\n<\/tr>\n<\/thead>\n<tbody data-start=\"2243\" data-end=\"2482\">\n<tr data-start=\"2243\" data-end=\"2290\">\n<td data-start=\"2243\" data-end=\"2263\" data-col-size=\"sm\">Bardzo du\u017cy<\/td>\n<td data-start=\"2263\" data-end=\"2280\" data-col-size=\"sm\">2495 g<\/td>\n<td data-start=\"2280\" data-end=\"2290\" data-col-size=\"sm\">25 cm<\/td>\n<\/tr>\n<tr data-start=\"2291\" data-end=\"2338\">\n<td data-start=\"2291\" data-end=\"2311\" data-col-size=\"sm\">Du\u017cy<\/td>\n<td data-start=\"2311\" data-end=\"2328\" data-col-size=\"sm\">1380 g<\/td>\n<td data-start=\"2328\" data-end=\"2338\" data-col-size=\"sm\">20 cm<\/td>\n<\/tr>\n<tr data-start=\"2339\" data-end=\"2386\">\n<td data-start=\"2339\" data-end=\"2359\" data-col-size=\"sm\">\u015aredni szeroki<\/td>\n<td data-start=\"2359\" data-end=\"2376\" data-col-size=\"sm\">832 g<\/td>\n<td data-start=\"2376\" data-end=\"2386\" data-col-size=\"sm\">14 cm<\/td>\n<\/tr>\n<tr data-start=\"2387\" data-end=\"2434\">\n<td data-start=\"2387\" data-end=\"2407\" data-col-size=\"sm\">\u015aredni smuk\u0142y<\/td>\n<td data-start=\"2407\" data-end=\"2424\" data-col-size=\"sm\">590 g<\/td>\n<td data-start=\"2424\" data-end=\"2434\" data-col-size=\"sm\">14 cm<\/td>\n<\/tr>\n<tr data-start=\"2435\" data-end=\"2482\">\n<td data-start=\"2435\" data-end=\"2455\" data-col-size=\"sm\">Ma\u0142y<\/td>\n<td data-start=\"2455\" data-end=\"2472\" data-col-size=\"sm\">365 g<\/td>\n<td data-start=\"2472\" data-end=\"2482\" data-col-size=\"sm\">12 cm<\/td>\n<\/tr>\n<\/tbody>\n<\/table>\n<div class=\"sticky end-(--thread-content-margin) h-0 self-end select-none\">\n<div class=\"absolute end-0 flex items-end\"><\/div>\n<\/div>\n<\/div>\n<\/div>\n<p data-start=\"2484\" data-end=\"2612\">Niezale\u017cnie od tego, czy na p\u00f3\u0142ce, kominku czy biurku, ten wazon tworzy punkt przyci\u0105gaj\u0105cy wzrok, \u0142\u0105cz\u0105cy naturaln\u0105 elegancj\u0119 z g\u0142\u0119bi\u0105 kultury.<\/p>\n<h3 data-start=\"2614\" data-end=\"2645\">Idealny prezent na ka\u017cd\u0105 okazj\u0119<\/h3>\n<p data-start=\"2647\" data-end=\"2951\">Szukasz <strong data-start=\"2661\" data-end=\"2691\">przemy\u015blanego i unikatowego prezentu<\/strong>? Ten wazon z alabastru to doskona\u0142y upominek na wesela, parapet\u00f3wki, rocznice czy ka\u017cd\u0105 okazj\u0119 zas\u0142uguj\u0105c\u0105 na co\u015b wyj\u0105tkowego. Elegancki, wszechstronny i przesi\u0105kni\u0119ty dziedzictwem \u2013 \u015bwiadomy wyb\u00f3r dla mi\u0142o\u015bnik\u00f3w jako\u015bci i sztuki.<\/p>\n<h2 data-start=\"3470\" data-end=\"3503\">Wple\u0107 histori\u0119 w swoje wn\u0119trze<\/h2>\n<p data-start=\"3505\" data-end=\"3755\">Niech Tw\u00f3j dom opowiada histori\u0119 dzi\u0119ki temu r\u0119cznie wykonanemu egipskiemu wazonowi z alabastru. Ka\u017cdy detal odzwierciedla wieki tradycji i rzemios\u0142a. Dodaj go do aran\u017cacji ju\u017c dzi\u015b i wprowad\u017a ciep\u0142o, urok oraz autentyczno\u015b\u0107 staro\u017cytnego Egiptu do nowoczesnego \u017cycia.<\/p>\n<p style=\"text-align: center;\">Dzi\u0119kujemy za zakupy w <em data-start=\"415\" data-end=\"431\"><a href=\"https:\/\/bazaar.express\/pl\/\">Bazaar Express<\/a><\/em> \u2013 cieszymy si\u0119, \u017ce jeste\u015b z nami!<\/p>\n<p style=\"text-align: center;\">Odkryj urok staro\u017cytnej sztuki z nasz\u0105 kolekcj\u0105 <a href=\"https:\/\/bazaar.express\/product-category\/egyptian-treasures\/\">Egipskich Skarb\u00f3w<\/a>.<\/p>\n","protected":false},"excerpt":{"rendered":"<h3>Podnie\u015b poziom aran\u017cacji dzi\u0119ki r\u0119cznie wykonanemu egipskiemu wazonowi z alabastru z 100% naturalnego kamienia. Ka\u017cdy egzemplarz jest unikatowy, bogaty w histori\u0119 i dost\u0119pny w pi\u0119ciu rozmiarach \u2013 idealny do ka\u017cdego pomieszczenia lub jako specjalny prezent.<\/h3>\n","protected":false},"featured_media":42993,"comment_status":"open","ping_status":"closed","template":"","meta":[],"product_brand":[],"product_cat":[1197],"product_tag":[1545,1589],"class_list":{"0":"post-42992","1":"product","2":"type-product","3":"status-publish","4":"has-post-thumbnail","6":"product_cat-egipskie-skarby","7":"product_tag-pamiatki","8":"product_tag-prezenty","10":"first","11":"instock","12":"shipping-taxable","13":"purchasable","14":"product-type-variable"},"_links":{"self":[{"href":"https:\/\/bazaar.express\/pl\/wp-json\/wp\/v2\/product\/42992","targetHints":{"allow":["GET"]}}],"collection":[{"href":"https:\/\/bazaar.express\/pl\/wp-json\/wp\/v2\/product"}],"about":[{"href":"https:\/\/bazaar.express\/pl\/wp-json\/wp\/v2\/types\/product"}],"replies":[{"embeddable":true,"href":"https:\/\/bazaar.express\/pl\/wp-json\/wp\/v2\/comments?post=42992"}],"wp:featuredmedia":[{"embeddable":true,"href":"https:\/\/bazaar.express\/pl\/wp-json\/wp\/v2\/media\/42993"}],"wp:attachment":[{"href":"https:\/\/bazaar.express\/pl\/wp-json\/wp\/v2\/media?parent=42992"}],"wp:term":[{"taxonomy":"product_brand","embeddable":true,"href":"https:\/\/bazaar.express\/pl\/wp-json\/wp\/v2\/product_brand?post=42992"},{"taxonomy":"product_cat","embeddable":true,"href":"https:\/\/bazaar.express\/pl\/wp-json\/wp\/v2\/product_cat?post=42992"},{"taxonomy":"product_tag","embeddable":true,"href":"https:\/\/bazaar.express\/pl\/wp-json\/wp\/v2\/product_tag?post=42992"}],"curies":[{"name":"wp","href":"https:\/\/api.w.org\/{rel}","templated":true}]}}