{"id":43006,"date":"2025-01-25T16:32:55","date_gmt":"2025-01-25T16:32:55","guid":{"rendered":"https:\/\/bazaar.express\/product\/onyx-vase\/"},"modified":"2026-02-06T21:57:55","modified_gmt":"2026-02-06T21:57:55","slug":"onyx-vase","status":"publish","type":"product","link":"https:\/\/bazaar.express\/pl\/produkt\/onyx-vase\/","title":{"rendered":"Wazon onyksowy"},"content":{"rendered":"<h2 data-start=\"177\" data-end=\"236\">Wazon onyksowy \u2013 R\u0119cznie robiony \u015bredni wazon onyksowy z Egiptu<\/h2>\n<h3 data-start=\"238\" data-end=\"302\">Odkryj rzadkie pi\u0119kno r\u0119cznie robionego egipskiego wazonu onyksowego<\/h3>\n<p data-start=\"304\" data-end=\"729\">Podnie\u015b estetyk\u0119 swojej przestrzeni urokiem i naturaln\u0105 elegancj\u0105 <strong data-start=\"366\" data-end=\"396\">wazonu onyksowego r\u0119cznie robionego w stylu vintage<\/strong>. Ten \u015bredniej wielko\u015bci wazon to ponadczasowy element egipskiej sztuki, r\u0119cznie wykonany z autentycznego kamienia onyksowego. Jego charakterystyczna mieszanka kolor\u00f3w \u2013 jasna biel, mgli\u015bcie br\u0105zowy i delikatny zielony \u2013 nadaje mu unikalny charakter. Starannie wyrze\u017abiony w prostok\u0105tny wz\u00f3r w kratk\u0119, ten wazon to nie tylko przedmiot dekoracyjny, lecz historia opowiedziana kamieniem.<\/p>\n<h3 data-start=\"731\" data-end=\"779\">R\u0119cznie robiona elegancja z serca Egiptu<\/h3>\n<p data-start=\"781\" data-end=\"1060\">Ka\u017cdy <strong data-start=\"786\" data-end=\"799\">wazon onyksowy<\/strong> jest wytwarzany przez do\u015bwiadczonych egipskich rzemie\u015blnik\u00f3w, kt\u00f3rzy odziedziczyli tradycyjne techniki obr\u00f3bki kamienia przekazywane z pokolenia na pokolenie. Ci mistrzowie stosuj\u0105 sprawdzone metody rze\u017abienia i polerowania wazonu, zapewniaj\u0105c, \u017ce ka\u017cdy egzemplarz odzwierciedla autentyczne egipskie dziedzictwo.<\/p>\n<p data-start=\"1062\" data-end=\"1321\">Poniewa\u017c onyks to naturalny kamie\u0144, ka\u017cdy wazon jest nieco inny. Naturalne \u017cy\u0142y, drobne niedoskona\u0142o\u015bci i delikatne r\u00f3\u017cnice w odcieniach czyni\u0105 Tw\u00f3j wazon unikatowym dzie\u0142em. Te detale nie s\u0105 wadami \u2013 to oznaki prawdziwego rzemios\u0142a i autentyczno\u015bci.<\/p>\n<h3 data-start=\"1323\" data-end=\"1340\">G\u0142\u00f3wne cechy:<\/h3>\n<ul data-start=\"1341\" data-end=\"1730\">\n<li data-start=\"1341\" data-end=\"1392\">\n<p data-start=\"1343\" data-end=\"1392\"><strong data-start=\"1343\" data-end=\"1372\">Autentyczny wazon onyksowy vintage<\/strong> \u2013 R\u0119cznie robiony w Egipcie<\/p>\n<\/li>\n<li data-start=\"1393\" data-end=\"1476\">\n<p data-start=\"1395\" data-end=\"1476\"><strong data-start=\"1395\" data-end=\"1431\">Unikalny prostok\u0105tny wz\u00f3r w kratk\u0119<\/strong> \u2013 Wykonany z bia\u0142ego, br\u0105zowego i zielonego onyksu<\/p>\n<\/li>\n<li data-start=\"1477\" data-end=\"1561\">\n<p data-start=\"1479\" data-end=\"1561\"><strong data-start=\"1479\" data-end=\"1505\">G\u0142adka wypolerowana powierzchnia<\/strong> \u2013 Z naturalnymi mikrop\u0119kni\u0119ciami i subtelnymi \u015bladami starzenia<\/p>\n<\/li>\n<li data-start=\"1562\" data-end=\"1618\">\n<p data-start=\"1564\" data-end=\"1618\"><strong data-start=\"1564\" data-end=\"1578\">Wymiary<\/strong> \u2013 Wysoko\u015b\u0107: 12 cm | \u015arednica podstawy: 7.5 cm<\/p>\n<\/li>\n<li data-start=\"1619\" data-end=\"1648\">\n<p data-start=\"1621\" data-end=\"1648\"><strong data-start=\"1621\" data-end=\"1631\">Waga<\/strong> \u2013 Ok. 665 g<\/p>\n<\/li>\n<li data-start=\"1649\" data-end=\"1730\">\n<p data-start=\"1651\" data-end=\"1730\"><strong data-start=\"1651\" data-end=\"1683\">Wykonany z naturalnego kamienia onyksowego<\/strong> \u2013 Trwa\u0142y, elegancki i energetycznie zr\u00f3wnowa\u017cony<\/p>\n<\/li>\n<\/ul>\n<h3 data-start=\"1732\" data-end=\"1767\">Moc i symbolika onyksu<\/h3>\n<p data-start=\"1769\" data-end=\"2050\">Onyks to wi\u0119cej ni\u017c pi\u0119kno \u2013 przypisuje mu si\u0119 siln\u0105 energi\u0119. Wiele kultur ceni jego uspokajaj\u0105cy wp\u0142yw i zdolno\u015b\u0107 do poch\u0142aniania oraz przekszta\u0142cania negatywnej energii. Dzi\u0119ki temu <strong data-start=\"1952\" data-end=\"1965\">wazon onyksowy<\/strong> to nie tylko dekoracja, ale element sprzyjaj\u0105cy spokojnemu i pozytywnemu otoczeniu.<\/p>\n<p data-start=\"2052\" data-end=\"2238\">Niezale\u017cnie od tego, czy stoi samotnie, czy z suszonymi kwiatami, ten wazon przyci\u0105ga wzrok wsz\u0119dzie, gdzie jest umieszczony \u2013 na p\u00f3\u0142ce w salonie, stoliku nocnym w sypialni czy w k\u0105ciku medytacyjnym.<\/p>\n<h3 data-start=\"2240\" data-end=\"2270\">Dlaczego wybra\u0107 ten wazon onyksowy?<\/h3>\n<h4 data-start=\"2272\" data-end=\"2298\"><strong data-start=\"2280\" data-end=\"2298\">Rzadko\u015b\u0107 i warto\u015b\u0107<\/strong><\/h4>\n<p data-start=\"2299\" data-end=\"2463\">Onyks to rzadki i cenny kamie\u0144, a jego wersja vintage jest jeszcze bardziej warto\u015bciowa. Posiadanie takiego egzemplarza nie tylko uatrakcyjnia Tw\u00f3j dom, ale tak\u017ce kolekcj\u0119 sztuki.<\/p>\n<h4 data-start=\"2465\" data-end=\"2495\"><strong data-start=\"2473\" data-end=\"2495\">Korzy\u015bci duchowe<\/strong><\/h4>\n<p data-start=\"2496\" data-end=\"2641\">Wierzono, \u017ce onyks wspiera stabilno\u015b\u0107 emocjonaln\u0105, si\u0142\u0119 i ugruntowanie. Umie\u015b\u0107 ten wazon w swojej przestrzeni \u017cyciowej, by promowa\u0107 harmoni\u0119 i spok\u00f3j.<\/p>\n<h4 data-start=\"2643\" data-end=\"2679\"><strong data-start=\"2652\" data-end=\"2679\">Autentyczne rzemios\u0142o<\/strong><\/h4>\n<p data-start=\"2680\" data-end=\"2792\">Ka\u017cdy wazon jest r\u0119cznie robiony, a nie masowo produkowany. To gwarancja jako\u015bci, trwa\u0142o\u015bci i indywidualno\u015bci ka\u017cdego egzemplarza.<\/p>\n<h4 data-start=\"2794\" data-end=\"2830\">\ud83c\udfdb\ufe0f <strong data-start=\"2803\" data-end=\"2830\">Ponadczasowy urok vintage<\/strong><\/h4>\n<p data-start=\"2831\" data-end=\"2948\">Postarza\u0142y kamie\u0144, wypolerowana powierzchnia i naturalne p\u0119kni\u0119cia nadaj\u0105 temu wazonowi charakter vintage, kt\u00f3ry z czasem tylko zyskuje.<\/p>\n<h3 data-start=\"2950\" data-end=\"2978\">Pasuje do wszystkich styl\u00f3w wn\u0119trz<\/h3>\n<p data-start=\"2980\" data-end=\"3231\">Niezale\u017cnie od tego, czy Twoje wn\u0119trze jest rustykalne, tradycyjne czy nowoczesne, <strong data-start=\"3041\" data-end=\"3062\">wazon onyksowy vintage<\/strong> doskonale si\u0119 dostosowuje. Jego paleta kolor\u00f3w wsp\u00f3\u0142gra z \u017cywymi i neutralnymi tonami. To idealny akcent na konsole, kominki, stoliki kawowe czy p\u00f3\u0142ki biurowe.<\/p>\n<h3 data-start=\"3233\" data-end=\"3260\">Wyj\u0105tkowy wyb\u00f3r na prezent<\/h3>\n<p data-start=\"3262\" data-end=\"3488\">Szukasz unikalnego i eleganckiego prezentu? Ten wazon idealnie nadaje si\u0119 na parapet\u00f3wki, urodziny, rocznice lub jako znacz\u0105ca podzi\u0119kowanie. Jego energia, pi\u0119kno i warto\u015b\u0107 kulturowa czyni\u0105 go niezapomnianym upominkiem na lata.<\/p>\n<h3 data-start=\"3495\" data-end=\"3518\">Wysy\u0142ka i dostawa<\/h3>\n<p data-start=\"3520\" data-end=\"3815\">\ud83d\ude9a <strong data-start=\"3523\" data-end=\"3552\">Darmowa dostawa w Hurghadzie<\/strong> \u2013 Szybka i wygodna dostawa pod drzwi<br data-start=\"3596\" data-end=\"3599\" \/>\ud83c\udf0d <strong data-start=\"3602\" data-end=\"3634\">Dost\u0119pna wysy\u0142ka na ca\u0142y \u015bwiat<\/strong> \u2013 Oferujemy bezpieczn\u0105 mi\u0119dzynarodow\u0105 dostaw\u0119 z ochronnym opakowaniem<br data-start=\"3707\" data-end=\"3710\" \/>\ud83d\udcac <strong data-start=\"3713\" data-end=\"3744\">Szybkie wsparcie klienta<\/strong> \u2013 Skontaktuj si\u0119 z nami w dowolnym momencie przed lub po zam\u00f3wieniu. Jeste\u015bmy do dyspozycji!<\/p>\n<h3 data-start=\"3822\" data-end=\"3867\">Dodaj kawa\u0142ek staro\u017cytnego Egiptu do swojego domu<\/h3>\n<p data-start=\"3869\" data-end=\"4082\">Ten <strong data-start=\"3874\" data-end=\"3904\">wazon onyksowy r\u0119cznie robiony w stylu vintage<\/strong> to nie tylko dekoracja \u2013 to symbol tradycji, pi\u0119kna i energii. R\u0119cznie wykonany z dba\u0142o\u015bci\u0105 i pe\u0142en historii, gotowy wprowadzi\u0107 trwa\u0142\u0105 elegancj\u0119 i spok\u00f3j do Twojej przestrzeni.<\/p>\n<p data-start=\"4084\" data-end=\"4154\"><strong data-start=\"4084\" data-end=\"4154\">Zam\u00f3w ju\u017c dzi\u015b i pozw\u00f3l przem\u00f3wi\u0107 egipskiemu rzemios\u0142u.<\/strong><\/p>\n<p style=\"text-align: center;\">Dzi\u0119kujemy za zakupy w <em data-start=\"415\" data-end=\"431\"><a href=\"https:\/\/bazaar.express\/pl\/\">Bazaar Express<\/a><\/em> \u2013 cieszymy si\u0119, \u017ce jeste\u015b z nami!<\/p>\n<p style=\"text-align: center;\">Odkryj urok staro\u017cytnej sztuki z nasz\u0105 kolekcj\u0105 <a href=\"https:\/\/bazaar.express\/product-category\/egyptian-treasures\/\">egipskich skarb\u00f3w<\/a>.<\/p>\n","protected":false},"excerpt":{"rendered":"<h3>Dodaj ponadczasowy urok do swojego domu dzi\u0119ki temu \u015bredniej wielko\u015bci wazonowi onyksowemu vintage, r\u0119cznie robionemu w Egipcie z rzadkiego onyksu w odcieniach bia\u0142ego, br\u0105zowego i zielonego. Jego wypolerowana powierzchnia i wz\u00f3r w kratk\u0119 wnosz\u0105 eleganck\u0105 energi\u0119 i autentyczne rzemios\u0142o do ka\u017cdego pomieszczenia.<\/h3>\n<h3><\/h3>\n","protected":false},"featured_media":43007,"comment_status":"open","ping_status":"closed","template":"","meta":[],"product_brand":[],"product_cat":[1197],"product_tag":[1545,1589,1605],"class_list":{"0":"post-43006","1":"product","2":"type-product","3":"status-publish","4":"has-post-thumbnail","6":"product_cat-egipskie-skarby","7":"product_tag-pamiatki","8":"product_tag-prezenty","9":"product_tag-wazon","11":"first","12":"instock","13":"sale","14":"shipping-taxable","15":"purchasable","16":"product-type-simple"},"_links":{"self":[{"href":"https:\/\/bazaar.express\/pl\/wp-json\/wp\/v2\/product\/43006","targetHints":{"allow":["GET"]}}],"collection":[{"href":"https:\/\/bazaar.express\/pl\/wp-json\/wp\/v2\/product"}],"about":[{"href":"https:\/\/bazaar.express\/pl\/wp-json\/wp\/v2\/types\/product"}],"replies":[{"embeddable":true,"href":"https:\/\/bazaar.express\/pl\/wp-json\/wp\/v2\/comments?post=43006"}],"wp:featuredmedia":[{"embeddable":true,"href":"https:\/\/bazaar.express\/pl\/wp-json\/wp\/v2\/media\/43007"}],"wp:attachment":[{"href":"https:\/\/bazaar.express\/pl\/wp-json\/wp\/v2\/media?parent=43006"}],"wp:term":[{"taxonomy":"product_brand","embeddable":true,"href":"https:\/\/bazaar.express\/pl\/wp-json\/wp\/v2\/product_brand?post=43006"},{"taxonomy":"product_cat","embeddable":true,"href":"https:\/\/bazaar.express\/pl\/wp-json\/wp\/v2\/product_cat?post=43006"},{"taxonomy":"product_tag","embeddable":true,"href":"https:\/\/bazaar.express\/pl\/wp-json\/wp\/v2\/product_tag?post=43006"}],"curies":[{"name":"wp","href":"https:\/\/api.w.org\/{rel}","templated":true}]}}