{"id":43051,"date":"2025-01-23T00:40:13","date_gmt":"2025-01-23T00:40:13","guid":{"rendered":"https:\/\/bazaar.express\/product\/bathrobe-2\/"},"modified":"2026-02-06T21:58:03","modified_gmt":"2026-02-06T21:58:03","slug":"bathrobe-2","status":"publish","type":"product","link":"https:\/\/bazaar.express\/pl\/produkt\/bathrobe-2\/","title":{"rendered":"Zestaw szlafrok\u00f3w"},"content":{"rendered":"<h2 data-start=\"194\" data-end=\"267\">Zestaw 10-cz\u0119\u015bciowy szlafrok\u00f3w | Zestaw r\u0119cznik\u00f3w z 100% egipskiej bawe\u0142ny \u2013 Wyprodukowany w Egipcie<\/h2>\n<h3 data-start=\"269\" data-end=\"328\">Do\u015bwiadcz luksusu i komfortu w ka\u017cdym detalu<\/h3>\n<p data-start=\"330\" data-end=\"794\">Ulepsz codzienn\u0105 rutyn\u0119 dzi\u0119ki <strong data-start=\"366\" data-end=\"397\">zestawowi szlafrok\u00f3w SIGMA 10-cz\u0119\u015bciowemu<\/strong>, premium kolekcji wykonanej z 100% egipskiej bawe\u0142ny. Zaprojektowany, aby zapewni\u0107 wysok\u0105 mi\u0119kko\u015b\u0107, ch\u0142onno\u015b\u0107 i trwa\u0142o\u015b\u0107, ten deluxe zestaw to Twoje kompleksowe rozwi\u0105zanie do domowego spa. Bez wzgl\u0119du na to, czy wychodzisz spod ciep\u0142ego prysznica, czy sp\u0119dzasz leniwy weekendowy poranek, ten zestaw otuli Ci\u0119 czystym komfortem z nut\u0105 elegancji \u2013 prosto z Egiptu, kolebki \u015bwiatowej klasy bawe\u0142ny.<\/p>\n<h3 data-start=\"801\" data-end=\"827\">Co zawiera zestaw?<\/h3>\n<ul data-start=\"829\" data-end=\"1374\">\n<li data-start=\"829\" data-end=\"944\">\n<p data-start=\"831\" data-end=\"944\"><strong data-start=\"831\" data-end=\"846\">2 szlafroki<\/strong><br data-start=\"846\" data-end=\"849\" \/>Luksusowo mi\u0119kkie, wysoce ch\u0142onne szlafroki, kt\u00f3re utrzymuj\u0105 ciep\u0142o i sucho\u015b\u0107 po ka\u017cdej k\u0105pieli lub prysznicu.<\/p>\n<\/li>\n<li data-start=\"946\" data-end=\"1064\">\n<p data-start=\"948\" data-end=\"1064\"><strong data-start=\"948\" data-end=\"979\">2 r\u0119czniki k\u0105pielowe (70 x 140 cm)<\/strong><br data-start=\"979\" data-end=\"982\" \/>Du\u017ce i puszyste r\u0119czniki szybko wch\u0142aniaj\u0105ce wilgo\u0107, u\u0142atwiaj\u0105ce wysychanie.<\/p>\n<\/li>\n<li data-start=\"1066\" data-end=\"1182\">\n<p data-start=\"1068\" data-end=\"1182\"><strong data-start=\"1068\" data-end=\"1099\">2 r\u0119czniki do r\u0105k (50 x 100 cm)<\/strong><br data-start=\"1099\" data-end=\"1102\" \/>Idealnie dopasowane do r\u0105k lub twarzy, \u0142\u0105cz\u0105ce mi\u0119kko\u015b\u0107 z wysok\u0105 ch\u0142onno\u015bci\u0105.<\/p>\n<\/li>\n<li data-start=\"1184\" data-end=\"1284\">\n<p data-start=\"1186\" data-end=\"1284\"><strong data-start=\"1186\" data-end=\"1209\">2 pary kapci<\/strong><br data-start=\"1209\" data-end=\"1212\" \/>Amiowane bawe\u0142niane kapcie dope\u0142niaj\u0105ce relaks ca\u0142ego cia\u0142a.<\/p>\n<\/li>\n<li data-start=\"1286\" data-end=\"1374\">\n<p data-start=\"1288\" data-end=\"1374\"><strong data-start=\"1288\" data-end=\"1299\">2 pasy<\/strong><br data-start=\"1299\" data-end=\"1302\" \/>Dopasowane pasy do szlafrok\u00f3w zapewniaj\u0105ce idealne przyleganie i elegancki wygl\u0105d.<\/p>\n<\/li>\n<\/ul>\n<h3 data-start=\"1381\" data-end=\"1397\">G\u0142\u00f3wne cechy<\/h3>\n<h4 data-start=\"1399\" data-end=\"1426\">100% egipska bawe\u0142na<\/h4>\n<p data-start=\"1427\" data-end=\"1640\">Znana z d\u0142ugich w\u0142\u00f3kien, egipska bawe\u0142na zapewnia wysok\u0105 mi\u0119kko\u015b\u0107 i trwa\u0142o\u015b\u0107. Te r\u0119czniki i szlafroki pozostaj\u0105 puszyste i ch\u0142onne pranie po praniu, oferuj\u0105c d\u0142ugoterminowy luksus przewy\u017cszaj\u0105cy zwyk\u0142\u0105 bawe\u0142n\u0119.<\/p>\n<h4 data-start=\"1642\" data-end=\"1668\">Wysoka ch\u0142onno\u015b\u0107<\/h4>\n<p data-start=\"1669\" data-end=\"1828\">Dzi\u0119ki zaawansowanemu splotowi i jako\u015bciowej bawe\u0142nie ka\u017cdy element zestawu natychmiast wch\u0142ania wilgo\u0107, przyspieszaj\u0105c suszenie i zapewniaj\u0105c komfort przez ca\u0142y dzie\u0144.<\/p>\n<h4 data-start=\"1830\" data-end=\"1853\">Trwa\u0142e kolory<\/h4>\n<p data-start=\"1854\" data-end=\"2000\">Dzi\u0119ki nowoczesnej technologii barwienia zestaw zachowuje bogaty, \u017cywy kolor nawet po wielokrotnym praniu. Bez blakni\u0119cia, bez matowienia \u2013 tylko trwa\u0142a elegancja.<\/p>\n<h4 data-start=\"2002\" data-end=\"2022\">Wyprodukowany w Egipcie<\/h4>\n<p data-start=\"2023\" data-end=\"2225\">Z dum\u0105 wyprodukowany w Egipcie, zestaw odzwierciedla wyj\u0105tkowe rzemios\u0142o zakorzenione w wiekach tradycji tekstylnej. Kupuj\u0105c ten zestaw r\u0119cznik\u00f3w, sprowadzasz do domu kawa\u0142ek egipskiej tradycji.<\/p>\n<h4 data-start=\"2227\" data-end=\"2261\">Pe\u0142ne do\u015bwiadczenie spa w domu<\/h4>\n<p data-start=\"2262\" data-end=\"2428\">Od szlafroka po kapcie, ka\u017cdy detal jest zaprojektowany, aby\u015b czu\u0142 si\u0119 rozpieszczony. Jak wej\u015bcie do luksusowego hotelu lub spa \u2013 tylko we w\u0142asnym domu.<\/p>\n<h3 data-start=\"2435\" data-end=\"2482\">Dlaczego wybra\u0107 zestaw szlafrok\u00f3w SIGMA 10-cz\u0119\u015bciowy?<\/h3>\n<h4 data-start=\"2484\" data-end=\"2508\"> Premium komfort<\/h4>\n<p data-start=\"2509\" data-end=\"2659\">Materia 100% egipskiej bawe\u0142ny zapewnia luksusowo mi\u0119kki dotyk delikatny dla sk\u00f3ry, daj\u0105c uczucie rozpieszczenia za ka\u017cdym u\u017cyciem.<\/p>\n<h4 data-start=\"2661\" data-end=\"2702\"> Szybkoschn\u0105ce i wysoce ch\u0142onne<\/h4>\n<p data-start=\"2703\" data-end=\"2832\">R\u0119czniki i szlafroki skutecznie odprowadzaj\u0105ce wilgo\u0107 ze sk\u00f3ry i szybko schn\u0105ce \u2013 idealne na zabieganym poranek lub relaksuj\u0105cy wiecz\u00f3r.<\/p>\n<h4 data-start=\"2834\" data-end=\"2864\"> Trwa\u0142a jako\u015b\u0107<\/h4>\n<p data-start=\"2865\" data-end=\"2996\">To nie zestaw, kt\u00f3ry wymienisz w nast\u0119pnym sezonie. Przy odpowiedniej piel\u0119gnacji elementy pozostaj\u0105 mi\u0119kkie, \u017cywe i funkcjonalne przez lata.<\/p>\n<h4 data-start=\"2998\" data-end=\"3025\"> Idealny prezent<\/h4>\n<p data-start=\"3026\" data-end=\"3176\">Stylowy, praktyczny i luksusowy \u2013 ten 10-cz\u0119\u015bciowy zestaw szlafrok\u00f3w to doskona\u0142y prezent na wesela, parapet\u00f3wki, rocznice lub \u015bwi\u0119ta.<\/p>\n<h3 data-start=\"3183\" data-end=\"3238\">Wprowad\u017a esencj\u0119 egipskiej elegancji do swojego domu<\/h3>\n<p data-start=\"3240\" data-end=\"3476\">Dzi\u0119ki <strong data-start=\"3249\" data-end=\"3280\">zestawowi szlafrok\u00f3w SIGMA 10-cz\u0119\u015bciowemu<\/strong> nie tylko ulepszasz po\u015bciel \u0142azienkow\u0105 \u2013 zmieniasz codzienn\u0105 rutyn\u0119 w luksusowy rytua\u0142. Do\u015bwiadcz zalet 100% egipskiej bawe\u0142ny z premium rzemios\u0142em, kt\u00f3re czujesz i widzisz.<\/p>\n<p data-start=\"3478\" data-end=\"3609\">Niezale\u017cnie od tego, czy rozpieszczasz siebie, czy obdarowujesz blisk\u0105 osob\u0119, ten zestaw oferuje jako\u015b\u0107, kt\u00f3ra robi trwa\u0142e wra\u017cenie.<\/p>\n<p data-start=\"3872\" data-end=\"3996\"><strong>Sprezentuj sobie lub bliskiej osobie najlepszy zestaw z egipskiej bawe\u0142ny ju\u017c dzi\u015b. Luksus, komfort i trwa\u0142o\u015b\u0107 \u2013 dostarczone.<\/strong><\/p>\n<p style=\"text-align: center;\">Dzi\u0119kujemy za zakupy w <em data-start=\"415\" data-end=\"431\"><a href=\"https:\/\/bazaar.express\/pl\/\">Bazaar Express<\/a><\/em> \u2013 cieszymy si\u0119, \u017ce jeste\u015b z nami!<\/p>\n<p style=\"text-align: center;\">Od mi\u0119kko\u015bci po wytrzyma\u0142o\u015b\u0107 \u2014 nic nie czuje si\u0119 jak <a href=\"https:\/\/bazaar.express\/pl\/kategoria-produktu\/wysokiej-jakosci-bawelna\/\">Bawe\u0142na premium<\/a>.<\/p>\n","protected":false},"excerpt":{"rendered":"<h3 data-start=\"412\" data-end=\"654\">Przekszta\u0142\u0107 \u0142azienk\u0119 w spa dzi\u0119ki zestawowi szlafrok\u00f3w Sigma 10-cz\u0119\u015bciowemu. Wykonany z 100% egipskiej bawe\u0142ny, zawiera szlafroki, r\u0119czniki, kapcie i pasy \u2014 oferuj\u0105c wyj\u0105tkow\u0105 mi\u0119kko\u015b\u0107, ch\u0142onno\u015b\u0107 i trwa\u0142\u0105 jako\u015b\u0107. Z dum\u0105 wyprodukowany w Egipcie.<\/h3>\n","protected":false},"featured_media":43052,"comment_status":"open","ping_status":"closed","template":"","meta":[],"product_brand":[],"product_cat":[1200,1199],"product_tag":[1483],"class_list":{"0":"post-43051","1":"product","2":"type-product","3":"status-publish","4":"has-post-thumbnail","6":"product_cat-wysokiej-jakosci-bawelna","7":"product_cat-najlepsze-z-egiptu","8":"product_tag-bawelna","10":"first","11":"instock","12":"shipping-taxable","13":"purchasable","14":"product-type-simple"},"_links":{"self":[{"href":"https:\/\/bazaar.express\/pl\/wp-json\/wp\/v2\/product\/43051","targetHints":{"allow":["GET"]}}],"collection":[{"href":"https:\/\/bazaar.express\/pl\/wp-json\/wp\/v2\/product"}],"about":[{"href":"https:\/\/bazaar.express\/pl\/wp-json\/wp\/v2\/types\/product"}],"replies":[{"embeddable":true,"href":"https:\/\/bazaar.express\/pl\/wp-json\/wp\/v2\/comments?post=43051"}],"wp:featuredmedia":[{"embeddable":true,"href":"https:\/\/bazaar.express\/pl\/wp-json\/wp\/v2\/media\/43052"}],"wp:attachment":[{"href":"https:\/\/bazaar.express\/pl\/wp-json\/wp\/v2\/media?parent=43051"}],"wp:term":[{"taxonomy":"product_brand","embeddable":true,"href":"https:\/\/bazaar.express\/pl\/wp-json\/wp\/v2\/product_brand?post=43051"},{"taxonomy":"product_cat","embeddable":true,"href":"https:\/\/bazaar.express\/pl\/wp-json\/wp\/v2\/product_cat?post=43051"},{"taxonomy":"product_tag","embeddable":true,"href":"https:\/\/bazaar.express\/pl\/wp-json\/wp\/v2\/product_tag?post=43051"}],"curies":[{"name":"wp","href":"https:\/\/api.w.org\/{rel}","templated":true}]}}