{"id":43082,"date":"2025-01-20T18:21:26","date_gmt":"2025-01-20T18:21:26","guid":{"rendered":"https:\/\/bazaar.express\/product\/hazelnut-oil\/"},"modified":"2026-02-06T21:58:10","modified_gmt":"2026-02-06T21:58:10","slug":"hazelnut-oil","status":"publish","type":"product","link":"https:\/\/bazaar.express\/pl\/produkt\/hazelnut-oil\/","title":{"rendered":"Organiczny olej z orzech\u00f3w laskowych"},"content":{"rendered":"<h2 data-pm-slice=\"1 1 []\">Organiczny olej z orzech\u00f3w laskowych \u2013 El-Baraka: Naturalne rozwi\u0105zanie dla sk\u00f3ry, w\u0142os\u00f3w i zdrowia<\/h2>\n<h3>Odkryj, jak organiczny olej z orzech\u00f3w laskowych wspiera dobre samopoczucie i urod\u0119<\/h3>\n<p>Organiczny olej z orzech\u00f3w laskowych El-Baraka dostarcza najwy\u017cszej jako\u015bci czysty olej t\u0142oczony na zimno, zachowuj\u0105cy wszystkie sk\u0142adniki od\u017cywcze. Ten wysokiej jako\u015bci olej zawiera kluczowe aminokwasy, witaminy i minera\u0142y, wspieraj\u0105ce codzienne dobre samopoczucie i piel\u0119gnacj\u0119.<\/p>\n<h3>Co wyr\u00f3\u017cnia organiczny olej z orzech\u00f3w laskowych El-Baraka?<\/h3>\n<p>Czysty, wysokiej jako\u015bci i wszechstronny \u2014 olej z orzech\u00f3w laskowych El-Baraka pochodzi z ekologicznych \u017ar\u00f3de\u0142, nie zawiera dodatk\u00f3w, konserwant\u00f3w ani szkodliwych substancji chemicznych. Ten olej zapewnia bezpieczny, naturalny i skuteczny spos\u00f3b piel\u0119gnacji sk\u00f3ry, od\u017cywiania w\u0142os\u00f3w oraz poprawy og\u00f3lnego zdrowia.<\/p>\n<h3>Przywraca sk\u00f3rze m\u0142odo\u015b\u0107 i zdrowie<\/h3>\n<p>Olej z orzech\u00f3w laskowych jest bogaty w witamin\u0119 E i antyoksydanty, kt\u00f3re pomagaj\u0105 utrzyma\u0107 sk\u00f3r\u0119 j\u0119drn\u0105, promienn\u0105 i m\u0142od\u0105. Redukuje widoczno\u015b\u0107 drobnych zmarszczek, bruzd i przebarwie\u0144, jednocze\u015bnie wspomagaj\u0105c produkcj\u0119 kolagenu i poprawiaj\u0105c elastyczno\u015b\u0107 sk\u00f3ry. Ten delikatny olej nawil\u017caj\u0105cy nadaje sk\u00f3rze \u015bwie\u017cy blask i mi\u0119kko\u015b\u0107.<\/p>\n<h3>Wzmacnia w\u0142osy i nadaje im blask<\/h3>\n<p>Chcesz zdrowsze i bardziej b\u0142yszcz\u0105ce w\u0142osy? Olej z orzech\u00f3w laskowych od\u017cywia sk\u00f3r\u0119 g\u0142owy, wzmacnia cebulki w\u0142osowe i zmniejsza wypadanie w\u0142os\u00f3w. Jego kwasy t\u0142uszczowe i witaminy o\u017cywiaj\u0105 zniszczone w\u0142osy, \u0142agodz\u0105 sw\u0119dzenie sk\u00f3ry g\u0142owy i przywracaj\u0105 naturalny blask. Aby uzyska\u0107 najlepsze efekty, stosuj go jako od\u017cywk\u0119 do w\u0142os\u00f3w lub wcieraj w sk\u00f3r\u0119 g\u0142owy.<\/p>\n<h3>Wzmacnia odporno\u015b\u0107 organizmu<\/h3>\n<p>Spo\u017cywanie organicznego oleju z orzech\u00f3w laskowych El-Baraka wspiera uk\u0142ad odporno\u015bciowy dzi\u0119ki kluczowym witaminom i antyoksydantom. Pomaga organizmowi zwalcza\u0107 szkodliwe substancje i stany zapalne, chroni\u0105c przed chorobami przewlek\u0142ymi i wspieraj\u0105c og\u00f3lne zdrowie.<\/p>\n<h3>Bogaty w wa\u017cne sk\u0142adniki od\u017cywcze<\/h3>\n<p>Bogaty w magnez, wap\u0144, \u017celazo, cynk, fosfor i kobalt, ten olej wspiera mocne ko\u015bci, prawid\u0142owe funkcjonowanie nerw\u00f3w, lepszy przep\u0142yw krwi i og\u00f3lne zdrowie. W po\u0142\u0105czeniu z dobrymi t\u0142uszczami i antyoksydantami, olej z orzech\u00f3w laskowych to m\u0105dry wyb\u00f3r na co dzie\u0144.<\/p>\n<h3>Wszechstronny \u2013 od piel\u0119gnacji sk\u00f3ry po zastosowanie kulinarne<\/h3>\n<p>Organiczny olej z orzech\u00f3w laskowych El-Baraka sprawdza si\u0119 nie tylko w piel\u0119gnacji sk\u00f3ry. Ma przyjemny smak i od\u017cywia, gdy dodasz go do potraw. Polewaj sa\u0142atki, gotowane warzywa lub dodawaj do smoothie, by cieszy\u0107 si\u0119 orzechowym smakiem i korzy\u015bciami zdrowotnymi. Wspiera trawienie, zdrowie serca i funkcje m\u00f3zgu.<\/p>\n<h3>T\u0142oczony na zimno dla zachowania czysto\u015bci<\/h3>\n<p>Pozyskujemy nasz olej metod\u0105 t\u0142oczenia na zimno, bez u\u017cycia ciep\u0142a czy chemikali\u00f3w. Dzi\u0119ki temu zachowujemy wszystkie naturalne sk\u0142adniki od\u017cywcze i korzy\u015bci. Otrzymujesz olej najwy\u017cszej jako\u015bci, pe\u0142en naturalnego dobra dla sk\u00f3ry, w\u0142os\u00f3w i cia\u0142a.<\/p>\n<h3>Sk\u0142adniki:<\/h3>\n<ul>\n<li>100% T\u0142oczony na Zimno Organiczny Olej z Orzech\u00f3w Laskowych<\/li>\n<\/ul>\n<h3>Jak stosowa\u0107:<\/h3>\n<ul>\n<li><strong>Do sk\u00f3ry:<\/strong> Na\u0142\u00f3\u017c kilka kropel na czyst\u0105 sk\u00f3r\u0119. Wmasuj, aby nawil\u017cy\u0107, ukoi\u0107 i zwalczy\u0107 oznaki starzenia.<\/li>\n<li><strong>Do w\u0142os\u00f3w:<\/strong> Wmasuj w sk\u00f3r\u0119 g\u0142owy lub na\u0142\u00f3\u017c na ko\u0144ce. Pozostaw na 30 minut, a nast\u0119pnie sp\u0142ucz, aby uzyska\u0107 mi\u0119kkie, b\u0142yszcz\u0105ce i o\u017cywione w\u0142osy.<\/li>\n<li><strong>Jako suplement diety:<\/strong> Dodaj \u0142y\u017ceczk\u0119 do sa\u0142atek, smoothie lub da\u0144 gotowanych, aby delektowa\u0107 si\u0119 orzechowym smakiem i czerpa\u0107 korzy\u015bci zdrowotne.<\/li>\n<\/ul>\n<h3>Dlaczego w\u0142\u0105czy\u0107 organiczny olej z orzech\u00f3w laskowych El-Baraka do codziennej rutyny?<\/h3>\n<ul>\n<li>100% Organiczny i Wolny od Chemikali\u00f3w<\/li>\n<li>Idealny do Piel\u0119gnacji Sk\u00f3ry, W\u0142os\u00f3w i Spo\u017cywania<\/li>\n<li>Bogaty w Witaminy, Aminokwasy i Minera\u0142y<\/li>\n<li>T\u0142oczony na Zimno dla Najwy\u017cszej Jako\u015bci<\/li>\n<\/ul>\n<h3>W\u0142\u0105cz organiczny olej z orzech\u00f3w laskowych El-Baraka do codziennej rutyny<\/h3>\n<p>Organiczny olej z orzech\u00f3w laskowych El-Baraka oferuje kompleksowe naturalne rozwi\u0105zanie dla lepszej sk\u00f3ry, mocniejszych w\u0142os\u00f3w i zdrowszego cia\u0142a. Dodaj go do piel\u0119gnacji i diety, aby odczu\u0107 korzy\u015bci natury w ka\u017cdej kropli.<\/p>\n<p><strong>Wypr\u00f3buj dzi\u015b i zauwa\u017c zmiany wewn\u0105trz i na zewn\u0105trz!<\/strong><\/p>\n<p>&nbsp;<\/p>\n<p style=\"text-align: center;\">Dzi\u0119kujemy za zakupy w <em data-start=\"415\" data-end=\"431\"><a href=\"https:\/\/bazaar.express\/pl\/\">Bazaar Express<\/a><\/em> \u2013 cieszymy si\u0119, \u017ce jeste\u015b z nami!<\/p>\n<p style=\"text-align: center;\">Poczuj si\u0142\u0119 natury \u2014 czyste <a href=\"https:\/\/bazaar.express\/pl\/therapeutic-oils\/\">oleje terapeutyczne<\/a> na codzienne dobre samopoczucie.<\/p>\n","protected":false},"excerpt":{"rendered":"<h3 data-start=\"394\" data-end=\"646\">Organiczny olej z orzech\u00f3w laskowych El-Baraka to czysty olej t\u0142oczony na zimno, bogaty w niezb\u0119dne sk\u0142adniki od\u017cywcze, aminokwasy i antyoksydanty. Idealny do piel\u0119gnacji sk\u00f3ry i w\u0142os\u00f3w oraz jako suplement diety. Nawil\u017ca, odm\u0142adza, wzmacnia i wspiera og\u00f3lne zdrowie.<\/h3>\n","protected":false},"featured_media":43083,"comment_status":"open","ping_status":"closed","template":"","meta":[],"product_brand":[],"product_cat":[1202,1193,1192],"product_tag":[1465,1470,1466,1467,1472],"class_list":{"0":"post-43082","1":"product","2":"type-product","3":"status-publish","4":"has-post-thumbnail","6":"product_cat-el-baraka-naturalne-oleje","7":"product_cat-lecznicze-oleje","8":"product_cat-pielegnacja-urody","9":"product_tag-naturalny-olej","10":"product_tag-olejek","11":"product_tag-pielegnacja-skory","12":"product_tag-pielegnacja-urody","13":"product_tag-zdrowotna","14":"pa_l-xl-250ml","16":"first","17":"instock","18":"shipping-taxable","19":"purchasable","20":"product-type-simple"},"_links":{"self":[{"href":"https:\/\/bazaar.express\/pl\/wp-json\/wp\/v2\/product\/43082","targetHints":{"allow":["GET"]}}],"collection":[{"href":"https:\/\/bazaar.express\/pl\/wp-json\/wp\/v2\/product"}],"about":[{"href":"https:\/\/bazaar.express\/pl\/wp-json\/wp\/v2\/types\/product"}],"replies":[{"embeddable":true,"href":"https:\/\/bazaar.express\/pl\/wp-json\/wp\/v2\/comments?post=43082"}],"wp:featuredmedia":[{"embeddable":true,"href":"https:\/\/bazaar.express\/pl\/wp-json\/wp\/v2\/media\/43083"}],"wp:attachment":[{"href":"https:\/\/bazaar.express\/pl\/wp-json\/wp\/v2\/media?parent=43082"}],"wp:term":[{"taxonomy":"product_brand","embeddable":true,"href":"https:\/\/bazaar.express\/pl\/wp-json\/wp\/v2\/product_brand?post=43082"},{"taxonomy":"product_cat","embeddable":true,"href":"https:\/\/bazaar.express\/pl\/wp-json\/wp\/v2\/product_cat?post=43082"},{"taxonomy":"product_tag","embeddable":true,"href":"https:\/\/bazaar.express\/pl\/wp-json\/wp\/v2\/product_tag?post=43082"}],"curies":[{"name":"wp","href":"https:\/\/api.w.org\/{rel}","templated":true}]}}