{"id":43113,"date":"2025-01-18T00:15:10","date_gmt":"2025-01-18T00:15:10","guid":{"rendered":"https:\/\/bazaar.express\/product\/natural-slipper\/"},"modified":"2026-02-06T21:58:18","modified_gmt":"2026-02-06T21:58:18","slug":"natural-slipper","status":"publish","type":"product","link":"https:\/\/bazaar.express\/pl\/produkt\/natural-slipper\/","title":{"rendered":"Naturalne kapcie k\u0105pielowe"},"content":{"rendered":"<h2 data-start=\"241\" data-end=\"326\">Bucha Naturalne Kapcie K\u0105pielowe z Buchy \u2013 Naturalnie z\u0142uszczaj i rewitalizuj sk\u00f3r\u0119<\/h2>\n<h3 data-start=\"328\" data-end=\"403\">Wsu\u0144 si\u0119 w mi\u0119kko\u015b\u0107 \u2013 Naturalne do\u015bwiadczenie piel\u0119gnacji sk\u00f3ry w ka\u017cdym prysznicu<\/h3>\n<p data-start=\"405\" data-end=\"782\">Wprowad\u017a luksus peelingu na poziomie spa do codziennej k\u0105pieli z <strong data-start=\"477\" data-end=\"514\">Bucha Naturalne Kapcie K\u0105pielowe z Buchy<\/strong> \u2013 unikalnym, ekologicznym produktem do piel\u0119gnacji sk\u00f3ry wykonanym w 100% z naturalnej buchy. Zestaw zawiera <strong data-start=\"606\" data-end=\"635\">dwie loofy w stylu kapci<\/strong>, zaprojektowane do wygodnego nasuwania na stopy, delikatnie szoruj\u0105ce martwe kom\u00f3rki sk\u00f3ry i pozostawiaj\u0105ce sk\u00f3r\u0119 jedwabi\u015bcie g\u0142adk\u0105, \u015bwie\u017c\u0105 i pe\u0142n\u0105 \u017cycia.<\/p>\n<p data-start=\"784\" data-end=\"1104\">To wi\u0119cej ni\u017c z\u0142uszczanie \u2013 te naturalne buchy pobudzaj\u0105 <strong data-start=\"839\" data-end=\"870\">kr\u0105\u017cenie krwi<\/strong>, wspomagaj\u0105c zdrowsz\u0105, ja\u015bniejsz\u0105 i pe\u0142niejsz\u0105 energii sk\u00f3r\u0119. Niezale\u017cnie od tego, czy chcesz o\u017cywi\u0107 suche i matowe obszary, czy zadba\u0107 o zm\u0119czone stopy, zestaw buch oferuje idealne po\u0142\u0105czenie natury i funkcjonalno\u015bci w prostym, wielokrotnego u\u017cytku rozwi\u0105zaniu.<\/p>\n<h3 data-start=\"1111\" data-end=\"1168\">G\u0142\u00f3wne zalety Buchy Naturalnych Kapci K\u0105pielowych z Buchy<\/h3>\n<ul data-start=\"1170\" data-end=\"1979\">\n<li data-start=\"1170\" data-end=\"1308\">\n<p data-start=\"1172\" data-end=\"1308\"><strong data-start=\"1175\" data-end=\"1203\">G\u0142\u0119bokie naturalne z\u0142uszczanie<\/strong> \u2013 Delikatnie usuwa martwe kom\u00f3rki sk\u00f3ry, odblokowuje pory i poprawia tekstur\u0119 sk\u00f3ry bez agresywnych chemikali\u00f3w.<\/p>\n<\/li>\n<li data-start=\"1309\" data-end=\"1447\">\n<p data-start=\"1311\" data-end=\"1447\"><strong data-start=\"1314\" data-end=\"1336\">Poprawia kr\u0105\u017cenie<\/strong> \u2013 Design w formie zak\u0142adanych kapci zwi\u0119ksza przep\u0142yw krwi do st\u00f3p i cia\u0142a, promuj\u0105c promienn\u0105, l\u015bni\u0105c\u0105 sk\u00f3r\u0119.<\/p>\n<\/li>\n<li data-start=\"1448\" data-end=\"1590\">\n<p data-start=\"1450\" data-end=\"1590\"><strong data-start=\"1453\" data-end=\"1482\">Wygodne i \u0142atwe w u\u017cyciu<\/strong> \u2013 Po prostu za\u0142\u00f3\u017c je i ciesz si\u0119 czystym, bez u\u017cycia r\u0105k do\u015bwiadczeniem z\u0142uszczania podczas k\u0105pieli lub prysznica.<\/p>\n<\/li>\n<li data-start=\"1591\" data-end=\"1727\">\n<p data-start=\"1593\" data-end=\"1727\"><strong data-start=\"1596\" data-end=\"1629\">Bez chemikali\u00f3w i przyjazne \u015brodowisku<\/strong> \u2013 Wykonane z 100% naturalnych w\u0142\u00f3kien buchy, biodegradowalne i bezpieczne dla wra\u017cliwej sk\u00f3ry.<\/p>\n<\/li>\n<li data-start=\"1728\" data-end=\"1844\">\n<p data-start=\"1730\" data-end=\"1844\"><strong data-start=\"1733\" data-end=\"1762\">Wielofunkcyjne dla st\u00f3p i cia\u0142a<\/strong> \u2013 Idealne do z\u0142uszczania szorstkich pi\u0119t, \u0142okci i suchych plam na ca\u0142ym ciele.<\/p>\n<\/li>\n<li data-start=\"1845\" data-end=\"1979\">\n<p data-start=\"1847\" data-end=\"1979\"><strong data-start=\"1850\" data-end=\"1881\">Zmniejsza sucho\u015b\u0107 i \u0142uszczenie<\/strong> \u2013 Regularne stosowanie pozostawia sk\u00f3r\u0119 mi\u0119kk\u0105, nawil\u017con\u0105 i wyra\u017anie g\u0142adsza, usuwaj\u0105c matw\u0105, \u0142uszcz\u0105c\u0105 sk\u00f3r\u0119.<\/p>\n<\/li>\n<\/ul>\n<h3 data-start=\"1986\" data-end=\"2004\">Jak u\u017cywa\u0107<\/h3>\n<ol data-start=\"2006\" data-end=\"2326\">\n<li data-start=\"2006\" data-end=\"2077\">\n<p data-start=\"2009\" data-end=\"2077\">Namocz kapcie w ciep\u0142ej wodzie, aby zmi\u0119kczy\u0107 naturalne w\u0142\u00f3kna buchy.<\/p>\n<\/li>\n<li data-start=\"2078\" data-end=\"2147\">\n<p data-start=\"2081\" data-end=\"2147\">Za\u0142o\u017c je na stopy lub u\u017cyj r\u0119cznie na szorstkich partiach cia\u0142a.<\/p>\n<\/li>\n<li data-start=\"2148\" data-end=\"2202\">\n<p data-start=\"2151\" data-end=\"2202\">Delikatnie masuj okr\u0119\u017cnymi ruchami przez 2\u20133 minuty.<\/p>\n<\/li>\n<li data-start=\"2203\" data-end=\"2258\">\n<p data-start=\"2206\" data-end=\"2258\">Dok\u0142adnie sp\u0142ucz sk\u00f3r\u0119 i buch\u0119 po u\u017cyciu.<\/p>\n<\/li>\n<li data-start=\"2259\" data-end=\"2326\">\n<p data-start=\"2262\" data-end=\"2326\">Powiesz buch\u0119 do wyschni\u0119cia w przewiewnym miejscu, aby przed\u0142u\u017cy\u0107 jej trwa\u0142o\u015b\u0107.<\/p>\n<\/li>\n<\/ol>\n<p data-start=\"2328\" data-end=\"2409\">\ud83d\udca1 <em data-start=\"2331\" data-end=\"2409\">Najlepsze rezultaty osi\u0105gniesz, u\u017cywaj\u0105c 2\u20133 razy w tygodniu jako cz\u0119\u015b\u0107 rutyny k\u0105pielowej.<\/em><\/p>\n<h3 data-start=\"2416\" data-end=\"2469\">Dlaczego wybra\u0107 Buch\u0119 Naturalne Kapcie K\u0105pielowe z Buchy?<\/h3>\n<p data-start=\"2471\" data-end=\"2869\"><strong data-start=\"2475\" data-end=\"2508\">Bucha Naturalne Kapcie z Buchy<\/strong> to wi\u0119cej ni\u017c akcesoria k\u0105pielowe \u2013 to naturalne narz\u0119dzie do piel\u0119gnacji sk\u00f3ry, kt\u00f3re odm\u0142adza sk\u00f3r\u0119 i czyni samo-opiek\u0119 prostsz\u0105 i bardziej ekologiczn\u0105. Design kapci zapewnia swobod\u0119 ruch\u00f3w podczas z\u0142uszczania, zamieniaj\u0105c codzienny prysznic w relaksuj\u0105cy rytua\u0142 spa. Je\u015bli cenisz skuteczn\u0105 piel\u0119gnacj\u0119 przyjazn\u0105 dla planety, ten zestaw jest w\u0142a\u015bnie dla Ciebie.<\/p>\n<h3 data-start=\"2876\" data-end=\"2906\">Specyfikacja produktu<\/h3>\n<ul data-start=\"2908\" data-end=\"3249\">\n<li data-start=\"2908\" data-end=\"2928\">\n<p data-start=\"2910\" data-end=\"2928\"><strong data-start=\"2910\" data-end=\"2919\">Marka<\/strong>: Bucha<\/p>\n<\/li>\n<li data-start=\"2929\" data-end=\"2974\">\n<p data-start=\"2931\" data-end=\"2974\"><strong data-start=\"2931\" data-end=\"2947\">Typ produktu<\/strong>: Naturalne Kapcie z Buchy<\/p>\n<\/li>\n<li data-start=\"2975\" data-end=\"3011\">\n<p data-start=\"2977\" data-end=\"3011\"><strong data-start=\"2977\" data-end=\"2986\">Kolor<\/strong>: Naturalny be\u017cowy i bia\u0142y<\/p>\n<\/li>\n<li data-start=\"3012\" data-end=\"3046\">\n<p data-start=\"3014\" data-end=\"3046\"><strong data-start=\"3014\" data-end=\"3026\">Ilo\u015b\u0107<\/strong>: 2 sztuki w zestawie<\/p>\n<\/li>\n<li data-start=\"3047\" data-end=\"3084\">\n<p data-start=\"3049\" data-end=\"3084\"><strong data-start=\"3049\" data-end=\"3061\">Materia\u0142<\/strong>: 100% Naturalna Bucha<\/p>\n<\/li>\n<li data-start=\"3085\" data-end=\"3121\">\n<p data-start=\"3087\" data-end=\"3121\"><strong data-start=\"3087\" data-end=\"3103\">Nadaje si\u0119 dla<\/strong>: Wszystkich typ\u00f3w sk\u00f3ry<\/p>\n<\/li>\n<li data-start=\"3122\" data-end=\"3167\">\n<p data-start=\"3124\" data-end=\"3167\"><strong data-start=\"3124\" data-end=\"3135\">Do u\u017cytku<\/strong>: Stopy i z\u0142uszczanie ca\u0142ego cia\u0142a<\/p>\n<\/li>\n<li data-start=\"3168\" data-end=\"3197\">\n<p data-start=\"3170\" data-end=\"3197\"><strong data-start=\"3170\" data-end=\"3180\">Pochodzenie<\/strong>: Wyprodukowane w Egipcie<\/p>\n<\/li>\n<li data-start=\"3198\" data-end=\"3249\">\n<p data-start=\"3200\" data-end=\"3249\"><strong data-start=\"3200\" data-end=\"3213\">Opakowanie<\/strong>: Ekologiczne, wielokrotnego u\u017cytku etui<\/p>\n<\/li>\n<\/ul>\n<h5>Odkryj wi\u0119cej ekologicznych produkt\u00f3w do k\u0105pieli i piel\u0119gnacji sk\u00f3ry, stworzonych do wzbogacenia Twojej rutyny wellness przy ochronie planety.<\/h5>\n<h4 style=\"text-align: center;\"><\/h4>\n<p style=\"text-align: center;\">Dzi\u0119kujemy za zakupy w <em data-start=\"415\" data-end=\"431\"><a href=\"https:\/\/bazaar.express\/pl\/\">Bazaar Express<\/a><\/em> \u2013 bardzo si\u0119 cieszymy, \u017ce jeste\u015b z nami!<\/p>\n<p style=\"text-align: center;\">Twoja droga do lepszej samo-opieki zaczyna si\u0119 tutaj \u2013 z <a href=\"https:\/\/bazaar.express\/product-category\/beauty-care\/\">Beauty &#038; Care<\/a>, \u043a\u043e\u0442\u043e\u0440\u043e\u043c\u0443 mo\u017cesz zaufa\u0107.<\/p>\n","protected":false},"excerpt":{"rendered":"<h3 data-start=\"3902\" data-end=\"4064\">Kapcie Bucha z 100% naturalnej buchy delikatnie z\u0142uszczaj\u0105 i poprawiaj\u0105 kr\u0105\u017cenie. 2-cz\u0119\u015bciowy zestaw idealny do st\u00f3p i ca\u0142ego cia\u0142a. Bez chemii, ekologiczny.<\/h3>\n<h3><\/h3>\n","protected":false},"featured_media":43114,"comment_status":"open","ping_status":"closed","template":"","meta":[],"product_brand":[],"product_cat":[1192,1199],"product_tag":[1477],"class_list":{"0":"post-43113","1":"product","2":"type-product","3":"status-publish","4":"has-post-thumbnail","6":"product_cat-pielegnacja-urody","7":"product_cat-najlepsze-z-egiptu","8":"product_tag-skora","10":"first","11":"instock","12":"shipping-taxable","13":"purchasable","14":"product-type-simple"},"_links":{"self":[{"href":"https:\/\/bazaar.express\/pl\/wp-json\/wp\/v2\/product\/43113","targetHints":{"allow":["GET"]}}],"collection":[{"href":"https:\/\/bazaar.express\/pl\/wp-json\/wp\/v2\/product"}],"about":[{"href":"https:\/\/bazaar.express\/pl\/wp-json\/wp\/v2\/types\/product"}],"replies":[{"embeddable":true,"href":"https:\/\/bazaar.express\/pl\/wp-json\/wp\/v2\/comments?post=43113"}],"wp:featuredmedia":[{"embeddable":true,"href":"https:\/\/bazaar.express\/pl\/wp-json\/wp\/v2\/media\/43114"}],"wp:attachment":[{"href":"https:\/\/bazaar.express\/pl\/wp-json\/wp\/v2\/media?parent=43113"}],"wp:term":[{"taxonomy":"product_brand","embeddable":true,"href":"https:\/\/bazaar.express\/pl\/wp-json\/wp\/v2\/product_brand?post=43113"},{"taxonomy":"product_cat","embeddable":true,"href":"https:\/\/bazaar.express\/pl\/wp-json\/wp\/v2\/product_cat?post=43113"},{"taxonomy":"product_tag","embeddable":true,"href":"https:\/\/bazaar.express\/pl\/wp-json\/wp\/v2\/product_tag?post=43113"}],"curies":[{"name":"wp","href":"https:\/\/api.w.org\/{rel}","templated":true}]}}