{"id":43210,"date":"2024-12-13T23:54:31","date_gmt":"2024-12-13T23:54:31","guid":{"rendered":"https:\/\/bazaar.express\/product\/backpack\/"},"modified":"2024-12-13T23:54:31","modified_gmt":"2024-12-13T23:54:31","slug":"backpack","status":"publish","type":"product","link":"https:\/\/bazaar.express\/pl\/produkt\/backpack\/","title":{"rendered":"Wodoodporny plecak"},"content":{"rendered":"<h2 data-start=\"301\" data-end=\"364\">Odkryj idealny wodoodporny plecak na ka\u017cd\u0105 przygod\u0119<\/h2>\n<p data-start=\"366\" data-end=\"668\">Gdy \u017cycie wymaga ruchu, elastyczno\u015bci i ochrony Twoich rzeczy, wysokiej jako\u015bci <strong data-start=\"458\" data-end=\"470\">plecak<\/strong> staje si\u0119 najbardziej niezawodnym towarzyszem. Niezale\u017cnie od tego, czy doje\u017cd\u017casz do pracy, uczysz si\u0119, w\u0119drujesz czy podr\u00f3\u017cujesz po kontynentach, trwa\u0142y <strong data-start=\"595\" data-end=\"618\">wodoodporny plecak<\/strong> zapewnia, \u017ce Tw\u00f3j sprz\u0119t pozostaje bezpieczny, suchy i zorganizowany.<\/p>\n<p data-start=\"670\" data-end=\"946\">W <strong data-start=\"673\" data-end=\"691\">Bazaar Express<\/strong> wierzymy w po\u0142\u0105czenie funkcjonalnego designu z codzienn\u0105 praktyczno\u015bci\u0105. Dlatego nasz <strong data-start=\"777\" data-end=\"800\">Wodoodporny plecak<\/strong> zosta\u0142 zaprojektowany z my\u015bl\u0105 o potrzebach student\u00f3w, profesjonalist\u00f3w, cyfrowych nomad\u00f3w i mi\u0142o\u015bnik\u00f3w przyg\u00f3d na \u015bwie\u017cym powietrzu \u2013 bez kompromis\u00f3w w kwestii stylu czy komfortu.<\/p>\n<h3 data-start=\"953\" data-end=\"1008\"> Zbudowany na co dzie\u0144, zaprojektowany na niespodzianki<\/h3>\n<p data-start=\"1010\" data-end=\"1154\">Wsp\u00f3\u0142czesne \u017cycie wymaga wszechstronnego <strong data-start=\"1043\" data-end=\"1055\">plecaka<\/strong>, kt\u00f3ry poradzi sobie z nag\u0142ym deszczem i spontanicznymi wyjazdami weekendowymi. Ten plecak oferuje:<\/p>\n<ul data-start=\"1156\" data-end=\"1508\">\n<li data-start=\"1156\" data-end=\"1283\">\n<p data-start=\"1158\" data-end=\"1283\"><strong data-start=\"1158\" data-end=\"1189\">100% ochrona wodoodporna:<\/strong> Chro\u0144 elektronik\u0119, dokumenty, ksi\u0105\u017cki i ubrania przed deszczem, rozlewami lub wilgoci\u0105.<\/p>\n<\/li>\n<li data-start=\"1284\" data-end=\"1399\">\n<p data-start=\"1286\" data-end=\"1399\"><strong data-start=\"1286\" data-end=\"1310\">Wytrzyma\u0142y materia\u0142:<\/strong> Wykonany z wysokiej jako\u015bci poliestru, znanego z odporno\u015bci na wod\u0119 i trwa\u0142o\u015bci.<\/p>\n<\/li>\n<li data-start=\"1400\" data-end=\"1508\">\n<p data-start=\"1402\" data-end=\"1508\"><strong data-start=\"1402\" data-end=\"1427\">Wzmocnione szwy:<\/strong> Zaprojektowany do codziennego u\u017cytkowania, niezale\u017cnie od cz\u0119stotliwo\u015bci pakowania i rozpakowywania.<\/p>\n<\/li>\n<\/ul>\n<h3 data-start=\"1515\" data-end=\"1565\"> Przestronny, zorganizowany i lekki<\/h3>\n<p data-start=\"1567\" data-end=\"1647\">Noszenie swojego \u015bwiata nie powinno by\u0107 obci\u0105\u017ceniem. Nasz <strong data-start=\"1614\" data-end=\"1637\">Wodoodporny plecak<\/strong> charakteryzuje si\u0119:<\/p>\n<ul data-start=\"1649\" data-end=\"2004\">\n<li data-start=\"1649\" data-end=\"1752\">\n<p data-start=\"1651\" data-end=\"1752\"><strong data-start=\"1651\" data-end=\"1681\">Przestronna komora g\u0142\u00f3wna:<\/strong> Pomie\u015bci laptopa, ksi\u0105\u017cki, akcesoria technologiczne, sprz\u0119t sportowy i wi\u0119cej.<\/p>\n<\/li>\n<li data-start=\"1753\" data-end=\"1828\">\n<p data-start=\"1755\" data-end=\"1828\"><strong data-start=\"1755\" data-end=\"1787\">Kompatybilno\u015b\u0107 z kieszeni\u0105 na laptopa:<\/strong> Mie\u015bci urz\u0105dzenia do 15,6 cala bezpiecznie.<\/p>\n<\/li>\n<li data-start=\"1829\" data-end=\"1919\">\n<p data-start=\"1831\" data-end=\"1919\"><strong data-start=\"1831\" data-end=\"1852\">Wiele kieszeni:<\/strong> Uporz\u0105dkuj power bank, notatnik, d\u0142ugopisy i klucze bez ba\u0142aganu.<\/p>\n<\/li>\n<li data-start=\"1920\" data-end=\"2004\">\n<p data-start=\"1922\" data-end=\"2004\"><strong data-start=\"1922\" data-end=\"1939\">Szczup\u0142y profil:<\/strong> Pomimo przestronnego wn\u0119trza pozostaje lekki i smuk\u0142y.<\/p>\n<\/li>\n<\/ul>\n<p data-start=\"2006\" data-end=\"2119\">To czyni go idealnym <strong data-start=\"2030\" data-end=\"2042\">plecakiem<\/strong> dla student\u00f3w uniwersytet\u00f3w, pracownik\u00f3w biurowych, podr\u00f3\u017cnik\u00f3w i kreatywnych w ruchu.<\/p>\n<h3 data-start=\"2126\" data-end=\"2163\"> Ergonomiczny komfort przez ca\u0142y dzie\u0144<\/h3>\n<p data-start=\"2165\" data-end=\"2251\">Komfort ma znaczenie \u2013 szczeg\u00f3lnie gdy nosisz <strong data-start=\"2211\" data-end=\"2223\">plecak<\/strong> ca\u0142y dzie\u0144. Priorytetowo potraktowali\u015bmy:<\/p>\n<ul data-start=\"2253\" data-end=\"2514\">\n<li data-start=\"2253\" data-end=\"2351\">\n<p data-start=\"2255\" data-end=\"2351\"><strong data-start=\"2255\" data-end=\"2286\">Regulowane szelki naramienne:<\/strong> Mi\u0119kkie i oddychaj\u0105ce z piankowym wy\u015bcie\u0142aniem, redukuj\u0105ce obci\u0105\u017cenie ramion.<\/p>\n<\/li>\n<li data-start=\"2352\" data-end=\"2446\">\n<p data-start=\"2354\" data-end=\"2446\"><strong data-start=\"2354\" data-end=\"2380\">Wzmocniony panel tylny:<\/strong> Konturowany dla ergonomicznego podparcia i wentylacji, nawet w upale.<\/p>\n<\/li>\n<li data-start=\"2447\" data-end=\"2514\">\n<p data-start=\"2449\" data-end=\"2514\"><strong data-start=\"2449\" data-end=\"2470\">Uchwyt na g\u00f3rze:<\/strong> Umo\u017cliwia szybkie chwycenie i zabranie w drog\u0119.<\/p>\n<\/li>\n<\/ul>\n<p data-start=\"2516\" data-end=\"2628\">Niezale\u017cnie od tego, czy idziesz na zaj\u0119cia, wsiadasz do samolotu czy doje\u017cd\u017casz do miasta, ten plecak nie obci\u0105\u017cy Ci\u0119.<\/p>\n<h3 data-start=\"2635\" data-end=\"2670\"> Kolory pasuj\u0105ce do Twojego stylu<\/h3>\n<p data-start=\"2672\" data-end=\"2873\">Kto powiedzia\u0142, \u017ce <strong data-start=\"2683\" data-end=\"2695\">plecak<\/strong> nie mo\u017ce by\u0107 stylowy? Wybierz \u017cywe kolory lub subtelne neutralne odcienie. Od intensywnej czerwieni po szary grafitowy \u2013 jest wersja tego plecaka pasuj\u0105ca do Twojego stylu i energii.<\/p>\n<h3 data-start=\"2880\" data-end=\"2926\"> Pewno\u015b\u0107 wodoodporno\u015bci, gdziekolwiek jeste\u015b<\/h3>\n<p data-start=\"2928\" data-end=\"3024\">Deszczowy poranek? Rozlana kawa? Przygody nad morzem? Bez obaw. Ten <strong data-start=\"2998\" data-end=\"3010\">plecak<\/strong> jest stworzony do:<\/p>\n<ul data-start=\"3026\" data-end=\"3297\">\n<li data-start=\"3026\" data-end=\"3109\">\n<p data-start=\"3028\" data-end=\"3109\"><strong data-start=\"3028\" data-end=\"3051\">Podr\u00f3\u017cy w ka\u017cdych warunkach pogodowych:<\/strong> Utrzymuje zawarto\u015b\u0107 such\u0105 nawet podczas ulewy.<\/p>\n<\/li>\n<li data-start=\"3110\" data-end=\"3194\">\n<p data-start=\"3112\" data-end=\"3194\"><strong data-start=\"3112\" data-end=\"3139\">Eko-turystyki i w\u0119dr\u00f3wek:<\/strong> Lekki, ale wystarczaj\u0105co trwa\u0142y na eksploracj\u0119 natury.<\/p>\n<\/li>\n<li data-start=\"3195\" data-end=\"3297\">\n<p data-start=\"3197\" data-end=\"3297\"><strong data-start=\"3197\" data-end=\"3219\">Codziennych dojazd\u00f3w:<\/strong> Marzenie miejskiego doje\u017cd\u017caj\u0105cego \u2013 chroni sprz\u0119t i dokumenty bez nadmiernej obj\u0119to\u015bci.<\/p>\n<\/li>\n<\/ul>\n<h3 data-start=\"3304\" data-end=\"3330\"> Podsumowanie kluczowych cech<\/h3>\n<ul data-start=\"3332\" data-end=\"3613\">\n<li data-start=\"3332\" data-end=\"3377\">\n<p data-start=\"3334\" data-end=\"3377\"><strong data-start=\"3334\" data-end=\"3347\">Materia\u0142:<\/strong> Wodoodporna tkanina poliestrowa<\/p>\n<\/li>\n<li data-start=\"3378\" data-end=\"3422\">\n<p data-start=\"3380\" data-end=\"3422\"><strong data-start=\"3380\" data-end=\"3391\">Waga:<\/strong> Lekki i gotowy do podr\u00f3\u017cy<\/p>\n<\/li>\n<li data-start=\"3423\" data-end=\"3490\">\n<p data-start=\"3425\" data-end=\"3490\"><strong data-start=\"3425\" data-end=\"3438\">Pojemno\u015b\u0107:<\/strong> Na tyle du\u017ca, by pomie\u015bci\u0107 teczki A4, laptopy i wi\u0119cej<\/p>\n<\/li>\n<li data-start=\"3491\" data-end=\"3557\">\n<p data-start=\"3493\" data-end=\"3557\"><strong data-start=\"3493\" data-end=\"3506\">Zastosowanie:<\/strong> Praca, uniwersytet, podr\u00f3\u017ce, si\u0142ownia, jednodniowe wypady, w\u0119dr\u00f3wki<\/p>\n<\/li>\n<li data-start=\"3558\" data-end=\"3613\">\n<p data-start=\"3560\" data-end=\"3613\"><strong data-start=\"3560\" data-end=\"3570\">Styl:<\/strong> Uniseksowy design z r\u00f3\u017cnymi opcjami kolorystycznymi<\/p>\n<\/li>\n<\/ul>\n<h2 data-start=\"3934\" data-end=\"3981\">Podsumowanie: Tw\u00f3j codzienny baga\u017c sta\u0142 si\u0119 lepszy<\/h2>\n<p data-start=\"3983\" data-end=\"4203\">Je\u015bli szukasz <strong data-start=\"4007\" data-end=\"4019\">plecaka<\/strong>, kt\u00f3ry dostosowuje si\u0119 do Twojego \u017cycia \u2013 a nie odwrotnie \u2013 nasz <strong data-start=\"4074\" data-end=\"4097\">Wodoodporny plecak<\/strong> jest idealnym wyborem. Jest lekki, trwa\u0142y, odporny na pogod\u0119 i stylowy \u2013 wszystko, czego potrzebujesz w jednej torbie.<\/p>\n<p data-start=\"4205\" data-end=\"4449\">Niezale\u017cnie od tego, czy uczysz si\u0119, podr\u00f3\u017cujesz po \u015bwiecie czy radzisz sobie z napi\u0119tym dniem pracy, ten plecak nad\u0105\u017ca za Twoim tempem. Dodaj go do swojej rutyny i ciesz si\u0119 spokojem, wiedz\u0105c, \u017ce Tw\u00f3j sprz\u0119t jest zawsze chroniony, suchy i dost\u0119pny.<\/p>\n<p data-start=\"4451\" data-end=\"4516\">Kup teraz w <strong data-start=\"4463\" data-end=\"4481\">Bazaar Express<\/strong> i ulepsz sw\u00f3j spos\u00f3b noszenia ju\u017c dzi\u015b!<\/p>\n<p style=\"text-align: center;\">Dzi\u0119kujemy za zakupy w <em data-start=\"415\" data-end=\"431\"><a href=\"https:\/\/bazaar.express\/pl\/\">Bazaar Express<\/a><\/em> \u2013 cieszymy si\u0119, \u017ce jeste\u015b z nami!<\/p>\n<p style=\"text-align: center;\">No\u015b styl i funkcjonalno\u015b\u0107 z naszymi unikalnie wykonanymi <a href=\"https:\/\/bazaar.express\/product-category\/bazaar-bags\/\">Bazaar Bags<\/a>.<\/p>\n","protected":false},"excerpt":{"rendered":"<h3>Pozosta\u0144 chroniony i zorganizowany z naszym <strong data-start=\"4861\" data-end=\"4884\">Wodoodpornym plecakiem<\/strong>. Zaprojektowany do codziennego u\u017cytku, ten lekki, wodoodporny plecak oferuje przestronne przegr\u00f3dki, regulowane szelki i trwa\u0142y materia\u0142 idealny do pracy, szko\u0142y lub podr\u00f3\u017cy.<\/h3>\n","protected":false},"featured_media":43212,"comment_status":"open","ping_status":"closed","template":"","meta":[],"product_brand":[],"product_cat":[1198,1199],"product_tag":[1555],"class_list":{"0":"post-43210","1":"product","2":"type-product","3":"status-publish","4":"has-post-thumbnail","6":"product_cat-torby-bazaar","7":"product_cat-najlepsze-z-egiptu","8":"product_tag-torba","10":"first","11":"instock","12":"sale","13":"shipping-taxable","14":"purchasable","15":"product-type-simple"},"_links":{"self":[{"href":"https:\/\/bazaar.express\/pl\/wp-json\/wp\/v2\/product\/43210","targetHints":{"allow":["GET"]}}],"collection":[{"href":"https:\/\/bazaar.express\/pl\/wp-json\/wp\/v2\/product"}],"about":[{"href":"https:\/\/bazaar.express\/pl\/wp-json\/wp\/v2\/types\/product"}],"replies":[{"embeddable":true,"href":"https:\/\/bazaar.express\/pl\/wp-json\/wp\/v2\/comments?post=43210"}],"wp:featuredmedia":[{"embeddable":true,"href":"https:\/\/bazaar.express\/pl\/wp-json\/wp\/v2\/media\/43212"}],"wp:attachment":[{"href":"https:\/\/bazaar.express\/pl\/wp-json\/wp\/v2\/media?parent=43210"}],"wp:term":[{"taxonomy":"product_brand","embeddable":true,"href":"https:\/\/bazaar.express\/pl\/wp-json\/wp\/v2\/product_brand?post=43210"},{"taxonomy":"product_cat","embeddable":true,"href":"https:\/\/bazaar.express\/pl\/wp-json\/wp\/v2\/product_cat?post=43210"},{"taxonomy":"product_tag","embeddable":true,"href":"https:\/\/bazaar.express\/pl\/wp-json\/wp\/v2\/product_tag?post=43210"}],"curies":[{"name":"wp","href":"https:\/\/api.w.org\/{rel}","templated":true}]}}