{"id":43216,"date":"2024-12-12T02:31:36","date_gmt":"2024-12-12T02:31:36","guid":{"rendered":"https:\/\/bazaar.express\/product\/sesame-oil-2\/"},"modified":"2024-12-12T02:31:36","modified_gmt":"2024-12-12T02:31:36","slug":"sesame-oil-2","status":"publish","type":"product","link":"https:\/\/bazaar.express\/pl\/produkt\/sesame-oil-2\/","title":{"rendered":"Olej sezamowy"},"content":{"rendered":"<h2 data-start=\"344\" data-end=\"431\">Olej sezamowy Lotus: Naturalna si\u0142a dla promiennej sk\u00f3ry i mocnych, zdrowych w\u0142os\u00f3w<\/h2>\n<h3 data-start=\"433\" data-end=\"482\">Odkryj staro\u017cytn\u0105 tajemnic\u0119 oleju sezamowego<\/h3>\n<p data-start=\"484\" data-end=\"841\">Przez ponad 2500 lat olej sezamowy by\u0142 ceniony w ajurwedyjskich i holistycznych tradycjach zdrowotnych. Wyci\u015bni\u0119ty z bogatych w sk\u0142adniki od\u017cywcze nasion sezamu, <strong data-start=\"626\" data-end=\"646\">Lotus Sesame Oil<\/strong> zawiera naturalne antyoksydanty, niezb\u0119dne kwasy t\u0142uszczowe oraz witaminy od\u017cywiaj\u0105ce sk\u00f3r\u0119, takie jak <strong data-start=\"741\" data-end=\"754\">witamina E<\/strong>, a tak\u017ce wa\u017cne minera\u0142y, w tym <strong data-start=\"790\" data-end=\"801\">wap\u0144<\/strong>, <strong data-start=\"803\" data-end=\"816\">magnez<\/strong>, <strong data-start=\"818\" data-end=\"826\">cynk<\/strong> i <strong data-start=\"832\" data-end=\"840\">\u017celazo<\/strong>.<\/p>\n<p data-start=\"843\" data-end=\"990\">Ten z\u0142ocisty olej to idealny towarzysz codziennych rytua\u0142\u00f3w pi\u0119kna i wellness \u2013 zapewnia nawil\u017cenie, ochron\u0119 i regeneracj\u0119 od g\u0142owy po palce u st\u00f3p.<\/p>\n<h3 data-start=\"997\" data-end=\"1035\"> Korzy\u015bci oleju sezamowego dla w\u0142os\u00f3w<\/h3>\n<ul data-start=\"1037\" data-end=\"1615\">\n<li data-start=\"1037\" data-end=\"1186\">\n<p data-start=\"1039\" data-end=\"1186\"><strong data-start=\"1039\" data-end=\"1076\">Wzmacnia i rewitalizuje s\u0142abe w\u0142osy<\/strong><br data-start=\"1076\" data-end=\"1079\" \/>Olej sezamowy g\u0142\u0119boko wnika w sk\u00f3r\u0119 g\u0142owy, od\u017cywia cebulki w\u0142osowe, zmniejsza \u0142amliwo\u015b\u0107 i nadaje naturalny po\u0142ysk.<\/p>\n<\/li>\n<li data-start=\"1188\" data-end=\"1338\">\n<p data-start=\"1190\" data-end=\"1338\"><strong data-start=\"1190\" data-end=\"1223\">Op\u00f3\u017ania przedwczesne siwienie<\/strong><br data-start=\"1223\" data-end=\"1226\" \/>Bogaty w antyoksydanty profil pomaga zwalcza\u0107 stres oksydacyjny na mieszkach w\u0142osowych, wspomagaj\u0105c m\u0142ody wygl\u0105d.<\/p>\n<\/li>\n<li data-start=\"1340\" data-end=\"1490\">\n<p data-start=\"1342\" data-end=\"1490\"><strong data-start=\"1342\" data-end=\"1377\">Naturalna ochrona przed s\u0142o\u0144cem dla w\u0142os\u00f3w<\/strong><br data-start=\"1377\" data-end=\"1380\" \/>Dzia\u0142aj\u0105c jako delikatna bariera UV, olej sezamowy chroni w\u0142osy przed uszkodzeniami s\u0142onecznymi i zanieczyszczeniami \u015brodowiska.<\/p>\n<\/li>\n<li data-start=\"1492\" data-end=\"1615\">\n<p data-start=\"1494\" data-end=\"1615\"><strong data-start=\"1494\" data-end=\"1518\">Wzmacniacz zdrowia sk\u00f3ry g\u0142owy<\/strong><br data-start=\"1518\" data-end=\"1521\" \/>\u0141agodzi sucho\u015b\u0107 i \u0142upie\u017c, wspiera czyst\u0105 i zr\u00f3wnowa\u017con\u0105 sk\u00f3r\u0119 g\u0142owy dla lepszego wzrostu w\u0142os\u00f3w.<\/p>\n<\/li>\n<\/ul>\n<h3 data-start=\"1622\" data-end=\"1660\"> Korzy\u015bci oleju sezamowego dla sk\u00f3ry<\/h3>\n<ul data-start=\"1662\" data-end=\"2285\">\n<li data-start=\"1662\" data-end=\"1829\">\n<p data-start=\"1664\" data-end=\"1829\"><strong data-start=\"1664\" data-end=\"1706\">G\u0142\u0119bokie nawil\u017cenie i zmi\u0119kczanie sk\u00f3ry<\/strong><br data-start=\"1706\" data-end=\"1709\" \/>Bogaty w witamin\u0119 E i zdrowe t\u0142uszcze, olej sezamowy zatrzymuje wilgo\u0107 i wyg\u0142adza szorstkie lub suche miejsca, zapewniaj\u0105c nawil\u017cenie przez ca\u0142y dzie\u0144.<\/p>\n<\/li>\n<li data-start=\"1831\" data-end=\"1972\">\n<p data-start=\"1833\" data-end=\"1972\"><strong data-start=\"1833\" data-end=\"1866\">Poprawia elastyczno\u015b\u0107 sk\u00f3ry<\/strong><br data-start=\"1866\" data-end=\"1869\" \/>Regularny masa\u017c olejem sezamowym wspomaga j\u0119drniejsz\u0105, bardziej elastyczn\u0105 sk\u00f3r\u0119 poprzez stymulacj\u0119 kolagenu.<\/p>\n<\/li>\n<li data-start=\"1974\" data-end=\"2139\">\n<p data-start=\"1976\" data-end=\"2139\"><strong data-start=\"1976\" data-end=\"2003\">Wspiera r\u00f3wnomierny koloryt sk\u00f3ry<\/strong><br data-start=\"2003\" data-end=\"2006\" \/>Dzi\u0119ki w\u0142a\u015bciwo\u015bciom przeciwzapalnym i antyoksydacyjnym olej sezamowy mo\u017ce pom\u00f3c zmniejszy\u0107 widoczno\u015b\u0107 przebarwie\u0144 i drobnych niedoskona\u0142o\u015bci.<\/p>\n<\/li>\n<li data-start=\"2141\" data-end=\"2285\">\n<p data-start=\"2143\" data-end=\"2285\"><strong data-start=\"2143\" data-end=\"2178\">Delikatne oczyszczanie i ochrona<\/strong><br data-start=\"2178\" data-end=\"2181\" \/>Naturalne w\u0142a\u015bciwo\u015bci antybakteryjne czyni\u0105 go odpowiednim olejem do oczyszczania olejowego lub nawil\u017cania po prysznicu.<\/p>\n<\/li>\n<\/ul>\n<h3 data-start=\"2292\" data-end=\"2327\">Jak stosowa\u0107 olej sezamowy Lotus<\/h3>\n<p data-start=\"2329\" data-end=\"2502\"><strong data-start=\"2329\" data-end=\"2347\">Do piel\u0119gnacji w\u0142os\u00f3w:<\/strong><br data-start=\"2347\" data-end=\"2350\" \/>Podgrzej niewielk\u0105 ilo\u015b\u0107 i wmasuj w sk\u00f3r\u0119 g\u0142owy oraz wzd\u0142u\u017c pasm w\u0142os\u00f3w. Pozostaw na 30\u201360 minut przed umyciem dla najlepszych rezultat\u00f3w. Stosuj 2\u20133 razy w tygodniu.<\/p>\n<p data-start=\"2504\" data-end=\"2672\"><strong data-start=\"2504\" data-end=\"2529\">Do od\u017cywiania sk\u00f3ry:<\/strong><br data-start=\"2529\" data-end=\"2532\" \/>Na\u0142\u00f3\u017c bezpo\u015brednio na czyst\u0105 sk\u00f3r\u0119 po k\u0105pieli. Wmasuj okr\u0119\u017cnymi ruchami do pe\u0142nego wch\u0142oni\u0119cia. Idealny na suche \u0142okcie, kolana i pi\u0119ty.<\/p>\n<p data-start=\"2674\" data-end=\"2820\"><strong data-start=\"2674\" data-end=\"2695\">Do masa\u017cu cia\u0142a:<\/strong><br data-start=\"2695\" data-end=\"2698\" \/>U\u017cywaj jako oleju bazowego do aromaterapii lub relaksuj\u0105cych masa\u017cy cia\u0142a. Jego rozgrzewaj\u0105ce w\u0142a\u015bciwo\u015bci pomagaj\u0105 rozlu\u017ani\u0107 napi\u0119cie i mi\u0119\u015bnie.<\/p>\n<h3 data-start=\"3140\" data-end=\"3168\">Bezpiecze\u0144stwo i \u015brodki ostro\u017cno\u015bci<\/h3>\n<ul data-start=\"3170\" data-end=\"3479\">\n<li data-start=\"3170\" data-end=\"3198\">\n<p data-start=\"3172\" data-end=\"3198\">Tylko <strong data-start=\"3176\" data-end=\"3197\">do u\u017cytku zewn\u0119trznego<\/strong>.<\/p>\n<\/li>\n<li data-start=\"3199\" data-end=\"3302\">\n<p data-start=\"3201\" data-end=\"3302\">Przeprowad\u017a <strong data-start=\"3211\" data-end=\"3225\">test p\u0142atkowy<\/strong> przed pe\u0142nym zastosowaniem, szczeg\u00f3lnie je\u015bli masz wra\u017cliw\u0105 sk\u00f3r\u0119 lub alergie.<\/p>\n<\/li>\n<li data-start=\"3303\" data-end=\"3350\">\n<p data-start=\"3305\" data-end=\"3350\">Unikaj kontaktu z oczami i b\u0142onami \u015bluzowymi.<\/p>\n<\/li>\n<li data-start=\"3351\" data-end=\"3410\">\n<p data-start=\"3353\" data-end=\"3410\">Przechowuj w <strong data-start=\"3364\" data-end=\"3383\">ch\u0142odnym, suchym miejscu<\/strong> z dala od bezpo\u015bredniego \u015bwiat\u0142a s\u0142onecznego.<\/p>\n<\/li>\n<li data-start=\"3411\" data-end=\"3479\">\n<p data-start=\"3413\" data-end=\"3479\">W przypadku podra\u017cnienia przerwij stosowanie i skonsultuj si\u0119 z dermatologiem.<\/p>\n<\/li>\n<\/ul>\n<h3 data-start=\"3486\" data-end=\"3522\">Dlaczego wybra\u0107 olej sezamowy Lotus?<\/h3>\n<p data-start=\"3524\" data-end=\"3843\">Je\u015bli chcesz <strong data-start=\"3550\" data-end=\"3571\">nawil\u017cy\u0107 sk\u00f3r\u0119<\/strong>, <strong data-start=\"3573\" data-end=\"3597\">zrewitalizowa\u0107 w\u0142osy<\/strong> lub <strong data-start=\"3602\" data-end=\"3635\">zrelaksowa\u0107 si\u0119 z naturalnym olejem do cia\u0142a<\/strong>, <strong data-start=\"3637\" data-end=\"3657\">Lotus Sesame Oil<\/strong> zapewnia autentyczne od\u017cywienie poparte wiekami tradycji zio\u0142owej. Jego czysto\u015b\u0107 i wszechstronne korzy\u015bci czyni\u0105 go podstawowym produktem dla ka\u017cdego, kto szuka promiennej sk\u00f3ry i pe\u0142nych wigoru w\u0142os\u00f3w \u2013 w naturalny spos\u00f3b.<\/p>\n<p data-start=\"3850\" data-end=\"3977\"><strong data-start=\"3850\" data-end=\"3908\">Odkryj czysto\u015b\u0107 natury z olejem sezamowym Lotus.<\/strong><br data-start=\"3908\" data-end=\"3911\" \/>Niech twoje pi\u0119kno zab\u0142y\u015bnie od cebulek po ko\u0144ce, naturalnie i z pewno\u015bci\u0105 siebie.<\/p>\n<p style=\"text-align: center;\">Dzi\u0119kujemy za zakupy w <em data-start=\"415\" data-end=\"431\"><a href=\"https:\/\/bazaar.express\/pl\/\">Bazaar Express<\/a><\/em> \u2013 cieszymy si\u0119, \u017ce jeste\u015b z nami!<\/p>\n<p style=\"text-align: center;\">Poczuj si\u0142\u0119 natury \u2014 czyste <a href=\"https:\/\/bazaar.express\/pl\/therapeutic-oils\/\">oleje terapeutyczne<\/a> do codziennego wellness.<\/p>\n","protected":false},"excerpt":{"rendered":"<h3>Olej sezamowy Lotus to wszechstronny naturalny olej z bogatych w sk\u0142adniki od\u017cywcze nasion sezamu. Bogaty w witamin\u0119 E i niezb\u0119dne minera\u0142y, g\u0142\u0119boko nawil\u017ca sk\u00f3r\u0119, wzmacnia cebulki w\u0142osowe i wspomaga zdrowy, promienny wygl\u0105d. Idealny do codziennych masa\u017cy cia\u0142a, zabieg\u00f3w na sk\u00f3r\u0119 g\u0142owy i og\u00f3lnej piel\u0119gnacji wellness.<\/h3>\n","protected":false},"featured_media":43218,"comment_status":"open","ping_status":"closed","template":"","meta":[],"product_brand":[],"product_cat":[1193,1192],"product_tag":[1465,1470],"class_list":{"0":"post-43216","1":"product","2":"type-product","3":"status-publish","4":"has-post-thumbnail","6":"product_cat-lecznicze-oleje","7":"product_cat-pielegnacja-urody","8":"product_tag-naturalny-olej","9":"product_tag-olejek","10":"pa_l-xl-125ml","11":"pa_l-xl-250ml","12":"pa_l-xl-60ml","14":"first","15":"instock","16":"sale","17":"shipping-taxable","18":"purchasable","19":"product-type-variable"},"_links":{"self":[{"href":"https:\/\/bazaar.express\/pl\/wp-json\/wp\/v2\/product\/43216","targetHints":{"allow":["GET"]}}],"collection":[{"href":"https:\/\/bazaar.express\/pl\/wp-json\/wp\/v2\/product"}],"about":[{"href":"https:\/\/bazaar.express\/pl\/wp-json\/wp\/v2\/types\/product"}],"replies":[{"embeddable":true,"href":"https:\/\/bazaar.express\/pl\/wp-json\/wp\/v2\/comments?post=43216"}],"wp:featuredmedia":[{"embeddable":true,"href":"https:\/\/bazaar.express\/pl\/wp-json\/wp\/v2\/media\/43218"}],"wp:attachment":[{"href":"https:\/\/bazaar.express\/pl\/wp-json\/wp\/v2\/media?parent=43216"}],"wp:term":[{"taxonomy":"product_brand","embeddable":true,"href":"https:\/\/bazaar.express\/pl\/wp-json\/wp\/v2\/product_brand?post=43216"},{"taxonomy":"product_cat","embeddable":true,"href":"https:\/\/bazaar.express\/pl\/wp-json\/wp\/v2\/product_cat?post=43216"},{"taxonomy":"product_tag","embeddable":true,"href":"https:\/\/bazaar.express\/pl\/wp-json\/wp\/v2\/product_tag?post=43216"}],"curies":[{"name":"wp","href":"https:\/\/api.w.org\/{rel}","templated":true}]}}